{"id":17086,"date":"2021-08-24T15:56:34","date_gmt":"2021-08-24T20:56:34","guid":{"rendered":"https:\/\/1800hurt911ga.com\/?page_id=17086"},"modified":"2025-08-11T13:40:01","modified_gmt":"2025-08-11T18:40:01","slug":"privacy-policy","status":"publish","type":"page","link":"https:\/\/1800hurt911ga.com\/es\/privacy-policy\/","title":{"rendered":"Pol\u00edtica de Privacidad"},"content":{"rendered":"\t\t<div data-elementor-type=\"wp-page\" data-elementor-id=\"17086\" class=\"elementor elementor-17086 elementor-1490\" data-elementor-post-type=\"page\">\n\t\t\t\t\t\t<section data-dce-background-image-url=\"https:\/\/1800hurt911ga.com\/wp-content\/uploads\/2023\/09\/shutterstock_1967420284.jpg\" class=\"elementor-section elementor-top-section elementor-element elementor-element-7393f506 elementor-section-full_width elementor-section-height-default elementor-section-height-default\" data-id=\"7393f506\" data-element_type=\"section\" data-e-type=\"section\" data-settings=\"{&quot;background_background&quot;:&quot;classic&quot;}\">\n\t\t\t\t\t\t\t<div class=\"elementor-background-overlay\"><\/div>\n\t\t\t\t\t\t\t<div class=\"elementor-container elementor-column-gap-default\">\n\t\t\t\t\t<div class=\"elementor-column elementor-col-100 elementor-top-column elementor-element elementor-element-5bd9c552\" data-id=\"5bd9c552\" data-element_type=\"column\" data-e-type=\"column\">\n\t\t\t<div class=\"elementor-widget-wrap elementor-element-populated\">\n\t\t\t\t\t\t\t<\/div>\n\t\t<\/div>\n\t\t\t\t\t<\/div>\n\t\t<\/section>\n\t\t\t\t<section class=\"elementor-section elementor-top-section elementor-element elementor-element-6af95252 elementor-section-boxed elementor-section-height-default elementor-section-height-default\" data-id=\"6af95252\" data-element_type=\"section\" data-e-type=\"section\" data-settings=\"{&quot;background_background&quot;:&quot;classic&quot;}\">\n\t\t\t\t\t\t<div class=\"elementor-container elementor-column-gap-default\">\n\t\t\t\t\t<div class=\"elementor-column elementor-col-100 elementor-top-column elementor-element elementor-element-7724e83e\" data-id=\"7724e83e\" data-element_type=\"column\" data-e-type=\"column\">\n\t\t\t<div class=\"elementor-widget-wrap elementor-element-populated\">\n\t\t\t\t\t\t<div class=\"elementor-element elementor-element-7cbabcc elementor-widget elementor-widget-shortcode\" data-id=\"7cbabcc\" data-element_type=\"widget\" data-e-type=\"widget\" data-widget_type=\"shortcode.default\">\n\t\t\t\t\t\t\t<div class=\"elementor-shortcode\"><nav aria-label=\"breadcrumbs\" class=\"rank-math-breadcrumb\"><p><span class=\"last\">Home<\/span><\/p><\/nav><\/div>\n\t\t\t\t\t\t<\/div>\n\t\t\t\t\t<\/div>\n\t\t<\/div>\n\t\t\t\t\t<\/div>\n\t\t<\/section>\n\t\t\t\t<section class=\"elementor-section elementor-top-section elementor-element elementor-element-d12c489 elementor-section-boxed elementor-section-height-default elementor-section-height-default\" data-id=\"d12c489\" data-element_type=\"section\" data-e-type=\"section\">\n\t\t\t\t\t\t<div class=\"elementor-container elementor-column-gap-default\">\n\t\t\t\t\t<div class=\"elementor-column elementor-col-100 elementor-top-column elementor-element elementor-element-34909ef\" data-id=\"34909ef\" data-element_type=\"column\" data-e-type=\"column\">\n\t\t\t<div class=\"elementor-widget-wrap elementor-element-populated\">\n\t\t\t\t\t\t<section class=\"elementor-section elementor-inner-section elementor-element elementor-element-19b563a elementor-section-boxed elementor-section-height-default elementor-section-height-default\" data-id=\"19b563a\" data-element_type=\"section\" data-e-type=\"section\">\n\t\t\t\t\t\t<div class=\"elementor-container elementor-column-gap-default\">\n\t\t\t\t\t<div class=\"elementor-column elementor-col-100 elementor-inner-column elementor-element elementor-element-0f7cbcf\" data-id=\"0f7cbcf\" data-element_type=\"column\" data-e-type=\"column\">\n\t\t\t<div class=\"elementor-widget-wrap elementor-element-populated\">\n\t\t\t\t\t\t<div class=\"elementor-element elementor-element-26b21ac elementor-widget elementor-widget-text-editor\" data-id=\"26b21ac\" data-element_type=\"widget\" data-e-type=\"widget\" data-widget_type=\"text-editor.default\">\n\t\t\t\t\t\t\t\t\t<h2>AVISO DE PRIVACIDAD<\/h2><p>\u00daltima actualizaci\u00f3n: 4 de marzo de 2022<\/p><p>Este aviso de privacidad de Hurt911\u00ae (\u201cCompa\u00f1\u00eda\u201d, \u201cnosotros\u201d o \u201cnuestro\u201d) describe c\u00f3mo y por qu\u00e9 podemos recopilar, almacenar, usar y\/o compartir (\u201cprocesar\u201d) su informaci\u00f3n cuando utiliza nuestros servicios (\u201cServicios\u201d), tales como cuando:<\/p><ul><li>Visita nuestro sitio web en https:\/\/1800hurt911ga.com, o cualquier otro sitio web nuestro que se vincule a este aviso de privacidad.<\/li><li>Interact\u00faa con nosotros de otras maneras relacionadas, incluyendo ventas, marketing o eventos.<\/li><\/ul><p>\u00bfPreguntas o inquietudes? Leer este aviso de privacidad le ayudar\u00e1 a entender sus derechos y opciones en materia de privacidad. Si no est\u00e1 de acuerdo con nuestras pol\u00edticas y pr\u00e1cticas, por favor no utilice nuestros Servicios. Si a\u00fan tiene preguntas o inquietudes, cont\u00e1ctenos en <a href=\"mailto:info@1800hurt911ga.com\">info@1800hurt911ga.com<\/a>.<\/p><p>RESUMEN DE PUNTOS CLAVE<br \/><em>Este resumen presenta los puntos m\u00e1s importantes de nuestro aviso de privacidad, pero puede encontrar m\u00e1s detalles sobre cualquiera de estos temas haciendo clic en el enlace correspondiente o utilizando nuestra tabla de contenido m\u00e1s abajo.<\/em><\/p><p><strong>\u00bfQu\u00e9 informaci\u00f3n personal procesamos?<\/strong> Cuando visita, utiliza o navega por nuestros Servicios, podemos procesar informaci\u00f3n personal dependiendo de c\u00f3mo interact\u00fae con Hurt911\u00ae y los Servicios, las decisiones que tome y los productos y funciones que utilice.<\/p><p><strong>\u00bfProcesamos informaci\u00f3n personal sensible?<\/strong> No procesamos informaci\u00f3n personal sensible.<\/p><p><strong>\u00bfRecibimos informaci\u00f3n de terceros?<\/strong> No recibimos informaci\u00f3n de terceros.<\/p><p><strong>\u00bfC\u00f3mo procesamos su informaci\u00f3n?<\/strong> Procesamos su informaci\u00f3n para proporcionar, mejorar y administrar nuestros Servicios, comunicarnos con usted, para fines de seguridad y prevenci\u00f3n de fraudes, y para cumplir con la ley. Tambi\u00e9n podemos procesar su informaci\u00f3n para otros fines con su consentimiento.<\/p><p><strong>\u00bfEn qu\u00e9 situaciones y con qu\u00e9 tipos de terceros compartimos informaci\u00f3n personal?<\/strong> Podemos compartir informaci\u00f3n en situaciones espec\u00edficas y con categor\u00edas espec\u00edficas de terceros.<\/p><p><strong>\u00bfC\u00f3mo protegemos su informaci\u00f3n?<\/strong> Contamos con medidas t\u00e9cnicas y organizativas para proteger su informaci\u00f3n personal. Sin embargo, ninguna transmisi\u00f3n por Internet o tecnolog\u00eda de almacenamiento de informaci\u00f3n puede garantizar una seguridad del 100%.<\/p><p><strong>\u00bfCu\u00e1les son sus derechos?<\/strong> Dependiendo de su ubicaci\u00f3n geogr\u00e1fica, las leyes de privacidad aplicables pueden otorgarle ciertos derechos sobre su informaci\u00f3n personal.<\/p><p><strong>\u00bfC\u00f3mo puede ejercer sus derechos?<\/strong> Puede ejercer sus derechos completando nuestro formulario de solicitud de datos disponible aqu\u00ed o contact\u00e1ndonos directamente.<\/p><p>TABLA DE CONTENIDO<\/p><ol><li>\u00bfQU\u00c9 INFORMACI\u00d3N RECOPILAMOS?<\/li><li>\u00bfC\u00d3MO PROCESAMOS SU INFORMACI\u00d3N?<\/li><li>\u00bfCU\u00c1NDO Y CON QUI\u00c9N COMPARTIMOS SU INFORMACI\u00d3N PERSONAL?<\/li><li>\u00bfUSAMOS COOKIES U OTRAS TECNOLOG\u00cdAS DE SEGUIMIENTO?<\/li><li>\u00bfCU\u00c1NTO TIEMPO CONSERVAMOS SU INFORMACI\u00d3N?<\/li><li>\u00bfC\u00d3MO MANTENEMOS SEGURA SU INFORMACI\u00d3N?<\/li><li>\u00bfCU\u00c1LES SON SUS DERECHOS DE PRIVACIDAD?<\/li><li>CONTROLES PARA FUNCIONES DE \u201cNO RASTREAR\u201d<\/li><li>\u00bfLOS RESIDENTES DE CALIFORNIA TIENEN DERECHOS ESPEC\u00cdFICOS DE PRIVACIDAD?<\/li><li>\u00bfHACEMOS ACTUALIZACIONES A ESTE AVISO?<\/li><li>\u00bfC\u00d3MO PUEDE CONTACTARNOS SOBRE ESTE AVISO?<\/li><li>\u00bfC\u00d3MO PUEDE REVISAR, ACTUALIZAR O ELIMINAR LOS DATOS QUE RECOPILAMOS SOBRE USTED?<\/li><\/ol><h3>1. \u00bfQU\u00c9 INFORMACI\u00d3N RECOPILAMOS?<\/h3><p>Informaci\u00f3n personal que usted nos proporciona<\/p><p>En resumen: Recopilamos la informaci\u00f3n personal que usted nos proporciona voluntariamente.<\/p><p>Recopilamos informaci\u00f3n personal que usted nos proporciona voluntariamente cuando expresa inter\u00e9s en obtener informaci\u00f3n sobre nosotros o nuestros productos y Servicios, cuando participa en actividades en los Servicios o cuando se comunica con nosotros.<\/p><p>Informaci\u00f3n personal proporcionada por usted:<br \/>La informaci\u00f3n personal que recopilamos depende del contexto de sus interacciones con nosotros y los Servicios, las decisiones que tome y los productos y funciones que utilice. La informaci\u00f3n personal que recopilamos puede incluir:<\/p><ul><li>Nombres<\/li><li>Direcciones de correo electr\u00f3nico<\/li><li>N\u00fameros de tel\u00e9fono<\/li><li>Informaci\u00f3n sensible: No procesamos informaci\u00f3n sensible.<\/li><li>Toda la informaci\u00f3n personal que nos proporcione debe ser veraz, completa y precisa, y debe notificarnos cualquier cambio en dicha informaci\u00f3n personal.<\/li><li>Informaci\u00f3n recopilada autom\u00e1ticamente<\/li><li>En resumen: Cierta informaci\u00f3n \u2014como su direcci\u00f3n IP y\/o las caracter\u00edsticas de su navegador y dispositivo\u2014 se recopila autom\u00e1ticamente cuando visita nuestros Servicios.<\/li><\/ul><p>Recopilamos autom\u00e1ticamente cierta informaci\u00f3n cuando visita, utiliza o navega por los Servicios. Esta informaci\u00f3n no revela su identidad espec\u00edfica (como su nombre o datos de contacto), pero puede incluir datos sobre su dispositivo y uso, como su direcci\u00f3n IP, caracter\u00edsticas del navegador y del dispositivo, sistema operativo, preferencias de idioma, URL de referencia, nombre del dispositivo, pa\u00eds, ubicaci\u00f3n, informaci\u00f3n sobre c\u00f3mo y cu\u00e1ndo utiliza nuestros Servicios y otros datos t\u00e9cnicos. Esta informaci\u00f3n es necesaria principalmente para mantener la seguridad y el funcionamiento de nuestros Servicios, as\u00ed como para nuestros an\u00e1lisis internos y fines de generaci\u00f3n de informes.<\/p><p>Como muchas empresas, tambi\u00e9n recopilamos informaci\u00f3n mediante cookies y tecnolog\u00edas similares.<\/p><p>La informaci\u00f3n que recopilamos incluye:<\/p><ul><li>Datos de registro y uso: Informaci\u00f3n de diagn\u00f3stico, uso y rendimiento que nuestros servidores recopilan autom\u00e1ticamente cuando accede o utiliza nuestros Servicios y que registramos en archivos de registro. Dependiendo de su interacci\u00f3n con nosotros, estos datos pueden incluir su direcci\u00f3n IP, informaci\u00f3n del dispositivo, tipo de navegador, configuraciones, p\u00e1ginas y archivos vistos, b\u00fasquedas y otras acciones realizadas.<\/li><li>Datos del dispositivo: Informaci\u00f3n sobre la computadora, tel\u00e9fono, tableta u otro dispositivo que utilice para acceder a los Servicios, incluyendo direcci\u00f3n IP, n\u00fameros de identificaci\u00f3n del dispositivo o aplicaci\u00f3n, ubicaci\u00f3n, tipo de navegador, modelo de hardware, proveedor de servicios de Internet o de telefon\u00eda m\u00f3vil, sistema operativo y configuraciones del sistema.<\/li><li>Datos de ubicaci\u00f3n: Informaci\u00f3n sobre la ubicaci\u00f3n de su dispositivo, que puede ser precisa o imprecisa. La cantidad de informaci\u00f3n recopilada depende de la configuraci\u00f3n de su dispositivo. Puede desactivar la recopilaci\u00f3n de esta informaci\u00f3n, pero esto puede limitar ciertas funciones de los Servicios.<\/li><\/ul><h3>2. \u00bfC\u00d3MO PROCESAMOS SU INFORMACI\u00d3N?<\/h3><p>En resumen: Procesamos su informaci\u00f3n para proporcionar, mejorar y administrar nuestros Servicios, comunicarnos con usted, por seguridad, prevenci\u00f3n de fraudes y cumplimiento legal. Tambi\u00e9n podemos procesarla para otros fines con su consentimiento.<\/p><p>Ejemplos:<\/p><ul><li>Prestar y facilitar la entrega de servicios solicitados.<\/li><li>Proporcionar publicidad personalizada.<\/li><li>Evaluar y mejorar nuestros Servicios, productos y marketing.<\/li><li>Identificar tendencias de uso.<\/li><\/ul><h3>3. \u00bfCU\u00c1NDO Y CON QUI\u00c9N COMPARTIMOS SU INFORMACI\u00d3N PERSONAL?<\/h3><p>En resumen: Podemos compartir informaci\u00f3n en situaciones espec\u00edficas y con categor\u00edas espec\u00edficas de terceros.<\/p><p>Categor\u00edas de terceros con los que podemos compartir datos:<\/p><ul><li>Redes publicitarias<\/li><li>Servicios de an\u00e1lisis de datos<\/li><li>Herramientas de monitoreo de rendimiento<\/li><li>Plataformas de retargeting<\/li><li>Herramientas de ventas y marketing<\/li><li>Redes sociales<\/li><li>Herramientas de prueba<\/li><li>Proveedores de hosting web<\/li><\/ul><p>Otras situaciones:<\/p><ul><li>Transferencias comerciales: En caso de fusiones, ventas o adquisiciones.<\/li><li>Socios comerciales: Para ofrecerle productos, servicios o promociones.<\/li><\/ul><h3>4. \u00bfUSAMOS COOKIES U OTRAS TECNOLOG\u00cdAS DE SEGUIMIENTO?<\/h3><p>S\u00ed. Podemos usar cookies y tecnolog\u00edas similares (balizas web, p\u00edxeles) para recopilar y almacenar informaci\u00f3n. Consulte nuestro Aviso de Cookies para m\u00e1s detalles.<\/p><h3>5. \u00bfCU\u00c1NTO TIEMPO CONSERVAMOS SU INFORMACI\u00d3N?<\/h3><p>Solo el tiempo necesario para cumplir los fines descritos en este aviso, salvo que la ley exija un plazo mayor. Por lo general, no m\u00e1s de 1 a\u00f1o. Luego, eliminamos o anonimizamos la informaci\u00f3n.<\/p><h3>6. \u00bfC\u00d3MO MANTENEMOS SEGURA SU INFORMACI\u00d3N?<\/h3><p>Hemos implementado medidas t\u00e9cnicas y organizativas razonables para proteger su informaci\u00f3n. Sin embargo, ninguna transmisi\u00f3n por Internet o sistema de almacenamiento es 100% seguro.<\/p><h3>7. \u00bfCU\u00c1LES SON SUS DERECHOS DE PRIVACIDAD?<\/h3><p>Puede revisar, modificar o eliminar su informaci\u00f3n en cualquier momento. Si se encuentra en el EEE, Reino Unido o Suiza, tambi\u00e9n tiene derecho a presentar una reclamaci\u00f3n ante la autoridad de protecci\u00f3n de datos correspondiente. Puede retirar su consentimiento cuando este sea la base del procesamiento.<\/p><h3>8. CONTROLES PARA FUNCIONES DE \u201cNO RASTREAR\u201d<\/h3><p>Actualmente no respondemos a se\u00f1ales DNT, ya que no existe un est\u00e1ndar uniforme.<\/p><h3>9. DERECHOS ESPEC\u00cdFICOS DE LOS RESIDENTES DE CALIFORNIA<\/h3><p>Si reside en California, tiene derecho a solicitar informaci\u00f3n sobre la divulgaci\u00f3n de sus datos para fines de marketing y a solicitar la eliminaci\u00f3n de datos que haya publicado si es menor de 18 a\u00f1os.<\/p><h3>10. ACTUALIZACIONES A ESTE AVISO<\/h3><p>Podemos actualizar este aviso para cumplir con las leyes aplicables. La fecha de \u201cRevisi\u00f3n\u201d se actualizar\u00e1 en consecuencia.<\/p><h3>11. \u00bfC\u00d3MO PUEDE CONTACTARNOS SOBRE ESTE AVISO?<\/h3><p>Puede contactarnos por correo electr\u00f3nico en __________ o por correo postal:<\/p><p>Hurt911\u00ae<br \/>147 North Avenue NE<br \/>Atlanta, GA 30308<\/p><h3>12. \u00bfC\u00d3MO PUEDE REVISAR, ACTUALIZAR O ELIMINAR SUS DATOS?<\/h3><p>Dependiendo de la ley aplicable, puede solicitar acceso, correcci\u00f3n o eliminaci\u00f3n de su informaci\u00f3n personal enviando un formulario de solicitud disponible aqu\u00ed.<\/p><p>\u00a0<\/p>\t\t\t\t\t\t\t\t<\/div>\n\t\t\t\t\t<\/div>\n\t\t<\/div>\n\t\t\t\t\t<\/div>\n\t\t<\/section>\n\t\t\t\t\t<\/div>\n\t\t<\/div>\n\t\t\t\t\t<\/div>\n\t\t<\/section>\n\t\t\t\t<\/div>\n\t\t","protected":false},"excerpt":{"rendered":"<p>AVISO DE PRIVACIDAD \u00daltima actualizaci\u00f3n: 4 de marzo de 2022 Este aviso de privacidad de Hurt911\u00ae (\u201cCompa\u00f1\u00eda\u201d, \u201cnosotros\u201d o \u201cnuestro\u201d) describe c\u00f3mo y por qu\u00e9 podemos recopilar, almacenar, usar y\/o compartir (\u201cprocesar\u201d) su informaci\u00f3n cuando utiliza nuestros servicios (\u201cServicios\u201d), tales como cuando: Visita nuestro sitio web en https:\/\/1800hurt911ga.com, o cualquier otro sitio web nuestro que [&hellip;]<\/p>\n","protected":false},"author":54,"featured_media":0,"parent":0,"menu_order":0,"comment_status":"closed","ping_status":"closed","template":"elementor_header_footer","meta":{"_acf_changed":false,"anchor_text":"","footnotes":""},"categories":[],"tags":[],"class_list":["post-17086","page","type-page","status-publish","hentry"],"acf":[],"_links":{"self":[{"href":"https:\/\/1800hurt911ga.com\/es\/wp-json\/wp\/v2\/pages\/17086","targetHints":{"allow":["GET"]}}],"collection":[{"href":"https:\/\/1800hurt911ga.com\/es\/wp-json\/wp\/v2\/pages"}],"about":[{"href":"https:\/\/1800hurt911ga.com\/es\/wp-json\/wp\/v2\/types\/page"}],"author":[{"embeddable":true,"href":"https:\/\/1800hurt911ga.com\/es\/wp-json\/wp\/v2\/users\/54"}],"replies":[{"embeddable":true,"href":"https:\/\/1800hurt911ga.com\/es\/wp-json\/wp\/v2\/comments?post=17086"}],"version-history":[{"count":6,"href":"https:\/\/1800hurt911ga.com\/es\/wp-json\/wp\/v2\/pages\/17086\/revisions"}],"predecessor-version":[{"id":17092,"href":"https:\/\/1800hurt911ga.com\/es\/wp-json\/wp\/v2\/pages\/17086\/revisions\/17092"}],"wp:attachment":[{"href":"https:\/\/1800hurt911ga.com\/es\/wp-json\/wp\/v2\/media?parent=17086"}],"wp:term":[{"taxonomy":"category","embeddable":true,"href":"https:\/\/1800hurt911ga.com\/es\/wp-json\/wp\/v2\/categories?post=17086"},{"taxonomy":"post_tag","embeddable":true,"href":"https:\/\/1800hurt911ga.com\/es\/wp-json\/wp\/v2\/tags?post=17086"}],"curies":[{"name":"wp","href":"https:\/\/api.w.org\/{rel}","templated":true}]}}