{"id":5412,"date":"2023-02-10T19:48:48","date_gmt":"2023-02-10T19:48:48","guid":{"rendered":"https:\/\/1800hurt911ga.com\/?page_id=5412"},"modified":"2025-07-24T08:30:41","modified_gmt":"2025-07-24T13:30:41","slug":"accidentes-de-golpe-y-fuga","status":"publish","type":"page","link":"https:\/\/1800hurt911ga.com\/es\/accidentes-de-golpe-y-fuga\/","title":{"rendered":"Accidentes de golpe y fuga"},"content":{"rendered":"\t\t<div data-elementor-type=\"wp-page\" data-elementor-id=\"5412\" class=\"elementor elementor-5412\" data-elementor-post-type=\"page\">\n\t\t\t\t\t\t<section class=\"elementor-section elementor-top-section elementor-element elementor-element-f43627b elementor-section-boxed elementor-section-height-default elementor-section-height-default\" data-id=\"f43627b\" data-element_type=\"section\" data-e-type=\"section\">\n\t\t\t\t\t\t<div class=\"elementor-container elementor-column-gap-default\">\n\t\t\t\t\t<div class=\"elementor-column elementor-col-100 elementor-top-column elementor-element elementor-element-232d5ea\" data-id=\"232d5ea\" data-element_type=\"column\" data-e-type=\"column\">\n\t\t\t<div class=\"elementor-widget-wrap elementor-element-populated\">\n\t\t\t\t\t\t<div class=\"elementor-element elementor-element-1b8653a elementor-widget elementor-widget-heading\" data-id=\"1b8653a\" data-element_type=\"widget\" data-e-type=\"widget\" data-widget_type=\"heading.default\">\n\t\t\t\t\t<h2 class=\"elementor-heading-title elementor-size-default\">Abogados de accidentes de atropello y fuga en Atlanta, GA\n<\/h2>\t\t\t\t<\/div>\n\t\t\t\t<div class=\"elementor-element elementor-element-00b3002 elementor-widget elementor-widget-text-editor\" data-id=\"00b3002\" data-element_type=\"widget\" data-e-type=\"widget\" data-widget_type=\"text-editor.default\">\n\t\t\t\t\t\t\t\t\t<p>Es seguro que ocurrir\u00e1n accidentes, pero los golpes y fugas pueden agravar el detrimento que siente en un accidente t\u00edpico y hacer que la recuperaci\u00f3n de da\u00f1os por lesiones personales sea particularmente dif\u00edcil.\u00a0Si alguna vez ha experimentado un golpe y fuga, inmediatamente se sentir\u00e1 violado, seguido de ira, pero no debe sentirse solo.<\/p><p>Cuando usted es v\u00edctima de un golpe y fuga, necesita conocer sus derechos, en <a href=\"tel:1-800-487-8911?_x_tr_sl=auto&amp;_x_tr_tl=en&amp;_x_tr_hl=en&amp;_x_tr_pto=wapp\">el 1-800-HURT911\u00ae<\/a> somos expertos en accidentes de golpe y fuga.\u00a0Podemos proporcionar los servicios integrales que necesita.\u00a0<a href=\"tel:1-800-487-8911?_x_tr_sl=auto&amp;_x_tr_tl=en&amp;_x_tr_hl=en&amp;_x_tr_pto=wapp\">El 1-800-HURT911\u00ae<\/a> le asignar\u00e1 el mejor abogado para que lo represente y lo programar\u00e1 con nuestros m\u00e9dicos preferidos en una oficina que sea conveniente para usted e incluso lo ayudaremos con el transporte hacia y desde el m\u00e9dico cuando sea necesario.<\/p><p><strong>Si usted o un miembro de su familia ha sido lesionado por un conductor que se da a la fuga, llame a un abogado de accidentes de golpe y fuga de Atlanta y Decatur HOY para una consulta gratuita.<\/strong><\/p>\t\t\t\t\t\t\t\t<\/div>\n\t\t\t\t<div class=\"elementor-element elementor-element-6436fef elementor-widget elementor-widget-heading\" data-id=\"6436fef\" data-element_type=\"widget\" data-e-type=\"widget\" data-widget_type=\"heading.default\">\n\t\t\t\t\t<h2 class=\"elementor-heading-title elementor-size-default\">Preguntas frecuentes<\/h2>\t\t\t\t<\/div>\n\t\t\t\t<div data-dce-title-color=\"#333333\" class=\"elementor-element elementor-element-c21f46d faqs elementor-widget elementor-widget-accordion\" data-id=\"c21f46d\" data-element_type=\"widget\" data-e-type=\"widget\" data-widget_type=\"accordion.default\">\n\t\t\t\t\t\t\t<div class=\"elementor-accordion\">\n\t\t\t\t\t\t\t<div class=\"elementor-accordion-item\">\n\t\t\t\t\t<div id=\"elementor-tab-title-2031\" class=\"elementor-tab-title\" data-tab=\"1\" role=\"button\" aria-controls=\"elementor-tab-content-2031\" aria-expanded=\"false\">\n\t\t\t\t\t\t\t\t\t\t\t\t\t<span class=\"elementor-accordion-icon elementor-accordion-icon-right\" aria-hidden=\"true\">\n\t\t\t\t\t\t\t\t\t\t\t\t\t\t\t<span class=\"elementor-accordion-icon-closed\"><svg class=\"e-font-icon-svg e-fas-angle-right\" viewBox=\"0 0 256 512\" xmlns=\"http:\/\/www.w3.org\/2000\/svg\"><path d=\"M224.3 273l-136 136c-9.4 9.4-24.6 9.4-33.9 0l-22.6-22.6c-9.4-9.4-9.4-24.6 0-33.9l96.4-96.4-96.4-96.4c-9.4-9.4-9.4-24.6 0-33.9L54.3 103c9.4-9.4 24.6-9.4 33.9 0l136 136c9.5 9.4 9.5 24.6.1 34z\"><\/path><\/svg><\/span>\n\t\t\t\t\t\t\t\t<span class=\"elementor-accordion-icon-opened\"><svg class=\"e-font-icon-svg e-fas-angle-down\" viewBox=\"0 0 320 512\" xmlns=\"http:\/\/www.w3.org\/2000\/svg\"><path d=\"M143 352.3L7 216.3c-9.4-9.4-9.4-24.6 0-33.9l22.6-22.6c9.4-9.4 24.6-9.4 33.9 0l96.4 96.4 96.4-96.4c9.4-9.4 24.6-9.4 33.9 0l22.6 22.6c9.4 9.4 9.4 24.6 0 33.9l-136 136c-9.2 9.4-24.4 9.4-33.8 0z\"><\/path><\/svg><\/span>\n\t\t\t\t\t\t\t\t\t\t\t\t\t\t<\/span>\n\t\t\t\t\t\t\t\t\t\t\t\t<a class=\"elementor-accordion-title\" tabindex=\"0\">\u00bfQu\u00e9 hacer despu\u00e9s de un golpe y fuga?<\/a>\n\t\t\t\t\t<\/div>\n\t\t\t\t\t<div id=\"elementor-tab-content-2031\" class=\"elementor-tab-content elementor-clearfix\" data-tab=\"1\" role=\"region\" aria-labelledby=\"elementor-tab-title-2031\"><p>Siga estos pasos si se lesion\u00f3 en un golpe y fuga:<\/p><ul><li>Llame al 911. Mientras la ayuda est\u00e1 en camino, anote todos los detalles que pueda recordar sobre el veh\u00edculo, como la marca y el modelo, el color y el n\u00famero de placa.<\/li><li>Hable con testigos presentes.\u00a0Obtener sus declaraciones.\u00a0Recuerda anotar su informaci\u00f3n de contacto<\/li><li>Toma fotos de la escena del accidente.<\/li><li>Documente sus lesiones y da\u00f1os (con im\u00e1genes)<\/li><li>Llame a la polic\u00eda y a su compa\u00f1\u00eda de seguro inmediatamente.<\/li><li>No siga al conductor que huye. Si abandona la escena del accidente, la polic\u00eda puede cuestionar qui\u00e9n realmente tuvo la culpa.<\/li><\/ul><\/div>\n\t\t\t\t<\/div>\n\t\t\t\t\t\t\t<div class=\"elementor-accordion-item\">\n\t\t\t\t\t<div id=\"elementor-tab-title-2032\" class=\"elementor-tab-title\" data-tab=\"2\" role=\"button\" aria-controls=\"elementor-tab-content-2032\" aria-expanded=\"false\">\n\t\t\t\t\t\t\t\t\t\t\t\t\t<span class=\"elementor-accordion-icon elementor-accordion-icon-right\" aria-hidden=\"true\">\n\t\t\t\t\t\t\t\t\t\t\t\t\t\t\t<span class=\"elementor-accordion-icon-closed\"><svg class=\"e-font-icon-svg e-fas-angle-right\" viewBox=\"0 0 256 512\" xmlns=\"http:\/\/www.w3.org\/2000\/svg\"><path d=\"M224.3 273l-136 136c-9.4 9.4-24.6 9.4-33.9 0l-22.6-22.6c-9.4-9.4-9.4-24.6 0-33.9l96.4-96.4-96.4-96.4c-9.4-9.4-9.4-24.6 0-33.9L54.3 103c9.4-9.4 24.6-9.4 33.9 0l136 136c9.5 9.4 9.5 24.6.1 34z\"><\/path><\/svg><\/span>\n\t\t\t\t\t\t\t\t<span class=\"elementor-accordion-icon-opened\"><svg class=\"e-font-icon-svg e-fas-angle-down\" viewBox=\"0 0 320 512\" xmlns=\"http:\/\/www.w3.org\/2000\/svg\"><path d=\"M143 352.3L7 216.3c-9.4-9.4-9.4-24.6 0-33.9l22.6-22.6c9.4-9.4 24.6-9.4 33.9 0l96.4 96.4 96.4-96.4c9.4-9.4 24.6-9.4 33.9 0l22.6 22.6c9.4 9.4 9.4 24.6 0 33.9l-136 136c-9.2 9.4-24.4 9.4-33.8 0z\"><\/path><\/svg><\/span>\n\t\t\t\t\t\t\t\t\t\t\t\t\t\t<\/span>\n\t\t\t\t\t\t\t\t\t\t\t\t<a class=\"elementor-accordion-title\" tabindex=\"0\">\u00bfDebo contratar a un abogado para un golpe y fuga?<\/a>\n\t\t\t\t\t<\/div>\n\t\t\t\t\t<div id=\"elementor-tab-content-2032\" class=\"elementor-tab-content elementor-clearfix\" data-tab=\"2\" role=\"region\" aria-labelledby=\"elementor-tab-title-2032\"><p>S\u00ed.\u00a0Su abogado de lesiones personales aprovechar\u00e1 su conocimiento y experiencia para probar la responsabilidad del otro conductor.\u00a0El profesional reunir\u00e1 la evidencia de apoyo.\u00a0Recopilar\u00e1n documentos m\u00e9dicos y otras pruebas que demuestren c\u00f3mo sus lesiones han afectado su vida.\u00a0Su abogado de lesiones personales lo ayudar\u00e1 a cumplir con los plazos y responder a las comunicaciones.\u00a0Trabajar\u00e1n para proteger sus derechos y detener las t\u00e1cticas injustas de las compa\u00f1\u00edas de seguros.\u00a0El profesional calcular\u00e1 los da\u00f1os con precisi\u00f3n.\u00a0Un abogado con experiencia hace todo lo posible para mantener las disputas fuera de las cortes.\u00a0Negocian con la compa\u00f1\u00eda de seguros e intentan llegar a un acuerdo afuera de las cortes.\u00a0Su abogado aprovechar\u00e1 sus conocimientos y experiencia para maximizar la compensaci\u00f3n.<\/p><\/div>\n\t\t\t\t<\/div>\n\t\t\t\t\t\t\t<div class=\"elementor-accordion-item\">\n\t\t\t\t\t<div id=\"elementor-tab-title-2033\" class=\"elementor-tab-title\" data-tab=\"3\" role=\"button\" aria-controls=\"elementor-tab-content-2033\" aria-expanded=\"false\">\n\t\t\t\t\t\t\t\t\t\t\t\t\t<span class=\"elementor-accordion-icon elementor-accordion-icon-right\" aria-hidden=\"true\">\n\t\t\t\t\t\t\t\t\t\t\t\t\t\t\t<span class=\"elementor-accordion-icon-closed\"><svg class=\"e-font-icon-svg e-fas-angle-right\" viewBox=\"0 0 256 512\" xmlns=\"http:\/\/www.w3.org\/2000\/svg\"><path d=\"M224.3 273l-136 136c-9.4 9.4-24.6 9.4-33.9 0l-22.6-22.6c-9.4-9.4-9.4-24.6 0-33.9l96.4-96.4-96.4-96.4c-9.4-9.4-9.4-24.6 0-33.9L54.3 103c9.4-9.4 24.6-9.4 33.9 0l136 136c9.5 9.4 9.5 24.6.1 34z\"><\/path><\/svg><\/span>\n\t\t\t\t\t\t\t\t<span class=\"elementor-accordion-icon-opened\"><svg class=\"e-font-icon-svg e-fas-angle-down\" viewBox=\"0 0 320 512\" xmlns=\"http:\/\/www.w3.org\/2000\/svg\"><path d=\"M143 352.3L7 216.3c-9.4-9.4-9.4-24.6 0-33.9l22.6-22.6c9.4-9.4 24.6-9.4 33.9 0l96.4 96.4 96.4-96.4c9.4-9.4 24.6-9.4 33.9 0l22.6 22.6c9.4 9.4 9.4 24.6 0 33.9l-136 136c-9.2 9.4-24.4 9.4-33.8 0z\"><\/path><\/svg><\/span>\n\t\t\t\t\t\t\t\t\t\t\t\t\t\t<\/span>\n\t\t\t\t\t\t\t\t\t\t\t\t<a class=\"elementor-accordion-title\" tabindex=\"0\">\u00bfCu\u00e1nto cobran los abogados de golpe y fuga?<\/a>\n\t\t\t\t\t<\/div>\n\t\t\t\t\t<div id=\"elementor-tab-content-2033\" class=\"elementor-tab-content elementor-clearfix\" data-tab=\"3\" role=\"region\" aria-labelledby=\"elementor-tab-title-2033\"><p>Los abogados de golpe y fuga generalmente trabajan con honorarios contingentes, lo que significa que si se les paga o no depende del resultado del caso.\u00a0Si su abogado gana su caso, pueden cobrar entre el 25 y el 40 por ciento de su acuerdo (despu\u00e9s de deducir los gastos).<\/p><\/div>\n\t\t\t\t<\/div>\n\t\t\t\t\t\t\t<div class=\"elementor-accordion-item\">\n\t\t\t\t\t<div id=\"elementor-tab-title-2034\" class=\"elementor-tab-title\" data-tab=\"4\" role=\"button\" aria-controls=\"elementor-tab-content-2034\" aria-expanded=\"false\">\n\t\t\t\t\t\t\t\t\t\t\t\t\t<span class=\"elementor-accordion-icon elementor-accordion-icon-right\" aria-hidden=\"true\">\n\t\t\t\t\t\t\t\t\t\t\t\t\t\t\t<span class=\"elementor-accordion-icon-closed\"><svg class=\"e-font-icon-svg e-fas-angle-right\" viewBox=\"0 0 256 512\" xmlns=\"http:\/\/www.w3.org\/2000\/svg\"><path d=\"M224.3 273l-136 136c-9.4 9.4-24.6 9.4-33.9 0l-22.6-22.6c-9.4-9.4-9.4-24.6 0-33.9l96.4-96.4-96.4-96.4c-9.4-9.4-9.4-24.6 0-33.9L54.3 103c9.4-9.4 24.6-9.4 33.9 0l136 136c9.5 9.4 9.5 24.6.1 34z\"><\/path><\/svg><\/span>\n\t\t\t\t\t\t\t\t<span class=\"elementor-accordion-icon-opened\"><svg class=\"e-font-icon-svg e-fas-angle-down\" viewBox=\"0 0 320 512\" xmlns=\"http:\/\/www.w3.org\/2000\/svg\"><path d=\"M143 352.3L7 216.3c-9.4-9.4-9.4-24.6 0-33.9l22.6-22.6c9.4-9.4 24.6-9.4 33.9 0l96.4 96.4 96.4-96.4c9.4-9.4 24.6-9.4 33.9 0l22.6 22.6c9.4 9.4 9.4 24.6 0 33.9l-136 136c-9.2 9.4-24.4 9.4-33.8 0z\"><\/path><\/svg><\/span>\n\t\t\t\t\t\t\t\t\t\t\t\t\t\t<\/span>\n\t\t\t\t\t\t\t\t\t\t\t\t<a class=\"elementor-accordion-title\" tabindex=\"0\">\u00bfQu\u00e9 tipos de compensaci\u00f3n puedo cobrar por un reclamo de golpe y fuga?<\/a>\n\t\t\t\t\t<\/div>\n\t\t\t\t\t<div id=\"elementor-tab-content-2034\" class=\"elementor-tab-content elementor-clearfix\" data-tab=\"4\" role=\"region\" aria-labelledby=\"elementor-tab-title-2034\"><p>Si result\u00f3 lesionado en un accidente de atropello y fuga, puede reclamar una compensaci\u00f3n por:<\/p><ul><li>Gastos m\u00e9dicos<\/li><li>P\u00e9rdida de ingresos futuros<\/li><li>P\u00e9rdida de salarios<\/li><li>Da\u00f1o a la propiedad<\/li><li>Dolor y sufrimiento<\/li><\/ul><p>En muchos casos, las cortes aprueban da\u00f1os punitivos adem\u00e1s de los da\u00f1os reales.\u00a0Estos da\u00f1os se dan para castigar a un acusado por negligencia.<\/p><\/div>\n\t\t\t\t<\/div>\n\t\t\t\t\t\t\t<div class=\"elementor-accordion-item\">\n\t\t\t\t\t<div id=\"elementor-tab-title-2035\" class=\"elementor-tab-title\" data-tab=\"5\" role=\"button\" aria-controls=\"elementor-tab-content-2035\" aria-expanded=\"false\">\n\t\t\t\t\t\t\t\t\t\t\t\t\t<span class=\"elementor-accordion-icon elementor-accordion-icon-right\" aria-hidden=\"true\">\n\t\t\t\t\t\t\t\t\t\t\t\t\t\t\t<span class=\"elementor-accordion-icon-closed\"><svg class=\"e-font-icon-svg e-fas-angle-right\" viewBox=\"0 0 256 512\" xmlns=\"http:\/\/www.w3.org\/2000\/svg\"><path d=\"M224.3 273l-136 136c-9.4 9.4-24.6 9.4-33.9 0l-22.6-22.6c-9.4-9.4-9.4-24.6 0-33.9l96.4-96.4-96.4-96.4c-9.4-9.4-9.4-24.6 0-33.9L54.3 103c9.4-9.4 24.6-9.4 33.9 0l136 136c9.5 9.4 9.5 24.6.1 34z\"><\/path><\/svg><\/span>\n\t\t\t\t\t\t\t\t<span class=\"elementor-accordion-icon-opened\"><svg class=\"e-font-icon-svg e-fas-angle-down\" viewBox=\"0 0 320 512\" xmlns=\"http:\/\/www.w3.org\/2000\/svg\"><path d=\"M143 352.3L7 216.3c-9.4-9.4-9.4-24.6 0-33.9l22.6-22.6c9.4-9.4 24.6-9.4 33.9 0l96.4 96.4 96.4-96.4c9.4-9.4 24.6-9.4 33.9 0l22.6 22.6c9.4 9.4 9.4 24.6 0 33.9l-136 136c-9.2 9.4-24.4 9.4-33.8 0z\"><\/path><\/svg><\/span>\n\t\t\t\t\t\t\t\t\t\t\t\t\t\t<\/span>\n\t\t\t\t\t\t\t\t\t\t\t\t<a class=\"elementor-accordion-title\" tabindex=\"0\">\u00bfCu\u00e1nto puede demandar por Hit and Run?<\/a>\n\t\t\t\t\t<\/div>\n\t\t\t\t\t<div id=\"elementor-tab-content-2035\" class=\"elementor-tab-content elementor-clearfix\" data-tab=\"5\" role=\"region\" aria-labelledby=\"elementor-tab-title-2035\"><p>Al calcular cu\u00e1nto vale su caso, su abogado de golpe y fuga considerar\u00e1 la gravedad de sus lesiones y si afectan su capacidad para trabajar, sus facturas m\u00e9dicas y da\u00f1os reales, el costo de la atenci\u00f3n m\u00e9dica futura y el dolor y sufrimiento.<\/p><\/div>\n\t\t\t\t<\/div>\n\t\t\t\t\t\t\t<div class=\"elementor-accordion-item\">\n\t\t\t\t\t<div id=\"elementor-tab-title-2036\" class=\"elementor-tab-title\" data-tab=\"6\" role=\"button\" aria-controls=\"elementor-tab-content-2036\" aria-expanded=\"false\">\n\t\t\t\t\t\t\t\t\t\t\t\t\t<span class=\"elementor-accordion-icon elementor-accordion-icon-right\" aria-hidden=\"true\">\n\t\t\t\t\t\t\t\t\t\t\t\t\t\t\t<span class=\"elementor-accordion-icon-closed\"><svg class=\"e-font-icon-svg e-fas-angle-right\" viewBox=\"0 0 256 512\" xmlns=\"http:\/\/www.w3.org\/2000\/svg\"><path d=\"M224.3 273l-136 136c-9.4 9.4-24.6 9.4-33.9 0l-22.6-22.6c-9.4-9.4-9.4-24.6 0-33.9l96.4-96.4-96.4-96.4c-9.4-9.4-9.4-24.6 0-33.9L54.3 103c9.4-9.4 24.6-9.4 33.9 0l136 136c9.5 9.4 9.5 24.6.1 34z\"><\/path><\/svg><\/span>\n\t\t\t\t\t\t\t\t<span class=\"elementor-accordion-icon-opened\"><svg class=\"e-font-icon-svg e-fas-angle-down\" viewBox=\"0 0 320 512\" xmlns=\"http:\/\/www.w3.org\/2000\/svg\"><path d=\"M143 352.3L7 216.3c-9.4-9.4-9.4-24.6 0-33.9l22.6-22.6c9.4-9.4 24.6-9.4 33.9 0l96.4 96.4 96.4-96.4c9.4-9.4 24.6-9.4 33.9 0l22.6 22.6c9.4 9.4 9.4 24.6 0 33.9l-136 136c-9.2 9.4-24.4 9.4-33.8 0z\"><\/path><\/svg><\/span>\n\t\t\t\t\t\t\t\t\t\t\t\t\t\t<\/span>\n\t\t\t\t\t\t\t\t\t\t\t\t<a class=\"elementor-accordion-title\" tabindex=\"0\">\u00bfC\u00f3mo se prueba un atropello y fuga?<\/a>\n\t\t\t\t\t<\/div>\n\t\t\t\t\t<div id=\"elementor-tab-content-2036\" class=\"elementor-tab-content elementor-clearfix\" data-tab=\"6\" role=\"region\" aria-labelledby=\"elementor-tab-title-2036\"><p>Los accidentes de atropello y fuga son sustancialmente m\u00e1s dif\u00edciles de probar, especialmente si no hubo testigos presentes.\u00a0Si se lesion\u00f3 en un atropello y fuga:<\/p><ul><li>Llame al 911 de inmediato.\u00a0Informe a su compa\u00f1\u00eda de seguro y a la polic\u00eda inmediatamente.<\/li><li>Ac\u00e9rquese a los establecimientos comerciales cercanos.\u00a0Compruebe si tienen c\u00e1maras de circuito cerrado de televisi\u00f3n.<\/li><li>Hable con testigos presentes, si los hay.\u00a0Registrar sus declaraciones<\/li><li>Tome fotograf\u00edas de la escena del accidente.\u00a0Documente todo (incluyendo los detalles relacionados con el veh\u00edculo, como su modelo, tama\u00f1o, n\u00famero de licencia, marca y color)<\/li><\/ul><p>Cada minuto despu\u00e9s de un caso de atropello y fuga es importante.\u00a0Si su abogado podr\u00e1 probar la culpa depender\u00e1 de c\u00f3mo reaccione despu\u00e9s del accidente.\u00a0Mantenga la calma, eval\u00fae sus lesiones y da\u00f1os, y documente todo.\u00a0La evidencia recopilada en la escena de un accidente puede hacer su caso mas fuerte cuando se trata de probar la culpa.<\/p><\/div>\n\t\t\t\t<\/div>\n\t\t\t\t\t\t\t\t\t\t<script type=\"application\/ld+json\">{\"@context\":\"https:\\\/\\\/schema.org\",\"@type\":\"FAQPage\",\"mainEntity\":[{\"@type\":\"Question\",\"name\":\"\\u00bfQu\\u00e9 hacer despu\\u00e9s de un golpe y fuga?\",\"acceptedAnswer\":{\"@type\":\"Answer\",\"text\":\"<p>Siga estos pasos si se lesion\\u00f3 en un golpe y fuga:<\\\/p><ul><li>Llame al 911. Mientras la ayuda est\\u00e1 en camino, anote todos los detalles que pueda recordar sobre el veh\\u00edculo, como la marca y el modelo, el color y el n\\u00famero de placa.<\\\/li><li>Hable con testigos presentes.\\u00a0Obtener sus declaraciones.\\u00a0Recuerda anotar su informaci\\u00f3n de contacto<\\\/li><li>Toma fotos de la escena del accidente.<\\\/li><li>Documente sus lesiones y da\\u00f1os (con im\\u00e1genes)<\\\/li><li>Llame a la polic\\u00eda y a su compa\\u00f1\\u00eda de seguro inmediatamente.<\\\/li><li>No siga al conductor que huye. Si abandona la escena del accidente, la polic\\u00eda puede cuestionar qui\\u00e9n realmente tuvo la culpa.<\\\/li><\\\/ul>\"}},{\"@type\":\"Question\",\"name\":\"\\u00bfDebo contratar a un abogado para un golpe y fuga?\",\"acceptedAnswer\":{\"@type\":\"Answer\",\"text\":\"<p>S\\u00ed.\\u00a0Su abogado de lesiones personales aprovechar\\u00e1 su conocimiento y experiencia para probar la responsabilidad del otro conductor.\\u00a0El profesional reunir\\u00e1 la evidencia de apoyo.\\u00a0Recopilar\\u00e1n documentos m\\u00e9dicos y otras pruebas que demuestren c\\u00f3mo sus lesiones han afectado su vida.\\u00a0Su abogado de lesiones personales lo ayudar\\u00e1 a cumplir con los plazos y responder a las comunicaciones.\\u00a0Trabajar\\u00e1n para proteger sus derechos y detener las t\\u00e1cticas injustas de las compa\\u00f1\\u00edas de seguros.\\u00a0El profesional calcular\\u00e1 los da\\u00f1os con precisi\\u00f3n.\\u00a0Un abogado con experiencia hace todo lo posible para mantener las disputas fuera de las cortes.\\u00a0Negocian con la compa\\u00f1\\u00eda de seguros e intentan llegar a un acuerdo afuera de las cortes.\\u00a0Su abogado aprovechar\\u00e1 sus conocimientos y experiencia para maximizar la compensaci\\u00f3n.<\\\/p>\"}},{\"@type\":\"Question\",\"name\":\"\\u00bfCu\\u00e1nto cobran los abogados de golpe y fuga?\",\"acceptedAnswer\":{\"@type\":\"Answer\",\"text\":\"<p>Los abogados de golpe y fuga generalmente trabajan con honorarios contingentes, lo que significa que si se les paga o no depende del resultado del caso.\\u00a0Si su abogado gana su caso, pueden cobrar entre el 25 y el 40 por ciento de su acuerdo (despu\\u00e9s de deducir los gastos).<\\\/p>\"}},{\"@type\":\"Question\",\"name\":\"\\u00bfQu\\u00e9 tipos de compensaci\\u00f3n puedo cobrar por un reclamo de golpe y fuga?\",\"acceptedAnswer\":{\"@type\":\"Answer\",\"text\":\"<p>Si result\\u00f3 lesionado en un accidente de atropello y fuga, puede reclamar una compensaci\\u00f3n por:<\\\/p><ul><li>Gastos m\\u00e9dicos<\\\/li><li>P\\u00e9rdida de ingresos futuros<\\\/li><li>P\\u00e9rdida de salarios<\\\/li><li>Da\\u00f1o a la propiedad<\\\/li><li>Dolor y sufrimiento<\\\/li><\\\/ul><p>En muchos casos, las cortes aprueban da\\u00f1os punitivos adem\\u00e1s de los da\\u00f1os reales.\\u00a0Estos da\\u00f1os se dan para castigar a un acusado por negligencia.<\\\/p>\"}},{\"@type\":\"Question\",\"name\":\"\\u00bfCu\\u00e1nto puede demandar por Hit and Run?\",\"acceptedAnswer\":{\"@type\":\"Answer\",\"text\":\"<p>Al calcular cu\\u00e1nto vale su caso, su abogado de golpe y fuga considerar\\u00e1 la gravedad de sus lesiones y si afectan su capacidad para trabajar, sus facturas m\\u00e9dicas y da\\u00f1os reales, el costo de la atenci\\u00f3n m\\u00e9dica futura y el dolor y sufrimiento.<\\\/p>\"}},{\"@type\":\"Question\",\"name\":\"\\u00bfC\\u00f3mo se prueba un atropello y fuga?\",\"acceptedAnswer\":{\"@type\":\"Answer\",\"text\":\"<p>Los accidentes de atropello y fuga son sustancialmente m\\u00e1s dif\\u00edciles de probar, especialmente si no hubo testigos presentes.\\u00a0Si se lesion\\u00f3 en un atropello y fuga:<\\\/p><ul><li>Llame al 911 de inmediato.\\u00a0Informe a su compa\\u00f1\\u00eda de seguro y a la polic\\u00eda inmediatamente.<\\\/li><li>Ac\\u00e9rquese a los establecimientos comerciales cercanos.\\u00a0Compruebe si tienen c\\u00e1maras de circuito cerrado de televisi\\u00f3n.<\\\/li><li>Hable con testigos presentes, si los hay.\\u00a0Registrar sus declaraciones<\\\/li><li>Tome fotograf\\u00edas de la escena del accidente.\\u00a0Documente todo (incluyendo los detalles relacionados con el veh\\u00edculo, como su modelo, tama\\u00f1o, n\\u00famero de licencia, marca y color)<\\\/li><\\\/ul><p>Cada minuto despu\\u00e9s de un caso de atropello y fuga es importante.\\u00a0Si su abogado podr\\u00e1 probar la culpa depender\\u00e1 de c\\u00f3mo reaccione despu\\u00e9s del accidente.\\u00a0Mantenga la calma, eval\\u00fae sus lesiones y da\\u00f1os, y documente todo.\\u00a0La evidencia recopilada en la escena de un accidente puede hacer su caso mas fuerte cuando se trata de probar la culpa.<\\\/p>\"}}]}<\/script>\n\t\t\t\t\t<\/div>\n\t\t\t\t\t\t<\/div>\n\t\t\t\t\t<\/div>\n\t\t<\/div>\n\t\t\t\t\t<\/div>\n\t\t<\/section>\n\t\t\t\t<\/div>\n\t\t","protected":false},"excerpt":{"rendered":"<p>Abogados de accidentes de atropello y fuga en Atlanta, GA Es seguro que ocurrir\u00e1n accidentes, pero los golpes y fugas pueden agravar el detrimento que siente en un accidente t\u00edpico y hacer que la recuperaci\u00f3n de da\u00f1os por lesiones personales sea particularmente dif\u00edcil.\u00a0Si alguna vez ha experimentado un golpe y fuga, inmediatamente se sentir\u00e1 violado, [&hellip;]<\/p>\n","protected":false},"author":27,"featured_media":0,"parent":0,"menu_order":0,"comment_status":"closed","ping_status":"closed","template":"","meta":{"_acf_changed":false,"anchor_text":"","footnotes":""},"categories":[],"tags":[],"class_list":["post-5412","page","type-page","status-publish","hentry"],"acf":[],"_links":{"self":[{"href":"https:\/\/1800hurt911ga.com\/es\/wp-json\/wp\/v2\/pages\/5412","targetHints":{"allow":["GET"]}}],"collection":[{"href":"https:\/\/1800hurt911ga.com\/es\/wp-json\/wp\/v2\/pages"}],"about":[{"href":"https:\/\/1800hurt911ga.com\/es\/wp-json\/wp\/v2\/types\/page"}],"author":[{"embeddable":true,"href":"https:\/\/1800hurt911ga.com\/es\/wp-json\/wp\/v2\/users\/27"}],"replies":[{"embeddable":true,"href":"https:\/\/1800hurt911ga.com\/es\/wp-json\/wp\/v2\/comments?post=5412"}],"version-history":[{"count":20,"href":"https:\/\/1800hurt911ga.com\/es\/wp-json\/wp\/v2\/pages\/5412\/revisions"}],"predecessor-version":[{"id":16683,"href":"https:\/\/1800hurt911ga.com\/es\/wp-json\/wp\/v2\/pages\/5412\/revisions\/16683"}],"wp:attachment":[{"href":"https:\/\/1800hurt911ga.com\/es\/wp-json\/wp\/v2\/media?parent=5412"}],"wp:term":[{"taxonomy":"category","embeddable":true,"href":"https:\/\/1800hurt911ga.com\/es\/wp-json\/wp\/v2\/categories?post=5412"},{"taxonomy":"post_tag","embeddable":true,"href":"https:\/\/1800hurt911ga.com\/es\/wp-json\/wp\/v2\/tags?post=5412"}],"curies":[{"name":"wp","href":"https:\/\/api.w.org\/{rel}","templated":true}]}}