{"id":5445,"date":"2023-02-11T03:22:47","date_gmt":"2023-02-11T03:22:47","guid":{"rendered":"https:\/\/1800hurt911ga.com\/?page_id=5445"},"modified":"2025-07-24T08:15:31","modified_gmt":"2025-07-24T13:15:31","slug":"accidentes-marta","status":"publish","type":"page","link":"https:\/\/1800hurt911ga.com\/es\/accidentes-marta\/","title":{"rendered":"Accidentes Marta"},"content":{"rendered":"\t\t<div data-elementor-type=\"wp-page\" data-elementor-id=\"5445\" class=\"elementor elementor-5445\" data-elementor-post-type=\"page\">\n\t\t\t\t\t\t<section class=\"elementor-section elementor-top-section elementor-element elementor-element-f43627b elementor-section-boxed elementor-section-height-default elementor-section-height-default\" data-id=\"f43627b\" data-element_type=\"section\" data-e-type=\"section\">\n\t\t\t\t\t\t<div class=\"elementor-container elementor-column-gap-default\">\n\t\t\t\t\t<div class=\"elementor-column elementor-col-100 elementor-top-column elementor-element elementor-element-232d5ea\" data-id=\"232d5ea\" data-element_type=\"column\" data-e-type=\"column\">\n\t\t\t<div class=\"elementor-widget-wrap elementor-element-populated\">\n\t\t\t\t\t\t<div class=\"elementor-element elementor-element-1b8653a elementor-widget elementor-widget-heading\" data-id=\"1b8653a\" data-element_type=\"widget\" data-e-type=\"widget\" data-widget_type=\"heading.default\">\n\t\t\t\t\t<h2 class=\"elementor-heading-title elementor-size-default\">Abogado de accidentes de autob\u00fas en Atlanta | Abogado de lesiones de Marta Decatur, GA<\/h2>\t\t\t\t<\/div>\n\t\t\t\t<div class=\"elementor-element elementor-element-00b3002 elementor-widget elementor-widget-text-editor\" data-id=\"00b3002\" data-element_type=\"widget\" data-e-type=\"widget\" data-widget_type=\"text-editor.default\">\n\t\t\t\t\t\t\t\t\t<p>Los autobuses y trenes de la Autoridad Metropolitana de Tr\u00e1nsito R\u00e1pido de Atlanta (MARTA) transportan diariamente a miles de personas en todo el \u00e1rea metropolitana de Atlanta.\u00a0En ciudades ocupadas como Atlanta, los servicios de transporte p\u00fablico juegan un rol vital en la movilidad y el transporte para innumerables viajeros urbanos y metropolitanos anualmente.<\/p><p>A pesar del rol fundamental que desempe\u00f1a MARTA en el transporte metropolitano y urbano, cada a\u00f1o los viajeros y peatones de los autobuses y trenes de MARTA sufren lesiones y, a veces, la muerte mientras usan los servicios de MARTA o como resultado de accidentes automovil\u00edsticos y de tr\u00e1nsito. Como proveedor de servicios, es la responsabilidad de los conductores de autobuses, operadores de trenes y oficiales de polic\u00eda de MARTA garantizar la seguridad de los pasajeros y otras personas en la propiedad bajo su control. Si ha resultado lesionado en un accidente de autob\u00fas o tren MARTA, o como peat\u00f3n o conductor de un veh\u00edculo motorizado, debe comunicarse con un abogado de lesiones personales sin demora. Cuando est\u00e9 involucrado en un accidente MARTA, llame al\u00a0<a href=\"tel:1-800-487-8911?_x_tr_sl=auto&amp;_x_tr_tl=en&amp;_x_tr_hl=en&amp;_x_tr_pto=wapp\">1800HURT911\u00ae<\/a> para que le asignen un abogado experto hoy.\u00a0A\u00a0<a href=\"tel:1-800-487-8911?_x_tr_sl=auto&amp;_x_tr_tl=en&amp;_x_tr_hl=en&amp;_x_tr_pto=wapp\">las 1800HURT911\u00ae<\/a>\u00a0lo asignaremos a un m\u00e9dico preferido en un consultorio que sea conveniente para usted e incluso lo ayudaremos con el transporte hacia y desde el m\u00e9dico cuando sea necesario.<\/p>\t\t\t\t\t\t\t\t<\/div>\n\t\t\t\t<div class=\"elementor-element elementor-element-6436fef elementor-widget elementor-widget-heading\" data-id=\"6436fef\" data-element_type=\"widget\" data-e-type=\"widget\" data-widget_type=\"heading.default\">\n\t\t\t\t\t<h2 class=\"elementor-heading-title elementor-size-default\">Preguntas frecuentes<\/h2>\t\t\t\t<\/div>\n\t\t\t\t<div data-dce-title-color=\"#333333\" class=\"elementor-element elementor-element-c21f46d faqs elementor-widget elementor-widget-accordion\" data-id=\"c21f46d\" data-element_type=\"widget\" data-e-type=\"widget\" data-widget_type=\"accordion.default\">\n\t\t\t\t\t\t\t<div class=\"elementor-accordion\">\n\t\t\t\t\t\t\t<div class=\"elementor-accordion-item\">\n\t\t\t\t\t<div id=\"elementor-tab-title-2031\" class=\"elementor-tab-title\" data-tab=\"1\" role=\"button\" aria-controls=\"elementor-tab-content-2031\" aria-expanded=\"false\">\n\t\t\t\t\t\t\t\t\t\t\t\t\t<span class=\"elementor-accordion-icon elementor-accordion-icon-right\" aria-hidden=\"true\">\n\t\t\t\t\t\t\t\t\t\t\t\t\t\t\t<span class=\"elementor-accordion-icon-closed\"><svg class=\"e-font-icon-svg e-fas-angle-right\" viewBox=\"0 0 256 512\" xmlns=\"http:\/\/www.w3.org\/2000\/svg\"><path d=\"M224.3 273l-136 136c-9.4 9.4-24.6 9.4-33.9 0l-22.6-22.6c-9.4-9.4-9.4-24.6 0-33.9l96.4-96.4-96.4-96.4c-9.4-9.4-9.4-24.6 0-33.9L54.3 103c9.4-9.4 24.6-9.4 33.9 0l136 136c9.5 9.4 9.5 24.6.1 34z\"><\/path><\/svg><\/span>\n\t\t\t\t\t\t\t\t<span class=\"elementor-accordion-icon-opened\"><svg class=\"e-font-icon-svg e-fas-angle-down\" viewBox=\"0 0 320 512\" xmlns=\"http:\/\/www.w3.org\/2000\/svg\"><path d=\"M143 352.3L7 216.3c-9.4-9.4-9.4-24.6 0-33.9l22.6-22.6c9.4-9.4 24.6-9.4 33.9 0l96.4 96.4 96.4-96.4c9.4-9.4 24.6-9.4 33.9 0l22.6 22.6c9.4 9.4 9.4 24.6 0 33.9l-136 136c-9.2 9.4-24.4 9.4-33.8 0z\"><\/path><\/svg><\/span>\n\t\t\t\t\t\t\t\t\t\t\t\t\t\t<\/span>\n\t\t\t\t\t\t\t\t\t\t\t\t<a class=\"elementor-accordion-title\" tabindex=\"0\">\u00bfCu\u00e1les son algunas de las causas comunes de los accidentes de autob\u00fas de MARTA?<\/a>\n\t\t\t\t\t<\/div>\n\t\t\t\t\t<div id=\"elementor-tab-content-2031\" class=\"elementor-tab-content elementor-clearfix\" data-tab=\"1\" role=\"region\" aria-labelledby=\"elementor-tab-title-2031\"><p>Aunque viajar en los autobuses MARTA debe ser seguro, ocasionalmente se ven involucrados en accidentes.\u00a0Algunas causas comunes de accidentes de autob\u00fas MARTA son:<\/p><ul><li>Conducci\u00f3n descuidada (exceso de velocidad, conducci\u00f3n distra\u00edda o incumplimiento de las normas de tr\u00e1nsito)<\/li><li>Equipo defectuoso<\/li><li>Mantenimiento inadecuado\/inapropiado del veh\u00edculo<\/li><li>Fatiga del conductor<\/li><\/ul><\/div>\n\t\t\t\t<\/div>\n\t\t\t\t\t\t\t<div class=\"elementor-accordion-item\">\n\t\t\t\t\t<div id=\"elementor-tab-title-2032\" class=\"elementor-tab-title\" data-tab=\"2\" role=\"button\" aria-controls=\"elementor-tab-content-2032\" aria-expanded=\"false\">\n\t\t\t\t\t\t\t\t\t\t\t\t\t<span class=\"elementor-accordion-icon elementor-accordion-icon-right\" aria-hidden=\"true\">\n\t\t\t\t\t\t\t\t\t\t\t\t\t\t\t<span class=\"elementor-accordion-icon-closed\"><svg class=\"e-font-icon-svg e-fas-angle-right\" viewBox=\"0 0 256 512\" xmlns=\"http:\/\/www.w3.org\/2000\/svg\"><path d=\"M224.3 273l-136 136c-9.4 9.4-24.6 9.4-33.9 0l-22.6-22.6c-9.4-9.4-9.4-24.6 0-33.9l96.4-96.4-96.4-96.4c-9.4-9.4-9.4-24.6 0-33.9L54.3 103c9.4-9.4 24.6-9.4 33.9 0l136 136c9.5 9.4 9.5 24.6.1 34z\"><\/path><\/svg><\/span>\n\t\t\t\t\t\t\t\t<span class=\"elementor-accordion-icon-opened\"><svg class=\"e-font-icon-svg e-fas-angle-down\" viewBox=\"0 0 320 512\" xmlns=\"http:\/\/www.w3.org\/2000\/svg\"><path d=\"M143 352.3L7 216.3c-9.4-9.4-9.4-24.6 0-33.9l22.6-22.6c9.4-9.4 24.6-9.4 33.9 0l96.4 96.4 96.4-96.4c9.4-9.4 24.6-9.4 33.9 0l22.6 22.6c9.4 9.4 9.4 24.6 0 33.9l-136 136c-9.2 9.4-24.4 9.4-33.8 0z\"><\/path><\/svg><\/span>\n\t\t\t\t\t\t\t\t\t\t\t\t\t\t<\/span>\n\t\t\t\t\t\t\t\t\t\t\t\t<a class=\"elementor-accordion-title\" tabindex=\"0\">\u00bfQu\u00e9 debo hacer si me lesiono en un accidente de autob\u00fas MARTA en Atlanta?<\/a>\n\t\t\t\t\t<\/div>\n\t\t\t\t\t<div id=\"elementor-tab-content-2032\" class=\"elementor-tab-content elementor-clearfix\" data-tab=\"2\" role=\"region\" aria-labelledby=\"elementor-tab-title-2032\"><p>\u00a0<\/p><p>Aqu\u00ed hay una lista de cosas que debe hacer despu\u00e9s de un accidente de autob\u00fas MARTA:<\/p><ul><li>Eval\u00fae sus lesiones y da\u00f1os<\/li><li>Reporte el accidente (llame al 911 e informe a la polic\u00eda)<\/li><li>Anote el n\u00famero de licencia de conducir y el nombre<\/li><li>Hable con testigos presentes (incluyendo los pasajeros del autob\u00fas).\u00a0Registrar sus declaraciones<\/li><li>Recolectar y preservar evidencia<\/li><li>Busque ayuda m\u00e9dica inmediata<\/li><li>Consulte a un abogado de lesiones personales<\/li><\/ul><\/div>\n\t\t\t\t<\/div>\n\t\t\t\t\t\t\t<div class=\"elementor-accordion-item\">\n\t\t\t\t\t<div id=\"elementor-tab-title-2033\" class=\"elementor-tab-title\" data-tab=\"3\" role=\"button\" aria-controls=\"elementor-tab-content-2033\" aria-expanded=\"false\">\n\t\t\t\t\t\t\t\t\t\t\t\t\t<span class=\"elementor-accordion-icon elementor-accordion-icon-right\" aria-hidden=\"true\">\n\t\t\t\t\t\t\t\t\t\t\t\t\t\t\t<span class=\"elementor-accordion-icon-closed\"><svg class=\"e-font-icon-svg e-fas-angle-right\" viewBox=\"0 0 256 512\" xmlns=\"http:\/\/www.w3.org\/2000\/svg\"><path d=\"M224.3 273l-136 136c-9.4 9.4-24.6 9.4-33.9 0l-22.6-22.6c-9.4-9.4-9.4-24.6 0-33.9l96.4-96.4-96.4-96.4c-9.4-9.4-9.4-24.6 0-33.9L54.3 103c9.4-9.4 24.6-9.4 33.9 0l136 136c9.5 9.4 9.5 24.6.1 34z\"><\/path><\/svg><\/span>\n\t\t\t\t\t\t\t\t<span class=\"elementor-accordion-icon-opened\"><svg class=\"e-font-icon-svg e-fas-angle-down\" viewBox=\"0 0 320 512\" xmlns=\"http:\/\/www.w3.org\/2000\/svg\"><path d=\"M143 352.3L7 216.3c-9.4-9.4-9.4-24.6 0-33.9l22.6-22.6c9.4-9.4 24.6-9.4 33.9 0l96.4 96.4 96.4-96.4c9.4-9.4 24.6-9.4 33.9 0l22.6 22.6c9.4 9.4 9.4 24.6 0 33.9l-136 136c-9.2 9.4-24.4 9.4-33.8 0z\"><\/path><\/svg><\/span>\n\t\t\t\t\t\t\t\t\t\t\t\t\t\t<\/span>\n\t\t\t\t\t\t\t\t\t\t\t\t<a class=\"elementor-accordion-title\" tabindex=\"0\">\u00bfQui\u00e9n es responsable de un accidente de autob\u00fas?<\/a>\n\t\t\t\t\t<\/div>\n\t\t\t\t\t<div id=\"elementor-tab-content-2033\" class=\"elementor-tab-content elementor-clearfix\" data-tab=\"3\" role=\"region\" aria-labelledby=\"elementor-tab-title-2033\"><p>Determinar qui\u00e9n es responsable de un accidente de autob\u00fas depende de las circunstancias que llevaron al accidente.\u00a0Si, por ejemplo, se descubre que el veh\u00edculo no recibi\u00f3 el mantenimiento adecuado o que el conductor no recibi\u00f3 la capacitaci\u00f3n adecuada o conduc\u00eda en estado de ebriedad, el proveedor del servicio (puede ser un operador privado o gubernamental) puede ser considerado responsable.\u00a0Si se determina que el conductor del autob\u00fas fue negligente en un accidente, podr\u00eda ser responsable de las lesiones resultantes.\u00a0En algunos casos, se puede demandar a una variedad de personas, incluido el fabricante del autob\u00fas, el empleador del conductor y los contratistas externos.\u00a0Qui\u00e9n responde por los da\u00f1os en un accidente de autob\u00fas tambi\u00e9n depender\u00e1 de:<\/p><ul><li>Si el autob\u00fas era propiedad de una organizaci\u00f3n p\u00fablica o de una empresa privada<\/li><li>Si el demandante era un pasajero en el autob\u00fas<\/li><\/ul><\/div>\n\t\t\t\t<\/div>\n\t\t\t\t\t\t\t<div class=\"elementor-accordion-item\">\n\t\t\t\t\t<div id=\"elementor-tab-title-2034\" class=\"elementor-tab-title\" data-tab=\"4\" role=\"button\" aria-controls=\"elementor-tab-content-2034\" aria-expanded=\"false\">\n\t\t\t\t\t\t\t\t\t\t\t\t\t<span class=\"elementor-accordion-icon elementor-accordion-icon-right\" aria-hidden=\"true\">\n\t\t\t\t\t\t\t\t\t\t\t\t\t\t\t<span class=\"elementor-accordion-icon-closed\"><svg class=\"e-font-icon-svg e-fas-angle-right\" viewBox=\"0 0 256 512\" xmlns=\"http:\/\/www.w3.org\/2000\/svg\"><path d=\"M224.3 273l-136 136c-9.4 9.4-24.6 9.4-33.9 0l-22.6-22.6c-9.4-9.4-9.4-24.6 0-33.9l96.4-96.4-96.4-96.4c-9.4-9.4-9.4-24.6 0-33.9L54.3 103c9.4-9.4 24.6-9.4 33.9 0l136 136c9.5 9.4 9.5 24.6.1 34z\"><\/path><\/svg><\/span>\n\t\t\t\t\t\t\t\t<span class=\"elementor-accordion-icon-opened\"><svg class=\"e-font-icon-svg e-fas-angle-down\" viewBox=\"0 0 320 512\" xmlns=\"http:\/\/www.w3.org\/2000\/svg\"><path d=\"M143 352.3L7 216.3c-9.4-9.4-9.4-24.6 0-33.9l22.6-22.6c9.4-9.4 24.6-9.4 33.9 0l96.4 96.4 96.4-96.4c9.4-9.4 24.6-9.4 33.9 0l22.6 22.6c9.4 9.4 9.4 24.6 0 33.9l-136 136c-9.2 9.4-24.4 9.4-33.8 0z\"><\/path><\/svg><\/span>\n\t\t\t\t\t\t\t\t\t\t\t\t\t\t<\/span>\n\t\t\t\t\t\t\t\t\t\t\t\t<a class=\"elementor-accordion-title\" tabindex=\"0\">\u00bfCu\u00e1nto tiempo tengo para presentar una demanda?<\/a>\n\t\t\t\t\t<\/div>\n\t\t\t\t\t<div id=\"elementor-tab-content-2034\" class=\"elementor-tab-content elementor-clearfix\" data-tab=\"4\" role=\"region\" aria-labelledby=\"elementor-tab-title-2034\"><p>\u2028Cada estado tiene reglas diferentes con respecto a los plazos de presentaci\u00f3n.\u00a0Los estatutos de limitaciones de Georgia permiten a las v\u00edctimas de lesiones personales dos a\u00f1os a partir de la fecha de la lesi\u00f3n para presentar su demanda.\u00a0Una vez vencido este plazo, usted pierde su derecho a presentar una demanda.\u00a0Las cortes permiten extensiones en situaciones raras y espec\u00edficas.\u00a0Si, por ejemplo, una v\u00edctima de lesiones personales qued\u00f3 incapacitada debido al accidente y no pudo presentar un reclamo, las cortes pueden adoptar un enfoque indulgente y extender el plazo para presentar un reclamo.<\/p><\/div>\n\t\t\t\t<\/div>\n\t\t\t\t\t\t\t<div class=\"elementor-accordion-item\">\n\t\t\t\t\t<div id=\"elementor-tab-title-2035\" class=\"elementor-tab-title\" data-tab=\"5\" role=\"button\" aria-controls=\"elementor-tab-content-2035\" aria-expanded=\"false\">\n\t\t\t\t\t\t\t\t\t\t\t\t\t<span class=\"elementor-accordion-icon elementor-accordion-icon-right\" aria-hidden=\"true\">\n\t\t\t\t\t\t\t\t\t\t\t\t\t\t\t<span class=\"elementor-accordion-icon-closed\"><svg class=\"e-font-icon-svg e-fas-angle-right\" viewBox=\"0 0 256 512\" xmlns=\"http:\/\/www.w3.org\/2000\/svg\"><path d=\"M224.3 273l-136 136c-9.4 9.4-24.6 9.4-33.9 0l-22.6-22.6c-9.4-9.4-9.4-24.6 0-33.9l96.4-96.4-96.4-96.4c-9.4-9.4-9.4-24.6 0-33.9L54.3 103c9.4-9.4 24.6-9.4 33.9 0l136 136c9.5 9.4 9.5 24.6.1 34z\"><\/path><\/svg><\/span>\n\t\t\t\t\t\t\t\t<span class=\"elementor-accordion-icon-opened\"><svg class=\"e-font-icon-svg e-fas-angle-down\" viewBox=\"0 0 320 512\" xmlns=\"http:\/\/www.w3.org\/2000\/svg\"><path d=\"M143 352.3L7 216.3c-9.4-9.4-9.4-24.6 0-33.9l22.6-22.6c9.4-9.4 24.6-9.4 33.9 0l96.4 96.4 96.4-96.4c9.4-9.4 24.6-9.4 33.9 0l22.6 22.6c9.4 9.4 9.4 24.6 0 33.9l-136 136c-9.2 9.4-24.4 9.4-33.8 0z\"><\/path><\/svg><\/span>\n\t\t\t\t\t\t\t\t\t\t\t\t\t\t<\/span>\n\t\t\t\t\t\t\t\t\t\t\t\t<a class=\"elementor-accordion-title\" tabindex=\"0\">\u00bfC\u00f3mo se manejan las demandas por accidentes de autob\u00fas?<\/a>\n\t\t\t\t\t<\/div>\n\t\t\t\t\t<div id=\"elementor-tab-content-2035\" class=\"elementor-tab-content elementor-clearfix\" data-tab=\"5\" role=\"region\" aria-labelledby=\"elementor-tab-title-2035\"><p>Si usted o un ser querido estuvieron involucrados en un accidente de autob\u00fas y sufrieron lesiones debido a la negligencia del conductor del autob\u00fas, comun\u00edquese con un abogado de accidentes de autob\u00fas.\u00a0Para construir un caso fuerte, su abogado investigar\u00e1 su caso y recopilar\u00e1 y preservar\u00e1 la evidencia.\u00a0Su abogado negociar\u00e1 con la compa\u00f1\u00eda de seguro.\u00a0Si se hace una oferta de liquidaci\u00f3n, el profesional dar\u00e1 su opini\u00f3n sobre si debe aceptarla.\u00a0Si no se llega a un acuerdo adecuado, su abogado presentar\u00e1 una demanda.\u00a0Presentar\u00e1n una denuncia y la notificar\u00e1n a la parte contraria.\u00a0El demandado debe contestar la demanda en 30 d\u00edas.\u00a0Durante esta fase (descubrimiento), su abogado y el equipo legal de la parte contraria intercambiar\u00e1n pruebas, documentos e informaci\u00f3n.\u00a0El demandado puede presentar una fase de mociones, instando a la corte a tomar medidas (desestimar una o m\u00e1s demandas o todo el caso).\u00a0Antes de presentar una demanda, ambas partes deben presentarse a la mediaci\u00f3n.\u00a0Si no se logra un resultado satisfactorio de com\u00fan acuerdo, el caso ir\u00e1 a juicio.<\/p><\/div>\n\t\t\t\t<\/div>\n\t\t\t\t\t\t\t<div class=\"elementor-accordion-item\">\n\t\t\t\t\t<div id=\"elementor-tab-title-2036\" class=\"elementor-tab-title\" data-tab=\"6\" role=\"button\" aria-controls=\"elementor-tab-content-2036\" aria-expanded=\"false\">\n\t\t\t\t\t\t\t\t\t\t\t\t\t<span class=\"elementor-accordion-icon elementor-accordion-icon-right\" aria-hidden=\"true\">\n\t\t\t\t\t\t\t\t\t\t\t\t\t\t\t<span class=\"elementor-accordion-icon-closed\"><svg class=\"e-font-icon-svg e-fas-angle-right\" viewBox=\"0 0 256 512\" xmlns=\"http:\/\/www.w3.org\/2000\/svg\"><path d=\"M224.3 273l-136 136c-9.4 9.4-24.6 9.4-33.9 0l-22.6-22.6c-9.4-9.4-9.4-24.6 0-33.9l96.4-96.4-96.4-96.4c-9.4-9.4-9.4-24.6 0-33.9L54.3 103c9.4-9.4 24.6-9.4 33.9 0l136 136c9.5 9.4 9.5 24.6.1 34z\"><\/path><\/svg><\/span>\n\t\t\t\t\t\t\t\t<span class=\"elementor-accordion-icon-opened\"><svg class=\"e-font-icon-svg e-fas-angle-down\" viewBox=\"0 0 320 512\" xmlns=\"http:\/\/www.w3.org\/2000\/svg\"><path d=\"M143 352.3L7 216.3c-9.4-9.4-9.4-24.6 0-33.9l22.6-22.6c9.4-9.4 24.6-9.4 33.9 0l96.4 96.4 96.4-96.4c9.4-9.4 24.6-9.4 33.9 0l22.6 22.6c9.4 9.4 9.4 24.6 0 33.9l-136 136c-9.2 9.4-24.4 9.4-33.8 0z\"><\/path><\/svg><\/span>\n\t\t\t\t\t\t\t\t\t\t\t\t\t\t<\/span>\n\t\t\t\t\t\t\t\t\t\t\t\t<a class=\"elementor-accordion-title\" tabindex=\"0\">\u00bfA qui\u00e9n puedo demandar en un caso de accidente MARTA?<\/a>\n\t\t\t\t\t<\/div>\n\t\t\t\t\t<div id=\"elementor-tab-content-2036\" class=\"elementor-tab-content elementor-clearfix\" data-tab=\"6\" role=\"region\" aria-labelledby=\"elementor-tab-title-2036\"><p>Una vez que su abogado determine qui\u00e9n tiene la culpa, puede demandar a la parte culpable.\u00a0Las personas lesionadas en un accidente que involucre un autob\u00fas de MARTA tambi\u00e9n pueden demandar a MARTA, al conductor del autob\u00fas y a otras partes.<\/p><\/div>\n\t\t\t\t<\/div>\n\t\t\t\t\t\t\t<div class=\"elementor-accordion-item\">\n\t\t\t\t\t<div id=\"elementor-tab-title-2037\" class=\"elementor-tab-title\" data-tab=\"7\" role=\"button\" aria-controls=\"elementor-tab-content-2037\" aria-expanded=\"false\">\n\t\t\t\t\t\t\t\t\t\t\t\t\t<span class=\"elementor-accordion-icon elementor-accordion-icon-right\" aria-hidden=\"true\">\n\t\t\t\t\t\t\t\t\t\t\t\t\t\t\t<span class=\"elementor-accordion-icon-closed\"><svg class=\"e-font-icon-svg e-fas-angle-right\" viewBox=\"0 0 256 512\" xmlns=\"http:\/\/www.w3.org\/2000\/svg\"><path d=\"M224.3 273l-136 136c-9.4 9.4-24.6 9.4-33.9 0l-22.6-22.6c-9.4-9.4-9.4-24.6 0-33.9l96.4-96.4-96.4-96.4c-9.4-9.4-9.4-24.6 0-33.9L54.3 103c9.4-9.4 24.6-9.4 33.9 0l136 136c9.5 9.4 9.5 24.6.1 34z\"><\/path><\/svg><\/span>\n\t\t\t\t\t\t\t\t<span class=\"elementor-accordion-icon-opened\"><svg class=\"e-font-icon-svg e-fas-angle-down\" viewBox=\"0 0 320 512\" xmlns=\"http:\/\/www.w3.org\/2000\/svg\"><path d=\"M143 352.3L7 216.3c-9.4-9.4-9.4-24.6 0-33.9l22.6-22.6c9.4-9.4 24.6-9.4 33.9 0l96.4 96.4 96.4-96.4c9.4-9.4 24.6-9.4 33.9 0l22.6 22.6c9.4 9.4 9.4 24.6 0 33.9l-136 136c-9.2 9.4-24.4 9.4-33.8 0z\"><\/path><\/svg><\/span>\n\t\t\t\t\t\t\t\t\t\t\t\t\t\t<\/span>\n\t\t\t\t\t\t\t\t\t\t\t\t<a class=\"elementor-accordion-title\" tabindex=\"0\">\u00bfQu\u00e9 da\u00f1os se pueden reclamar en accidentes de autob\u00fas MARTA?<\/a>\n\t\t\t\t\t<\/div>\n\t\t\t\t\t<div id=\"elementor-tab-content-2037\" class=\"elementor-tab-content elementor-clearfix\" data-tab=\"7\" role=\"region\" aria-labelledby=\"elementor-tab-title-2037\"><ul><li>Gastos m\u00e9dicos pasados y futuros<\/li><li>Salarios perdidos, y<\/li><li>Da\u00f1os por dolor y sufrimiento<\/li><li style=\"list-style-type: none;\">\u00a0<\/li><\/ul><\/div>\n\t\t\t\t<\/div>\n\t\t\t\t\t\t\t\t\t\t<script type=\"application\/ld+json\">{\"@context\":\"https:\\\/\\\/schema.org\",\"@type\":\"FAQPage\",\"mainEntity\":[{\"@type\":\"Question\",\"name\":\"\\u00bfCu\\u00e1les son algunas de las causas comunes de los accidentes de autob\\u00fas de MARTA?\",\"acceptedAnswer\":{\"@type\":\"Answer\",\"text\":\"<p>Aunque viajar en los autobuses MARTA debe ser seguro, ocasionalmente se ven involucrados en accidentes.\\u00a0Algunas causas comunes de accidentes de autob\\u00fas MARTA son:<\\\/p><ul><li>Conducci\\u00f3n descuidada (exceso de velocidad, conducci\\u00f3n distra\\u00edda o incumplimiento de las normas de tr\\u00e1nsito)<\\\/li><li>Equipo defectuoso<\\\/li><li>Mantenimiento inadecuado\\\/inapropiado del veh\\u00edculo<\\\/li><li>Fatiga del conductor<\\\/li><\\\/ul>\"}},{\"@type\":\"Question\",\"name\":\"\\u00bfQu\\u00e9 debo hacer si me lesiono en un accidente de autob\\u00fas MARTA en Atlanta?\",\"acceptedAnswer\":{\"@type\":\"Answer\",\"text\":\"<p>\\u00a0<\\\/p><p>Aqu\\u00ed hay una lista de cosas que debe hacer despu\\u00e9s de un accidente de autob\\u00fas MARTA:<\\\/p><ul><li>Eval\\u00fae sus lesiones y da\\u00f1os<\\\/li><li>Reporte el accidente (llame al 911 e informe a la polic\\u00eda)<\\\/li><li>Anote el n\\u00famero de licencia de conducir y el nombre<\\\/li><li>Hable con testigos presentes (incluyendo los pasajeros del autob\\u00fas).\\u00a0Registrar sus declaraciones<\\\/li><li>Recolectar y preservar evidencia<\\\/li><li>Busque ayuda m\\u00e9dica inmediata<\\\/li><li>Consulte a un abogado de lesiones personales<\\\/li><\\\/ul>\"}},{\"@type\":\"Question\",\"name\":\"\\u00bfQui\\u00e9n es responsable de un accidente de autob\\u00fas?\",\"acceptedAnswer\":{\"@type\":\"Answer\",\"text\":\"<p>Determinar qui\\u00e9n es responsable de un accidente de autob\\u00fas depende de las circunstancias que llevaron al accidente.\\u00a0Si, por ejemplo, se descubre que el veh\\u00edculo no recibi\\u00f3 el mantenimiento adecuado o que el conductor no recibi\\u00f3 la capacitaci\\u00f3n adecuada o conduc\\u00eda en estado de ebriedad, el proveedor del servicio (puede ser un operador privado o gubernamental) puede ser considerado responsable.\\u00a0Si se determina que el conductor del autob\\u00fas fue negligente en un accidente, podr\\u00eda ser responsable de las lesiones resultantes.\\u00a0En algunos casos, se puede demandar a una variedad de personas, incluido el fabricante del autob\\u00fas, el empleador del conductor y los contratistas externos.\\u00a0Qui\\u00e9n responde por los da\\u00f1os en un accidente de autob\\u00fas tambi\\u00e9n depender\\u00e1 de:<\\\/p><ul><li>Si el autob\\u00fas era propiedad de una organizaci\\u00f3n p\\u00fablica o de una empresa privada<\\\/li><li>Si el demandante era un pasajero en el autob\\u00fas<\\\/li><\\\/ul>\"}},{\"@type\":\"Question\",\"name\":\"\\u00bfCu\\u00e1nto tiempo tengo para presentar una demanda?\",\"acceptedAnswer\":{\"@type\":\"Answer\",\"text\":\"<p>\\u2028Cada estado tiene reglas diferentes con respecto a los plazos de presentaci\\u00f3n.\\u00a0Los estatutos de limitaciones de Georgia permiten a las v\\u00edctimas de lesiones personales dos a\\u00f1os a partir de la fecha de la lesi\\u00f3n para presentar su demanda.\\u00a0Una vez vencido este plazo, usted pierde su derecho a presentar una demanda.\\u00a0Las cortes permiten extensiones en situaciones raras y espec\\u00edficas.\\u00a0Si, por ejemplo, una v\\u00edctima de lesiones personales qued\\u00f3 incapacitada debido al accidente y no pudo presentar un reclamo, las cortes pueden adoptar un enfoque indulgente y extender el plazo para presentar un reclamo.<\\\/p>\"}},{\"@type\":\"Question\",\"name\":\"\\u00bfC\\u00f3mo se manejan las demandas por accidentes de autob\\u00fas?\",\"acceptedAnswer\":{\"@type\":\"Answer\",\"text\":\"<p>Si usted o un ser querido estuvieron involucrados en un accidente de autob\\u00fas y sufrieron lesiones debido a la negligencia del conductor del autob\\u00fas, comun\\u00edquese con un abogado de accidentes de autob\\u00fas.\\u00a0Para construir un caso fuerte, su abogado investigar\\u00e1 su caso y recopilar\\u00e1 y preservar\\u00e1 la evidencia.\\u00a0Su abogado negociar\\u00e1 con la compa\\u00f1\\u00eda de seguro.\\u00a0Si se hace una oferta de liquidaci\\u00f3n, el profesional dar\\u00e1 su opini\\u00f3n sobre si debe aceptarla.\\u00a0Si no se llega a un acuerdo adecuado, su abogado presentar\\u00e1 una demanda.\\u00a0Presentar\\u00e1n una denuncia y la notificar\\u00e1n a la parte contraria.\\u00a0El demandado debe contestar la demanda en 30 d\\u00edas.\\u00a0Durante esta fase (descubrimiento), su abogado y el equipo legal de la parte contraria intercambiar\\u00e1n pruebas, documentos e informaci\\u00f3n.\\u00a0El demandado puede presentar una fase de mociones, instando a la corte a tomar medidas (desestimar una o m\\u00e1s demandas o todo el caso).\\u00a0Antes de presentar una demanda, ambas partes deben presentarse a la mediaci\\u00f3n.\\u00a0Si no se logra un resultado satisfactorio de com\\u00fan acuerdo, el caso ir\\u00e1 a juicio.<\\\/p>\"}},{\"@type\":\"Question\",\"name\":\"\\u00bfA qui\\u00e9n puedo demandar en un caso de accidente MARTA?\",\"acceptedAnswer\":{\"@type\":\"Answer\",\"text\":\"<p>Una vez que su abogado determine qui\\u00e9n tiene la culpa, puede demandar a la parte culpable.\\u00a0Las personas lesionadas en un accidente que involucre un autob\\u00fas de MARTA tambi\\u00e9n pueden demandar a MARTA, al conductor del autob\\u00fas y a otras partes.<\\\/p>\"}},{\"@type\":\"Question\",\"name\":\"\\u00bfQu\\u00e9 da\\u00f1os se pueden reclamar en accidentes de autob\\u00fas MARTA?\",\"acceptedAnswer\":{\"@type\":\"Answer\",\"text\":\"<ul><li>Gastos m\\u00e9dicos pasados y futuros<\\\/li><li>Salarios perdidos, y<\\\/li><li>Da\\u00f1os por dolor y sufrimiento<\\\/li><li style=\\\"list-style-type: none;\\\">\\u00a0<\\\/li><\\\/ul>\"}}]}<\/script>\n\t\t\t\t\t<\/div>\n\t\t\t\t\t\t<\/div>\n\t\t\t\t\t<\/div>\n\t\t<\/div>\n\t\t\t\t\t<\/div>\n\t\t<\/section>\n\t\t\t\t<\/div>\n\t\t","protected":false},"excerpt":{"rendered":"<p>Abogado de accidentes de autob\u00fas en Atlanta | Abogado de lesiones de Marta Decatur, GA Los autobuses y trenes de la Autoridad Metropolitana de Tr\u00e1nsito R\u00e1pido de Atlanta (MARTA) transportan diariamente a miles de personas en todo el \u00e1rea metropolitana de Atlanta.\u00a0En ciudades ocupadas como Atlanta, los servicios de transporte p\u00fablico juegan un rol vital [&hellip;]<\/p>\n","protected":false},"author":27,"featured_media":0,"parent":0,"menu_order":0,"comment_status":"closed","ping_status":"closed","template":"","meta":{"_acf_changed":false,"anchor_text":"","footnotes":""},"categories":[],"tags":[],"class_list":["post-5445","page","type-page","status-publish","hentry"],"acf":[],"_links":{"self":[{"href":"https:\/\/1800hurt911ga.com\/es\/wp-json\/wp\/v2\/pages\/5445","targetHints":{"allow":["GET"]}}],"collection":[{"href":"https:\/\/1800hurt911ga.com\/es\/wp-json\/wp\/v2\/pages"}],"about":[{"href":"https:\/\/1800hurt911ga.com\/es\/wp-json\/wp\/v2\/types\/page"}],"author":[{"embeddable":true,"href":"https:\/\/1800hurt911ga.com\/es\/wp-json\/wp\/v2\/users\/27"}],"replies":[{"embeddable":true,"href":"https:\/\/1800hurt911ga.com\/es\/wp-json\/wp\/v2\/comments?post=5445"}],"version-history":[{"count":30,"href":"https:\/\/1800hurt911ga.com\/es\/wp-json\/wp\/v2\/pages\/5445\/revisions"}],"predecessor-version":[{"id":16657,"href":"https:\/\/1800hurt911ga.com\/es\/wp-json\/wp\/v2\/pages\/5445\/revisions\/16657"}],"wp:attachment":[{"href":"https:\/\/1800hurt911ga.com\/es\/wp-json\/wp\/v2\/media?parent=5445"}],"wp:term":[{"taxonomy":"category","embeddable":true,"href":"https:\/\/1800hurt911ga.com\/es\/wp-json\/wp\/v2\/categories?post=5445"},{"taxonomy":"post_tag","embeddable":true,"href":"https:\/\/1800hurt911ga.com\/es\/wp-json\/wp\/v2\/tags?post=5445"}],"curies":[{"name":"wp","href":"https:\/\/api.w.org\/{rel}","templated":true}]}}