{"id":5458,"date":"2023-02-11T09:18:58","date_gmt":"2023-02-11T09:18:58","guid":{"rendered":"https:\/\/1800hurt911ga.com\/?page_id=5458"},"modified":"2025-07-24T08:20:30","modified_gmt":"2025-07-24T13:20:30","slug":"accidentes-de-scooters","status":"publish","type":"page","link":"https:\/\/1800hurt911ga.com\/es\/accidentes-de-scooters\/","title":{"rendered":"Accidentes de Scooters"},"content":{"rendered":"\t\t<div data-elementor-type=\"wp-page\" data-elementor-id=\"5458\" class=\"elementor elementor-5458\" data-elementor-post-type=\"page\">\n\t\t\t\t\t\t<section class=\"elementor-section elementor-top-section elementor-element elementor-element-f43627b elementor-section-boxed elementor-section-height-default elementor-section-height-default\" data-id=\"f43627b\" data-element_type=\"section\" data-e-type=\"section\">\n\t\t\t\t\t\t<div class=\"elementor-container elementor-column-gap-default\">\n\t\t\t\t\t<div class=\"elementor-column elementor-col-100 elementor-top-column elementor-element elementor-element-232d5ea\" data-id=\"232d5ea\" data-element_type=\"column\" data-e-type=\"column\">\n\t\t\t<div class=\"elementor-widget-wrap elementor-element-populated\">\n\t\t\t\t\t\t<div class=\"elementor-element elementor-element-1b8653a elementor-widget elementor-widget-heading\" data-id=\"1b8653a\" data-element_type=\"widget\" data-e-type=\"widget\" data-widget_type=\"heading.default\">\n\t\t\t\t\t<h2 class=\"elementor-heading-title elementor-size-default\">Abogado de accidentes de scooter el\u00e9ctrico en Decatur y Atlanta, GA<\/h2>\t\t\t\t<\/div>\n\t\t\t\t<div class=\"elementor-element elementor-element-00b3002 elementor-widget elementor-widget-text-editor\" data-id=\"00b3002\" data-element_type=\"widget\" data-e-type=\"widget\" data-widget_type=\"text-editor.default\">\n\t\t\t\t\t\t\t\t\t<p>Una vez vistos como una soluci\u00f3n para los viajes r\u00e1pidos en las ciudades metropolitanas de los Estados Unidos, los e-scooters ganaron popularidad r\u00e1pidamente, pero la popularidad no ha estado libre de consecuencias.\u00a0Atlanta lidera la naci\u00f3n en muertes de e-scooter con tres muertes atribuidas a los pasajeros de toe-scooter.\u00a0Al igual que las bicicletas y las motocicletas, los e-scooters son particularmente vulnerables ya que los ciclistas est\u00e1n totalmente expuestos y corren el riesgo de sufrir lesiones graves cuando se ven involucrados en accidentes automovil\u00edsticos.<\/p><p>La poca visibilidad, las calles llenas de gente y las calles urbanas provocan accidentes con scooters el\u00e9ctricos e incluso la muerte. Dado que la posibilidad de sufrir lesiones graves aumenta considerablemente en los scooters, cuando se ve involucrado en un accidente automovil\u00edstico necesita conocer sus derechos, en\u00a0<a href=\"tel:1-800-487-8911?_x_tr_sl=auto&amp;_x_tr_tl=en&amp;_x_tr_hl=en&amp;_x_tr_pto=wapp\">1800HURT911\u00ae<\/a> asignaremos a un experto para que se ocupe de su accidente de e-scooter.\u00a0Podemos brindarle los servicios integrales que necesita y programarlo con nuestros m\u00e9dicos preferidos en una oficina que sea conveniente para usted e incluso lo ayudaremos con el transporte hacia y desde el m\u00e9dico cuando sea necesario.<\/p>\t\t\t\t\t\t\t\t<\/div>\n\t\t\t\t<div class=\"elementor-element elementor-element-6436fef elementor-widget elementor-widget-heading\" data-id=\"6436fef\" data-element_type=\"widget\" data-e-type=\"widget\" data-widget_type=\"heading.default\">\n\t\t\t\t\t<h2 class=\"elementor-heading-title elementor-size-default\">Preguntas frecuentes<\/h2>\t\t\t\t<\/div>\n\t\t\t\t<div data-dce-title-color=\"#333333\" class=\"elementor-element elementor-element-c21f46d faqs elementor-widget elementor-widget-accordion\" data-id=\"c21f46d\" data-element_type=\"widget\" data-e-type=\"widget\" data-widget_type=\"accordion.default\">\n\t\t\t\t\t\t\t<div class=\"elementor-accordion\">\n\t\t\t\t\t\t\t<div class=\"elementor-accordion-item\">\n\t\t\t\t\t<div id=\"elementor-tab-title-2031\" class=\"elementor-tab-title\" data-tab=\"1\" role=\"button\" aria-controls=\"elementor-tab-content-2031\" aria-expanded=\"false\">\n\t\t\t\t\t\t\t\t\t\t\t\t\t<span class=\"elementor-accordion-icon elementor-accordion-icon-right\" aria-hidden=\"true\">\n\t\t\t\t\t\t\t\t\t\t\t\t\t\t\t<span class=\"elementor-accordion-icon-closed\"><svg class=\"e-font-icon-svg e-fas-angle-right\" viewBox=\"0 0 256 512\" xmlns=\"http:\/\/www.w3.org\/2000\/svg\"><path d=\"M224.3 273l-136 136c-9.4 9.4-24.6 9.4-33.9 0l-22.6-22.6c-9.4-9.4-9.4-24.6 0-33.9l96.4-96.4-96.4-96.4c-9.4-9.4-9.4-24.6 0-33.9L54.3 103c9.4-9.4 24.6-9.4 33.9 0l136 136c9.5 9.4 9.5 24.6.1 34z\"><\/path><\/svg><\/span>\n\t\t\t\t\t\t\t\t<span class=\"elementor-accordion-icon-opened\"><svg class=\"e-font-icon-svg e-fas-angle-down\" viewBox=\"0 0 320 512\" xmlns=\"http:\/\/www.w3.org\/2000\/svg\"><path d=\"M143 352.3L7 216.3c-9.4-9.4-9.4-24.6 0-33.9l22.6-22.6c9.4-9.4 24.6-9.4 33.9 0l96.4 96.4 96.4-96.4c9.4-9.4 24.6-9.4 33.9 0l22.6 22.6c9.4 9.4 9.4 24.6 0 33.9l-136 136c-9.2 9.4-24.4 9.4-33.8 0z\"><\/path><\/svg><\/span>\n\t\t\t\t\t\t\t\t\t\t\t\t\t\t<\/span>\n\t\t\t\t\t\t\t\t\t\t\t\t<a class=\"elementor-accordion-title\" tabindex=\"0\">\u00bfQu\u00e9 debo hacer si me lesion\u00e9 en un accidente de scooter?<\/a>\n\t\t\t\t\t<\/div>\n\t\t\t\t\t<div id=\"elementor-tab-content-2031\" class=\"elementor-tab-content elementor-clearfix\" data-tab=\"1\" role=\"region\" aria-labelledby=\"elementor-tab-title-2031\"><p>Si ha resultado lesionado en un accidente de scooter:<\/p><ul><li>Retire su scooter fuera del camino.\u00a0Si esto no es posible, dir\u00edjase a un lugar seguro.\u00a0Deje las luces de emergencia de su scooter encendidas.\u00a0Llame a una compa\u00f1\u00eda de remolque<\/li><li>Intercambiar informaci\u00f3n (como nombre y detalles de contacto y seguro) con el otro conductor<\/li><li>Llame a la polic\u00eda<\/li><li>Mientras la ayuda est\u00e1 en camino, eval\u00fae sus lesiones y da\u00f1os<\/li><li>Hable con testigos presentes.\u00a0DocumenteTomar fotograf\u00edas<\/li><li>Haz un reporte<\/li><li>No abandone la escena del accidente hasta que sea apropiado hacerlo.<\/li><li>Busque ayuda m\u00e9dica inmediata<\/li><li>Contrate a un abogado de accidentes de scooter<\/li><\/ul><\/div>\n\t\t\t\t<\/div>\n\t\t\t\t\t\t\t<div class=\"elementor-accordion-item\">\n\t\t\t\t\t<div id=\"elementor-tab-title-2032\" class=\"elementor-tab-title\" data-tab=\"2\" role=\"button\" aria-controls=\"elementor-tab-content-2032\" aria-expanded=\"false\">\n\t\t\t\t\t\t\t\t\t\t\t\t\t<span class=\"elementor-accordion-icon elementor-accordion-icon-right\" aria-hidden=\"true\">\n\t\t\t\t\t\t\t\t\t\t\t\t\t\t\t<span class=\"elementor-accordion-icon-closed\"><svg class=\"e-font-icon-svg e-fas-angle-right\" viewBox=\"0 0 256 512\" xmlns=\"http:\/\/www.w3.org\/2000\/svg\"><path d=\"M224.3 273l-136 136c-9.4 9.4-24.6 9.4-33.9 0l-22.6-22.6c-9.4-9.4-9.4-24.6 0-33.9l96.4-96.4-96.4-96.4c-9.4-9.4-9.4-24.6 0-33.9L54.3 103c9.4-9.4 24.6-9.4 33.9 0l136 136c9.5 9.4 9.5 24.6.1 34z\"><\/path><\/svg><\/span>\n\t\t\t\t\t\t\t\t<span class=\"elementor-accordion-icon-opened\"><svg class=\"e-font-icon-svg e-fas-angle-down\" viewBox=\"0 0 320 512\" xmlns=\"http:\/\/www.w3.org\/2000\/svg\"><path d=\"M143 352.3L7 216.3c-9.4-9.4-9.4-24.6 0-33.9l22.6-22.6c9.4-9.4 24.6-9.4 33.9 0l96.4 96.4 96.4-96.4c9.4-9.4 24.6-9.4 33.9 0l22.6 22.6c9.4 9.4 9.4 24.6 0 33.9l-136 136c-9.2 9.4-24.4 9.4-33.8 0z\"><\/path><\/svg><\/span>\n\t\t\t\t\t\t\t\t\t\t\t\t\t\t<\/span>\n\t\t\t\t\t\t\t\t\t\t\t\t<a class=\"elementor-accordion-title\" tabindex=\"0\">\u00bfC\u00f3mo debo elegir a mi abogado de lesiones de scooter?<\/a>\n\t\t\t\t\t<\/div>\n\t\t\t\t\t<div id=\"elementor-tab-content-2032\" class=\"elementor-tab-content elementor-clearfix\" data-tab=\"2\" role=\"region\" aria-labelledby=\"elementor-tab-title-2032\"><p>Aqu\u00ed hay algunos consejos para elegir un abogado de lesiones por scooters:<\/p><ul><li>Pida recomendaciones a amigos o familiares que estuvieron involucrados en un accidente de scooter recientemente<\/li><li>Busque en l\u00ednea abogados que se especialicen en su tipo de asunto legal.\u00a0Revise los testimonios de los clientes y revise las rese\u00f1as<\/li><li>Entreviste a los posibles candidatos en sus oficinas.\u00a0Aqu\u00ed hay algunas preguntas para hacerle a un abogado de lesiones por patinete:<ul><li>\u00bfHa manejado casos similares al m\u00edo?<\/li><li>Si pierdo, \u00bfse me facturar\u00e1n los costos relacionados con el caso?<\/li><li>\u00bfPuede estimar cu\u00e1nto tiempo llevar\u00e1 resolver mi caso?<\/li><li>\u00bfCu\u00e1nto vale mi caso?<\/li><li>\u00bfCu\u00e1les son sus tarifas?<\/li><\/ul><\/li><\/ul><\/div>\n\t\t\t\t<\/div>\n\t\t\t\t\t\t\t<div class=\"elementor-accordion-item\">\n\t\t\t\t\t<div id=\"elementor-tab-title-2033\" class=\"elementor-tab-title\" data-tab=\"3\" role=\"button\" aria-controls=\"elementor-tab-content-2033\" aria-expanded=\"false\">\n\t\t\t\t\t\t\t\t\t\t\t\t\t<span class=\"elementor-accordion-icon elementor-accordion-icon-right\" aria-hidden=\"true\">\n\t\t\t\t\t\t\t\t\t\t\t\t\t\t\t<span class=\"elementor-accordion-icon-closed\"><svg class=\"e-font-icon-svg e-fas-angle-right\" viewBox=\"0 0 256 512\" xmlns=\"http:\/\/www.w3.org\/2000\/svg\"><path d=\"M224.3 273l-136 136c-9.4 9.4-24.6 9.4-33.9 0l-22.6-22.6c-9.4-9.4-9.4-24.6 0-33.9l96.4-96.4-96.4-96.4c-9.4-9.4-9.4-24.6 0-33.9L54.3 103c9.4-9.4 24.6-9.4 33.9 0l136 136c9.5 9.4 9.5 24.6.1 34z\"><\/path><\/svg><\/span>\n\t\t\t\t\t\t\t\t<span class=\"elementor-accordion-icon-opened\"><svg class=\"e-font-icon-svg e-fas-angle-down\" viewBox=\"0 0 320 512\" xmlns=\"http:\/\/www.w3.org\/2000\/svg\"><path d=\"M143 352.3L7 216.3c-9.4-9.4-9.4-24.6 0-33.9l22.6-22.6c9.4-9.4 24.6-9.4 33.9 0l96.4 96.4 96.4-96.4c9.4-9.4 24.6-9.4 33.9 0l22.6 22.6c9.4 9.4 9.4 24.6 0 33.9l-136 136c-9.2 9.4-24.4 9.4-33.8 0z\"><\/path><\/svg><\/span>\n\t\t\t\t\t\t\t\t\t\t\t\t\t\t<\/span>\n\t\t\t\t\t\t\t\t\t\t\t\t<a class=\"elementor-accordion-title\" tabindex=\"0\">\u00bfCu\u00e1nto cuesta un abogado de accidentes de scooter?<\/a>\n\t\t\t\t\t<\/div>\n\t\t\t\t\t<div id=\"elementor-tab-content-2033\" class=\"elementor-tab-content elementor-clearfix\" data-tab=\"3\" role=\"region\" aria-labelledby=\"elementor-tab-title-2033\"><p>Los abogados de accidentes de scooter generalmente trabajan con honorarios contingentes.\u00a0Si su abogado utiliza un acuerdo de honorarios de contingencia, deber\u00e1 pagarles solo si manejan su caso con \u00e9xito.\u00a0Los porcentajes de honorarios de contingencia generalmente son entre el 25 y el 40 por ciento de la recuperaci\u00f3n total.<\/p><\/div>\n\t\t\t\t<\/div>\n\t\t\t\t\t\t\t<div class=\"elementor-accordion-item\">\n\t\t\t\t\t<div id=\"elementor-tab-title-2034\" class=\"elementor-tab-title\" data-tab=\"4\" role=\"button\" aria-controls=\"elementor-tab-content-2034\" aria-expanded=\"false\">\n\t\t\t\t\t\t\t\t\t\t\t\t\t<span class=\"elementor-accordion-icon elementor-accordion-icon-right\" aria-hidden=\"true\">\n\t\t\t\t\t\t\t\t\t\t\t\t\t\t\t<span class=\"elementor-accordion-icon-closed\"><svg class=\"e-font-icon-svg e-fas-angle-right\" viewBox=\"0 0 256 512\" xmlns=\"http:\/\/www.w3.org\/2000\/svg\"><path d=\"M224.3 273l-136 136c-9.4 9.4-24.6 9.4-33.9 0l-22.6-22.6c-9.4-9.4-9.4-24.6 0-33.9l96.4-96.4-96.4-96.4c-9.4-9.4-9.4-24.6 0-33.9L54.3 103c9.4-9.4 24.6-9.4 33.9 0l136 136c9.5 9.4 9.5 24.6.1 34z\"><\/path><\/svg><\/span>\n\t\t\t\t\t\t\t\t<span class=\"elementor-accordion-icon-opened\"><svg class=\"e-font-icon-svg e-fas-angle-down\" viewBox=\"0 0 320 512\" xmlns=\"http:\/\/www.w3.org\/2000\/svg\"><path d=\"M143 352.3L7 216.3c-9.4-9.4-9.4-24.6 0-33.9l22.6-22.6c9.4-9.4 24.6-9.4 33.9 0l96.4 96.4 96.4-96.4c9.4-9.4 24.6-9.4 33.9 0l22.6 22.6c9.4 9.4 9.4 24.6 0 33.9l-136 136c-9.2 9.4-24.4 9.4-33.8 0z\"><\/path><\/svg><\/span>\n\t\t\t\t\t\t\t\t\t\t\t\t\t\t<\/span>\n\t\t\t\t\t\t\t\t\t\t\t\t<a class=\"elementor-accordion-title\" tabindex=\"0\">\u00bfQui\u00e9n puede presentar una demanda por patineta el\u00e9ctrico?<\/a>\n\t\t\t\t\t<\/div>\n\t\t\t\t\t<div id=\"elementor-tab-content-2034\" class=\"elementor-tab-content elementor-clearfix\" data-tab=\"4\" role=\"region\" aria-labelledby=\"elementor-tab-title-2034\"><p>Un adulto puede tener el derecho legal de presentar una demanda por lesiones personales si result\u00f3 herido en un accidente de e-scooter causado por la negligencia de otro automovilista\/un conductor de e-scooter o piezas defectuosas de e-scooter.\u00a0Si un menor est\u00e1 involucrado en un accidente de e-scooter, puede presentar una demanda a trav\u00e9s de un padre o tutor.<\/p><\/div>\n\t\t\t\t<\/div>\n\t\t\t\t\t\t\t<div class=\"elementor-accordion-item\">\n\t\t\t\t\t<div id=\"elementor-tab-title-2035\" class=\"elementor-tab-title\" data-tab=\"5\" role=\"button\" aria-controls=\"elementor-tab-content-2035\" aria-expanded=\"false\">\n\t\t\t\t\t\t\t\t\t\t\t\t\t<span class=\"elementor-accordion-icon elementor-accordion-icon-right\" aria-hidden=\"true\">\n\t\t\t\t\t\t\t\t\t\t\t\t\t\t\t<span class=\"elementor-accordion-icon-closed\"><svg class=\"e-font-icon-svg e-fas-angle-right\" viewBox=\"0 0 256 512\" xmlns=\"http:\/\/www.w3.org\/2000\/svg\"><path d=\"M224.3 273l-136 136c-9.4 9.4-24.6 9.4-33.9 0l-22.6-22.6c-9.4-9.4-9.4-24.6 0-33.9l96.4-96.4-96.4-96.4c-9.4-9.4-9.4-24.6 0-33.9L54.3 103c9.4-9.4 24.6-9.4 33.9 0l136 136c9.5 9.4 9.5 24.6.1 34z\"><\/path><\/svg><\/span>\n\t\t\t\t\t\t\t\t<span class=\"elementor-accordion-icon-opened\"><svg class=\"e-font-icon-svg e-fas-angle-down\" viewBox=\"0 0 320 512\" xmlns=\"http:\/\/www.w3.org\/2000\/svg\"><path d=\"M143 352.3L7 216.3c-9.4-9.4-9.4-24.6 0-33.9l22.6-22.6c9.4-9.4 24.6-9.4 33.9 0l96.4 96.4 96.4-96.4c9.4-9.4 24.6-9.4 33.9 0l22.6 22.6c9.4 9.4 9.4 24.6 0 33.9l-136 136c-9.2 9.4-24.4 9.4-33.8 0z\"><\/path><\/svg><\/span>\n\t\t\t\t\t\t\t\t\t\t\t\t\t\t<\/span>\n\t\t\t\t\t\t\t\t\t\t\t\t<a class=\"elementor-accordion-title\" tabindex=\"0\">\u00bfQu\u00e9 tipo de evidencia es \u00fatil para los casos de E-Scooter?<\/a>\n\t\t\t\t\t<\/div>\n\t\t\t\t\t<div id=\"elementor-tab-content-2035\" class=\"elementor-tab-content elementor-clearfix\" data-tab=\"5\" role=\"region\" aria-labelledby=\"elementor-tab-title-2035\"><p>Los tipos de evidencia presentados en casos de accidentes de e-scooter son:<\/p><ul><li>Registros m\u00e9dicos<\/li><li>El testimonio de un testigo visual<\/li><li>Testimonio de un testigo experto (como un experto en reconstrucci\u00f3n de accidentes)<\/li><li>Im\u00e1genes de la escena del accidente y fotograf\u00edas de los veh\u00edculos involucrados.<\/li><li>Registros de tel\u00e9fonos celulares<\/li><li>Piezas del e-scooter o el propio e-scooter (en casos de piezas defectuosas)<\/li><\/ul><\/div>\n\t\t\t\t<\/div>\n\t\t\t\t\t\t\t<div class=\"elementor-accordion-item\">\n\t\t\t\t\t<div id=\"elementor-tab-title-2036\" class=\"elementor-tab-title\" data-tab=\"6\" role=\"button\" aria-controls=\"elementor-tab-content-2036\" aria-expanded=\"false\">\n\t\t\t\t\t\t\t\t\t\t\t\t\t<span class=\"elementor-accordion-icon elementor-accordion-icon-right\" aria-hidden=\"true\">\n\t\t\t\t\t\t\t\t\t\t\t\t\t\t\t<span class=\"elementor-accordion-icon-closed\"><svg class=\"e-font-icon-svg e-fas-angle-right\" viewBox=\"0 0 256 512\" xmlns=\"http:\/\/www.w3.org\/2000\/svg\"><path d=\"M224.3 273l-136 136c-9.4 9.4-24.6 9.4-33.9 0l-22.6-22.6c-9.4-9.4-9.4-24.6 0-33.9l96.4-96.4-96.4-96.4c-9.4-9.4-9.4-24.6 0-33.9L54.3 103c9.4-9.4 24.6-9.4 33.9 0l136 136c9.5 9.4 9.5 24.6.1 34z\"><\/path><\/svg><\/span>\n\t\t\t\t\t\t\t\t<span class=\"elementor-accordion-icon-opened\"><svg class=\"e-font-icon-svg e-fas-angle-down\" viewBox=\"0 0 320 512\" xmlns=\"http:\/\/www.w3.org\/2000\/svg\"><path d=\"M143 352.3L7 216.3c-9.4-9.4-9.4-24.6 0-33.9l22.6-22.6c9.4-9.4 24.6-9.4 33.9 0l96.4 96.4 96.4-96.4c9.4-9.4 24.6-9.4 33.9 0l22.6 22.6c9.4 9.4 9.4 24.6 0 33.9l-136 136c-9.2 9.4-24.4 9.4-33.8 0z\"><\/path><\/svg><\/span>\n\t\t\t\t\t\t\t\t\t\t\t\t\t\t<\/span>\n\t\t\t\t\t\t\t\t\t\t\t\t<a class=\"elementor-accordion-title\" tabindex=\"0\">\u00bfQu\u00e9 tipo de compensaci\u00f3n est\u00e1 disponible para las demandas por accidentes de E-Scooter?<\/a>\n\t\t\t\t\t<\/div>\n\t\t\t\t\t<div id=\"elementor-tab-content-2036\" class=\"elementor-tab-content elementor-clearfix\" data-tab=\"6\" role=\"region\" aria-labelledby=\"elementor-tab-title-2036\"><p>Si result\u00f3 lesionado en un accidente de e-scooter que no fue su culpa, puede presentar una demanda contra el infractor, reclamando una compensaci\u00f3n por:<\/p><ul><li>Gastos m\u00e9dicos (pasados y futuros)<\/li><li>Da\u00f1os y perjuicios<\/li><li>P\u00e9rdida de salarios<\/li><li>Dolor y sufrimiento (tanto dolor f\u00edsico como angustia mental)<\/li><\/ul><\/div>\n\t\t\t\t<\/div>\n\t\t\t\t\t\t\t<div class=\"elementor-accordion-item\">\n\t\t\t\t\t<div id=\"elementor-tab-title-2037\" class=\"elementor-tab-title\" data-tab=\"7\" role=\"button\" aria-controls=\"elementor-tab-content-2037\" aria-expanded=\"false\">\n\t\t\t\t\t\t\t\t\t\t\t\t\t<span class=\"elementor-accordion-icon elementor-accordion-icon-right\" aria-hidden=\"true\">\n\t\t\t\t\t\t\t\t\t\t\t\t\t\t\t<span class=\"elementor-accordion-icon-closed\"><svg class=\"e-font-icon-svg e-fas-angle-right\" viewBox=\"0 0 256 512\" xmlns=\"http:\/\/www.w3.org\/2000\/svg\"><path d=\"M224.3 273l-136 136c-9.4 9.4-24.6 9.4-33.9 0l-22.6-22.6c-9.4-9.4-9.4-24.6 0-33.9l96.4-96.4-96.4-96.4c-9.4-9.4-9.4-24.6 0-33.9L54.3 103c9.4-9.4 24.6-9.4 33.9 0l136 136c9.5 9.4 9.5 24.6.1 34z\"><\/path><\/svg><\/span>\n\t\t\t\t\t\t\t\t<span class=\"elementor-accordion-icon-opened\"><svg class=\"e-font-icon-svg e-fas-angle-down\" viewBox=\"0 0 320 512\" xmlns=\"http:\/\/www.w3.org\/2000\/svg\"><path d=\"M143 352.3L7 216.3c-9.4-9.4-9.4-24.6 0-33.9l22.6-22.6c9.4-9.4 24.6-9.4 33.9 0l96.4 96.4 96.4-96.4c9.4-9.4 24.6-9.4 33.9 0l22.6 22.6c9.4 9.4 9.4 24.6 0 33.9l-136 136c-9.2 9.4-24.4 9.4-33.8 0z\"><\/path><\/svg><\/span>\n\t\t\t\t\t\t\t\t\t\t\t\t\t\t<\/span>\n\t\t\t\t\t\t\t\t\t\t\t\t<a class=\"elementor-accordion-title\" tabindex=\"0\">\u00bfQui\u00e9n es responsable de mis lesiones si estoy involucrado en un accidente de patineta el\u00e9ctrico?<\/a>\n\t\t\t\t\t<\/div>\n\t\t\t\t\t<div id=\"elementor-tab-content-2037\" class=\"elementor-tab-content elementor-clearfix\" data-tab=\"7\" role=\"region\" aria-labelledby=\"elementor-tab-title-2037\"><p>Si estuvo involucrado en un accidente de scooter el\u00e9ctrico que no fue su culpa, puede responsabilizar al otro conductor.\u00a0En casos de piezas defectuosas, la empresa fabricante del e-scooter puede ser considerada responsable de las lesiones.\u00a0Si un accidente es causado por las malas condiciones de la carretera, las autoridades local o federal responsable de la construcci\u00f3n y el mantenimiento de las carreteras puede ser considerado responsable.<\/p><\/div>\n\t\t\t\t<\/div>\n\t\t\t\t\t\t\t\t\t\t<script type=\"application\/ld+json\">{\"@context\":\"https:\\\/\\\/schema.org\",\"@type\":\"FAQPage\",\"mainEntity\":[{\"@type\":\"Question\",\"name\":\"\\u00bfQu\\u00e9 debo hacer si me lesion\\u00e9 en un accidente de scooter?\",\"acceptedAnswer\":{\"@type\":\"Answer\",\"text\":\"<p>Si ha resultado lesionado en un accidente de scooter:<\\\/p><ul><li>Retire su scooter fuera del camino.\\u00a0Si esto no es posible, dir\\u00edjase a un lugar seguro.\\u00a0Deje las luces de emergencia de su scooter encendidas.\\u00a0Llame a una compa\\u00f1\\u00eda de remolque<\\\/li><li>Intercambiar informaci\\u00f3n (como nombre y detalles de contacto y seguro) con el otro conductor<\\\/li><li>Llame a la polic\\u00eda<\\\/li><li>Mientras la ayuda est\\u00e1 en camino, eval\\u00fae sus lesiones y da\\u00f1os<\\\/li><li>Hable con testigos presentes.\\u00a0DocumenteTomar fotograf\\u00edas<\\\/li><li>Haz un reporte<\\\/li><li>No abandone la escena del accidente hasta que sea apropiado hacerlo.<\\\/li><li>Busque ayuda m\\u00e9dica inmediata<\\\/li><li>Contrate a un abogado de accidentes de scooter<\\\/li><\\\/ul>\"}},{\"@type\":\"Question\",\"name\":\"\\u00bfC\\u00f3mo debo elegir a mi abogado de lesiones de scooter?\",\"acceptedAnswer\":{\"@type\":\"Answer\",\"text\":\"<p>Aqu\\u00ed hay algunos consejos para elegir un abogado de lesiones por scooters:<\\\/p><ul><li>Pida recomendaciones a amigos o familiares que estuvieron involucrados en un accidente de scooter recientemente<\\\/li><li>Busque en l\\u00ednea abogados que se especialicen en su tipo de asunto legal.\\u00a0Revise los testimonios de los clientes y revise las rese\\u00f1as<\\\/li><li>Entreviste a los posibles candidatos en sus oficinas.\\u00a0Aqu\\u00ed hay algunas preguntas para hacerle a un abogado de lesiones por patinete:<ul><li>\\u00bfHa manejado casos similares al m\\u00edo?<\\\/li><li>Si pierdo, \\u00bfse me facturar\\u00e1n los costos relacionados con el caso?<\\\/li><li>\\u00bfPuede estimar cu\\u00e1nto tiempo llevar\\u00e1 resolver mi caso?<\\\/li><li>\\u00bfCu\\u00e1nto vale mi caso?<\\\/li><li>\\u00bfCu\\u00e1les son sus tarifas?<\\\/li><\\\/ul><\\\/li><\\\/ul>\"}},{\"@type\":\"Question\",\"name\":\"\\u00bfCu\\u00e1nto cuesta un abogado de accidentes de scooter?\",\"acceptedAnswer\":{\"@type\":\"Answer\",\"text\":\"<p>Los abogados de accidentes de scooter generalmente trabajan con honorarios contingentes.\\u00a0Si su abogado utiliza un acuerdo de honorarios de contingencia, deber\\u00e1 pagarles solo si manejan su caso con \\u00e9xito.\\u00a0Los porcentajes de honorarios de contingencia generalmente son entre el 25 y el 40 por ciento de la recuperaci\\u00f3n total.<\\\/p>\"}},{\"@type\":\"Question\",\"name\":\"\\u00bfQui\\u00e9n puede presentar una demanda por patineta el\\u00e9ctrico?\",\"acceptedAnswer\":{\"@type\":\"Answer\",\"text\":\"<p>Un adulto puede tener el derecho legal de presentar una demanda por lesiones personales si result\\u00f3 herido en un accidente de e-scooter causado por la negligencia de otro automovilista\\\/un conductor de e-scooter o piezas defectuosas de e-scooter.\\u00a0Si un menor est\\u00e1 involucrado en un accidente de e-scooter, puede presentar una demanda a trav\\u00e9s de un padre o tutor.<\\\/p>\"}},{\"@type\":\"Question\",\"name\":\"\\u00bfQu\\u00e9 tipo de evidencia es \\u00fatil para los casos de E-Scooter?\",\"acceptedAnswer\":{\"@type\":\"Answer\",\"text\":\"<p>Los tipos de evidencia presentados en casos de accidentes de e-scooter son:<\\\/p><ul><li>Registros m\\u00e9dicos<\\\/li><li>El testimonio de un testigo visual<\\\/li><li>Testimonio de un testigo experto (como un experto en reconstrucci\\u00f3n de accidentes)<\\\/li><li>Im\\u00e1genes de la escena del accidente y fotograf\\u00edas de los veh\\u00edculos involucrados.<\\\/li><li>Registros de tel\\u00e9fonos celulares<\\\/li><li>Piezas del e-scooter o el propio e-scooter (en casos de piezas defectuosas)<\\\/li><\\\/ul>\"}},{\"@type\":\"Question\",\"name\":\"\\u00bfQu\\u00e9 tipo de compensaci\\u00f3n est\\u00e1 disponible para las demandas por accidentes de E-Scooter?\",\"acceptedAnswer\":{\"@type\":\"Answer\",\"text\":\"<p>Si result\\u00f3 lesionado en un accidente de e-scooter que no fue su culpa, puede presentar una demanda contra el infractor, reclamando una compensaci\\u00f3n por:<\\\/p><ul><li>Gastos m\\u00e9dicos (pasados y futuros)<\\\/li><li>Da\\u00f1os y perjuicios<\\\/li><li>P\\u00e9rdida de salarios<\\\/li><li>Dolor y sufrimiento (tanto dolor f\\u00edsico como angustia mental)<\\\/li><\\\/ul>\"}},{\"@type\":\"Question\",\"name\":\"\\u00bfQui\\u00e9n es responsable de mis lesiones si estoy involucrado en un accidente de patineta el\\u00e9ctrico?\",\"acceptedAnswer\":{\"@type\":\"Answer\",\"text\":\"<p>Si estuvo involucrado en un accidente de scooter el\\u00e9ctrico que no fue su culpa, puede responsabilizar al otro conductor.\\u00a0En casos de piezas defectuosas, la empresa fabricante del e-scooter puede ser considerada responsable de las lesiones.\\u00a0Si un accidente es causado por las malas condiciones de la carretera, las autoridades local o federal responsable de la construcci\\u00f3n y el mantenimiento de las carreteras puede ser considerado responsable.<\\\/p>\"}}]}<\/script>\n\t\t\t\t\t<\/div>\n\t\t\t\t\t\t<\/div>\n\t\t\t\t\t<\/div>\n\t\t<\/div>\n\t\t\t\t\t<\/div>\n\t\t<\/section>\n\t\t\t\t<\/div>\n\t\t","protected":false},"excerpt":{"rendered":"<p>Abogado de accidentes de scooter el\u00e9ctrico en Decatur y Atlanta, GA Una vez vistos como una soluci\u00f3n para los viajes r\u00e1pidos en las ciudades metropolitanas de los Estados Unidos, los e-scooters ganaron popularidad r\u00e1pidamente, pero la popularidad no ha estado libre de consecuencias.\u00a0Atlanta lidera la naci\u00f3n en muertes de e-scooter con tres muertes atribuidas a [&hellip;]<\/p>\n","protected":false},"author":27,"featured_media":0,"parent":0,"menu_order":0,"comment_status":"closed","ping_status":"closed","template":"","meta":{"_acf_changed":false,"anchor_text":"","footnotes":""},"categories":[],"tags":[],"class_list":["post-5458","page","type-page","status-publish","hentry"],"acf":[],"_links":{"self":[{"href":"https:\/\/1800hurt911ga.com\/es\/wp-json\/wp\/v2\/pages\/5458","targetHints":{"allow":["GET"]}}],"collection":[{"href":"https:\/\/1800hurt911ga.com\/es\/wp-json\/wp\/v2\/pages"}],"about":[{"href":"https:\/\/1800hurt911ga.com\/es\/wp-json\/wp\/v2\/types\/page"}],"author":[{"embeddable":true,"href":"https:\/\/1800hurt911ga.com\/es\/wp-json\/wp\/v2\/users\/27"}],"replies":[{"embeddable":true,"href":"https:\/\/1800hurt911ga.com\/es\/wp-json\/wp\/v2\/comments?post=5458"}],"version-history":[{"count":59,"href":"https:\/\/1800hurt911ga.com\/es\/wp-json\/wp\/v2\/pages\/5458\/revisions"}],"predecessor-version":[{"id":16670,"href":"https:\/\/1800hurt911ga.com\/es\/wp-json\/wp\/v2\/pages\/5458\/revisions\/16670"}],"wp:attachment":[{"href":"https:\/\/1800hurt911ga.com\/es\/wp-json\/wp\/v2\/media?parent=5458"}],"wp:term":[{"taxonomy":"category","embeddable":true,"href":"https:\/\/1800hurt911ga.com\/es\/wp-json\/wp\/v2\/categories?post=5458"},{"taxonomy":"post_tag","embeddable":true,"href":"https:\/\/1800hurt911ga.com\/es\/wp-json\/wp\/v2\/tags?post=5458"}],"curies":[{"name":"wp","href":"https:\/\/api.w.org\/{rel}","templated":true}]}}