{"id":5569,"date":"2023-02-11T10:00:52","date_gmt":"2023-02-11T10:00:52","guid":{"rendered":"https:\/\/1800hurt911ga.com\/?page_id=5569"},"modified":"2025-07-24T07:50:08","modified_gmt":"2025-07-24T12:50:08","slug":"tratamiento-de-lesiones-de-espalda-en-atlanta","status":"publish","type":"page","link":"https:\/\/1800hurt911ga.com\/es\/tratamiento-de-lesiones-de-espalda-en-atlanta\/","title":{"rendered":"Tratamiento de lesiones de espalda en Atlanta"},"content":{"rendered":"\t\t<div data-elementor-type=\"wp-page\" data-elementor-id=\"5569\" class=\"elementor elementor-5569\" data-elementor-post-type=\"page\">\n\t\t\t\t\t\t<section class=\"elementor-section elementor-top-section elementor-element elementor-element-7a42ae1e elementor-section-boxed elementor-section-height-default elementor-section-height-default\" data-id=\"7a42ae1e\" data-element_type=\"section\" data-e-type=\"section\">\n\t\t\t\t\t\t<div class=\"elementor-container elementor-column-gap-default\">\n\t\t\t\t\t<div class=\"elementor-column elementor-col-100 elementor-top-column elementor-element elementor-element-8e4bc1b\" data-id=\"8e4bc1b\" data-element_type=\"column\" data-e-type=\"column\">\n\t\t\t<div class=\"elementor-widget-wrap elementor-element-populated\">\n\t\t\t\t\t\t<div class=\"elementor-element elementor-element-42d906ed elementor-widget elementor-widget-text-editor\" data-id=\"42d906ed\" data-element_type=\"widget\" data-e-type=\"widget\" data-widget_type=\"text-editor.default\">\n\t\t\t\t\t\t\t\t\t<p>Las lesiones de espalda, particularmente en la zona lumbar, son bastante comunes. Pueden ocurrir repentinamente o gradualmente con el tiempo. Puede experimentar una lesi\u00f3n en la espalda al levantar o usar demasiado la espalda en casa o en el trabajo, mientras hace ejercicio o incluso al hacer un movimiento extra\u00f1o. De todos modos, una lesi\u00f3n en la espalda puede dificultar el movimiento libre durante el d\u00eda. Si sufre una lesi\u00f3n, necesita encontrar el tratamiento adecuado para lesiones en la espalda en Atlanta. Nuestro equipo de m\u00e9dicos en Hurt 911\u00ae Injury Center ha estado ayudando y tratando a v\u00edctimas de lesiones en la espalda durante m\u00e1s de dos d\u00e9cadas. Nuestros experimentados <a href=\"https:\/\/1800hurt911ga.com\/atlanta\/chiropractic-services\/\">quiropr\u00e1cticos<\/a>\u00a0y fisioterapeutas de Atlanta saben qu\u00e9 m\u00e9todos y tratamientos funcionan para diversas formas de lesiones de espalda y crear\u00e1n un plan de tratamiento dise\u00f1ado espec\u00edficamente para sus necesidades.<\/p><p>Tabla de contenido<\/p>\t\t\t\t\t\t\t\t<\/div>\n\t\t\t\t<div class=\"elementor-element elementor-element-4f034f9 elementor-widget elementor-widget-heading\" data-id=\"4f034f9\" data-element_type=\"widget\" data-e-type=\"widget\" data-widget_type=\"heading.default\">\n\t\t\t\t\t<h2 class=\"elementor-heading-title elementor-size-default\">\u00bfCu\u00e1les son algunos de los s\u00edntomas comunes de una lesi\u00f3n en la espalda?<\/h2>\t\t\t\t<\/div>\n\t\t\t\t<div class=\"elementor-element elementor-element-230d920 elementor-widget elementor-widget-text-editor\" data-id=\"230d920\" data-element_type=\"widget\" data-e-type=\"widget\" data-widget_type=\"text-editor.default\">\n\t\t\t\t\t\t\t\t\t<p>Una lesi\u00f3n en la espalda puede tener una amplia gama de s\u00edntomas, que incluyen:<\/p><ul><li>Un dolor punzante o punzante que se irradia al pie.<\/li><li>Una sensaci\u00f3n de dolor en la parte baja de la espalda.<\/li><li>Reducci\u00f3n del rango de movimiento o disminuci\u00f3n de la capacidad para flexionar la espalda<\/li><li>Incapacidad para pararse derecho sin experimentar dolor<\/li><\/ul><p>Los s\u00edntomas de lesiones en la espalda, debido al mal uso o la tensi\u00f3n, a menudo son de corta duraci\u00f3n, pero pueden durar d\u00edas o semanas.\u00a0Si los s\u00edntomas duran m\u00e1s de tres meses, la afecci\u00f3n se considera cr\u00f3nica.\u00a0Los s\u00edntomas que pueden indicar un problema grave incluyen:<\/p><ul><li>Debilidad, hormigueo o entumecimiento en una o ambas piernas<\/li><li>P\u00e9rdida de peso inexplicable<\/li><li>Fiebre<\/li><li>Dolor intenso y constante que empeora por la noche.<\/li><li>P\u00e9rdida del control de la vejiga o el intestino<\/li><li>Inicio de un trauma como un golpe en la espalda o una ca\u00ed<\/li><\/ul><p>Si tiene alguno de estos s\u00edntomas, no dude en comunicarse con Hurt 911\u00ae hoy y programar una cita para el tratamiento de lesiones de espalda en Atlanta.<\/p>\t\t\t\t\t\t\t\t<\/div>\n\t\t\t\t<div class=\"elementor-element elementor-element-0181508 elementor-widget elementor-widget-heading\" data-id=\"0181508\" data-element_type=\"widget\" data-e-type=\"widget\" data-widget_type=\"heading.default\">\n\t\t\t\t\t<h2 class=\"elementor-heading-title elementor-size-default\">\u00bfCu\u00e1les son algunas de las causas comunes de las lesiones de espalda?<\/h2>\t\t\t\t<\/div>\n\t\t\t\t<div class=\"elementor-element elementor-element-9bb1cf2 elementor-widget elementor-widget-text-editor\" data-id=\"9bb1cf2\" data-element_type=\"widget\" data-e-type=\"widget\" data-widget_type=\"text-editor.default\">\n\t\t\t\t\t\t\t\t\t<p>Las causas m\u00e1s comunes de lesiones en la espalda suelen ser la tensi\u00f3n y los problemas con las estructuras de la espalda.<\/p><h3>Cepa<\/h3><p>Los m\u00fasculos tensos pueden provocar dolor o lesiones en la parte baja de la espalda.\u00a0La tensi\u00f3n generalmente ocurre debido a movimientos bruscos repentinos y al levantamiento de objetos pesados.\u00a0Tambi\u00e9n puede deberse a un exceso de actividad, por ejemplo, la rigidez y la sensaci\u00f3n de dolor que se produce despu\u00e9s de varias horas de practicar un deporte o trabajar en el jard\u00edn.<\/p><h3>Problemas estructurales<\/h3><p>La columna vertebral est\u00e1 formada por huesos entrelazados apilados uno encima del otro, com\u00fanmente conocidos como v\u00e9rtebras.\u00a0Los discos son las regiones de tejido que amortiguan el espacio entre estos huesos entrelazados y las lesiones en estas secciones son comunes debido al dolor de espalda.\u00a0A veces, las regiones de tejido pueden herniarse, abultarse e incluso romperse, lo que da como resultado la compresi\u00f3n de los nervios.\u00a0Los discos herniados y abultados pueden ser extremadamente dolorosos y provocar la irritaci\u00f3n del nervio ci\u00e1tico o\u00a0<a href=\"https:\/\/www.mayoclinic.org\/diseases-conditions\/sciatica\/symptoms-causes\/syc-20377435\" target=\"_blank\" rel=\"noopener\">ci\u00e1tica<\/a>\u00a0.\u00a0Este problema se puede experimentar en la pierna como entumecimiento, hormigueo o dolor.<\/p><h3>Osteoporosis<\/h3><p>El adelgazamiento del hueso, combinado con la p\u00e9rdida de densidad \u00f3sea, puede provocar peque\u00f1as fracturas en las v\u00e9rtebras.\u00a0Estos pueden provocar un dolor intenso y se conocen como fracturas por compresi\u00f3n.<\/p><h3>Artritis<\/h3><p>Esta es tambi\u00e9n una causa potencial de lesiones y dolor de espalda.\u00a0Por lo general, es causado por el deterioro y da\u00f1o del cart\u00edlago de las articulaciones de la espalda baja.\u00a0Con el tiempo, esta afecci\u00f3n puede provocar un estrechamiento de la columna vertebral, tambi\u00e9n conocido como estenosis espinal.\u00a0Las lesiones graves en la espalda pueden ser el resultado de una ca\u00edda desde una altura considerable, un accidente automovil\u00edstico, una lesi\u00f3n penetrante como una pu\u00f1alada, una ca\u00edda de alto impacto sobre las nalgas o golpes directos en la espalda.\u00a0Si sufre una lesi\u00f3n en la espalda, ya sea leve o grave, es importante consultar a un m\u00e9dico lo antes posible.<\/p>\t\t\t\t\t\t\t\t<\/div>\n\t\t\t\t<div class=\"elementor-element elementor-element-dd9fc25 elementor-widget elementor-widget-heading\" data-id=\"dd9fc25\" data-element_type=\"widget\" data-e-type=\"widget\" data-widget_type=\"heading.default\">\n\t\t\t\t\t<h2 class=\"elementor-heading-title elementor-size-default\">\u00bfCu\u00e1les son algunos tipos de lesiones de espalda?<\/h2>\t\t\t\t<\/div>\n\t\t\t\t<div class=\"elementor-element elementor-element-0b3bc0d elementor-widget elementor-widget-text-editor\" data-id=\"0b3bc0d\" data-element_type=\"widget\" data-e-type=\"widget\" data-widget_type=\"text-editor.default\">\n\t\t\t\t\t\t\t\t\t<p>La parte inferior de la espalda es la regi\u00f3n m\u00e1s frecuente de dolor de espalda y lesiones.\u00a0Algunas de las lesiones de espalda m\u00e1s comunes incluyen:<\/p><h3>Esguinces y distensiones<\/h3><p>Cuando se rompe un ligamento o se estira demasiado un m\u00fasculo, el \u00e1rea circundante tiende a inflamarse.\u00a0Esta inflamaci\u00f3n da como resultado un espasmo en la espalda, que a su vez causa dolor de espalda extremo y dificultad para moverse.\u00a0Eso se debe a que el espasmo de la espalda inmoviliza los m\u00fasculos de la secci\u00f3n lesionada, en un intento de proteger las articulaciones y los ligamentos de un da\u00f1o mayor.<\/p><h3>Discos abultados o herniados<\/h3><p>Un disco abultado o\u00a0<a href=\"https:\/\/1800hurt911ga.com\/atlanta\/herniated-disc-treatment\/\">herniado<\/a>\u00a0es otro tipo com\u00fan de lesi\u00f3n en la espalda.\u00a0Esto tiende a suceder cuando hay un problema con los discos.\u00a0Una hernia de disco ocurre cuando el interior m\u00e1s blando empuja a trav\u00e9s de un desgarro en el exterior del disco.\u00a0Esto puede provocar la irritaci\u00f3n de los nervios cercanos, lo que provoca s\u00edntomas dolorosos c\u00f3mo debilidad muscular, hormigueo, entumecimiento, dolor en brazos o piernas.\u00a0Sin embargo, en algunos casos, las personas con una hernia de disco no experimentan ning\u00fan s\u00edntoma.\u00a0Adem\u00e1s, a menudo no se requiere cirug\u00eda para tratar una hernia de disco.\u00a0El m\u00e9dico discutir\u00e1 sus opciones de tratamiento, que pueden incluir fisioterapia, descanso, medicamentos o inyecciones epidurales.<\/p><h3>V\u00e9rtebras fracturadas<\/h3><p>Las fracturas de v\u00e9rtebras pueden variar desde las simples por compresi\u00f3n, en las que el hueso colapsa sobre s\u00ed mismo, hasta las fracturas por estallido, en las que los fragmentos \u00f3seos explotan en los tejidos que rodean la columna, incluidos la m\u00e9dula espinal y los nervios. La peor de las lesiones por fractura se conoce como fractura-dislocada, donde el hueso se rompe, pero como los ligamentos tambi\u00e9n se da\u00f1aron, los huesos se separan unos a otros.<\/p><p><img fetchpriority=\"high\" decoding=\"async\" class=\"alignnone wp-image-5623 size-full\" src=\"https:\/\/1800hurt911ga.com\/wp-content\/uploads\/2023\/02\/back-injury-treatment-in-Atlanta.jpg\" alt=\"\" width=\"500\" height=\"282\" srcset=\"https:\/\/1800hurt911ga.com\/wp-content\/uploads\/2023\/02\/back-injury-treatment-in-Atlanta.jpg 500w, https:\/\/1800hurt911ga.com\/wp-content\/uploads\/2023\/02\/back-injury-treatment-in-Atlanta-300x169.jpg 300w\" sizes=\"(max-width: 500px) 100vw, 500px\" \/><\/p><h3>Da\u00f1o en el nervio<\/h3><p>Los nervios juegan un papel vital en el transporte de informaci\u00f3n que controla las sensaciones y los movimientos del cuerpo al cerebro. El da\u00f1o a los nervios de la espalda baja ocurre cuando se aplica demasiada presi\u00f3n a un nervio que rodea los tejidos como cart\u00edlagos, tendones, m\u00fasculos o huesos. Esta presi\u00f3n afecta la funci\u00f3n del nervio y provoca dolor, entumecimiento, debilidad, hormigueo o aumento de la sensibilidad.<\/p><h3>Lesiones de tejidos blandos<\/h3><p>Las lesiones de los tejidos blandos\u00a0ocurren cuando se produce un uso excesivo o un traumatismo en los ligamentos, los tendones y los m\u00fasculos.\u00a0Las LTB generalmente ocurren durante el ejercicio y las actividades deportivas, pero las lesiones tambi\u00e9n pueden ocurrir durante las tareas cotidianas simples.<\/p>\t\t\t\t\t\t\t\t<\/div>\n\t\t\t\t<div class=\"elementor-element elementor-element-f1dc8ee elementor-widget elementor-widget-heading\" data-id=\"f1dc8ee\" data-element_type=\"widget\" data-e-type=\"widget\" data-widget_type=\"heading.default\">\n\t\t\t\t\t<h2 class=\"elementor-heading-title elementor-size-default\">\u00bfQu\u00e9 est\u00e1 involucrado en el proceso de diagn\u00f3stico de las lesiones de espalda?<\/h2>\t\t\t\t<\/div>\n\t\t\t\t<div class=\"elementor-element elementor-element-eda2956 elementor-widget elementor-widget-text-editor\" data-id=\"eda2956\" data-element_type=\"widget\" data-e-type=\"widget\" data-widget_type=\"text-editor.default\">\n\t\t\t\t\t\t\t\t\t<p>El diagn\u00f3stico m\u00e9dico o cl\u00ednico es un proceso destinado a identificar las causas subyacentes de la lesi\u00f3n o el dolor de espalda.\u00a0El m\u00e9dico determina la causa de la lesi\u00f3n a trav\u00e9s de una combinaci\u00f3n de los siguientes pasos:<\/p><h3>Revisi\u00f3n de su historial m\u00e9dico<\/h3><p>Su m\u00e9dico le har\u00e1 una serie de preguntas como una descripci\u00f3n de cu\u00e1ndo ocurri\u00f3 la lesi\u00f3n y los s\u00edntomas, c\u00f3mo se siente y qu\u00e9 tratamientos o actividades empeoran o mejoran el dolor.\u00a0Tambi\u00e9n se realizar\u00e1 una revisi\u00f3n exhaustiva de su historial m\u00e9dico y registros.<\/p><h3>Examen f\u00edsico<\/h3><p>Esta evaluaci\u00f3n se realiza en la cl\u00ednica y es probable que incluya varios aspectos de un examen completo.\u00a0\u00c9stas incluyen:<\/p><ul><li>Una serie de pruebas de movimiento para evaluar la alineaci\u00f3n y la movilidad de las articulaciones involucradas<\/li><li>Inspecci\u00f3n visual de la piel que recubre la regi\u00f3n afectada, as\u00ed como la postura general<\/li><li>Evaluaci\u00f3n pr\u00e1ctica mediante la palpaci\u00f3n de espasmos musculares y regiones sensibles.<\/li><li>Evaluaci\u00f3n segmentaria para verificar cada segmento espinal para el movimiento ideal<\/li><li>Evaluaci\u00f3n neurol\u00f3gica, incluidas pruebas de sensibilidad cut\u00e1nea, fuerza muscular, nervios craneales y reflejos.<\/li><\/ul><h3>Diagn\u00f3stico por imagen<\/h3><p>Esta es una forma de diagn\u00f3stico que verifica los problemas de dolor de cuello y espalda a trav\u00e9s de lo siguiente:<\/p><h3>Radiograf\u00eda<\/h3><p>Esta forma de imagen muestra los detalles de las estructuras \u00f3seas de la columna vertebral.\u00a0Es especialmente \u00fatil para identificar fracturas o cambios degenerativos y puede ayudar a identificar algunas formas de causas reumatol\u00f3gicas de dolor como la osteoartritis.\u00a0Si el m\u00e9dico sospecha inestabilidad de la columna, tambi\u00e9n puede solicitar\u00a0radiograf\u00edas de\u00a0extensi\u00f3n y flexi\u00f3n .<\/p><h3>tomograf\u00eda computarizada<\/h3><p>La tomograf\u00eda computarizada es una forma de obtenci\u00f3n de im\u00e1genes que utiliza radiaci\u00f3n para crear una serie de im\u00e1genes transversales utilizando una computadora.\u00a0Para ver mejor los tejidos blandos, se realiza una\u00a0tomograf\u00eda computarizada\u00a0con un tinte de contraste que se inyecta en el canal espinal.<\/p><h3>Resonancia magn\u00e9tica<\/h3><p>Esta es otra opci\u00f3n com\u00fan para revisar la columna vertebral y los tejidos blandos, incluidas las ra\u00edces nerviosas y los discos.\u00a0<a href=\"https:\/\/1800hurt911ga.com\/atlanta\/mri-scan\/\">Idealmente, las resonancias magn\u00e9ticas<\/a>\u00a0ayudan a distinguir entre afecciones agudas y cr\u00f3nicas.\u00a0Cuando se trata de evaluar una columna vertebral con antecedentes de cirug\u00eda, se realiza una resonancia magn\u00e9tica despu\u00e9s de inyectar un medio de contraste para ver mejor el flujo sangu\u00edneo en la regi\u00f3n afectada.<\/p>\t\t\t\t\t\t\t\t<\/div>\n\t\t\t\t<div class=\"elementor-element elementor-element-c890b5d elementor-widget elementor-widget-heading\" data-id=\"c890b5d\" data-element_type=\"widget\" data-e-type=\"widget\" data-widget_type=\"heading.default\">\n\t\t\t\t\t<h2 class=\"elementor-heading-title elementor-size-default\">\u00bfCu\u00e1les son los diferentes tipos de tratamiento para las lesiones de espalda?<\/h2>\t\t\t\t<\/div>\n\t\t\t\t<div class=\"elementor-element elementor-element-5f97df1 elementor-widget elementor-widget-text-editor\" data-id=\"5f97df1\" data-element_type=\"widget\" data-e-type=\"widget\" data-widget_type=\"text-editor.default\">\n\t\t\t\t\t\t\t\t\t<p>Ofrecemos varias opciones para el tratamiento de lesiones de espalda en Atlanta, que incluyen:<\/p><h3>Ajustes quiropr\u00e1cticos<\/h3><p>La atenci\u00f3n quiropr\u00e1ctica ofrece una alternativa m\u00e1s asequible y menos invasiva a los tratamientos m\u00e9dicos tradicionales.\u00a0Esencialmente, ayuda a eliminar la necesidad de medicamentos para aliviar el dolor con efectos secundarios o procedimientos quir\u00fargicos complicados.\u00a0Se ha encontrado que el ajuste quiropr\u00e1ctico es particularmente efectivo para tratar el dolor de cuello y el dolor de espalda baja.\u00a0La creencia es que la manipulaci\u00f3n y alineaci\u00f3n de la columna ayuda a reducir la presi\u00f3n sobre el sistema nervioso central.\u00a0Adem\u00e1s, los ajustes quiropr\u00e1cticos ayudan a reducir la inflamaci\u00f3n cr\u00f3nica, que es la responsable de causar dolores y molestias en el cuerpo.<\/p><h3>Ejercicio<\/h3><p>Hacer ejercicio puede ser lo \u00faltimo que desee con una espalda lesionada y puede parecer contradictorio.\u00a0Sin embargo, se ha demostrado que la actividad f\u00edsica es una forma efectiva de recuperarse m\u00e1s r\u00e1pido de dolores y molestias.\u00a0Los ejercicios b\u00e1sicos fortalecen los m\u00fasculos de la espalda y el abdomen que sostienen la columna vertebral.\u00a0Cuanto m\u00e1s fuertes se vuelven, menores son las posibilidades de verse afectados por el dolor de espalda.<\/p><h3>Tratamiento con l\u00e1ser de bajo nivel (TLBN)<\/h3><p>LLLT es una forma de tratamiento que aplica diodos emisores de luz o l\u00e1seres de bajo nivel a la superficie del cuerpo.\u00a0Se sabe qu\u00e9 afecta la funci\u00f3n de los fibroblastos (c\u00e9lulas del tejido conectivo), act\u00faa como agente antiinflamatorio y acelera la reparaci\u00f3n del tejido conectivo.<\/p><h3>Terapia de fr\u00edo\/calor<\/h3><p>Esta es una forma de tratamiento que implica el uso de calor y fr\u00edo para estimular la curaci\u00f3n.\u00a0Es tan simple como poner una bolsa de hielo en las regiones sensibles de la espalda baja para aliviar la inflamaci\u00f3n.\u00a0Despu\u00e9s de unos d\u00edas, cambia del tratamiento fr\u00edo a ba\u00f1os tibios y almohadillas t\u00e9rmicas.\u00a0El calor est\u00e1 destinado a aflojar los m\u00fasculos tensos que causan el dolor.<\/p><h3>ENET<\/h3><p>ENET o estimulaci\u00f3n nerviosa el\u00e9ctrica transcut\u00e1nea\u00a0implica el uso de electrodos colocados en la piel para proporcionar estimulaci\u00f3n electr\u00f3nica a los nervios.\u00a0Las ondas el\u00e9ctricas bloquean las se\u00f1ales de dolor que viajan a trav\u00e9s de las almohadillas nerviosas, proporcionando as\u00ed alivio.<\/p>\t\t\t\t\t\t\t\t<\/div>\n\t\t\t\t<div class=\"elementor-element elementor-element-b00a20f elementor-widget elementor-widget-heading\" data-id=\"b00a20f\" data-element_type=\"widget\" data-e-type=\"widget\" data-widget_type=\"heading.default\">\n\t\t\t\t\t<h2 class=\"elementor-heading-title elementor-size-default\">Llame hoy para comenzar con su tratamiento de lesiones de espalda en Atlanta<\/h2>\t\t\t\t<\/div>\n\t\t\t\t<div class=\"elementor-element elementor-element-17564f2 elementor-widget elementor-widget-text-editor\" data-id=\"17564f2\" data-element_type=\"widget\" data-e-type=\"widget\" data-widget_type=\"text-editor.default\">\n\t\t\t\t\t\t\t\t\t<p>Las lesiones de espalda pueden ser muy dolorosas e inc\u00f3modas, lo que afecta su capacidad para continuar con su d\u00eda. Sin embargo, este no tiene que ser el caso. Si reside en Atlanta y sus alrededores, puede buscar alivio comunic\u00e1ndose con HURT 911\u00ae al 855-475-2588 hoy mismo. Nuestro equipo de m\u00e9dicos en Hurt 911\u00ae Injury Center ha estado ayudando y tratando a v\u00edctimas de lesiones en la espalda durante m\u00e1s de dos d\u00e9cadas.<\/p>\t\t\t\t\t\t\t\t<\/div>\n\t\t\t\t\t<\/div>\n\t\t<\/div>\n\t\t\t\t\t<\/div>\n\t\t<\/section>\n\t\t\t\t<\/div>\n\t\t","protected":false},"excerpt":{"rendered":"<p>Las lesiones de espalda, particularmente en la zona lumbar, son bastante comunes. Pueden ocurrir repentinamente o gradualmente con el tiempo. Puede experimentar una lesi\u00f3n en la espalda al levantar o usar demasiado la espalda en casa o en el trabajo, mientras hace ejercicio o incluso al hacer un movimiento extra\u00f1o. De todos modos, una lesi\u00f3n [&hellip;]<\/p>\n","protected":false},"author":27,"featured_media":0,"parent":0,"menu_order":0,"comment_status":"closed","ping_status":"closed","template":"","meta":{"_acf_changed":false,"anchor_text":"","footnotes":""},"categories":[],"tags":[36],"class_list":["post-5569","page","type-page","status-publish","hentry","tag-back-injury"],"acf":[],"_links":{"self":[{"href":"https:\/\/1800hurt911ga.com\/es\/wp-json\/wp\/v2\/pages\/5569","targetHints":{"allow":["GET"]}}],"collection":[{"href":"https:\/\/1800hurt911ga.com\/es\/wp-json\/wp\/v2\/pages"}],"about":[{"href":"https:\/\/1800hurt911ga.com\/es\/wp-json\/wp\/v2\/types\/page"}],"author":[{"embeddable":true,"href":"https:\/\/1800hurt911ga.com\/es\/wp-json\/wp\/v2\/users\/27"}],"replies":[{"embeddable":true,"href":"https:\/\/1800hurt911ga.com\/es\/wp-json\/wp\/v2\/comments?post=5569"}],"version-history":[{"count":65,"href":"https:\/\/1800hurt911ga.com\/es\/wp-json\/wp\/v2\/pages\/5569\/revisions"}],"predecessor-version":[{"id":16627,"href":"https:\/\/1800hurt911ga.com\/es\/wp-json\/wp\/v2\/pages\/5569\/revisions\/16627"}],"wp:attachment":[{"href":"https:\/\/1800hurt911ga.com\/es\/wp-json\/wp\/v2\/media?parent=5569"}],"wp:term":[{"taxonomy":"category","embeddable":true,"href":"https:\/\/1800hurt911ga.com\/es\/wp-json\/wp\/v2\/categories?post=5569"},{"taxonomy":"post_tag","embeddable":true,"href":"https:\/\/1800hurt911ga.com\/es\/wp-json\/wp\/v2\/tags?post=5569"}],"curies":[{"name":"wp","href":"https:\/\/api.w.org\/{rel}","templated":true}]}}