{"id":5634,"date":"2023-02-11T10:34:51","date_gmt":"2023-02-11T10:34:51","guid":{"rendered":"https:\/\/1800hurt911ga.com\/?page_id=5634"},"modified":"2025-07-23T13:00:13","modified_gmt":"2025-07-23T18:00:13","slug":"tratamiento-de-huesos-rotos","status":"publish","type":"page","link":"https:\/\/1800hurt911ga.com\/es\/tratamiento-de-huesos-rotos\/","title":{"rendered":"Tratamiento de huesos rotos"},"content":{"rendered":"\t\t<div data-elementor-type=\"wp-page\" data-elementor-id=\"5634\" class=\"elementor elementor-5634\" data-elementor-post-type=\"page\">\n\t\t\t\t\t\t<section class=\"elementor-section elementor-top-section elementor-element elementor-element-6ef0730 elementor-section-boxed elementor-section-height-default elementor-section-height-default\" data-id=\"6ef0730\" data-element_type=\"section\" data-e-type=\"section\">\n\t\t\t\t\t\t<div class=\"elementor-container elementor-column-gap-default\">\n\t\t\t\t\t<div class=\"elementor-column elementor-col-100 elementor-top-column elementor-element elementor-element-bcbd71d\" data-id=\"bcbd71d\" data-element_type=\"column\" data-e-type=\"column\">\n\t\t\t<div class=\"elementor-widget-wrap elementor-element-populated\">\n\t\t\t\t\t\t<div class=\"elementor-element elementor-element-0f1475c elementor-widget elementor-widget-text-editor\" data-id=\"0f1475c\" data-element_type=\"widget\" data-e-type=\"widget\" data-widget_type=\"text-editor.default\">\n\t\t\t\t\t\t\t\t\t<p>Los huesos rotos, tambi\u00e9n conocidos como fracturas por los profesionales m\u00e9dicos, son algunas de las lesiones por accidentes m\u00e1s comunes.\u00a0Desafortunadamente, tambi\u00e9n resultan ser los m\u00e1s dolorosos, costosos y, a menudo, requieren tratamientos prolongados.\u00a0Los huesos est\u00e1n destinados a preservar la integridad estructural de un cuerpo, pero cuando experimentan un estr\u00e9s o una presi\u00f3n excesiva, se rompen.\u00a0Existen numerosas causas de fracturas \u00f3seas, que profundizaremos en la siguiente secci\u00f3n de esta lectura.\u00a0Si ha sufrido una lesi\u00f3n que result\u00f3 en huesos rotos, el siguiente paso es buscar el tratamiento adecuado.\u00a0<a href=\"https:\/\/1800hurt911ga.com\/atlanta\/physiotherapy-services\/\">Fisioterapia<\/a>es sin duda una de las formas m\u00e1s efectivas de tratar lesiones, ayudando a prevenir que las lesiones empeoren mientras se fortalece. Los practicantes de Hurt 911\u00ae han estado en esta l\u00ednea de trabajo durante d\u00e9cadas, ayudando a personas que sufrieron diferentes tipos de fracturas. Si necesita tratamiento para huesos rotos en Atlanta, no dude en comunicarse llamando al\u00a0<a href=\"tel:+18554752588\">855-475-2588<\/a>\u00a0.<\/p>\t\t\t\t\t\t\t\t<\/div>\n\t\t\t\t<div class=\"elementor-element elementor-element-673a785 elementor-widget elementor-widget-heading\" data-id=\"673a785\" data-element_type=\"widget\" data-e-type=\"widget\" data-widget_type=\"heading.default\">\n\t\t\t\t\t<h2 class=\"elementor-heading-title elementor-size-default\">\u00bfCu\u00e1les son algunas de las causas comunes de fracturas de huesos?<\/h2>\t\t\t\t<\/div>\n\t\t\t\t<div class=\"elementor-element elementor-element-b242a46 elementor-widget elementor-widget-text-editor\" data-id=\"b242a46\" data-element_type=\"widget\" data-e-type=\"widget\" data-widget_type=\"text-editor.default\">\n\t\t\t\t\t\t\t\t\t<p>Como se mencion\u00f3 anteriormente, un hueso roto se conoce como fractura.\u00a0Puede romperse el hueso parcial o completamente.\u00a0Esto es causado por tres razones comunes:<\/p><ul><li><strong>Trauma: <\/strong>Esto incluye accidentes automovil\u00edsticos, peleas, lesiones deportivas, ca\u00eddas y lesiones por torsi\u00f3n.<\/li><li><strong>Condiciones que debilitan los huesos: <\/strong>Esto incluye condiciones m\u00e9dicas como\u00a0<a href=\"https:\/\/www.mayoclinic.org\/diseases-conditions\/osteoporosis\/symptoms-causes\/syc-20351968\" target=\"_blank\" rel=\"noopener\">osteoporosis<\/a>, uso cr\u00f3nico de esteroides, infecciones y tumores que ocurren en los huesos.<\/li><li><strong>Lesiones por uso excesivo: <\/strong>Las fracturas por estr\u00e9s, frecuentes en los atletas, generalmente son el resultado de estr\u00e9s y movimientos repetidos del hueso. Los ni\u00f1os tambi\u00e9n son m\u00e1s susceptibles a las fracturas \u00f3seas, especialmente en las piernas y los brazos, ya que son m\u00e1s activos en comparaci\u00f3n con los adultos.<\/li><\/ul><p>Las fracturas requieren atenci\u00f3n m\u00e9dica inmediata. S\u00ed sospecha una fractura \u00f3sea, visite a un m\u00e9dico, preferiblemente un ortopedista. La lesi\u00f3n puede requerir divisi\u00f3n o enyesado, enderezamiento o ajuste y, en algunos casos, cirug\u00eda. El equipo de Hurt 911\u00ae est\u00e1 listo para dise\u00f1ar un plan de diagn\u00f3stico y tratamiento que mejor se adapte a sus necesidades.<\/p>\t\t\t\t\t\t\t\t<\/div>\n\t\t\t\t<div class=\"elementor-element elementor-element-c7750b5 elementor-widget elementor-widget-heading\" data-id=\"c7750b5\" data-element_type=\"widget\" data-e-type=\"widget\" data-widget_type=\"heading.default\">\n\t\t\t\t\t<h2 class=\"elementor-heading-title elementor-size-default\">\u00bfCu\u00e1les son algunos de los s\u00edntomas asociados con las fracturas?<\/h2>\t\t\t\t<\/div>\n\t\t\t\t<div class=\"elementor-element elementor-element-be361c7 elementor-widget elementor-widget-text-editor\" data-id=\"be361c7\" data-element_type=\"widget\" data-e-type=\"widget\" data-widget_type=\"text-editor.default\">\n\t\t\t\t\t\t\t\t\t<p>Los s\u00edntomas de huesos rotos dependen de qu\u00e9 fracturas \u00f3seas.\u00a0Por ejemplo, probablemente sabr\u00e1 de inmediato si tiene un problema con el dedo, el brazo o la pierna.\u00a0Si no est\u00e1 seguro, est\u00e9 atento a los siguientes s\u00edntomas:<\/p><ul><li>Hormigueo y entumecimiento<\/li><li>Dolor extremo<\/li><li>Moretones, sangrado o hinchaz\u00f3n<\/li><li>Incapacidad para mover una extremidad o movilidad limitada<\/li><li>Una articulaci\u00f3n o extremidad deforme o visiblemente fuera de lugar.<\/li><li>Piel rota con un hueso que sobresale<\/li><\/ul>\t\t\t\t\t\t\t\t<\/div>\n\t\t\t\t<div class=\"elementor-element elementor-element-fcb1085 elementor-widget elementor-widget-heading\" data-id=\"fcb1085\" data-element_type=\"widget\" data-e-type=\"widget\" data-widget_type=\"heading.default\">\n\t\t\t\t\t<h2 class=\"elementor-heading-title elementor-size-default\">\u00bfCu\u00e1les son los huesos que se rompen con mayor frecuencia?<\/h2>\t\t\t\t<\/div>\n\t\t\t\t<div class=\"elementor-element elementor-element-7452b27 elementor-widget elementor-widget-text-editor\" data-id=\"7452b27\" data-element_type=\"widget\" data-e-type=\"widget\" data-widget_type=\"text-editor.default\">\n\t\t\t\t\t\t\t\t\t<p>Una fractura de hueso es una lesi\u00f3n que le puede ocurrir a personas de todas las edades.\u00a0Algunas formas de fracturas \u00f3seas son m\u00e1s frecuentes en los ni\u00f1os, mientras que otras ocurren m\u00e1s entre las personas mayores o los adultos.\u00a0Adem\u00e1s, no todas las fracturas de huesos son iguales.\u00a0De hecho, existen numerosos tipos, todos dependiendo de c\u00f3mo se rompa el hueso.\u00a0Adem\u00e1s, el tiempo de tratamiento y recuperaci\u00f3n var\u00eda seg\u00fan el tipo y la extensi\u00f3n de la fractura.\u00a0Dicho esto, estos son algunos de los tipos m\u00e1s comunes de fracturas \u00f3seas:<\/p><h3>Mu\u00f1eca rota<\/h3><p>Si se cae, lo m\u00e1s probable es que intente agarrarse extendiendo las manos.\u00a0El resultado puede ser f\u00e1cilmente una mu\u00f1eca rota.\u00a0Es, de hecho, una de las fracturas m\u00e1s prevalentes en ni\u00f1os y ancianos.\u00a0Una mu\u00f1eca fracturada suele ser una fractura de radio distal (donde la fractura est\u00e1 en el radio, cerca de la mu\u00f1eca, en el brazo o al final de los huesos largos). Las lesiones deportivas, las ca\u00eddas desde una altura considerable y los accidentes automovil\u00edsticos suelen ser la causa. de fracturas de mu\u00f1eca. El tratamiento t\u00edpico incluye una f\u00e9rula, yeso o cirug\u00eda. La fisioterapia tambi\u00e9n se puede utilizar para restaurar la fuerza y el movimiento.<\/p><h3>Clav\u00edcula<\/h3><p>Tambi\u00e9n conocida como el hueso del hombro o la clav\u00edcula, la clav\u00edcula tiende a estar en el lugar equivocado en el momento equivocado.\u00a0Es largo y no particularmente grueso y tiende a asentarse en lo alto de su cuerpo, en un \u00e1rea que lo hace particularmente susceptible, particularmente en deportes de contacto.\u00a0La clav\u00edcula hace un trabajo importante al mantener los brazos unidos al cuerpo.\u00a0Cuando se rompe, tiende a hacerlo justo en el medio.\u00a0Afortunadamente, una fractura de clav\u00edcula se puede tratar con unas pocas semanas de su brazo en cabestrillo, aunque algunas situaciones pueden requerir cirug\u00eda.<\/p><h3>Rotura de cadera<\/h3><p>Las caderas fracturadas tambi\u00e9n son comunes, especialmente entre los adultos mayores. Las fracturas de cadera tambi\u00e9n son una de las fracturas m\u00e1s graves en las personas mayores. El f\u00e9mur o el hueso largo de la pierna, que se conecta a la articulaci\u00f3n de la cadera, es lo que se rompe. La fractura suele producirse por una ca\u00edda. Si un objeto golpea su cadera con fuerza o cae sobre la cadera puede provocar una fractura. La cirug\u00eda ayuda a acelerar el proceso de curaci\u00f3n, pero no todos est\u00e1n lo suficientemente sanos para este tipo de tratamiento. En tales casos, los m\u00e9todos de tratamiento alternativos incluyen reposo en cama y fisioterapia.<\/p><p><a href=\"https:\/\/1800hurt911ga.com\/wp-content\/uploads\/2023\/02\/broken-bones-treatment-in-Atlanta.jpg\"><img fetchpriority=\"high\" decoding=\"async\" class=\"alignnone wp-image-5640 size-full\" src=\"https:\/\/1800hurt911ga.com\/wp-content\/uploads\/2023\/02\/broken-bones-treatment-in-Atlanta.jpg\" alt=\"\" width=\"500\" height=\"281\" srcset=\"https:\/\/1800hurt911ga.com\/wp-content\/uploads\/2023\/02\/broken-bones-treatment-in-Atlanta.jpg 500w, https:\/\/1800hurt911ga.com\/wp-content\/uploads\/2023\/02\/broken-bones-treatment-in-Atlanta-300x169.jpg 300w\" sizes=\"(max-width: 500px) 100vw, 500px\" \/><\/a><\/p><h3>Rotura vertebral<\/h3><p>Las v\u00e9rtebras son los huesos que rodean la m\u00e9dula espinal y la protegen de lesiones.\u00a0Este tipo de roturas son las m\u00e1s comunes entre las personas con osteoporosis, una condici\u00f3n que debilita los huesos.\u00a0Cuando estos huesos se vuelven demasiado d\u00e9biles, el simple hecho de torcerlos, estornudar o toser puede romper la v\u00e9rtebra.\u00a0Las fracturas vertebrales a veces pueden ser un signo inicial de osteoporosis.\u00a0Sin embargo, una persona sana tambi\u00e9n puede romperse estos huesos, generalmente por accidente.\u00a0Un ejemplo es una ca\u00edda fuerte.\u00a0Las fracturas vertebrales leves a menudo mejoran con el descanso, pero las graves pueden requerir cirug\u00eda.<\/p><h3>Rotura de brazo<\/h3><p>Todos conocemos al menos a una persona que ha sufrido una fractura en el brazo.\u00a0Las fracturas de brazo son algunas de las m\u00e1s comunes, particularmente entre los ni\u00f1os y j\u00f3venes que practican deportes y actividades similares.\u00a0Las roturas de brazos ocurren tanto en la parte inferior como en la superior.<\/p>\t\t\t\t\t\t\t\t<\/div>\n\t\t\t\t<div class=\"elementor-element elementor-element-c3629d0 elementor-widget elementor-widget-heading\" data-id=\"c3629d0\" data-element_type=\"widget\" data-e-type=\"widget\" data-widget_type=\"heading.default\">\n\t\t\t\t\t<h2 class=\"elementor-heading-title elementor-size-default\">\u00bfC\u00f3mo se diagnostica un hueso roto?<\/h2>\t\t\t\t<\/div>\n\t\t\t\t<div class=\"elementor-element elementor-element-6d13661 elementor-widget elementor-widget-text-editor\" data-id=\"6d13661\" data-element_type=\"widget\" data-e-type=\"widget\" data-widget_type=\"text-editor.default\">\n\t\t\t\t\t\t\t\t\t<p>Cuando se trata de pruebas para una fractura \u00f3sea, su m\u00e9dico primero realizar\u00e1 una evaluaci\u00f3n f\u00edsica, identificar\u00e1 los s\u00edntomas y realizar\u00e1 un diagn\u00f3stico.\u00a0Adem\u00e1s, usted o sus seres queridos ser\u00e1n entrevistados (si no pueden comunicarse adecuadamente) y se les preguntar\u00e1 sobre las condiciones que contribuyeron o causaron la lesi\u00f3n.\u00a0Para un diagn\u00f3stico m\u00e1s profundo, el m\u00e9dico realizar\u00e1 una o m\u00e1s pruebas de imagen que incluyen:<\/p><h3>Rayos X<\/h3><p><a href=\"https:\/\/1800hurt911ga.com\/atlanta\/x-ray-imaging\/\">Las im\u00e1genes de rayos X<\/a>\u00a0proporcionan una foto 2D de la fractura.\u00a0Los m\u00e9dicos tienden a recurrir primero a esta forma de diagn\u00f3stico por im\u00e1genes.<\/p><h3>Radiograf\u00eda<\/h3><p>Los m\u00e9dicos tambi\u00e9n pueden utilizar una\u00a0<a href=\"https:\/\/www.mayoclinic.org\/tests-procedures\/bone-scan\/about\/pac-20393136\" target=\"_blank\" rel=\"noopener\">gammagraf\u00eda \u00f3sea<\/a>\u00a0para encontrar roturas que no aparecen en una radiograf\u00eda.\u00a0Una gammagraf\u00eda \u00f3sea lleva m\u00e1s tiempo, pero puede ayudar a localizar algunas roturas.<\/p><h3>Resonancia magn\u00e9tica<\/h3><p>Una\u00a0<a href=\"https:\/\/1800hurt911ga.com\/atlanta\/mri-scan\/\">resonancia magn\u00e9tica<\/a>\u00a0produce im\u00e1genes extremadamente detalladas al aprovechar fuertes campos magn\u00e9ticos.\u00a0Tambi\u00e9n conocida como imagen por resonancia magn\u00e9tica, la resonancia magn\u00e9tica generalmente se usa para diagnosticar una fractura \u00f3sea por estr\u00e9s.<\/p><h3>Tomograf\u00eda computarizada<\/h3><p>Una tomograf\u00eda computarizada o\u00a0<a href=\"https:\/\/1800hurt911ga.com\/atlanta\/ct-scan\/\">tomograf\u00eda computarizada<\/a>\u00a0utiliza rayos X y computadoras para producir cortes transversales o cortes detallados del hueso lesionado.<\/p>\t\t\t\t\t\t\t\t<\/div>\n\t\t\t\t<div class=\"elementor-element elementor-element-330a56f elementor-widget elementor-widget-heading\" data-id=\"330a56f\" data-element_type=\"widget\" data-e-type=\"widget\" data-widget_type=\"heading.default\">\n\t\t\t\t\t<h2 class=\"elementor-heading-title elementor-size-default\">\u00bfCu\u00e1l es el tratamiento para un hueso roto?<\/h2>\t\t\t\t<\/div>\n\t\t\t\t<div class=\"elementor-element elementor-element-18bc502 elementor-widget elementor-widget-text-editor\" data-id=\"18bc502\" data-element_type=\"widget\" data-e-type=\"widget\" data-widget_type=\"text-editor.default\">\n\t\t\t\t\t\t\t\t\t<p>El tratamiento inicial de la fractura \u00f3sea comienza con la estabilizaci\u00f3n y la inmovilizaci\u00f3n.\u00a0El descanso, el hielo, la compresi\u00f3n y la elevaci\u00f3n pueden ayudarlo a sentirse m\u00e1s c\u00f3modo y evitar que los huesos rotos se muevan.\u00a0Por lo general, el dolor que acompa\u00f1a a una fractura es el resultado de un espasmo muscular, en un intento de evitar el movimiento.\u00a0Las f\u00e9rulas tambi\u00e9n pueden ayudar a aliviar algo de ese dolor.\u00a0Para fracturas \u00f3seas no abiertas, el objetivo es inmovilizar la lesi\u00f3n para preservar la alineaci\u00f3n anat\u00f3mica, lo que permite que el hueso sane.\u00a0El hueso humano sana en las siguientes etapas:<\/p><ul><li>Etapa reactiva: el co\u00e1gulo de sangre que se forma en el sitio de la fractura comienza a organizarse y los componentes b\u00e1sicos de su cuerpo comienzan a cerrar la brecha entre los dos extremos del hueso roto.<\/li><li>Etapa de reparaci\u00f3n: periostio, las c\u00e9lulas especializadas que se encuentran en el revestimiento exterior del hueso comienzan a formar rejillas o entramados de hueso y cart\u00edlago que se extienden por la fractura.<\/li><li>Fase de remodelaci\u00f3n: su cuerpo a\u00fan intentar\u00e1 volver a esculpir esta masa \u00f3sea en su forma y tama\u00f1o originales, durante los pr\u00f3ximos a\u00f1os.<\/li><\/ul><p>En la cl\u00ednica ambulatoria, el consultorio m\u00e9dico o la sala de emergencias, la extremidad a menudo se entablilla usando una combinaci\u00f3n de vendajes, material de yeso y almohadillas blandas.\u00a0La f\u00e9rula no es circunferencial como un yeso, ya que la fractura tiene la posibilidad de inflamaci\u00f3n de la regi\u00f3n circundante.\u00a0Una vez que le den de alta, sus instrucciones son elevar la lesi\u00f3n y poner hielo en la regi\u00f3n, con la f\u00e9rula para ayudar a reducir la hinchaz\u00f3n y la inflamaci\u00f3n.\u00a0Despu\u00e9s de varios d\u00edas, despu\u00e9s de que la hinchaz\u00f3n inicial haya disminuido, se puede usar un yeso circunferencial para reemplazar la f\u00e9rula y usarla hasta que se cure la fractura.\u00a0El tiempo de curaci\u00f3n depende del tipo de fractura y la regi\u00f3n.\u00a0Se pueden usar radiograf\u00edas o tomograf\u00edas computarizadas para determinar cu\u00e1ndo es el momento de quitar el yeso.<\/p>\t\t\t\t\t\t\t\t<\/div>\n\t\t\t\t<div class=\"elementor-element elementor-element-f103e23 elementor-widget elementor-widget-heading\" data-id=\"f103e23\" data-element_type=\"widget\" data-e-type=\"widget\" data-widget_type=\"heading.default\">\n\t\t\t\t\t<h2 class=\"elementor-heading-title elementor-size-default\">Si usted o un ser querido necesitan tratamiento para huesos rotos en Atlanta, llame hoy<\/h2>\t\t\t\t<\/div>\n\t\t\t\t<div class=\"elementor-element elementor-element-7f69145 elementor-widget elementor-widget-text-editor\" data-id=\"7f69145\" data-element_type=\"widget\" data-e-type=\"widget\" data-widget_type=\"text-editor.default\">\n\t\t\t\t\t\t\t\t\t<p>Las fracturas de huesos son algunas de las lesiones m\u00e1s comunes que se experimentan despu\u00e9s de un accidente de cualquier forma.\u00a0No s\u00f3lo son muy dolorosos sino tambi\u00e9n muy costosos de tratar.\u00a0Si usted o un ser querido ha sido v\u00edctima de una fractura \u00f3sea, independientemente del tipo, no dude en buscar tratamiento para fracturas \u00f3seas en Atlanta comunic\u00e1ndose con\u00a0Hurt 911\u00a0al\u00a0855-475-2588\u00a0.<\/p>\t\t\t\t\t\t\t\t<\/div>\n\t\t\t\t\t<\/div>\n\t\t<\/div>\n\t\t\t\t\t<\/div>\n\t\t<\/section>\n\t\t\t\t<\/div>\n\t\t","protected":false},"excerpt":{"rendered":"<p>Los huesos rotos, tambi\u00e9n conocidos como fracturas por los profesionales m\u00e9dicos, son algunas de las lesiones por accidentes m\u00e1s comunes.\u00a0Desafortunadamente, tambi\u00e9n resultan ser los m\u00e1s dolorosos, costosos y, a menudo, requieren tratamientos prolongados.\u00a0Los huesos est\u00e1n destinados a preservar la integridad estructural de un cuerpo, pero cuando experimentan un estr\u00e9s o una presi\u00f3n excesiva, se rompen.\u00a0Existen [&hellip;]<\/p>\n","protected":false},"author":27,"featured_media":0,"parent":0,"menu_order":0,"comment_status":"closed","ping_status":"closed","template":"","meta":{"_acf_changed":false,"anchor_text":"","footnotes":""},"categories":[],"tags":[37],"class_list":["post-5634","page","type-page","status-publish","hentry","tag-broken-bones"],"acf":[],"_links":{"self":[{"href":"https:\/\/1800hurt911ga.com\/es\/wp-json\/wp\/v2\/pages\/5634","targetHints":{"allow":["GET"]}}],"collection":[{"href":"https:\/\/1800hurt911ga.com\/es\/wp-json\/wp\/v2\/pages"}],"about":[{"href":"https:\/\/1800hurt911ga.com\/es\/wp-json\/wp\/v2\/types\/page"}],"author":[{"embeddable":true,"href":"https:\/\/1800hurt911ga.com\/es\/wp-json\/wp\/v2\/users\/27"}],"replies":[{"embeddable":true,"href":"https:\/\/1800hurt911ga.com\/es\/wp-json\/wp\/v2\/comments?post=5634"}],"version-history":[{"count":44,"href":"https:\/\/1800hurt911ga.com\/es\/wp-json\/wp\/v2\/pages\/5634\/revisions"}],"predecessor-version":[{"id":16538,"href":"https:\/\/1800hurt911ga.com\/es\/wp-json\/wp\/v2\/pages\/5634\/revisions\/16538"}],"wp:attachment":[{"href":"https:\/\/1800hurt911ga.com\/es\/wp-json\/wp\/v2\/media?parent=5634"}],"wp:term":[{"taxonomy":"category","embeddable":true,"href":"https:\/\/1800hurt911ga.com\/es\/wp-json\/wp\/v2\/categories?post=5634"},{"taxonomy":"post_tag","embeddable":true,"href":"https:\/\/1800hurt911ga.com\/es\/wp-json\/wp\/v2\/tags?post=5634"}],"curies":[{"name":"wp","href":"https:\/\/api.w.org\/{rel}","templated":true}]}}