{"id":5664,"date":"2023-02-11T10:53:16","date_gmt":"2023-02-11T10:53:16","guid":{"rendered":"https:\/\/1800hurt911ga.com\/?page_id=5664"},"modified":"2025-07-24T07:54:58","modified_gmt":"2025-07-24T12:54:58","slug":"tratamiento-de-bursitis-en","status":"publish","type":"page","link":"https:\/\/1800hurt911ga.com\/es\/tratamiento-de-bursitis-en\/","title":{"rendered":"Tratamiento de bursitis en Atlanta"},"content":{"rendered":"<p>La bursitis es la inflamaci\u00f3n de las bursas, que son sacos llenos de l\u00edquido que amortiguan las articulaciones del cuerpo.\u00a0Estos sacos funcionan como superficies de amortiguaci\u00f3n y deslizamiento para reducir la fricci\u00f3n entre las articulaciones.\u00a0Las bolsas principales se encuentran junto a los tendones, cerca de las articulaciones grandes, como las rodillas, los hombros, las caderas y los codos.\u00a0Las causas m\u00e1s comunes de la bursitis son las lesiones o el uso excesivo de las articulaciones.<\/p>\n<p>Ya sea que su condici\u00f3n sea causada por el trabajo o una lesi\u00f3n, debe confiar en el Centro de lesiones Hurt 911\u00ae para un tratamiento de bursitis altamente efectivo en Atlanta. Somos su socio de confianza para tratamientos efectivos cuando sufre de bursitis debido a un sobreesfuerzo de las articulaciones relacionado con el trabajo o lesiones en las articulaciones debido a accidentes laborales o automovil\u00edsticos. Si la bursitis se produce debido a un sobreesfuerzo de las articulaciones relacionado con el trabajo, nuestros proveedores de atenci\u00f3n m\u00e9dica utilizan las \u00faltimas t\u00e9cnicas para tratar su afecci\u00f3n.<\/p>\n<p>Nuestro equipo experto de m\u00e9dicos se dedica a manejar su caso para que reciba la mejor atenci\u00f3n. Cuando elige Hurt 911\u00ae, tiene la tranquilidad de saber muy bien que su salud est\u00e1 en las mejores manos.<\/p>\n<p>Nuestro equipo de m\u00e9dicos, quiropr\u00e1cticos y fisioterapeutas experimentados en Atlanta se asegurar\u00e1 de que reciba la atenci\u00f3n m\u00e9dica que necesita. Llame al Hurt 911\u00ae Injury Center hoy al 855-475-2588 para un tratamiento de bursitis altamente efectivo.<\/p>\n<h2>\u00bfCu\u00e1les son algunas causas de la bursitis?<\/h2>\n<p>El sobreesfuerzo de las articulaciones o las lesiones en las articulaciones son las causas m\u00e1s comunes de bursitis . La bursitis tambi\u00e9n se asocia con otros problemas, como infecci\u00f3n, artritis, tendinitis, gota, enfermedad de la tiroides y diabetes. La bursitis ocurre en cualquier bolsa del cuerpo. Existen diferentes tipos de bursitis seg\u00fan la articulaci\u00f3n afectada por la afecci\u00f3n:<\/p>\n<h3>Bursitis del tend\u00f3n retromaleolar<\/h3>\n<p>Esta condici\u00f3n tambi\u00e9n se conoce como enfermedad de Albert. La condici\u00f3n es causada por lesiones en la parte inferior del tend\u00f3n de Aquiles o por usar zapatos con respaldo r\u00edgido.<\/p>\n<h3>Bursitis de cadera<\/h3>\n<p>Esta condici\u00f3n tambi\u00e9n se conoce como bursitis trocant\u00e9rea. Es el resultado de una lesi\u00f3n, uso excesivo, artritis, anomal\u00edas de la columna o cirug\u00eda de cadera.<\/p>\n<h3>bursitis de rodilla<\/h3>\n<p>La bursitis de rodilla tambi\u00e9n se conoce como bursitis de pie de ganso o bursitis de Pes Anserine.\u00a0La condici\u00f3n ocurre en el interior de la rodilla entre la espinilla y los tres tendones de los m\u00fasculos isquiotibiales.<\/p>\n<h3>Bursitis del codo<\/h3>\n<p>Esta condici\u00f3n es causada por la inflamaci\u00f3n de la bursa ubicada entre la piel y los huesos del codo.\u00a0La presi\u00f3n constante y las lesiones en el codo pueden provocar una bursitis del codo.<\/p>\n<h2>\u00bfCu\u00e1les son algunos factores de riesgo para la bursitis?<\/h2>\n<p>Algunas personas tienen un mayor riesgo de bursitis por razones que incluyen:<\/p>\n<ul>\n<li><strong>Ocupaci\u00f3<\/strong><strong>n: la<\/strong>bursitis es com\u00fan en los trabajadores que realizan trabajos que exigen un esfuerzo excesivo de las articulaciones e involucran tareas repetitivas<\/li>\n<li><strong>Envejecimiento:<\/strong>las funciones de las bursas en las articulaciones disminuyen con el envejecimiento<\/li>\n<li><strong>Condiciones de salud:<\/strong>diabetes, obesidad, artritis y otras enfermedades que causan inflamaci\u00f3n de las articulaciones<\/li>\n<li><strong>Actividades deportivas:<\/strong>participar en actividades deportivas repetitivas que ejercitan las articulaciones<\/li>\n<li>Lesiones en las bolsas y mala postura.<\/li>\n<\/ul>\n<h2>\u00bfCu\u00e1les son los s\u00edntomas de la bursitis?<\/h2>\n<p>Los siguientes son algunos de los s\u00edntomas m\u00e1s comunes de la bursitis, sin embargo, cada persona puede experimentar diferentes s\u00edntomas seg\u00fan la gravedad de la afecci\u00f3n:<\/p>\n<ul>\n<li>Sensibilidad localizada<\/li>\n<li>Dolor<\/li>\n<li>Movimientos limitados<\/li>\n<li>Hinchaz\u00f3n y enrojecimiento cerca de la piel debido a las bursas inflamadas<\/li>\n<li>La bursitis cr\u00f3nica se asocia con ataques repetidos de dolor, hinchaz\u00f3n y sensibilidad.<\/li>\n<\/ul>\n<p>Los s\u00edntomas de la bursitis pueden parecerse a los de otras condiciones m\u00e9dicas, y es mejor consultar a un proveedor de atenci\u00f3n m\u00e9dica calificado para diagnosticar la condici\u00f3n correctamente.<\/p>\n<h2>\u00bfC\u00f3mo se diagnostica la bursitis?<\/h2>\n<p>Su proveedor de atenci\u00f3n m\u00e9dica revisar\u00e1 su historial m\u00e9dico y realizar\u00e1 un examen f\u00edsico para diagnosticar la afecci\u00f3n.\u00a0Por otro lado, hay muchas otras pruebas que pueden usarse para diagnosticar la afecci\u00f3n.\u00a0Incluyen:<\/p>\n<ul>\n<li>Rayos X:los rayos X\u00a0usan haces de energ\u00eda electromagn\u00e9tica invisibles para tomar im\u00e1genes de los tejidos internos y los huesos.<\/li>\n<li>Ultrasonido: se utilizan ondas sonoras de alta frecuencia para observar los \u00f3rganos internos.<\/li>\n<li>Im\u00e1genes por resonancia magn\u00e9tica (IRM): la<a href=\"https:\/\/1800hurt911ga.com\/atlanta\/mri-scan\/\">IRM<\/a>\u00a0usa imanes grandes, radiofrecuencia y una computadora para tomar im\u00e1genes del sitio.<\/li>\n<li>Aspiraci\u00f3n: este procedimiento utiliza una aguja delgada para extraer l\u00edquido de las bursas inflamadas.<\/li>\n<li>Ex\u00e1menes de sangre: Se realizan an\u00e1lisis de sangre para descartar cualquier otra condici\u00f3<\/li>\n<\/ul>\n<p><img fetchpriority=\"high\" decoding=\"async\" class=\"alignnone wp-image-1565 size-full\" src=\"https:\/\/1800hurt911ga.com\/wp-content\/uploads\/2021\/08\/Bursitis-treatment-in-Atlanta.jpg\" alt=\"Concept of Bursitis treatment in Atlanta\" width=\"500\" height=\"334\" srcset=\"https:\/\/1800hurt911ga.com\/wp-content\/uploads\/2021\/08\/Bursitis-treatment-in-Atlanta.jpg 500w, https:\/\/1800hurt911ga.com\/wp-content\/uploads\/2021\/08\/Bursitis-treatment-in-Atlanta-300x200.jpg 300w\" sizes=\"(max-width: 500px) 100vw, 500px\" \/><\/p>\n<h2>\u00bfQu\u00e9 es un tratamiento eficaz para la bursitis?<\/h2>\n<p>Los tratamientos de bursitis dependen de si hay una infecci\u00f3n articular presente o no.\u00a0Puedes realizar f\u00e1cilmente el tratamiento DHCE en casa.\u00a0De hecho, DHCE significa descanso, hielo, compresi\u00f3n y elevaci\u00f3n.\u00a0Ayuda a reducir la hinchaz\u00f3n y el dolor de las articulaciones infectadas.\u00a0Los analg\u00e9sicos y antiinflamatorios de venta libre, como el ibuprofeno o la aspirina, ayudan a aliviar el dolor.<\/p>\n<p>Puedes realizar todos estos remedios en casa si la condici\u00f3n no es grave.\u00a0Pero la bursitis cr\u00f3nica requiere atenci\u00f3n m\u00e9dica inmediata.\u00a0Nuestro equipo diagnosticar\u00e1 la condici\u00f3n y recomendar\u00e1 el mejor curso de tratamiento.<\/p>\n<p>Algunos de los tratamientos m\u00e9dicos m\u00e1s comunes para la bursitis incluyen:<\/p>\n<ul>\n<li>Antibi\u00f3ticos para la bursitis s\u00e9ptica en la que la bursa se infecta con bacterias<\/li>\n<li>Los corticosteroides se usan para aliviar el dolor, la inflamaci\u00f3n y la hinchaz\u00f3<\/li>\n<li>Aspiraci\u00f3n repetida del l\u00edquido infectado: su m\u00e9dico usar\u00e1 una aguja fina para extraer el l\u00edquido de las articulaciones afectadas<\/li>\n<li>Fisioterapia: se utilizan ciertos ejercicios para aliviar el dolor y otros s\u00ed<\/li>\n<li>Se utilizan f\u00e9rulas o aparatos ortop\u00e9dicos para limitar el movimiento de la articulaci\u00f3n afectada.<\/li>\n<li>Bursectom\u00eda: drenaje quir\u00fargico y extirpaci\u00f3n de la bursa infectada.<\/li>\n<\/ul>\n<p>Aunque la bursitis no siempre se puede prevenir, hacer algunos cambios b\u00e1sicos en el estilo de vida puede reducir el riesgo de desarrollar bursitis y sus s\u00edntomas.<\/p>\n<p>Algunos de los cambios en el estilo de vida incluyen:<\/p>\n<ul>\n<li>Mantenga un peso saludable para evitar el exceso de estr\u00e9s en las articulaciones.<\/li>\n<li>Tome descansos regulares cuando realice actividades repetitivas que involucren las articulaciones.<\/li>\n<li>Realizar ejercicios para fortalecer los m\u00fasculos que rodean las articulaciones.<\/li>\n<li>Aseg\u00farese de calentar antes de realizar entrenamientos extenuantes<\/li>\n<li>Mantener una postura adecuada al estar de pie o sentado.<\/li>\n<li>Detenga inmediatamente cualquier actividad si experimenta dolor en las articulaciones.<\/li>\n<\/ul>\n<h2>\u00bfQu\u00e9 tipos de tratamientos de bursitis ofrecemos?<\/h2>\n<p>Hurt 911\u00ae ofrece un tratamiento de bursitis altamente efectivo en Atlanta. Algunos de los m\u00e9todos de tratamiento m\u00e1s efectivos que utilizamos incluyen:<\/p>\n<h3>Ajustes quiropr\u00e1cticos<\/h3>\n<p>Los ajustes quiropr\u00e1cticos\u00a0son algunos de los tratamientos m\u00e1s efectivos para la bursitis.\u00a0Puede ayudar a reducir o incluso eliminar el dolor y la hinchaz\u00f3n causados por esta afecci\u00f3n.\u00a0Nuestros m\u00e9dicos quiropr\u00e1cticos identificar\u00e1n que actividades y h\u00e1bitos han causado la condici\u00f3n despu\u00e9s de un examen completo.\u00a0Identificar\u00e1n formas de ayudarlo a volver a su estilo de vida normal.<\/p>\n<p>Nuestros m\u00e9todos quiropr\u00e1cticos ayudan a restaurar, mantener y optimizar la funci\u00f3n y el bienestar humanos.\u00a0Combinamos tratamientos quiropr\u00e1cticos con fisioterapia y rehabilitaci\u00f3n para ayudar a controlar y aliviar las molestias y el dolor causados por la bursitis.<\/p>\n<h3>Ejercicios de estiramiento y fortalecimiento<\/h3>\n<p>Los ejercicios de estiramiento son muy importantes antes de realizar cualquier ejercicio f\u00edsico extenuante.\u00a0Ayudan a calentar las articulaciones y previenen da\u00f1os.\u00a0Los ejercicios de fortalecimiento ayudan a fortalecer los m\u00fasculos y tejidos adyacentes a las bolsas para proteger los sacos.<\/p>\n<h3>Terapia de ultrasonido<\/h3>\n<p>La terapia de ultrasonido\u00a0se usa com\u00fanmente para tratar la bursitis subacromial.\u00a0Ayuda a aliviar la hinchaz\u00f3n y el dolor asociados con la afecci\u00f3n.<\/p>\n<h3>Manipulaci\u00f3n de extremidades<\/h3>\n<p>Este es otro m\u00e9todo de tratamiento efectivo que usamos para tratar la bursitis.\u00a0Nuestro equipo de m\u00e9dicos altamente experimentados utilizar\u00e1 el m\u00e9todo de tratamiento m\u00e1s efectivo para tratar su afecci\u00f3n seg\u00fan la articulaci\u00f3n afectada.<\/p>\n<h2>\u00bfC\u00f3mo pueden nuestras oficinas proporcionar informaci\u00f3n a su abogado?<\/h2>\n<p>Es posible que pueda presentar un reclamo de compensaci\u00f3n laboral si la bursitis se debe a una lesi\u00f3n en las articulaciones relacionada con el trabajo o un caso de lesiones personales si la bursitis se debe a una lesi\u00f3n.\u00a0Lo ayudaremos a obtener el mejor tratamiento para su condici\u00f3n y, con su permiso, proporcionaremos informaci\u00f3n m\u00e9dica a su abogado.<\/p>\n<p>Podemos apoyar el caso de la siguiente manera:<\/p>\n<ul>\n<li>Env\u00edo de copias de sus registros m\u00e9dicos para ser utilizados como evidencia<\/li>\n<li>Presentaci\u00f3n de im\u00e1genes de rayos X y an\u00e1lisis de la gravedad de su bursitis<\/li>\n<li>Brindar testimonio m\u00e9dico sobre otros temas sobre el caso de los que podamos hablar, como cu\u00e1nto tiempo podr\u00eda llevar el tratamiento de su lesi\u00f3<\/li>\n<li>Proporcionar facturas m\u00e9dicas para demostrar los costos de su tratamiento en nuestras instalaciones.<\/li>\n<\/ul>\n<p>Si no tiene un abogado pero est\u00e1 interesado en presentar un caso de compensaci\u00f3n laboral o lesiones personales, es posible que podamos derivarlo a un abogado de nuestra red.<\/p>\n<h2>P\u00f3ngase en contacto con Hurt 911\u00ae hoy para recibir el mejor tratamiento de bursitis en Atlanta<\/h2>\n<p>Si sufre de bursitis, el equipo m\u00e9dico de Hurt 911\u00ae est\u00e1 aqu\u00ed para ayudarlo. Nos aseguraremos de que reciba el mejor tratamiento para la bursitis en Atlanta. Podemos ayudarlo a reducir el dolor y la informaci\u00f3n y mejorar su movilidad. Nuestro equipo experto de m\u00e9dicos se dedica a manejar su caso para que reciba la mejor atenci\u00f3n.<\/p>\n<p>Hurt 911\u00ae es su socio de confianza en Atlanta, Georgia. Llame al Hurt 911\u00ae Injury Center hoy al 855-475-2588 para obtener tratamientos altamente efectivos para la bursitis. Cuando elige Hurt 911\u00ae, tiene la tranquilidad de saber muy bien que su salud est\u00e1 en las mejores manos.<\/p>\n","protected":false},"excerpt":{"rendered":"<p>La bursitis es la inflamaci\u00f3n de las bursas, que son sacos llenos de l\u00edquido que amortiguan las articulaciones del cuerpo.\u00a0Estos sacos funcionan como superficies de amortiguaci\u00f3n y deslizamiento para reducir la fricci\u00f3n entre las articulaciones.\u00a0Las bolsas principales se encuentran junto a los tendones, cerca de las articulaciones grandes, como las rodillas, los hombros, las caderas [&hellip;]<\/p>\n","protected":false},"author":27,"featured_media":0,"parent":0,"menu_order":0,"comment_status":"closed","ping_status":"closed","template":"","meta":{"_acf_changed":false,"anchor_text":"","footnotes":""},"categories":[],"tags":[],"class_list":["post-5664","page","type-page","status-publish","hentry"],"acf":[],"_links":{"self":[{"href":"https:\/\/1800hurt911ga.com\/es\/wp-json\/wp\/v2\/pages\/5664","targetHints":{"allow":["GET"]}}],"collection":[{"href":"https:\/\/1800hurt911ga.com\/es\/wp-json\/wp\/v2\/pages"}],"about":[{"href":"https:\/\/1800hurt911ga.com\/es\/wp-json\/wp\/v2\/types\/page"}],"author":[{"embeddable":true,"href":"https:\/\/1800hurt911ga.com\/es\/wp-json\/wp\/v2\/users\/27"}],"replies":[{"embeddable":true,"href":"https:\/\/1800hurt911ga.com\/es\/wp-json\/wp\/v2\/comments?post=5664"}],"version-history":[{"count":8,"href":"https:\/\/1800hurt911ga.com\/es\/wp-json\/wp\/v2\/pages\/5664\/revisions"}],"predecessor-version":[{"id":16636,"href":"https:\/\/1800hurt911ga.com\/es\/wp-json\/wp\/v2\/pages\/5664\/revisions\/16636"}],"wp:attachment":[{"href":"https:\/\/1800hurt911ga.com\/es\/wp-json\/wp\/v2\/media?parent=5664"}],"wp:term":[{"taxonomy":"category","embeddable":true,"href":"https:\/\/1800hurt911ga.com\/es\/wp-json\/wp\/v2\/categories?post=5664"},{"taxonomy":"post_tag","embeddable":true,"href":"https:\/\/1800hurt911ga.com\/es\/wp-json\/wp\/v2\/tags?post=5664"}],"curies":[{"name":"wp","href":"https:\/\/api.w.org\/{rel}","templated":true}]}}