{"id":5670,"date":"2023-02-11T11:06:43","date_gmt":"2023-02-11T11:06:43","guid":{"rendered":"https:\/\/1800hurt911ga.com\/?page_id=5670"},"modified":"2025-07-23T14:41:39","modified_gmt":"2025-07-23T19:41:39","slug":"tratamiento-del-tunel-carpiano","status":"publish","type":"page","link":"https:\/\/1800hurt911ga.com\/es\/tratamiento-del-tunel-carpiano\/","title":{"rendered":"Tratamiento del t\u00fanel carpiano en Atlanta"},"content":{"rendered":"\t\t<div data-elementor-type=\"wp-page\" data-elementor-id=\"5670\" class=\"elementor elementor-5670\" data-elementor-post-type=\"page\">\n\t\t\t\t\t\t<section class=\"elementor-section elementor-top-section elementor-element elementor-element-f2b4d42 elementor-section-boxed elementor-section-height-default elementor-section-height-default\" data-id=\"f2b4d42\" data-element_type=\"section\" data-e-type=\"section\">\n\t\t\t\t\t\t<div class=\"elementor-container elementor-column-gap-default\">\n\t\t\t\t\t<div class=\"elementor-column elementor-col-100 elementor-top-column elementor-element elementor-element-48adc6e4\" data-id=\"48adc6e4\" data-element_type=\"column\" data-e-type=\"column\">\n\t\t\t<div class=\"elementor-widget-wrap elementor-element-populated\">\n\t\t\t\t\t\t<div class=\"elementor-element elementor-element-79c45d96 elementor-widget elementor-widget-text-editor\" data-id=\"79c45d96\" data-element_type=\"widget\" data-e-type=\"widget\" data-widget_type=\"text-editor.default\">\n\t\t\t\t\t\t\t\t\t<p>El s\u00edndrome del t\u00fanel carpiano ocurre como resultado de la tensi\u00f3n aplicada al nervio mediano.\u00a0Este es el nervio que va desde el antebrazo hasta la palma de la mano.\u00a0Cuando los tendones que se encuentran en el t\u00fanel carpiano se irritan o engrosan y comienzan a presionar el nervio mediano, es cuando comenzar\u00e1 a presentar s\u00edntomas del t\u00fanel carpiano.<\/p><p>En pocas palabras, es un nervio pellizcado o apretado en la mu\u00f1eca.\u00a0Para la mayor\u00eda de las personas, el dolor y otros s\u00edntomas asociados que resultan del t\u00fanel carpiano dificultan el cumplimiento de sus funciones normales.\u00a0Nuestro tratamiento del t\u00fanel carpiano en Atlanta se enfoca en mejorar la funcionalidad, remediar la causa y prevenir la aparici\u00f3n de los s\u00edntomas.<\/p><p>Nuestros fisioterapeutas en Atlanta son expertos con una amplia experiencia a la hora de tratar este s\u00edndrome. Cuando nos visita en Hurt 911\u00ae Injury Centers, utilizamos tratamientos avanzados y m\u00ednimamente invasivos para garantizar que nuestros pacientes se alivie de su dolor y otros s\u00edntomas asociados y ayudarlos a continuar con su vida. Hable con nuestros especialistas de Atlanta para obtener m\u00e1s informaci\u00f3n sobre la afecci\u00f3n y qu\u00e9 posibles tratamientos son ideales para su caso.<\/p><p>Comun\u00edquese con nuestras oficinas de Hurt 911\u00ae Injury Centers al 855-475-2588 para programar una evaluaci\u00f3n y recibir el tratamiento adecuado para el s\u00edndrome del t\u00fanel carpiano en Atlanta antes de que los s\u00edntomas empeoren.<\/p><h2>\u00bfCu\u00e1les son algunos de los factores que contribuyen al s\u00edndrome del t\u00fanel carpiano?<\/h2><p>Hay una serie de factores que se han relacionado con el s\u00edndrome del t\u00fanel carpiano.\u00a0Aunque es posible que no contribuyan directamente al s\u00edndrome del t\u00fanel carpiano, pueden aumentar el riesgo de da\u00f1o o irritaci\u00f3n del nervio mediano.<\/p><p>Algunos de estos factores incluyen:<\/p><ul><li><strong>Condiciones que da\u00f1an los nervios: <\/strong>Las condiciones cr\u00f3nicas como la diabetes aumentan las posibilidades de da\u00f1o a los nervios, lo que incluye lesiones en el nervio mediano.<\/li><li><strong>Medicamentos: <\/strong>Algunos estudios de investigaci\u00f3n han indicado una conexi\u00f3n entre el uso de anastrozol (Arimidex) y el s\u00edndrome del t\u00fanel carpiano, un medicamento utilizado para tratar el c\u00e1ncer de mama.<\/li><li><strong>Factores anat<\/strong><strong>\u00f3<\/strong><strong>micos: <\/strong>Una dislocaci\u00f3n o fractura de mu\u00f1eca, o artritis que distorsiona los huesos que se encuentran en la mu\u00f1eca, pueden cambiar la brecha en el t\u00fanel carpiano y, posteriormente, aplicar presi\u00f3n al nervio mediano. Adem\u00e1s, las personas con t\u00faneles carpianos peque\u00f1os tienen una mayor probabilidad de contraer el s\u00edndrome del t\u00fanel carpiano.<\/li><li><strong>Condiciones inflamatorias: <\/strong>La artritis reumatoide y otras condiciones asociadas que contienen un componente inflamatorio pueden afectar el revestimiento del tend\u00f3n que se encuentra en la mu\u00f1eca y comprimir el nervio mediano.<\/li><li><strong>Sexo:<\/strong> En general, el s\u00edndrome del t\u00fanel carpiano es m\u00e1s frecuente en las mujeres.\u00a0Esto se debe a que la regi\u00f3n del t\u00fanel carpiano es m\u00e1s peque\u00f1a en las mujeres que en los hombres.\u00a0Es probable que las mujeres que tienen el s\u00edndrome del t\u00fanel carpiano tengan t\u00faneles carpianos peque\u00f1os en comparaci\u00f3n con las mujeres que no lo tienen.<\/li><li><strong>Cambios en los fluidos corporales: <\/strong>La retenci\u00f3n de l\u00edquidos puede aumentar la presi\u00f3n en el t\u00fanel carpiano, lo que a su vez irrita el nervio mediano.\u00a0Esto ocurre principalmente durante la menopausia y el embarazo.\u00a0El s\u00edndrome del t\u00fanel carpiano relacionado con el embarazo generalmente mejora sin necesidad de tratamiento despu\u00e9s de la gestaci\u00f3<\/li><li><strong>Obesidad: <\/strong>La obesidad por s\u00ed sola es un factor de riesgo.\u00a0Se recomienda tener una dieta saludable y hacer ejercicio regularmente.<\/li><li><strong>Otras condiciones m\u00e9dicas<\/strong>: Las condiciones m\u00e9dicas como linfedema, insuficiencia renal, trastornos de la tiroides y la menopausia aumentan la probabilidad de contraer el s\u00edndrome del t\u00fanel carpiano.<\/li><li><strong>Factores del lugar de trabajo: <\/strong>Trabajar en una l\u00ednea de montaje u operar herramientas vibratorias que necesitan una flexi\u00f3n repetitiva o extendida en la mu\u00f1eca puede generar presi\u00f3n sobre el nervio mediano o aumentar el da\u00f1o del nervio ya existente, especialmente si el trabajo se realiza en condiciones de fr\u00edo.<\/li><\/ul><h2>\u00bfCu\u00e1les son algunos de los s\u00edntomas del s\u00edndrome del t\u00fanel carpiano?<\/h2><p>Los s\u00edntomas del s\u00edndrome del t\u00fanel carpiano\u00a0a menudo comienzan lentamente y pueden incluir:<\/p><h3>Entumecimiento u hormigueo<\/h3><p>Puede sentir entumecimiento y hormigueo en la mano o los dedos.\u00a0Las partes m\u00e1s com\u00fanmente afectadas son los dedos pulgar, anular, medio e \u00edndice, pero no el me\u00f1ique.\u00a0Es posible que sienta una sensaci\u00f3n de descarga el\u00e9ctrica que le sube por el brazo.\u00a0Los s\u00edntomas generalmente se experimentan mientras sostiene un peri\u00f3dico, papel o volante, o pueden despertarlo por la noche.<\/p><p>La mayor\u00eda de las personas se sacuden las manos en un intento de aliviar sus s\u00edntomas.\u00a0El entumecimiento puede volverse constante con el tiempo.<\/p><h3>Debilidad<\/h3><p>Puede comenzar a experimentar debilidad en la(s) mano(s) y tener la tendencia a dejar caer objetos.\u00a0Esto podr\u00eda deberse a un entumecimiento de la mano o la debilidad de los m\u00fasculos de presi\u00f3n del pulgar, que controla el nervio mediano.<\/p><p>Si presenta alguno de los s\u00edntomas del t\u00fanel carpiano mencionados, considere recibir tratamiento para el t\u00fanel carpiano en Atlanta con uno de nuestros m\u00e9dicos de manos comprometidos en Hurt 911\u00ae Injury Centers. Tenemos el conocimiento y la experiencia necesarios para manejar adecuadamente sus necesidades.<\/p><h2>\u00bfCu\u00e1les son algunos de los tratamientos comunes para el s\u00edndrome del t\u00fanel carpiano?<\/h2><p>El objetivo de buscar el tratamiento del t\u00fanel carpiano es aliviar la irritaci\u00f3n y la compresi\u00f3n del nervio de modo que terminen los s\u00edntomas asociados.<\/p><h3>F\u00e9rulas de mu\u00f1eca<\/h3><p>El uso de una f\u00e9rula para ayudar a estabilizar la mu\u00f1eca es un m\u00e9todo de tratamiento com\u00fan.\u00a0Las f\u00e9rulas para mu\u00f1eca ayudan a mitigar los s\u00edntomas nocturnos de entumecimiento y hormigueo que pueden inhibir el sue\u00f1o.\u00a0Esto implicar\u00e1 inmovilizar la mu\u00f1eca y la mano con una mu\u00f1equera o una f\u00e9rula durante unas 4 a 6 semanas.\u00a0Esto es m\u00e1s efectivo cuando se usa durante la noche.\u00a0Mantener la mu\u00f1eca firme y evitar torcerla excesivamente hacia atr\u00e1s o hacia adelante durante la noche ayuda a reducir la tensi\u00f3n en el nervio.<\/p><h3>Medicamentos antiinflamatorios<\/h3><p>Los AINE como el ibuprofeno (Motrin IB, Advil, otros) pueden ayudar a aliviar el dolor relacionado con el s\u00edndrome del t\u00fanel carpiano y tambi\u00e9n para prevenir la hinchaz\u00f3n.<\/p><h3>Terapia f\u00edsica<\/h3><p>Esto implicar\u00e1 ejercicios de estiramiento y fortalecimiento cuando los s\u00edntomas disminuyan.\u00a0El prop\u00f3sito de la fisioterapia es recuperar la fuerza de la mu\u00f1eca.<\/p><p><a href=\"https:\/\/1800hurt911ga.com\/wp-content\/uploads\/2021\/08\/Carpal-tunnel-treatment-in-Atlanta.jpg\"><img fetchpriority=\"high\" decoding=\"async\" class=\"alignnone wp-image-1569 size-full\" src=\"https:\/\/1800hurt911ga.com\/wp-content\/uploads\/2021\/08\/Carpal-tunnel-treatment-in-Atlanta.jpg\" alt=\"Concept of carpal tunnel treatment in Atlanta\" width=\"500\" height=\"375\" srcset=\"https:\/\/1800hurt911ga.com\/wp-content\/uploads\/2021\/08\/Carpal-tunnel-treatment-in-Atlanta.jpg 500w, https:\/\/1800hurt911ga.com\/wp-content\/uploads\/2021\/08\/Carpal-tunnel-treatment-in-Atlanta-300x225.jpg 300w\" sizes=\"(max-width: 500px) 100vw, 500px\" \/><\/a><\/p><h3>Inyecciones<\/h3><p>Su m\u00e9dico tratante puede decidir inyectar la regi\u00f3n del t\u00fanel carpiano con un corticoesteroide como la cortisona para aliviar el dolor.\u00a0Los corticosteroides reducen la hinchaz\u00f3n y la inflamaci\u00f3n, lo que reduce la tensi\u00f3n en el nervio mediano.<\/p><h3>Cirug\u00eda<\/h3><p>Si los s\u00edntomas que experimenta no mejoran o empeoran, su m\u00e9dico puede recomendarle que se someta a una cirug\u00eda para crear m\u00e1s espacio para el nervio.\u00a0La cirug\u00eda del t\u00fanel carpiano est\u00e1 destinada a reducir la tensi\u00f3n al hacer una incisi\u00f3n en el ligamento qu\u00e9 presiona el nervio mediano.<\/p><p>Al hacer una incisi\u00f3n en el ligamento que se forma sobre el t\u00fanel carpiano, se puede reducir la tensi\u00f3n en el nervio.\u00a0El corte permite al m\u00e9dico tratante crear m\u00e1s espacio en el t\u00fanel y aliviar la compresi\u00f3n del nervio mediano.<\/p><p>Lo mejor es discutir su opci\u00f3n con su m\u00e9dico primero.\u00a0El corte estar\u00e1 cubierto por alrededor de 2 semanas, de donde se retirar\u00e1n las suturas.\u00a0A medida que los s\u00edntomas disminuyan, podr\u00e1 reanudar sus actividades normales.\u00a0Puede tomar alrededor de 6 semanas para que se recupere por completo.<\/p><h2>\u00bfPuede el tratamiento quiropr\u00e1ctico ayudar con el s\u00edndrome del t\u00fanel carpiano?<\/h2><p>La manipulaci\u00f3n de las extremidades implica realizar empujones r\u00e1pidos pero contundentes para manipular las articulaciones.\u00a0Se ha demostrado que los ajustes quiropr\u00e1cticos\u00a0en la mu\u00f1eca mediante t\u00e9cnicas de liberaci\u00f3n activa son una estrategia eficaz de tratamiento del dolor para las personas que padecen el s\u00edndrome del t\u00fanel carpiano, seg\u00fan un estudio de 2006 publicado en el Journal of Chiropractic Medicine.<\/p><p>Si su dolor o incomodidad llega a otras partes de su cuerpo, como su cuello debido a una mala postura al trabajar en un escritorio de oficina, entonces uno de nuestros m\u00e9dicos tambi\u00e9n usar\u00e1 otras t\u00e9cnicas de ajuste para aliviar su dolor y realinear su m\u00e9dula espinal.\u00a0Este tipo de procedimiento a menudo requiere varias sesiones para que se puedan realizar cuidados correctivos a medida que su cuerpo pasa por la rehabilitaci\u00f3n.<\/p><h2>\u00bfQu\u00e9 tipos de fisioterapia se utilizan para el s\u00edndrome del t\u00fanel carpiano?<\/h2><p>Los tipos de fisioterapia que se utilizan para tratar el s\u00edndrome del t\u00fanel carpiano incluyen:<\/p><h3>Terapia de Masajes<\/h3><p>Los primeros estudios han demostrado qu\u00e9 ciertas t\u00e9cnicas de terapia de masaje pueden ayudar a disminuir los s\u00edntomas del STC.<\/p><h3>Terapia de ultrasonido<\/h3><p>La terapia de ultrasonido\u00a0concentrado\u00a0se puede utilizar para aumentar la temperatura de cierta parte del tejido corporal con el objetivo de aliviar el dolor y estimular la curaci\u00f3n.\u00a0Los estudios han revelado inconsistencias con este tipo de terapia, pero una serie de terapias de ultrasonido de alta intensidad durante varias semanas puede ayudar a mitigar los s\u00edntomas asociados.<\/p><h3>Terapia de Estimulaci\u00f3n Muscular El\u00e9ctrica (E-ESTIM)<\/h3><p>Aqu\u00ed, se colocar\u00e1n dos electrodos en m\u00fasculos espec\u00edficos de la piel para evaluar la actividad el\u00e9ctrica de los m\u00fasculos cuando descansan y se contraen.\u00a0Se pasa una peque\u00f1a descarga el\u00e9ctrica a trav\u00e9s del nervio mediano para estimular los impulsos el\u00e9ctricos producidos en los m\u00fasculos de su nervio mediano.\u00a0(E-ESTIM) est\u00e1 destinado a mejorar los s\u00edntomas del t\u00fanel carpiano.<\/p><h3>Ejercicios de estiramiento y fortalecimiento<\/h3><p>Los ejercicios como las posturas de yoga est\u00e1n destinados a estirar, fortalecer y equilibrar las articulaciones y la parte superior del cuerpo, lo que ayuda a disminuir el dolor y fomenta la fuerza de agarre.<\/p><h2>Cont\u00e1ctenos hoy para el mejor tratamiento del t\u00fanel carpiano en Atlanta<\/h2><p>Cuando el nervio mediano se somete a presi\u00f3n, algunos de los s\u00edntomas comunes que se presentan pueden incluir dolor, debilidad, hormigueo y entumecimiento en los dedos, la mano y el brazo.\u00a0El tratamiento adecuado suele mitigar el entumecimiento y el hormigueo y recupera la funcionalidad de la mano y la mu\u00f1eca.\u00a0Entonces, \u00bfsientes algo de tensi\u00f3n en las mu\u00f1ecas?\u00a0La mayor\u00eda de las personas tienen signos del s\u00edndrome del t\u00fanel carpiano sin que se den cuenta.<\/p><p>Si se encuentra mostrando signos de esta condici\u00f3n frecuente y dolorosa, podemos ayudarlo. Los m\u00e9dicos de Hurt 911\u00ae Injury Centers en Atlanta son expertos con mucha experiencia en el tratamiento de este s\u00edndrome.<\/p><h3><span style=\"font-size: 16px;\">En Hurt 911\u00ae Injury Centers brindamos un tratamiento experto del t\u00fanel carpiano en Atlanta y definitivamente podemos ayudarlo a mejorar su calidad de vida. Si tiene s\u00edntomas y cree que podr\u00edan ser el resultado del s\u00edndrome del t\u00fanel carpiano, comun\u00edquese con nosotros ahora y programe una consulta con nuestros especialistas. Si tiene alguna pregunta para nosotros o desea programar una cita, puede comunicarse con nosotros al\u00a0<a href=\"tel:+18554752588\" data-uw-rm-brl=\"exc\" aria-label=\"llamar al +18554752588\" data-uw-rm-vglnk=\"\">855-475-2588<\/a>.<\/span><\/h3>\t\t\t\t\t\t\t\t<\/div>\n\t\t\t\t\t<\/div>\n\t\t<\/div>\n\t\t\t\t\t<\/div>\n\t\t<\/section>\n\t\t\t\t<\/div>\n\t\t","protected":false},"excerpt":{"rendered":"<p>El s\u00edndrome del t\u00fanel carpiano ocurre como resultado de la tensi\u00f3n aplicada al nervio mediano.\u00a0Este es el nervio que va desde el antebrazo hasta la palma de la mano.\u00a0Cuando los tendones que se encuentran en el t\u00fanel carpiano se irritan o engrosan y comienzan a presionar el nervio mediano, es cuando comenzar\u00e1 a presentar s\u00edntomas [&hellip;]<\/p>\n","protected":false},"author":27,"featured_media":0,"parent":0,"menu_order":0,"comment_status":"closed","ping_status":"closed","template":"","meta":{"_acf_changed":false,"anchor_text":"","footnotes":""},"categories":[],"tags":[39],"class_list":["post-5670","page","type-page","status-publish","hentry","tag-carpal-tunnel"],"acf":[],"_links":{"self":[{"href":"https:\/\/1800hurt911ga.com\/es\/wp-json\/wp\/v2\/pages\/5670","targetHints":{"allow":["GET"]}}],"collection":[{"href":"https:\/\/1800hurt911ga.com\/es\/wp-json\/wp\/v2\/pages"}],"about":[{"href":"https:\/\/1800hurt911ga.com\/es\/wp-json\/wp\/v2\/types\/page"}],"author":[{"embeddable":true,"href":"https:\/\/1800hurt911ga.com\/es\/wp-json\/wp\/v2\/users\/27"}],"replies":[{"embeddable":true,"href":"https:\/\/1800hurt911ga.com\/es\/wp-json\/wp\/v2\/comments?post=5670"}],"version-history":[{"count":17,"href":"https:\/\/1800hurt911ga.com\/es\/wp-json\/wp\/v2\/pages\/5670\/revisions"}],"predecessor-version":[{"id":16554,"href":"https:\/\/1800hurt911ga.com\/es\/wp-json\/wp\/v2\/pages\/5670\/revisions\/16554"}],"wp:attachment":[{"href":"https:\/\/1800hurt911ga.com\/es\/wp-json\/wp\/v2\/media?parent=5670"}],"wp:term":[{"taxonomy":"category","embeddable":true,"href":"https:\/\/1800hurt911ga.com\/es\/wp-json\/wp\/v2\/categories?post=5670"},{"taxonomy":"post_tag","embeddable":true,"href":"https:\/\/1800hurt911ga.com\/es\/wp-json\/wp\/v2\/tags?post=5670"}],"curies":[{"name":"wp","href":"https:\/\/api.w.org\/{rel}","templated":true}]}}