{"id":5675,"date":"2023-02-11T11:39:11","date_gmt":"2023-02-11T11:39:11","guid":{"rendered":"https:\/\/1800hurt911ga.com\/?page_id=5675"},"modified":"2025-07-24T07:48:08","modified_gmt":"2025-07-24T12:48:08","slug":"tratamiento-de-lesiones-en-la-cabeza","status":"publish","type":"page","link":"https:\/\/1800hurt911ga.com\/es\/tratamiento-de-lesiones-en-la-cabeza\/","title":{"rendered":"Tratamiento de lesiones en la cabeza en Atlanta"},"content":{"rendered":"\t\t<div data-elementor-type=\"wp-page\" data-elementor-id=\"5675\" class=\"elementor elementor-5675\" data-elementor-post-type=\"page\">\n\t\t\t\t\t\t<section class=\"elementor-section elementor-top-section elementor-element elementor-element-24885a66 elementor-section-boxed elementor-section-height-default elementor-section-height-default\" data-id=\"24885a66\" data-element_type=\"section\" data-e-type=\"section\">\n\t\t\t\t\t\t<div class=\"elementor-container elementor-column-gap-default\">\n\t\t\t\t\t<div class=\"elementor-column elementor-col-100 elementor-top-column elementor-element elementor-element-52a457a0\" data-id=\"52a457a0\" data-element_type=\"column\" data-e-type=\"column\">\n\t\t\t<div class=\"elementor-widget-wrap elementor-element-populated\">\n\t\t\t\t\t\t<div class=\"elementor-element elementor-element-28f87b72 elementor-widget elementor-widget-text-editor\" data-id=\"28f87b72\" data-element_type=\"widget\" data-e-type=\"widget\" data-widget_type=\"text-editor.default\">\n\t\t\t\t\t\t\t\t\t<p>Un traumatismo craneoencef\u00e1lico es cualquier tipo de alteraci\u00f3n del funcionamiento f\u00edsico o ps\u00edquico relacionado con un golpe en la cabeza. Seg\u00fan datos de los CCPE (Centros para el Control y la Prevenci\u00f3n de Enfermedades), m\u00e1s de 50,000 personas mueren cada a\u00f1o a causa de lesiones graves en la cabeza en los EE. UU., y m\u00e1s del doble de este n\u00famero sufre una discapacidad permanente. Una lesi\u00f3n en la cabeza puede alterar la vida, especialmente si se trata de una lesi\u00f3n cerebral traum\u00e1tica grave. Si experimenta una lesi\u00f3n en la cabeza, es imperativo encontrar el tratamiento adecuado para lesiones en la cabeza en Atlanta. Considere comunicarse con los Centros de lesiones Hurt 911\u00ae para obtener la mejor soluci\u00f3n. Nuestro equipo de m\u00e9dicos y <a href=\"https:\/\/1800hurt911ga.com\/atlanta\/physiotherapy-services\/\">fisioterapeutas<\/a>\u00a0experimentados conoce los m\u00e9todos y el tratamiento que funcionan para los diferentes tipos de lesiones en la cabeza y dise\u00f1ar\u00e1 un tratamiento dise\u00f1ado espec\u00edficamente para usted o su ser querido.\u00a0Ll\u00e1menos hoy al\u00a0855-475-2588\u00a0para tratamiento inmediato de lesiones en la cabeza en Atlanta.<\/p><h2>\u00bfCu\u00e1les son algunos de los diferentes tipos de lesiones en la cabeza?<\/h2><p>Nuestros m\u00e9dicos en Atlanta tratan varios tipos diferentes de lesiones en la cabeza y causas de dolor de cabeza.<\/p><h3>dolores de cabeza<\/h3><p>Un dolor de cabeza es uno de los s\u00edntomas principales de una lesi\u00f3n en la cabeza.\u00a0Seg\u00fan los CDC, el 30 % de las personas informa haber experimentado dolores de cabeza, que contin\u00faan mucho despu\u00e9s de la lesi\u00f3n.\u00a0Hay muchos tipos de dolores de cabeza, pero los m\u00e1s comunes incluyen:<\/p><ul><li><strong>Migra\u00f1as: <\/strong>Estos tipos de dolores de cabeza ocurren despu\u00e9s de que una regi\u00f3n del cerebro se vuelve hipersensible.\u00a0Las migra\u00f1as tienden a desencadenar se\u00f1ales de dolor que se propagan a otras secciones del cerebro como ondas.<\/li><li><strong>Dolores de cabeza por tensi\u00f3n: <\/strong>Estos tipos de dolores de cabeza est\u00e1n relacionados con el estr\u00e9s, los espasmos musculares o la tensi\u00f3n muscular.<\/li><li><strong>Dolores de cabeza cervicog\u00e9nicos: <\/strong>Ocurren cuando ha habido alg\u00fan tipo de lesi\u00f3n en los tejidos blandos o m\u00fasculos en la parte posterior de la cabeza y el cuello. Los numerosos nervios que se encuentran en los huesos y tejidos del cuello tienen ramificaciones que llegan hasta el cuero cabelludo y el cr\u00e1neo, por lo que las lesiones pueden provocar dolor de cabeza.<\/li><\/ul><h3>Lesiones Cerebrales Traum\u00e1ticas<\/h3><p>Un golpe repentino en la cabeza o traumas f\u00edsicos similares pueden provocar una lesi\u00f3n en el cerebro, tambi\u00e9n conocida como lesiones cerebrales traum\u00e1ticas.\u00a0Estos tipos de lesiones ocurren con m\u00e1s frecuencia de lo que la mayor\u00eda de la gente supone y pueden tener efectos temporales y permanentes en la funcionalidad del cerebro.<\/p><h3>Fracturas de cr\u00e1neo<\/h3><p>Una fractura de cr\u00e1neo se puede definir como una ruptura en el cr\u00e1neo o el hueso craneal.\u00a0Estas fracturas ocurren cuando una fuerza que es lo suficientemente fuerte como para golpear el hueso golpea el cr\u00e1neo.\u00a0Cualquier forma de impacto en la cabeza puede resultar en una fractura craneal.\u00a0Esto incluye lesiones en la cabeza durante un accidente automovil\u00edstico, golpear el suelo con una fuerza considerable, ser golpeado con un objeto o cualquier otra forma de trauma.\u00a0Los signos o s\u00edntomas de una fractura de cr\u00e1neo incluyen sangrado de los o\u00eddos o las fosas nasales, hematomas faciales y sensibilidad o hinchaz\u00f3n alrededor de la regi\u00f3n del impacto.<\/p><h2>\u00bfQu\u00e9 es la lesi\u00f3n cerebral traum\u00e1tica (LCT)?<\/h2><p>Tambi\u00e9n conocida como TBI, una lesi\u00f3n cerebral traum\u00e1tica es una forma de lesi\u00f3n en la cabeza que resulta de una lesi\u00f3n por perforaci\u00f3n o impacto fuerte que afecta el funcionamiento normal del cerebro.\u00a0Una lesi\u00f3n cerebral traum\u00e1tica puede ocurrir si un objeto golpea la cabeza con violencia o cuando algo rompe el cr\u00e1neo y penetra el tejido cerebral.\u00a0El da\u00f1o del tejido cerebral puede provocar cambios en el estado mental, la conciencia e incluso la personalidad.\u00a0Las lesiones cerebrales traum\u00e1ticas pueden ser leves, moderadas o graves, seg\u00fan la extensi\u00f3n del da\u00f1o al tejido cerebral.\u00a0Una forma leve de TBI puede provocar peque\u00f1os cambios en las funciones cerebrales y p\u00e9rdida del conocimiento a corto plazo.\u00a0Una lesi\u00f3n cerebral traum\u00e1tica grave puede provocar inconsciencia a largo plazo o coma.<\/p><h2>\u00bfCu\u00e1les son algunas de las causas comunes de LCT?<\/h2><p>La causa principal de TBI es el da\u00f1o a los tejidos cerebrales.\u00a0Estos tejidos pueden sufrir da\u00f1os debido a un golpe repentino en la cabeza, golpes en la cabeza, sacudidas y otras formas de lesiones en la cabeza.\u00a0Seg\u00fan las estad\u00edsticas, la mayor\u00eda de las lesiones cerebrales traum\u00e1ticas son causadas por accidentes automovil\u00edsticos, lesiones en el lugar de trabajo y resbalones y ca\u00eddas.<\/p><h2>\u00bfCu\u00e1les son los s\u00edntomas de la LCT?<\/h2><p>Los\u00a0s\u00edntomas de una lesi\u00f3n cerebral traum\u00e1tica\u00a0pueden no ser evidentes inmediatamente despu\u00e9s de un impacto en la cabeza y pueden comenzar a aparecer varios d\u00edas o una semana despu\u00e9s del accidente.\u00a0Algunos de los s\u00edntomas de una lesi\u00f3n cerebral traum\u00e1tica incluyen:<\/p><ul><li>Falta de funci\u00f3n cognitiva o confusi\u00f3n.<\/li><li>Dolores de cabeza<\/li><li>Semicomatoso o estado de coma<\/li><li>Falta de coordinaci\u00f3n y problemas de equilibrio.<\/li><li>Excreci\u00f3n de l\u00edquido cefalorraqu\u00eddeo por la nariz o los o\u00eddos<\/li><li>Cambios en la capacidad auditiva<\/li><li>Tasa de respiraci\u00f3n m\u00e1s lenta acompa\u00f1ada de aumento de la presi\u00f3n arterial<\/li><li>Dificultad para hablar<\/li><li>Dificultad para mover las partes del cuerpo.<\/li><li>Problemas de visi\u00f3n<\/li><li>P\u00e9rdida del control de la vejiga.<\/li><\/ul><p><a href=\"https:\/\/1800hurt911ga.com\/wp-content\/uploads\/2021\/08\/head-injury-treatment-in-Atlanta.jpg\"><img fetchpriority=\"high\" decoding=\"async\" class=\"alignnone wp-image-1628 size-full\" src=\"https:\/\/1800hurt911ga.com\/wp-content\/uploads\/2021\/08\/head-injury-treatment-in-Atlanta.jpg\" alt=\"Concept of head injury treatment in Atlanta\" width=\"500\" height=\"333\" srcset=\"https:\/\/1800hurt911ga.com\/wp-content\/uploads\/2021\/08\/head-injury-treatment-in-Atlanta.jpg 500w, https:\/\/1800hurt911ga.com\/wp-content\/uploads\/2021\/08\/head-injury-treatment-in-Atlanta-300x200.jpg 300w\" sizes=\"(max-width: 500px) 100vw, 500px\" \/><\/a><\/p><h2>\u00bfCu\u00e1les son algunos datos sobre las lesiones cerebrales traum\u00e1ticas?<\/h2><p>Aqu\u00ed hay varios datos importantes sobre las lesiones cerebrales traum\u00e1ticas que quiz\u00e1s no conozca.<\/p><h3>Dato #1<\/h3><p>Las lesiones cerebrales traum\u00e1ticas generalmente se conocen como epidemias silenciosas.\u00a0Alrededor\u00a0de 1,7 millones de personas en los EE. UU. sufren LCT\u00a0cada a\u00f1o y aproximadamente el 75 % de ellos experimentan conmociones cerebrales o lesiones cerebrales leves.<\/p><h3>Dato #2<\/h3><p>Alrededor del 90% de las lesiones cerebrales traum\u00e1ticas conducen a alg\u00fan tipo de problema visual.\u00a0Seg\u00fan la Asociaci\u00f3n de Rehabilitaci\u00f3n Neuro-Optom\u00e9trica, alrededor del 90% de las v\u00edctimas de TBI experimentan alg\u00fan tipo de discapacidad visual debido a una conmoci\u00f3n cerebral.\u00a0Algunos de estos problemas incluyen:<\/p><ul><li>Sensibilidad a la luz o fotofobia<\/li><li>Dolores de cabeza como resultado de la fatiga visual<\/li><li>Visi\u00f3n borrosa<\/li><li>P\u00e9rdida de la visi\u00f3n perif\u00e9rica<\/li><li>Dificultad para leer<\/li><\/ul><h3>Dato #3<\/h3><p>Una conmoci\u00f3n cerebral no resulta autom\u00e1ticamente en la inconsciencia.\u00a0Una conmoci\u00f3n cerebral es una forma leve de lesi\u00f3n cerebral traum\u00e1tica, pero solo alrededor del 10 por ciento de los casos de conmoci\u00f3n cerebral conducen a la p\u00e9rdida del conocimiento.<\/p><h3>Dato #4<\/h3><p>Tanto los efectos tempranos como los tard\u00edos de la lesi\u00f3n cerebral traum\u00e1tica suelen ser incapacitantes.\u00a0La lesi\u00f3n cerebral traum\u00e1tica es una de las causas m\u00e1s comunes de muerte en sobrevivientes de accidentes y adultos j\u00f3venes.\u00a0Desafortunadamente, estas incidencias est\u00e1n aumentando a un ritmo alarmante en pa\u00edses de bajos y medianos ingresos.<\/p><h2>\u00bfCu\u00e1l es el proceso de diagn\u00f3stico de una lesi\u00f3n traum\u00e1tica en la cabeza?<\/h2><p>El tratamiento de una lesi\u00f3n en la cabeza depende tanto del tipo como de su condici\u00f3n.\u00a0Para evaluar la gravedad de la lesi\u00f3n, un m\u00e9dico realizar\u00e1 ex\u00e1menes f\u00edsicos y neurol\u00f3gicos, incluidas pruebas de imagen.\u00a0Primero, el m\u00e9dico buscar\u00e1 signos de traumatismo, como hinchaz\u00f3n y hematomas.\u00a0Tambi\u00e9n es probable que le realicen un examen neurol\u00f3gico en el que verificar\u00e1n la funci\u00f3n nerviosa mediante la evaluaci\u00f3n de la fuerza y el control muscular, la sensaci\u00f3n, el movimiento ocular, etc. Luego, realizar\u00e1n una o m\u00e1s pruebas de im\u00e1genes, que incluyen:<\/p><h3>Radiograf\u00eda<\/h3><p>Una radiograf\u00eda es una forma de formaci\u00f3n de im\u00e1genes que consiste en exponer la secci\u00f3n lesionada del cuerpo a una peque\u00f1a dosis de radiaci\u00f3n (rayos X) para producir im\u00e1genes de los huesos. Los m\u00e9dicos usan radiograf\u00edas de la cabeza para detectar y evaluar fracturas de cr\u00e1neo. Sin embargo, este tipo de im\u00e1genes rara vez se realiza hoy en d\u00eda, ya que no puede evaluar los tejidos cerebrales. Adem\u00e1s, las tomograf\u00edas computarizadas tienden a mostrar fracturas del cr\u00e1neo con mayor claridad en comparaci\u00f3n con una radiograf\u00eda.<\/p><h2><img decoding=\"async\" class=\"alignnone wp-image-1629 size-full\" src=\"https:\/\/1800hurt911ga.com\/wp-content\/uploads\/2021\/08\/head-injury-treatment-in-Atlanta-diagnosis.jpg\" alt=\"Head injury treatment in Atlanta\" width=\"500\" height=\"333\" srcset=\"https:\/\/1800hurt911ga.com\/wp-content\/uploads\/2021\/08\/head-injury-treatment-in-Atlanta-diagnosis.jpg 500w, https:\/\/1800hurt911ga.com\/wp-content\/uploads\/2021\/08\/head-injury-treatment-in-Atlanta-diagnosis-300x200.jpg 300w\" sizes=\"(max-width: 500px) 100vw, 500px\" \/><\/h2><h3>Resonancia magn\u00e9tica<\/h3><p>La resonancia magn\u00e9tica es el uso de pulsos de radiofrecuencia, un fuerte campo magn\u00e9tico y una computadora para tomar fotograf\u00edas detalladas de huesos, tejidos blandos, \u00f3rganos y otras estructuras internas del cuerpo.\u00a0Los m\u00e9dicos utilizan la resonancia magn\u00e9tica, incluidas t\u00e9cnicas especiales de exploraci\u00f3n por resonancia magn\u00e9tica conocidas como espectroscopia por resonancia magn\u00e9tica, im\u00e1genes ponderadas por difusi\u00f3n e im\u00e1genes por tensor de difusi\u00f3n, para ayudar a evaluar las lesiones cerebrales que no son tan evidentes con una resonancia magn\u00e9tica convencional.<\/p><h3>Tomograf\u00eda computarizada<\/h3><p>La tomograf\u00eda computarizada es una forma de escaneo que combina equipos especializados de rayos X con computadoras para crear fotograf\u00edas o im\u00e1genes de la cabeza y el cerebro.\u00a0Los m\u00e9dicos utilizan\u00a0tomograf\u00edas computarizadas\u00a0para detectar lesiones cerebrales, fracturas craneales, hinchaz\u00f3n y sangrado.\u00a0Los m\u00e9dicos entienden claramente que es m\u00e1s importante determinar si existe una lesi\u00f3n subyacente en el cerebro para determinar el mejor tratamiento.\u00a0Como tal, las tomograf\u00edas computarizadas y las resonancias magn\u00e9ticas se usan con m\u00e1s frecuencia que las radiograf\u00edas.<\/p><h2>\u00bfCu\u00e1les son algunas de las diferentes formas de tratamiento para las lesiones cerebrales traum\u00e1ticas?<\/h2><p>Como se mencion\u00f3 anteriormente, el tratamiento de una lesi\u00f3n en la cabeza depende del tipo y la extremidad de la lesi\u00f3n.\u00a0Por lo general, no hay s\u00edntomas con lesiones menores en la cabeza adem\u00e1s del dolor en la regi\u00f3n afectada.\u00a0En tal situaci\u00f3n, se le puede pedir que tome Tylenol (paracetamol) para tratar el dolor.\u00a0Incluso si la lesi\u00f3n en la cabeza parece menor, es recomendable vigilar su condici\u00f3n para asegurarse de que no empeore.\u00a0No es cierto que no deba dormir despu\u00e9s de sufrir una lesi\u00f3n en la cabeza, pero debe despertarse cada 2 horas para verificar si hay nuevos s\u00edntomas.\u00a0Si desarrolla s\u00edntomas nuevos o que empeoran, debe volver a consultar a su m\u00e9dico.\u00a0Si la lesi\u00f3n es grave, es posible que deba ser hospitalizado.\u00a0El tratamiento que reciba depender\u00e1 del diagn\u00f3stico de lesi\u00f3n en la cabeza, pero los m\u00e1s comunes son:<\/p><h3>Medicamento<\/h3><p>Corre el riesgo de sufrir convulsiones despu\u00e9s de una lesi\u00f3n grave en la cabeza y, por lo tanto, es posible que deba tomar medicamentos anticonvulsivos.\u00a0Si la lesi\u00f3n provoca una acumulaci\u00f3n de presi\u00f3n en el cerebro, es posible que deba tomar diur\u00e9ticos.\u00a0Este tipo de medicamento da como resultado una mayor excreci\u00f3n de l\u00edquido, lo que puede ayudar a aliviar parte de la presi\u00f3n.\u00a0Si la lesi\u00f3n es extremadamente grave, es posible que le den medicamentos para ponerlo en un estado de coma inducido.\u00a0Este puede ser un tratamiento ideal si los vasos sangu\u00edneos han sufrido da\u00f1o.\u00a0Cuando est\u00e1 en estado de coma, el cerebro no necesita tantos nutrientes y ox\u00edgeno como normalmente requiere.<\/p><h3>Cirug\u00eda<\/h3><p>Tambi\u00e9n puede ser necesario someterse a una cirug\u00eda de emergencia para evitar un mayor da\u00f1o cerebral.\u00a0Es posible que el m\u00e9dico deba realizar una cirug\u00eda para reparar el cr\u00e1neo, extirpar un hematoma o liberar parte de la presi\u00f3n en el cr\u00e1neo.<\/p><h3>Rehabilitaci\u00f3n<\/h3><p>Despu\u00e9s de una lesi\u00f3n grave en la cabeza, lo m\u00e1s probable es que necesite rehabilitaci\u00f3n.\u00a0La forma de rehabilitaci\u00f3n que reciba depender\u00e1 del tipo de funcionalidad que haya perdido debido a la lesi\u00f3n.\u00a0Las personas que han sufrido lesiones graves en la cabeza generalmente necesitar\u00e1n ayuda para recuperar el habla y la movilidad.\u00a0Por eso es tan importante que encuentre a los mejores m\u00e9dicos y especialistas para brindarle el tipo correcto de tratamiento de lesiones en la cabeza en Atlanta.<\/p><h2>Si necesita tratamiento de lesiones en la cabeza en Atlanta, \u00a1llame a nuestras oficinas hoy!<\/h2><p>Las lesiones en la cabeza, ya sean leves o graves, pueden cambiar la vida con efectos duraderos. Si ha sufrido una lesi\u00f3n en la cabeza, no espere! Comun\u00edquese con Hurt 911\u00ae Injury Centers llamando al 855-475-2588 para programar una cita hoy. Nuestro equipo de m\u00e9dicos y fisioterapeutas experimentados conocen los m\u00e9todos y tratamientos que funcionan para los diferentes tipos de lesiones en la cabeza y adaptar\u00e1n el tratamiento adecuado.<\/p>\t\t\t\t\t\t\t\t<\/div>\n\t\t\t\t\t<\/div>\n\t\t<\/div>\n\t\t\t\t\t<\/div>\n\t\t<\/section>\n\t\t\t\t<\/div>\n\t\t","protected":false},"excerpt":{"rendered":"<p>Un traumatismo craneoencef\u00e1lico es cualquier tipo de alteraci\u00f3n del funcionamiento f\u00edsico o ps\u00edquico relacionado con un golpe en la cabeza. Seg\u00fan datos de los CCPE (Centros para el Control y la Prevenci\u00f3n de Enfermedades), m\u00e1s de 50,000 personas mueren cada a\u00f1o a causa de lesiones graves en la cabeza en los EE. UU., y m\u00e1s [&hellip;]<\/p>\n","protected":false},"author":27,"featured_media":0,"parent":0,"menu_order":0,"comment_status":"closed","ping_status":"closed","template":"","meta":{"_acf_changed":false,"anchor_text":"","footnotes":""},"categories":[],"tags":[],"class_list":["post-5675","page","type-page","status-publish","hentry"],"acf":[],"_links":{"self":[{"href":"https:\/\/1800hurt911ga.com\/es\/wp-json\/wp\/v2\/pages\/5675","targetHints":{"allow":["GET"]}}],"collection":[{"href":"https:\/\/1800hurt911ga.com\/es\/wp-json\/wp\/v2\/pages"}],"about":[{"href":"https:\/\/1800hurt911ga.com\/es\/wp-json\/wp\/v2\/types\/page"}],"author":[{"embeddable":true,"href":"https:\/\/1800hurt911ga.com\/es\/wp-json\/wp\/v2\/users\/27"}],"replies":[{"embeddable":true,"href":"https:\/\/1800hurt911ga.com\/es\/wp-json\/wp\/v2\/comments?post=5675"}],"version-history":[{"count":20,"href":"https:\/\/1800hurt911ga.com\/es\/wp-json\/wp\/v2\/pages\/5675\/revisions"}],"predecessor-version":[{"id":16624,"href":"https:\/\/1800hurt911ga.com\/es\/wp-json\/wp\/v2\/pages\/5675\/revisions\/16624"}],"wp:attachment":[{"href":"https:\/\/1800hurt911ga.com\/es\/wp-json\/wp\/v2\/media?parent=5675"}],"wp:term":[{"taxonomy":"category","embeddable":true,"href":"https:\/\/1800hurt911ga.com\/es\/wp-json\/wp\/v2\/categories?post=5675"},{"taxonomy":"post_tag","embeddable":true,"href":"https:\/\/1800hurt911ga.com\/es\/wp-json\/wp\/v2\/tags?post=5675"}],"curies":[{"name":"wp","href":"https:\/\/api.w.org\/{rel}","templated":true}]}}