{"id":5697,"date":"2023-02-11T12:04:28","date_gmt":"2023-02-11T12:04:28","guid":{"rendered":"https:\/\/1800hurt911ga.com\/?page_id=5697"},"modified":"2025-07-23T13:01:50","modified_gmt":"2025-07-23T18:01:50","slug":"tratamiento-de-lesiones-de-la-columna","status":"publish","type":"page","link":"https:\/\/1800hurt911ga.com\/es\/tratamiento-de-lesiones-de-la-columna\/","title":{"rendered":"Tratamiento de lesiones de la columna en Atlanta"},"content":{"rendered":"\t\t<div data-elementor-type=\"wp-page\" data-elementor-id=\"5697\" class=\"elementor elementor-5697\" data-elementor-post-type=\"page\">\n\t\t\t\t\t\t<section class=\"elementor-section elementor-top-section elementor-element elementor-element-3445e72f elementor-section-boxed elementor-section-height-default elementor-section-height-default\" data-id=\"3445e72f\" data-element_type=\"section\" data-e-type=\"section\">\n\t\t\t\t\t\t<div class=\"elementor-container elementor-column-gap-default\">\n\t\t\t\t\t<div class=\"elementor-column elementor-col-100 elementor-top-column elementor-element elementor-element-10adca67\" data-id=\"10adca67\" data-element_type=\"column\" data-e-type=\"column\">\n\t\t\t<div class=\"elementor-widget-wrap elementor-element-populated\">\n\t\t\t\t\t\t<div class=\"elementor-element elementor-element-734a819 elementor-widget elementor-widget-text-editor\" data-id=\"734a819\" data-element_type=\"widget\" data-e-type=\"widget\" data-widget_type=\"text-editor.default\">\n\t\t\t\t\t\t\t\t\t<p>Sufrir una lesi\u00f3n en la columna puede ser una experiencia devastadora que cambia la vida. De repente, tener cualquier tipo de discapacidad puede ser confuso y aterrador, y aclimatarse a esa situaci\u00f3n no es tarea f\u00e1cil. Es posible que se pregunte c\u00f3mo su lesi\u00f3n de la m\u00e9dula espinal afectar\u00e1 sus rutinas diarias, su felicidad a largo plazo, sus relaciones y su trabajo. Recuperarse de tal terrible experiencia definitivamente requerir\u00e1 mucha fuerza de voluntad y tiempo, pero la mayor\u00eda de las personas paralizadas contin\u00faan llevando vidas muy satisfactorias y productivas. En un per\u00edodo tan horible de su vida, mantenerse motivado y obtener el apoyo que necesita. Si necesita tratamiento para lesiones en la columna vertebral en Atlanta, puede estar tranquilo sabiendo que en Hurt 911\u00ae Injury Centers contamos con el personal m\u00e9dico y los recursos para mejorarlo. Permita que nuestros m\u00e9dicos y fisioterapeutas para ayudarle a recuperar la independencia y la fuerza despu\u00e9s de su diagn\u00f3stico. En algunos casos, los pacientes experimentan una mejor movilidad y funcionamiento. Para reservar una cita, puede comunicarse con nosotros al <a href=\"tel:+14046879000\">404-687-9000<\/a>.<\/p><h2>\u00bfCu\u00e1l es la estructura de la m\u00e9dula espinal?<\/h2><p>La m\u00e9dula espinal se encuentra entre el cerebro y el cuerpo y es el componente m\u00e1s integral que sostiene todo el cuerpo humano.\u00a0Se extiende desde el foramen magnum donde est\u00e1 intacto con el bulbo raqu\u00eddeo hasta la primera o segunda v\u00e9rtebra lumbar.\u00a0La m\u00e9dula espinal forma una conexi\u00f3n crucial entre el cerebro y el cuerpo, y desde el cuerpo hasta el cerebro.\u00a0Esta estructura tiene un di\u00e1metro de 1 cm a 1,5 cm y una longitud de 40 a 50 cm.\u00a0A los lados surgen dos filas secuenciales de ra\u00edces nerviosas.\u00a0Estas ra\u00edces nerviosas se unen distalmente para crear 31 pares de nervios espinales.\u00a0La m\u00e9dula espinal es un conjunto en forma de bastoncillo de tejido nervioso formado por materia gris y blanca, dispuesta de manera uniforme y dividida en cuatro partes: cervical (C), tor\u00e1cica (T), lumbar (L) y sacra (S), con cada una secci\u00f3n que consta de m\u00faltiples segmentos.<\/p><h2>\u00bfCu\u00e1l es la funci\u00f3n de la m\u00e9dula espinal?<\/h2><p>El papel de la m\u00e9dula espinal es transmitir se\u00f1ales del cerebro al cuerpo.\u00a0Tambi\u00e9n es responsable de transmitir informaci\u00f3n desde diferentes partes del cuerpo al cerebro.\u00a0Las se\u00f1ales que se transmiten a trav\u00e9s de la m\u00e9dula espinal son las que nos permiten mover las extremidades y percibir el dolor.\u00a0Si esta estructura sufre una lesi\u00f3n, es posible que estas se\u00f1ales no se puedan transmitir.\u00a0El resultado de esto es una p\u00e9rdida total o completa de movilidad y sensibilidad.<\/p><h2>\u00bfQu\u00e9 es una lesi\u00f3n de la m\u00e9dula espinal?<\/h2><p>La m\u00e9dula espinal es extremadamente sensible a las lesiones.\u00a0A diferencia de otras partes del cuerpo, esta estructura no tiene la capacidad de repararse a s\u00ed misma una vez que sufre una lesi\u00f3n.\u00a0Una lesi\u00f3n de la m\u00e9dula espinal ocurre cuando la m\u00e9dula espinal sufre da\u00f1o por p\u00e9rdida de suministro de sangre, trauma o compresi\u00f3n por infecci\u00f3n o tumor.\u00a0En los EE. UU., hay aproximadamente 12 000 nuevos casos de lesiones de la m\u00e9dula espinal cada a\u00f1o.\u00a0<a href=\"https:\/\/www.mayoclinic.org\/diseases-conditions\/spinal-cord-injury\/symptoms-causes\/syc-20377890\" target=\"_blank\" rel=\"noopener\">lesiones de columna<\/a>se definen como incompletos o completos.\u00a0En el caso de lesiones espinales completas, hay una p\u00e9rdida total del funcionamiento muscular y de la sensibilidad en la parte del cuerpo por debajo del nivel de la lesi\u00f3n.\u00a0En una lesi\u00f3n incompleta de la columna, hay algo de funcionamiento residual por debajo del nivel de la lesi\u00f3n.\u00a0La mayor\u00eda de las veces, ambas partes del cuerpo se ven afectadas por igual.\u00a0Una lesi\u00f3n sostenida en la regi\u00f3n superior de la m\u00e9dula espinal en el cuello puede provocar cuadriplej\u00eda: eso aqu\u00ed es donde se paralizan las piernas y los brazos.\u00a0Si la lesi\u00f3n ocurre en la parte inferior de la espalda, puede provocar paraplej\u00eda; son solo las piernas se paralizan.<\/p><h2>\u00bfCu\u00e1les son los s\u00edntomas de las lesiones de la m\u00e9dula espinal?<\/h2><p>Una lesi\u00f3n en la columna de cualquier tipo puede provocar uno o m\u00e1s de estos s\u00edntomas:<\/p><ul><li>P\u00e9rdida de movimiento<\/li><li>P\u00e9rdida del control de la vejiga o el intestino<\/li><li>Alteraci\u00f3n o p\u00e9rdida de la sensaci\u00f3n, incluida la capacidad de percibir el fr\u00edo, el calor y el tacto.<\/li><li>Espasmos exagerados o actividades reflejas<\/li><li>Cambios en la sensibilidad sexual, el funcionamiento sexual y la fertilidad<\/li><li>Tos, dificultad para respirar o limpieza de secreciones de los pulmones<\/li><\/ul><p>Si experimenta alguno de los siguientes signos y s\u00edntomas, debe buscar atenci\u00f3n m\u00e9dica de emergencia de inmediato:<\/p><ul><li>Dificultad para caminar y el equilibrio.<\/li><li>Dolor de espalda intenso o presi\u00f3n en la espalda, la cabeza o el cuello<\/li><li>Falta de coordinaci\u00f3n, debilidad o par\u00e1lisis en cualquier parte del cuerpo.<\/li><li>P\u00e9rdida del control de los intestinos o la vejiga<\/li><li>P\u00e9rdida de sensibilidad o entumecimiento en los dedos de las manos, las manos, los pies o los pies<\/li><li>Deterioro de la respiraci\u00f3n despu\u00e9s de una lesi\u00f3n<\/li><li>Torcido o extra\u00f1amente retrasado o cuello<\/li><\/ul><p><a href=\"https:\/\/1800hurt911ga.com\/wp-content\/uploads\/2021\/08\/spine-injury-treatment-in-Atlanta.jpg\"><img fetchpriority=\"high\" decoding=\"async\" class=\"alignnone wp-image-1642 size-full\" src=\"https:\/\/1800hurt911ga.com\/wp-content\/uploads\/2021\/08\/spine-injury-treatment-in-Atlanta.jpg\" alt=\"Concept of spine injury treatment in Atlanta\" width=\"500\" height=\"343\" srcset=\"https:\/\/1800hurt911ga.com\/wp-content\/uploads\/2021\/08\/spine-injury-treatment-in-Atlanta.jpg 500w, https:\/\/1800hurt911ga.com\/wp-content\/uploads\/2021\/08\/spine-injury-treatment-in-Atlanta-300x206.jpg 300w\" sizes=\"(max-width: 500px) 100vw, 500px\" \/><\/a><\/p><h2>\u00bfCu\u00e1les son algunos tipos de tratamientos para lesiones de la m\u00e9dula espinal?<\/h2><p>Nuestro equipo de especialistas en columna vertebral, terapeutas ocupacionales, fisioterapeutas y m\u00e9dicos trabajan juntos para ayudarlo a alcanzar su potencial \u00f3ptimo despu\u00e9s de una lesi\u00f3n.\u00a0Cada lesi\u00f3n individual y de columna es diferente;\u00a0Nuestro objetivo es ayudarlo a lograr el mejor resultado terap\u00e9utico que sea mejor para usted.\u00a0Estos son algunos de los tratamientos para lesiones de la m\u00e9dula espinal que brindamos:<\/p><h3>En la escena del accidente<\/h3><p>La atenci\u00f3n m\u00e9dica inmediata es integral cuando se trata de reducir los efectos de cualquier trauma en el cuello o la cabeza.\u00a0Siguiendo esta premisa, el tratamiento de lesiones de la columna vertebral en Atlanta generalmente comienza en la escena del accidente.<\/p><h3>En emergencias<\/h3><p>Mientras est\u00e1n en la sala de emergencias, los m\u00e9dicos se concentran en:<\/p><ul><li>Prevenci\u00f3n de golpes<\/li><li>Aseg\u00farate de estar respirando<\/li><li>Restringir el cuello para evitar da\u00f1os adicionales en la columna<\/li><li>Prevenir posibles complicaciones como retenci\u00f3n de orina o heces, y dificultad cardiovascular o respiratoria<\/li><li>Cuando sufre una lesi\u00f3n en la columna, ser\u00e1 ingresado en la UCI para recibir tratamiento.<\/li><\/ul><h3>Tratamiento ya en curso<\/h3><p>Despu\u00e9s de su lesi\u00f3n o despu\u00e9s de que su condici\u00f3n se estabilice, el m\u00e9dico tratante se centrar\u00e1 en evitar las complicaciones secundarias que probablemente surjan, como co\u00e1gulos de sangre, infecciones respiratorias, problemas de vejiga e intestinos, \u00falceras por presi\u00f3n, contracturas musculares y p\u00e9rdida de condici\u00f3n f\u00edsica.\u00a0La duraci\u00f3n de su estancia en el hospital depende en gran medida de las complicaciones m\u00e9dicas que tenga.\u00a0Cuando est\u00e9 en condiciones de participar en tratamientos y terapias, podr\u00e1 ser transferido a rehabilitaci\u00f3n.<\/p><h3>Cuidados de apoyo<\/h3><p>Se ha demostrado que la atenci\u00f3n de apoyo minimiza los problemas asociados con la movilidad.\u00a0Su objetivo es devolver el funcionamiento y la sensaci\u00f3n normales.\u00a0Para algunas personas, esto puede implicar restaurar el uso de sus brazos para que puedan escribir y comer por s\u00ed mismos.\u00a0Para otros, puede implicar caminar o ponerse de pie nuevamente.\u00a0Tambi\u00e9n se le proporcionar\u00e1 la informaci\u00f3n necesaria que requiere para evitar complicaciones.<\/p><h3>Uso de Medicamentos<\/h3><p>Se pueden recetar medicamentos para ayudar a controlar algunos de los efectos de la lesi\u00f3n de la m\u00e9dula espinal.\u00a0Estos pueden incluir medicamentos para controlar la espasticidad y el dolor muscular, as\u00ed como medicamentos para mejorar el funcionamiento sexual, el control intestinal y el control de la vejiga.<\/p><h3>Tratamientos de rehabilitaci\u00f3n<\/h3><p>Mientras se encuentra en las etapas iniciales de recuperaci\u00f3n, nuestro equipo de rehabilitaci\u00f3n comenzar\u00e1 a trabajar con usted para ayudarlo a mejorar.\u00a0El equipo puede estar compuesto por un terapeuta recreativo, un dietista, un trabajador social, un psic\u00f3logo de rehabilitaci\u00f3n, una enfermera de rehabilitaci\u00f3n, un terapeuta ocupacional, un fisioterapeuta y un m\u00e9dico especialista en m\u00e9dula espinal.\u00a0Durante las primeras etapas de rehabilitaci\u00f3n, los terapeutas a menudo se concentran en mantener y fortalecer la funcionalidad muscular, desarrollar la funci\u00f3n motora fina y aprender m\u00e9todos de adaptaci\u00f3n para realizar las tareas diarias.<\/p><h2>\u00bfCu\u00e1les son algunas de las causas comunes de las lesiones de la m\u00e9dula espinal?<\/h2><p>Las lesiones de la columna pueden surgir por da\u00f1o a los ligamentos, v\u00e9rtebras o discos de la m\u00e9dula espinal o la columna vertebral.\u00a0Una lesi\u00f3n en la columna puede surgir de una lesi\u00f3n en la columna que disloca, fractura, comprime o aplasta las v\u00e9rtebras.\u00a0El da\u00f1o adicional a menudo ocurre durante semanas o d\u00edas debido a la inflamaci\u00f3n, la hinchaz\u00f3n, el sangrado y la acumulaci\u00f3n de l\u00edquido dentro y alrededor de la columna vertebral.\u00a0Una lesi\u00f3n no traum\u00e1tica de la columna puede resultar de infecciones, inflamaci\u00f3n, c\u00e1ncer, artritis o degeneraci\u00f3n del disco espinal.\u00a0Estas son las\u00a0<a href=\"https:\/\/www.themiamiproject.org\/resources\/statistics\/\" target=\"_blank\" rel=\"noopener\">causas m\u00e1s frecuentes de lesiones de la m\u00e9dula espinal<\/a>\u00a0:<\/p><ul><li><strong>Accidentes automovil\u00edsticos<\/strong>: los accidentes automovil\u00edsticos y de motocicletas son la principal causa de lesiones en la columna vertebral y representan casi la mitad de todas las lesiones en la columna cada a\u00f1o.<\/li><li><strong>Ca\u00eddas<\/strong>: Las lesiones de columna a partir de los 65 a\u00f1os suelen producirse como consecuencia de una ca\u00edda.\u00a0En general, las ca\u00eddas representan alrededor del 31% de las lesiones de columna.<\/li><li><strong>Actos de violencia<\/strong>: m\u00e1s del 13 % de las lesiones de la columna surgen de actos de violencia, con mayor frecuencia relacionados con heridas de bala.\u00a0Otros actos de violencia son las heridas con arma blanca.<\/li><li><strong>Lesiones deportivas y recreativas<\/strong>: las actividades deportivas como el buceo en aguas poco profundas y los deportes de impacto causan alrededor del 10% de las lesiones de columna.<\/li><li><strong>Alcohol<\/strong>: El alcohol juega un papel en alrededor de 1 de cada 4 lesiones en la columna.<\/li><li><strong>Enfermedad<\/strong>: la osteoporosis, la artritis, el c\u00e1ncer y la inflamaci\u00f3n en la columna pueden provocar lesiones en la columna.<\/li><\/ul><h2>P\u00f3ngase en contacto con Hurt 911\u00ae Injury Centers para el tratamiento de lesiones de columna en Atlanta<\/h2><p>Somos los principales especialistas en lesiones de la m\u00e9dula espinal en Atlanta con la experiencia y los recursos para brindar terapia y tratamiento efectivos a las v\u00edctimas de lesiones de la columna. En los centros de lesiones Hurt 911\u00ae, tenemos el privilegio de contar con un equipo de personal m\u00e9dico competente y altamente capacitado que puede garantizar la atenci\u00f3n del paciente y la eficiencia del tratamiento para las v\u00edctimas de lesiones en la columna. Cuando consulta con nuestro personal m\u00e9dico, tiene la garant\u00eda de lograr mejores resultados con m\u00ednimas posibilidades de que el problema se intensifique y con menos citas de pacientes. Trabajamos junto a usted desde el primer d\u00eda que acude a nuestro cuidado y nuestro objetivo es que se sienta mejor. S\u00ed ha tenido la desafortunada experiencia de sufrir una lesi\u00f3n en la columna en Atlanta, no dude en comunicarse con nuestros especialistas en tratamiento de lesiones en la columna. \u00a1Ll\u00e1menos HOY al <a href=\"tel:+14046879000\">404-687-9000<\/a> para solicitar una cita y comenzar su rehabilitaci\u00f3n!<\/p>\t\t\t\t\t\t\t\t<\/div>\n\t\t\t\t\t<\/div>\n\t\t<\/div>\n\t\t\t\t\t<\/div>\n\t\t<\/section>\n\t\t\t\t<\/div>\n\t\t","protected":false},"excerpt":{"rendered":"<p>Sufrir una lesi\u00f3n en la columna puede ser una experiencia devastadora que cambia la vida. De repente, tener cualquier tipo de discapacidad puede ser confuso y aterrador, y aclimatarse a esa situaci\u00f3n no es tarea f\u00e1cil. Es posible que se pregunte c\u00f3mo su lesi\u00f3n de la m\u00e9dula espinal afectar\u00e1 sus rutinas diarias, su felicidad a [&hellip;]<\/p>\n","protected":false},"author":27,"featured_media":0,"parent":0,"menu_order":0,"comment_status":"closed","ping_status":"closed","template":"","meta":{"_acf_changed":false,"anchor_text":"","footnotes":""},"categories":[],"tags":[47],"class_list":["post-5697","page","type-page","status-publish","hentry","tag-spine-injury"],"acf":[],"_links":{"self":[{"href":"https:\/\/1800hurt911ga.com\/es\/wp-json\/wp\/v2\/pages\/5697","targetHints":{"allow":["GET"]}}],"collection":[{"href":"https:\/\/1800hurt911ga.com\/es\/wp-json\/wp\/v2\/pages"}],"about":[{"href":"https:\/\/1800hurt911ga.com\/es\/wp-json\/wp\/v2\/types\/page"}],"author":[{"embeddable":true,"href":"https:\/\/1800hurt911ga.com\/es\/wp-json\/wp\/v2\/users\/27"}],"replies":[{"embeddable":true,"href":"https:\/\/1800hurt911ga.com\/es\/wp-json\/wp\/v2\/comments?post=5697"}],"version-history":[{"count":14,"href":"https:\/\/1800hurt911ga.com\/es\/wp-json\/wp\/v2\/pages\/5697\/revisions"}],"predecessor-version":[{"id":16544,"href":"https:\/\/1800hurt911ga.com\/es\/wp-json\/wp\/v2\/pages\/5697\/revisions\/16544"}],"wp:attachment":[{"href":"https:\/\/1800hurt911ga.com\/es\/wp-json\/wp\/v2\/media?parent=5697"}],"wp:term":[{"taxonomy":"category","embeddable":true,"href":"https:\/\/1800hurt911ga.com\/es\/wp-json\/wp\/v2\/categories?post=5697"},{"taxonomy":"post_tag","embeddable":true,"href":"https:\/\/1800hurt911ga.com\/es\/wp-json\/wp\/v2\/tags?post=5697"}],"curies":[{"name":"wp","href":"https:\/\/api.w.org\/{rel}","templated":true}]}}