{"id":6539,"date":"2021-08-23T15:31:09","date_gmt":"2021-08-23T20:31:09","guid":{"rendered":"https:\/\/1800hurt911ga.com\/atlanta\/"},"modified":"2025-07-24T08:37:51","modified_gmt":"2025-07-24T13:37:51","slug":"atlanta","status":"publish","type":"page","link":"https:\/\/1800hurt911ga.com\/es\/atlanta\/","title":{"rendered":"Atlanta"},"content":{"rendered":"\t\t<div data-elementor-type=\"wp-page\" data-elementor-id=\"6539\" class=\"elementor elementor-6539 elementor-1306\" data-elementor-post-type=\"page\">\n\t\t\t\t\t\t<section class=\"elementor-section elementor-top-section elementor-element elementor-element-ea5021e elementor-section-boxed elementor-section-height-default elementor-section-height-default\" data-id=\"ea5021e\" data-element_type=\"section\" data-e-type=\"section\">\n\t\t\t\t\t\t<div class=\"elementor-container elementor-column-gap-default\">\n\t\t\t\t\t<div class=\"elementor-column elementor-col-100 elementor-top-column elementor-element elementor-element-d8676be\" data-id=\"d8676be\" data-element_type=\"column\" data-e-type=\"column\">\n\t\t\t<div class=\"elementor-widget-wrap elementor-element-populated\">\n\t\t\t\t\t\t<div class=\"elementor-element elementor-element-c1fc1de elementor-widget elementor-widget-text-editor\" data-id=\"c1fc1de\" data-element_type=\"widget\" data-e-type=\"widget\" data-widget_type=\"text-editor.default\">\n\t\t\t\t\t\t\t\t\t<h1>Cl\u00ednica de Accidentes de Autom\u00f3vil con Experiencia y Confiabilidad en Atlanta<\/h1><p>Una lesi\u00f3n causada por la negligencia o la culpa de otros siempre es algo desafiante de manejar f\u00edsica, emocional y financieramente. Las consecuencias de las lesiones pueden variar entre s\u00ed, mientras que algunas pueden ser leves, otras pueden ser bastante graves y severas.<\/p><p>Puede haber dificultades para manejar estas consecuencias y podr\u00edan afectarte f\u00edsica y financieramente. Lamentablemente, muchas personas no tienen la idea de que pueden recibir compensaci\u00f3n por sus lesiones y las p\u00e9rdidas que han incurrido. Pero hay un giro en la historia en este punto.<\/p><p>Obtener compensaci\u00f3n sin ayuda profesional es pr\u00e1cticamente imposible. Si te encuentras en Atlanta o en las \u00e1reas cercanas, ponte en contacto con los mejores abogados de lesiones personales en Atlanta para obtener ayuda.<\/p><h2>1-800-HURT911\u00ae: Los mejores abogados de lesiones personales en Atlanta<\/h2><p>Si te encuentras en Atlanta y est\u00e1s buscando los mejores <a href=\"\/es\/abogados\/\"><span style=\"color: #be0003;\">abogados de lesiones personales<\/span><\/a> en la zona, has llegado al lugar correcto.<\/p><p>Somos el <a href=\"\/\"><span style=\"color: #be0003;\">Grupo de Lesiones Hurt 911\u00ae<\/span><\/a>, y ofrecemos las mejores soluciones en casos de lesiones personales, incluyendo la gesti\u00f3n de tus tratamientos de lesiones y la obtenci\u00f3n de una compensaci\u00f3n m\u00e1xima por las p\u00e9rdidas que hayas sufrido debido al accidente que caus\u00f3 la lesi\u00f3n.<\/p><p>Despu\u00e9s de un accidente, lo primero y m\u00e1s importante es obtener asistencia m\u00e9dica adecuada. Contamos con m\u00e9dicos especializados en lesiones personales en Atlanta en nuestro equipo, quienes realizar\u00e1n un examen completo y recomendar\u00e1n el tratamiento que necesitas realizar.<\/p><p>Te solicitamos que nos visites dentro de las 72 horas posteriores al accidente para que recibas tratamiento de los mejores profesionales m\u00e9dicos lo antes posible. Nuestros m\u00e9dicos experimentados y capacitados realizar\u00e1n un examen detallado y tambi\u00e9n enviar\u00e1n algunos informes.<\/p><p>Una vez que tengamos los informes m\u00e9dicos en mano, te informaremos si necesitas un abogado para tu caso e incluso te sugeriremos qu\u00e9 tipo de abogado de lesiones personales ser\u00e1 m\u00e1s adecuado para tu caso.<\/p><p><a href=\"https:\/\/1800hurt911ga.com\/wp-content\/uploads\/2024\/04\/es-atl-personal-injury.webp\"><img fetchpriority=\"high\" decoding=\"async\" class=\"alignnone size-full wp-image-12758\" src=\"https:\/\/1800hurt911ga.com\/wp-content\/uploads\/2024\/04\/es-atl-personal-injury.webp\" alt=\"1-800-HURT911: Los mejores abogados de lesiones personales en Atlanta\" width=\"500\" height=\"334\" srcset=\"https:\/\/1800hurt911ga.com\/wp-content\/uploads\/2024\/04\/es-atl-personal-injury.webp 500w, https:\/\/1800hurt911ga.com\/wp-content\/uploads\/2024\/04\/es-atl-personal-injury-300x200.webp 300w\" sizes=\"(max-width: 500px) 100vw, 500px\" \/><\/a><\/p><h2>Diferentes \u00c1reas de Pr\u00e1ctica de los Abogados de Lesiones Personales en 1-800-HURT911\u00ae<\/h2><p>Tenemos una vasta experiencia en el manejo de varios tipos de casos de lesiones personales desde nuestra creaci\u00f3n. Esto ha sido posible gracias a que contamos con los mejores abogados de lesiones personales de Atlanta en nuestro equipo, quienes han estado trabajando con nosotros durante mucho tiempo. Algunas de nuestras \u00e1reas de pr\u00e1ctica incluyen las siguientes:<\/p><ul><li>Accidentes de Bicicleta<\/li><li><span style=\"color: #be0003;\"><a style=\"color: #be0003;\" href=\"\/es\/accidentes-de-moto\/\">Accidentes de Motocicleta<\/a><\/span><\/li><li><span style=\"color: #be0003;\"><a style=\"color: #be0003;\" href=\"\/es\/accidentes-por-resbalones-tropiezos-y-caidas\/\">Accidentes por Resbalones, Tropezones y Ca\u00eddas<\/a><\/span><\/li><li><span style=\"color: #be0003;\"><a style=\"color: #be0003;\" href=\"\/es\/accidentes-de-camiones-grandes\/\">Accidentes de Camiones Grandes<\/a><\/span><\/li><li>Accidentes de Golpe y Fuga<\/li><li><span style=\"color: #be0003;\"><a style=\"color: #be0003;\" href=\"\/es\/accidentes-automovilisticos\/\">Accidentes de Autom\u00f3vil<\/a><\/span><\/li><li>Accidentes de MARTA<\/li><li><span style=\"color: #ff0000;\"><a style=\"color: #ff0000;\" href=\"\/es\/accidentes-de-scooters\/\"><span style=\"color: #be0003;\">Accidentes de Scooter<\/span><\/a><\/span><\/li><li><span style=\"color: #be0003;\"><a style=\"color: #be0003;\" href=\"\/es\/uber-lyft-accidentes\/\">Accidentes de Uber y Lyft<\/a><\/span><\/li><li>Accidentes de Conducci\u00f3n Bajo la Influencia (DUI) o Conducci\u00f3n en Estado de Ebriedad<\/li><\/ul><p>Contamos con abogados especializados para cada una de estas especialidades, y tu caso ser\u00e1 manejado por el tipo de abogado que sea m\u00e1s adecuado para tu situaci\u00f3n.<\/p><h2>Servicios que Ofrecemos<\/h2><ul><li>M\u00e9dico de Accidentes de Autom\u00f3vil<\/li><li><span style=\"color: #be0003;\">Quiropr\u00e1ctica<\/span><\/li><li>Ortopedia<\/li><li><span style=\"color: #be0003;\"><a style=\"color: #be0003;\" href=\"\/es\/atlanta\/servicios-de-diagnostico-en-atlanta\/\">Diagn\u00f3sticos<\/a><\/span><\/li><li><span style=\"color: #be0003;\"><a style=\"color: #be0003;\" href=\"\/es\/atlanta\/servicios-de-fisioterapia-de-atlanta\/\">Terapia F\u00edsica<\/a><\/span><\/li><\/ul><h2>Lesiones que Tratamos<\/h2><ul><li><strong><span style=\"color: #be0003;\"><a style=\"color: #be0003;\" href=\"\/es\/tratamiento-de-lesiones-de-espalda-en-atlanta\/\">Lesiones de Espalda<\/a><\/span>:<\/strong> \u00bfSufres de una lesi\u00f3n en la espalda en Atlanta? Descubre c\u00f3mo 1-800-HURT911\u00ae puede apoyar tu recuperaci\u00f3n y restaurar tu salud.<\/li><li><strong><span style=\"color: #be0003;\"><a style=\"color: #be0003;\" href=\"\/es\/tratamiento-de-bursitis-en\/\">Bursitis<\/a><\/span>:<\/strong> \u00bfLuchando contra el dolor de bursitis? Descubre c\u00f3mo nuestros especialistas en Atlanta proporcionan alivio y tratamiento para que puedas volver a moverte.<\/li><li><strong><span style=\"color: #be0003;\"><a style=\"color: #be0003;\" href=\"\/es\/tratamiento-del-tunel-carpiano\/\">T\u00fanel Carpiano<\/a><\/span>:<\/strong> \u00bfExperimentas s\u00edntomas de t\u00fanel carpiano en Atlanta? Haz clic para descubrir c\u00f3mo podemos aliviar tu dolor y mejorar la funci\u00f3n de tu mano.<\/li><li><strong><span style=\"color: #be0003;\"><a style=\"color: #be0003;\" href=\"\/es\/tratamiento-de-lesiones-en-la-cabeza\/\">Lesi\u00f3n en la Cabeza<\/a><\/span>:<\/strong> Recuperarse de una lesi\u00f3n en la cabeza requiere cuidados expertos. Descubre c\u00f3mo nuestra cl\u00ednica en Atlanta apoya tu proceso de curaci\u00f3n.<\/li><li><strong><span style=\"color: #be0003;\"><a style=\"color: #be0003;\" href=\"\/es\/atlanta\/tratamiento-de-la-hernia-discal-en-atlanta\/\">Lesi\u00f3n de Disco Herniado<\/a><\/span>:<\/strong> \u00bfUn disco herniado est\u00e1 causando molestias? Descubre c\u00f3mo 1-800-HURT911\u00ae en Atlanta ofrece tratamientos para aliviar el dolor y ayudar en la recuperaci\u00f3n.<\/li><li><strong><span style=\"color: #be0003;\"><a style=\"color: #be0003;\" href=\"\/es\/atlanta\/atlanta-tratamiento-de-la-coliosis\/\">Escoliosis<\/a><\/span>:<\/strong> \u00bfViviendo con escoliosis en Atlanta? Explora opciones de tratamiento personalizadas en 1-800-HURT911\u00ae para mejorar tu postura y comodidad.<\/li><li><strong>Lesiones de Columna Vertebral:<\/strong> Las lesiones de columna vertebral requieren atenci\u00f3n especializada. Conoce nuestros servicios integrales de cuidado de la columna en Atlanta para una recuperaci\u00f3n \u00f3ptima.<\/li><li><strong><a href=\"\/es\/atlanta\/tratamiento-de-lesiones-por-latigazo-cervical-en-atlanta\/\"><span style=\"color: #be0003;\">Lesi\u00f3n de Latigazo Cervica<\/span>l<\/a>:<\/strong> \u00bfLatigazo cervical debido a un accidente en Atlanta? Nuestro equipo experto en 1-800-HURT911\u00ae puede ayudar a controlar tu dolor y acelerar la recuperaci\u00f3n.<\/li><\/ul><h2>\u00a1Cont\u00e1ctanos hoy mismo para obtener ayuda en todo tipo de asuntos relacionados con lesiones personales!<\/h2><p>Si eres v\u00edctima de una lesi\u00f3n personal, no dudes en ponerte en contacto con nuestros abogados de lesiones personales en Atlanta al <span style=\"color: #be0003;\"><a style=\"color: #be0003;\" href=\"tel:1-800-487-8911\">1-800-HURT911\u00ae<\/a><\/span> sin demora. Ofrecemos una consulta gratuita para nuestros servicios.<\/p><p>Inicialmente, te haremos revisar por nuestros m\u00e9dicos especializados en lesiones personales o accidentes automovil\u00edsticos en Atlanta, ya que eso es lo que se necesita principalmente. Adem\u00e1s, si tomamos tu caso, no cobramos dinero por adelantado por lo mismo. Solo despu\u00e9s de obtener una compensaci\u00f3n para ti, somos elegibles para un honorario.<\/p><p>\u00a1Ll\u00e1manos hoy al <span style=\"color: #be0003;\"><a style=\"color: #be0003;\" href=\"tel:1-800-487-8911\">1-800-HURT911\u00ae<\/a><\/span> para cualquier ayuda en asuntos relacionados con lesiones personales!<\/p>\t\t\t\t\t\t\t\t<\/div>\n\t\t\t\t\t<\/div>\n\t\t<\/div>\n\t\t\t\t\t<\/div>\n\t\t<\/section>\n\t\t\t\t<\/div>\n\t\t","protected":false},"excerpt":{"rendered":"<p>Cl\u00ednica de Accidentes de Autom\u00f3vil con Experiencia y Confiabilidad en Atlanta Una lesi\u00f3n causada por la negligencia o la culpa de otros siempre es algo desafiante de manejar f\u00edsica, emocional y financieramente. Las consecuencias de las lesiones pueden variar entre s\u00ed, mientras que algunas pueden ser leves, otras pueden ser bastante graves y severas. Puede [&hellip;]<\/p>\n","protected":false},"author":25,"featured_media":10319,"parent":0,"menu_order":0,"comment_status":"closed","ping_status":"closed","template":"elementor_header_footer","meta":{"_acf_changed":false,"anchor_text":"","footnotes":""},"categories":[],"tags":[],"class_list":["post-6539","page","type-page","status-publish","has-post-thumbnail","hentry"],"acf":[],"_links":{"self":[{"href":"https:\/\/1800hurt911ga.com\/es\/wp-json\/wp\/v2\/pages\/6539","targetHints":{"allow":["GET"]}}],"collection":[{"href":"https:\/\/1800hurt911ga.com\/es\/wp-json\/wp\/v2\/pages"}],"about":[{"href":"https:\/\/1800hurt911ga.com\/es\/wp-json\/wp\/v2\/types\/page"}],"author":[{"embeddable":true,"href":"https:\/\/1800hurt911ga.com\/es\/wp-json\/wp\/v2\/users\/25"}],"replies":[{"embeddable":true,"href":"https:\/\/1800hurt911ga.com\/es\/wp-json\/wp\/v2\/comments?post=6539"}],"version-history":[{"count":19,"href":"https:\/\/1800hurt911ga.com\/es\/wp-json\/wp\/v2\/pages\/6539\/revisions"}],"predecessor-version":[{"id":16692,"href":"https:\/\/1800hurt911ga.com\/es\/wp-json\/wp\/v2\/pages\/6539\/revisions\/16692"}],"wp:featuredmedia":[{"embeddable":true,"href":"https:\/\/1800hurt911ga.com\/es\/wp-json\/wp\/v2\/media\/10319"}],"wp:attachment":[{"href":"https:\/\/1800hurt911ga.com\/es\/wp-json\/wp\/v2\/media?parent=6539"}],"wp:term":[{"taxonomy":"category","embeddable":true,"href":"https:\/\/1800hurt911ga.com\/es\/wp-json\/wp\/v2\/categories?post=6539"},{"taxonomy":"post_tag","embeddable":true,"href":"https:\/\/1800hurt911ga.com\/es\/wp-json\/wp\/v2\/tags?post=6539"}],"curies":[{"name":"wp","href":"https:\/\/api.w.org\/{rel}","templated":true}]}}