{"id":6542,"date":"2021-08-17T10:48:20","date_gmt":"2021-08-17T15:48:20","guid":{"rendered":"https:\/\/1800hurt911ga.com\/transporte\/"},"modified":"2025-07-24T08:19:46","modified_gmt":"2025-07-24T13:19:46","slug":"transporte","status":"publish","type":"page","link":"https:\/\/1800hurt911ga.com\/es\/transporte\/","title":{"rendered":"Transporte"},"content":{"rendered":"\t\t<div data-elementor-type=\"wp-page\" data-elementor-id=\"6542\" class=\"elementor elementor-6542 elementor-1035\" data-elementor-post-type=\"page\">\n\t\t\t\t\t\t<section class=\"elementor-section elementor-top-section elementor-element elementor-element-11db2325 elementor-section-boxed elementor-section-height-default elementor-section-height-default\" data-id=\"11db2325\" data-element_type=\"section\" data-e-type=\"section\">\n\t\t\t\t\t\t<div class=\"elementor-container elementor-column-gap-default\">\n\t\t\t\t\t<div class=\"elementor-column elementor-col-100 elementor-top-column elementor-element elementor-element-25ed702b\" data-id=\"25ed702b\" data-element_type=\"column\" data-e-type=\"column\">\n\t\t\t<div class=\"elementor-widget-wrap elementor-element-populated\">\n\t\t\t\t\t\t<div class=\"elementor-element elementor-element-58405f6a elementor-widget elementor-widget-text-editor\" data-id=\"58405f6a\" data-element_type=\"widget\" data-e-type=\"widget\" data-widget_type=\"text-editor.default\">\n\t\t\t\t\t\t\t\t\t<div class=\"elementor-element elementor-element-1b8653a elementor-widget elementor-widget-heading\" data-id=\"1b8653a\" data-element_type=\"widget\" data-widget_type=\"heading.default\">\n<div class=\"elementor-widget-container\">\n<h2 class=\"elementor-heading-title elementor-size-default\">HURT 911\u00ae PUEDE AYUDARLE CON LAS REPARACIONES Y EL TRANSPORTE DE SU COCHE<\/h2>\n<\/div>\n<\/div>\n<div class=\"elementor-element elementor-element-00b3002 elementor-widget elementor-widget-text-editor\" data-id=\"00b3002\" data-element_type=\"widget\" data-widget_type=\"text-editor.default\">\n<div class=\"elementor-widget-container\">\n<p data-uw-styling-context=\"true\">Entendemos que si usted se lesion\u00f3 en un accidente de coche de su coche probablemente no est\u00e1 en la mejor forma que hace que llegar al m\u00e9dico dif\u00edcil. Llame <a href=\"tel:1-800-487-8911\" data-uw-styling-context=\"true\" data-uw-rm-brl=\"exc\" aria-label=\"call 1-800-487-8911\" data-uw-rm-vglnk=\"\">al 1-800-HURT-911\u00ae<\/a> inmediatamente despu\u00e9s de su accidente de coche y organizaremos el transporte gratuito hacia y desde nuestras oficinas. Una urgencia es cuando sus necesidades m\u00e9dicas son inmediatas. Por ejemplo, sufrir lesiones en el trabajo o en un lugar p\u00fablico o resultar gravemente herido en un accidente de tr\u00e1fico. En estos casos, pueden llevarle a urgencias por tierra (ambulancia) o por aire (vuelo sanitario). Usted no necesita pre-aprobaci\u00f3n para el transporte de emergencia sin embargo, HURT911\u00ae proporcionar\u00e1 el transporte para nuestros clientes elegibles desde y hacia el consultorio del m\u00e9dico, el hospital u otro consultorio m\u00e9dico para obtener el tratamiento necesario para sus lesiones por accidente de coche. As\u00ed que incluso si su coche no se puede conducir o no tienen una licencia de conducir estaremos encantados de ayudarle con el transporte para los fines relacionados con el proceso de recuperaci\u00f3n de su accidente.<\/p>\n<p class=\"nitro-offscreen\" data-uw-styling-context=\"true\">Los accidentes de coche pueden ser extremadamente estresantes y no terminan con el accidente en s\u00ed. Su coche puede estar fuera de servicio por reparaciones extensas y esperar a que un taller de carrocer\u00eda de confianza empiece y termine sus reparaciones. Por \u00faltimo, necesitas desplazarte para atender tus necesidades cotidianas. Seamos realistas: la mayor\u00eda de la gente no tiene un coche a mano, as\u00ed que \u00bfqu\u00e9 hacer?<br role=\"presentation\" data-uw-rm-sr=\"\" \/>Dependiendo de las circunstancias del accidente y de la cobertura de su seguro, es posible que pueda obtener un veh\u00edculo de alquiler sin coste alguno. Si llama <a href=\"tel:1-800-487-8911\" data-uw-styling-context=\"true\" data-uw-rm-brl=\"exc\" aria-label=\"call 1-800-487-8911\" data-uw-rm-vglnk=\"\">al 1-800-HURT911\u00ae<\/a>, a menudo podremos ayudarle en este proceso. Esto es lo que debes saber para conseguir un veh\u00edculo de alquiler tras un accidente.<\/p>\n\n<\/div>\n<\/div>\n<div class=\"elementor-element elementor-element-a0b165b elementor-widget elementor-widget-heading\" data-id=\"a0b165b\" data-element_type=\"widget\" data-widget_type=\"heading.default\">\n<div class=\"elementor-widget-container\">\n<h2 class=\"elementor-heading-title elementor-size-default\">QUI\u00c9N PAGA SU COCHE DE ALQUILER<\/h2>\n<\/div>\n<\/div>\n<div class=\"elementor-element elementor-element-00616b2 elementor-widget elementor-widget-text-editor\" data-id=\"00616b2\" data-element_type=\"widget\" data-widget_type=\"text-editor.default\">\n<div class=\"elementor-widget-container\">\n<p class=\"nitro-offscreen\" data-uw-styling-context=\"true\">Hay tres partes que podr\u00edan acabar pagando por tu coche de alquiler: tu compa\u00f1\u00eda de seguros, la del otro conductor o t\u00fa.<br role=\"presentation\" data-uw-rm-sr=\"\" \/>Si eres culpable del accidente, la compa\u00f1\u00eda de seguros del otro conductor obviamente no pagar\u00e1 tu coche de alquiler. Tu compa\u00f1\u00eda de seguros lo cubrir\u00e1 si tienes esa cobertura en tu p\u00f3liza. De lo contrario, tendr\u00e1 que pagar el coche de alquiler de su bolsillo.<br role=\"presentation\" data-uw-rm-sr=\"\" \/>Si el otro conductor tiene la culpa del accidente, su compa\u00f1\u00eda de seguros est\u00e1 obligada por ley a pagar tu coche de alquiler hasta que tu coche est\u00e9 reparado o, si se determina que el coche es siniestro total, hasta que el seguro te haya pagado el valor de tu coche. La compa\u00f1\u00eda de seguros tambi\u00e9n tiene que conseguirte un coche de alquiler que sea comparable al coche que tienes y que result\u00f3 da\u00f1ado. Por ejemplo, si conduces un todoterreno, una compa\u00f1\u00eda de seguros tendr\u00eda que cubrir el coste de alquiler de uno, y no podr\u00eda simplemente meterte en un coche compacto.<\/p>\n\n<\/div>\n<\/div>\n<div class=\"elementor-element elementor-element-10f5eab elementor-widget elementor-widget-heading\" data-id=\"10f5eab\" data-element_type=\"widget\" data-widget_type=\"heading.default\">\n<div class=\"elementor-widget-container\">\n<h2 class=\"elementor-heading-title elementor-size-default\">CONTRATAR A UN ABOGADO PARA COMUNICARSE CON UNA COMPA\u00d1\u00cdA DE SEGUROS<\/h2>\n<\/div>\n<\/div>\n<div class=\"elementor-element elementor-element-8a3f068 elementor-widget elementor-widget-text-editor\" data-id=\"8a3f068\" data-element_type=\"widget\" data-widget_type=\"text-editor.default\">\n<div class=\"elementor-widget-container\">\n<p class=\"nitro-offscreen\" data-uw-styling-context=\"true\">Este es el problema a la hora de conseguir que la compa\u00f1\u00eda de seguros del otro conductor cubra tu coche de alquiler: a menos que se trate de una situaci\u00f3n clara en la que el otro conductor tenga la culpa (por ejemplo, el otro conductor te golpe\u00f3 por detr\u00e1s mientras estabas parado en un sem\u00e1foro), es muy probable que la compa\u00f1\u00eda de seguros discuta qui\u00e9n tuvo la culpa. Durante ese tiempo, no pagar\u00e1n tu coche de alquiler y te quedas sin transporte a menos que pagues el coche de alquiler.<br role=\"presentation\" data-uw-rm-sr=\"\" \/>Una vez que se determine que el otro conductor tuvo la culpa, su seguro tendr\u00e1 que reembolsarte el coche de alquiler, pero hasta entonces estar\u00e1s sin ese dinero.<br role=\"presentation\" data-uw-rm-sr=\"\" \/>Esta es un \u00e1rea en la que un EQUIPO LEGAL DE HURT911\u00ae puede marcar la diferencia. Las compa\u00f1\u00edas de seguros suelen tomarse su tiempo para determinar qui\u00e9n tiene la culpa. Pueden pasar semanas o m\u00e1s antes de que tomen una decisi\u00f3n, sobre todo si nadie les presiona para que avancen en el proceso.<br role=\"presentation\" data-uw-rm-sr=\"\" \/>Es dif\u00edcil presionar mucho a la compa\u00f1\u00eda de seguros del otro conductor por uno mismo. Pero si tiene un abogado, puede ponerse en contacto con la compa\u00f1\u00eda de seguros. No s\u00f3lo tendr\u00e1n experiencia en tratar con peritos de seguros, sino que, una vez que interviene un abogado, existe la amenaza de una demanda, con la que ninguna empresa quiere lidiar. Eso presiona a la compa\u00f1\u00eda de seguros para que pague tu coche de alquiler si parece que su conductor va a ser el culpable. Y la mejor parte es que su EQUIPO LEGAL HURT911\u00ae puede manejar esto sin costo adicional para usted.<\/p>\n\n<h3 class=\"nitro-offscreen\" data-uw-styling-context=\"true\">Llame <a href=\"tel:1-800-487-8911\" data-uw-styling-context=\"true\" data-uw-rm-brl=\"exc\" aria-label=\"call 1-800-487-8911\" data-uw-rm-vglnk=\"\">al 1-800-HURT911\u00ae<\/a> inmediatamente despu\u00e9s de un accidente de coche<\/h3>\n<p class=\"nitro-offscreen\" data-uw-styling-context=\"true\">Lo mejor que puedes hacer cuando te has visto implicado en un accidente de tr\u00e1fico es llamar <a href=\"tel:1-800-487-8911\" data-uw-styling-context=\"true\" data-uw-rm-brl=\"exc\" aria-label=\"call 1-800-487-8911\" data-uw-rm-vglnk=\"\">al 1-800-HURT911\u00ae<\/a>. Podemos ayudarle a obtener la mejor resoluci\u00f3n y proteger sus derechos. Ll\u00e1menos hoy mismo.<\/p>\n\n<\/div>\n<\/div>\t\t\t\t\t\t\t\t<\/div>\n\t\t\t\t\t<\/div>\n\t\t<\/div>\n\t\t\t\t\t<\/div>\n\t\t<\/section>\n\t\t\t\t<\/div>\n\t\t","protected":false},"excerpt":{"rendered":"<p>HURT 911\u00ae PUEDE AYUDARLE CON LAS REPARACIONES Y EL TRANSPORTE DE SU COCHE Entendemos que si usted se lesion\u00f3 en un accidente de coche de su coche probablemente no est\u00e1 en la mejor forma que hace que llegar al m\u00e9dico dif\u00edcil. Llame al 1-800-HURT-911\u00ae inmediatamente despu\u00e9s de su accidente de coche y organizaremos el transporte [&hellip;]<\/p>\n","protected":false},"author":25,"featured_media":0,"parent":0,"menu_order":0,"comment_status":"closed","ping_status":"closed","template":"","meta":{"_acf_changed":false,"anchor_text":"","footnotes":""},"categories":[],"tags":[],"class_list":["post-6542","page","type-page","status-publish","hentry"],"acf":[],"_links":{"self":[{"href":"https:\/\/1800hurt911ga.com\/es\/wp-json\/wp\/v2\/pages\/6542","targetHints":{"allow":["GET"]}}],"collection":[{"href":"https:\/\/1800hurt911ga.com\/es\/wp-json\/wp\/v2\/pages"}],"about":[{"href":"https:\/\/1800hurt911ga.com\/es\/wp-json\/wp\/v2\/types\/page"}],"author":[{"embeddable":true,"href":"https:\/\/1800hurt911ga.com\/es\/wp-json\/wp\/v2\/users\/25"}],"replies":[{"embeddable":true,"href":"https:\/\/1800hurt911ga.com\/es\/wp-json\/wp\/v2\/comments?post=6542"}],"version-history":[{"count":5,"href":"https:\/\/1800hurt911ga.com\/es\/wp-json\/wp\/v2\/pages\/6542\/revisions"}],"predecessor-version":[{"id":16667,"href":"https:\/\/1800hurt911ga.com\/es\/wp-json\/wp\/v2\/pages\/6542\/revisions\/16667"}],"wp:attachment":[{"href":"https:\/\/1800hurt911ga.com\/es\/wp-json\/wp\/v2\/media?parent=6542"}],"wp:term":[{"taxonomy":"category","embeddable":true,"href":"https:\/\/1800hurt911ga.com\/es\/wp-json\/wp\/v2\/categories?post=6542"},{"taxonomy":"post_tag","embeddable":true,"href":"https:\/\/1800hurt911ga.com\/es\/wp-json\/wp\/v2\/tags?post=6542"}],"curies":[{"name":"wp","href":"https:\/\/api.w.org\/{rel}","templated":true}]}}