{"id":6552,"date":"2021-08-17T07:26:14","date_gmt":"2021-08-17T12:26:14","guid":{"rendered":"https:\/\/1800hurt911ga.com\/accidentes-de-moto\/"},"modified":"2025-07-24T08:17:10","modified_gmt":"2025-07-24T13:17:10","slug":"accidentes-de-moto","status":"publish","type":"page","link":"https:\/\/1800hurt911ga.com\/es\/accidentes-de-moto\/","title":{"rendered":"Accidentes de moto"},"content":{"rendered":"<h1>Accidentes de motocicleta<\/h1>\n<h2>Abogado de Lesiones por Accidentes de Motocicleta\/Abogado en Decatur y Atlanta, GA<\/h2>\n<p data-uw-styling-context=\"true\">Se estima que hay m\u00e1s de 8 millones de motocicletas en la carretera.\u00a0Es mucho m\u00e1s probable que los motociclistas resulten heridos o mueran en un accidente que una persona que est\u00e1 en un autom\u00f3vil, pero las cifras son a\u00fan m\u00e1s alarmantes.\u00a0Las investigaciones muestran que los conductores de motocicletas tienen 26 veces m\u00e1s probabilidades de morir en un choque y cinco veces m\u00e1s probabilidades de sufrir lesiones graves que los que tienen accidentes automovil\u00edsticos.\u00a0En 2018 hubo 5.286 motociclistas muertos en accidentes automovil\u00edsticos y esto es un aumento del 5% con respecto al a\u00f1o anterior.\u00a0A\u00fan m\u00e1s alarmante es el hecho de que el 96% de los accidentes de motocicleta resultan en lesiones personales.\u00a0A menudo, los involucrados en accidentes de motocicleta han perdido salarios, largos tiempos de recuperaci\u00f3n y, en muchos casos, resultados que alteran la vida y tienen un efecto devastador en la familia y el futuro.<\/p>\n<h2>Causas m\u00e1s predominantes de accidentes de motocicleta<\/h2>\n<p data-uw-styling-context=\"true\">Si bien uno puede ser un conductor responsable, nunca puede garantizar el mismo compromiso con la seguridad de los dem\u00e1s conductores.\u00a0Por lo tanto, los accidentes son omnipresentes y representan un riesgo significativo para la vida de todos, sin importar cu\u00e1n cuidadoso sea.\u00a0Algunas de las causas comunes de accidentes de motocicleta son:<\/p>\n<ul>\n<li data-uw-styling-context=\"true\">Conducir ebrio<\/li>\n<li data-uw-styling-context=\"true\">Distraerse mientras conduce<\/li>\n<li data-uw-styling-context=\"true\">Motocicleta descuidada con iluminaci\u00f3n defectuosa y frenos<\/li>\n<li data-uw-styling-context=\"true\">La brusca aparici\u00f3n del peat\u00f3n.<\/li>\n<\/ul>\n<p data-uw-styling-context=\"true\">Sabemos que es posible que un reclamo por lesiones personales o una demanda no devuelvan la vida a una persona o reviertan las terribles lesiones causadas.\u00a0A\u00fan as\u00ed, puede conducir a la asistencia financiera que tanto necesita la familia afectada o el sobreviviente.<\/p>\n<h2>Importancia de contratar un abogado de accidentes de motocicleta en Decatur<\/h2>\n<p data-uw-styling-context=\"true\">Los accidentes de motocicletas marcan a las personas no solo f\u00edsica sino emocionalmente.\u00a0Con pasos de seguimiento como ver a un m\u00e9dico y comunicarse con su compa\u00f1\u00eda de seguros en ese momento, la situaci\u00f3n puede volverse abrumadora para usted.<\/p>\n<p data-uw-styling-context=\"true\">Ah\u00ed es donde entra en juego el papel de un abogado de accidentes de motocicleta en Atlanta.\u00a0Los abogados de accidentes de motocicleta est\u00e1n equipados para manejar la situaci\u00f3n por usted y velar por su mejor inter\u00e9s en ese momento devastador.<\/p>\n<h2>Un abogado de lesiones personales puede ayudarlo con lo siguiente:<\/h2>\n<ul>\n<li data-uw-styling-context=\"true\">Cubrir las p\u00e9rdidas sufridas debido al accidente.<\/li>\n<li data-uw-styling-context=\"true\">Guiarlo a trav\u00e9s del complicado papeleo legal<\/li>\n<li data-uw-styling-context=\"true\">Reclamar liquidaci\u00f3n de seguro m\u00e9dico y de vida, si es necesario<\/li>\n<li data-uw-styling-context=\"true\">Establecer prueba de la negligencia de la otra parte<\/li>\n<\/ul>\n<h2>Su Gu\u00eda Legal para Da\u00f1os en Demandas por Accidentes de Motocicleta<\/h2>\n<p>Armar un reclamo por da\u00f1os y perjuicios durante un accidente de motocicleta es una tarea complicada.\u00a0Innumerables factores entran en juego para determinar la compensaci\u00f3n total que puede obtener de la corte.\u00a0Estos lo ayudan con una comprensi\u00f3n m\u00e1s profunda del proceso y explican la importancia de contratar a un abogado de accidentes de motocicleta en el centro de Atlanta.<\/p>\n<h2>Dos categor\u00edas de valoraci\u00f3n<\/h2>\n<p>El acuerdo o el juicio son las dos categor\u00edas de valoraci\u00f3n al resolver un reclamo por lesiones de motocicleta.\u00a0Mientras que la valoraci\u00f3n del acuerdo ayuda a llegar a un acuerdo fuera del tribunal, indicando lo que el demandado debe darle, la valoraci\u00f3n del juicio se refiere a lo que cree que puede ganar si el tribunal escucha su reclamo.<\/p>\n<h2>Evaluaci\u00f3n de Da\u00f1os y Responsabilidad<\/h2>\n<p>Puede categorizar el c\u00e1lculo de da\u00f1os en un accidente de moto en cuantificables y cualitativos.\u00a0Mientras que el primero cubre los da\u00f1os en t\u00e9rminos del monto en d\u00f3lares por la p\u00e9rdida de salarios, costos de reparaci\u00f3n de motocicletas, facturas m\u00e9dicas y otros gastos.\u00a0Este \u00faltimo comprende lesiones invisibles como trauma mental, angustia psicol\u00f3gica y emocional y deterioro, b\u00e1sicamente los factores que resultan en la degradaci\u00f3n de la calidad de vida.<\/p>\n<h2>Abogado de Accidentes de Motocicleta en Atlanta \u2013 \u00a1Consulta GRATIS!<\/h2>\n<p data-uw-styling-context=\"true\">Cuando est\u00e1 involucrado en un accidente de motocicleta, necesita conocer sus derechos, en <a href=\"tel:1-855-475-2588\" data-uw-styling-context=\"true\" aria-label=\"llame al 1-800-487-8911\" data-uw-rm-brl=\"exc\">1800HURT911\u00ae<\/a> somos expertos en lesiones por accidentes de motocicleta.\u00a0No hable con nadie hasta que haya contratado a un abogado para asegurarse de recuperar los da\u00f1os por las lesiones y p\u00e9rdidas en las que ha incurrido.\u00a0En <a href=\"tel:1-855-475-2588\" data-uw-styling-context=\"true\" aria-label=\"llame al 1-800-487-8911\" data-uw-rm-brl=\"exc\">1800HURT911\u00ae<\/a>\u00a0 podemos brindarle los servicios integrales que necesita si resulta herido en un accidente de motocicleta. Seg\u00fan sus necesidades, podemos programarlo con nuestros m\u00e9dicos preferidos en una oficina que sea conveniente para usted e incluso lo ayudaremos con el transporte hacia y desde el m\u00e9dico cuando sea necesario.<\/p>\n<p data-uw-styling-context=\"true\">Conocer sus derechos como v\u00edctima es empoderador en circunstancias tan debilitantes.\u00a0No dejes que nadie se aproveche de ti.\u00a0Deje que un abogado de accidentes de motocicleta en el centro de Atlanta lo ayude a obtener los acuerdos que se merece.\u00a0Obtenga su consulta GRATUITA con abogados de accidentes de motocicleta en The Hurt Injury Center.\u00a0Hemos constituido un equipo de los mejores abogados de lesiones personales de Atlanta.\u00a0Para una evaluaci\u00f3n GRATUITA de su caso, llame ahora al 1-855-475-2588.<\/p>\n<h2>Preguntas Frecuentes<\/h2>\n<p>\t\t\t\t\t\t\t\t\t\t\t\t<a tabindex=\"0\">\u00bfQu\u00e9 debo hacer si tengo un accidente en motocicleta?<\/a><\/p>\n<p>Toma estos pasos despu\u00e9s de un accidente en motocicleta:<\/p>\n<ul>\n<li>Al\u00e9jate del peligro. Mueve tanto a ti mismo como a tu veh\u00edculo a un lugar seguro.<\/li>\n<li>Llama al 911 y a la polic\u00eda.<\/li>\n<li>No te quites el casco ni el equipo de protecci\u00f3n.<\/li>\n<li>Mant\u00e9n la calma. No pierdas la compostura al hablar con las personas a tu alrededor (como el otro conductor, testigos o agentes de la ley).<\/li>\n<li>Busca atenci\u00f3n m\u00e9dica de inmediato.<\/li>\n<\/ul>\n<p>\t\t\t\t\t\t\t\t\t\t\t\t<a tabindex=\"0\">\u00bfCu\u00e1ndo debo presentar una reclamaci\u00f3n por un accidente de motocicleta?<\/a><\/p>\n<p>Si estuviste involucrado en un accidente de motocicleta que no fue tu culpa, puedes presentar una demanda contra la otra persona para solicitar una compensaci\u00f3n por los da\u00f1os sufridos.<\/p>\n<p>\t\t\t\t\t\t\t\t\t\t\t\t<a tabindex=\"0\">\u00bfCu\u00e1nto tiempo tarda en resolverse un caso t\u00edpico de accidente de motocicleta?<\/a><\/p>\n<p>El tiempo necesario para llegar a un acuerdo por un accidente de motocicleta var\u00eda. Ning\u00fan abogado puede predecir con exactitud cu\u00e1nto tiempo tomar\u00e1 resolver un caso. Dependiendo de la complejidad del caso, llegar a un acuerdo por lesiones puede tomar entre 5 y 8 meses o m\u00e1s.<\/p>\n<p>\t\t\t\t\t\t\t\t\t\t\t\t<a tabindex=\"0\">\u00bfCu\u00e1nto cuesta un abogado para casos de accidentes de motocicleta?<\/a><\/p>\n<p>La mayor\u00eda de los abogados especializados en accidentes de motocicleta trabajan bajo un acuerdo de honorarios de contingencia. Esto significa que solo reciben pago si obtienen un resultado favorable para sus clientes. Los honorarios de contingencia suelen oscilar entre el 25% y el 40% del total recuperado.<\/p>\n<p>\t\t\t\t\t\t\t\t\t\t\t\t<a tabindex=\"0\">\u00bfC\u00f3mo demuestro que no soy responsable de mi accidente de motocicleta?<\/a><\/p>\n<p>Si estuviste involucrado en un accidente de motocicleta que no fue tu culpa, habla con los testigos y registra sus declaraciones. Recoge pruebas (como piezas rotas del veh\u00edculo) en el lugar del accidente. Documenta cada detalle que puedas recordar. Anota la licencia de conducir y los datos de contacto del otro conductor. Conserva la ropa que llevabas el d\u00eda del accidente. Toma fotos de tu motocicleta y del lugar del accidente. Tu abogado especializado en accidentes de motocicleta utilizar\u00e1 estas y otras pruebas para demostrar que:<\/p>\n<ul>\n<li>La otra persona fue responsable<\/li>\n<li>Su negligencia caus\u00f3 el accidente<\/li>\n<li>Y t\u00fa resultaste lesionado debido a su negligencia<\/li>\n<\/ul>\n<p>\t\t\t\t\t\t\t\t\t\t\t\t<a tabindex=\"0\">\u00bfNecesito un abogado para accidentes de motocicleta aunque tenga un seguro adecuado?<\/a><\/p>\n<p>S\u00ed. Muchas compa\u00f1\u00edas de seguros intentan minimizar o negar las reclamaciones. Un abogado experimentado en accidentes de motocicleta conoce todos los trucos que usan las aseguradoras para pagar menos o rechazar las reclamaciones. Un abogado de confianza siempre vela por los mejores intereses de sus clientes. Tu abogado de accidentes de motocicleta te ayudar\u00e1 a evitar que tu compa\u00f1\u00eda de seguros niegue tu reclamo de forma indebida. Adem\u00e1s, te explicar\u00e1 tus derechos y los diferentes tipos de da\u00f1os que puedes reclamar.<\/p>\n<p>\t\t\t\t\t\t\t\t\t\t\t\t<a tabindex=\"0\">\u00bfQu\u00e9 pasa si la compa\u00f1\u00eda de seguros afirma que yo fui responsable?<\/a><\/p>\n<p>Si tienes pruebas, no tienes nada de qu\u00e9 preocuparte. Tu abogado de accidentes de motocicleta utilizar\u00e1 las evidencias que recopilaste en el lugar del accidente, as\u00ed como las obtenidas por los investigadores (contratados por ti o por el abogado) para demostrar que no tuviste la culpa.<\/p>\n<p>\t\t\t\t\t\t\t\t\t\t\t\t<a tabindex=\"0\">\u00bfNecesito un abogado aunque no haya sufrido lesiones graves en el accidente?<\/a><\/p>\n<p>S\u00ed. Recomendamos encarecidamente contratar a un abogado especializado en accidentes de motocicleta, incluso si crees que tus lesiones no son graves. Algunas lesiones pueden pasar desapercibidas durante mucho tiempo. Despu\u00e9s del accidente, busca atenci\u00f3n m\u00e9dica inmediata. Una vez que tu m\u00e9dico haya diagnosticado tus lesiones, consulta con un abogado. Habla con \u00e9l sobre la evaluaci\u00f3n m\u00e9dica y \u00e9l te ayudar\u00e1 a determinar el mejor curso de acci\u00f3n.<\/p>\n","protected":false},"excerpt":{"rendered":"<p>Accidentes de motocicleta Abogado de Lesiones por Accidentes de Motocicleta\/Abogado en Decatur y Atlanta, GA Se estima que hay m\u00e1s de 8 millones de motocicletas en la carretera.\u00a0Es mucho m\u00e1s probable que los motociclistas resulten heridos o mueran en un accidente que una persona que est\u00e1 en un autom\u00f3vil, pero las cifras son a\u00fan m\u00e1s [&hellip;]<\/p>\n","protected":false},"author":25,"featured_media":0,"parent":0,"menu_order":0,"comment_status":"closed","ping_status":"closed","template":"","meta":{"_acf_changed":false,"anchor_text":"","footnotes":""},"categories":[],"tags":[],"class_list":["post-6552","page","type-page","status-publish","hentry"],"acf":[],"_links":{"self":[{"href":"https:\/\/1800hurt911ga.com\/es\/wp-json\/wp\/v2\/pages\/6552","targetHints":{"allow":["GET"]}}],"collection":[{"href":"https:\/\/1800hurt911ga.com\/es\/wp-json\/wp\/v2\/pages"}],"about":[{"href":"https:\/\/1800hurt911ga.com\/es\/wp-json\/wp\/v2\/types\/page"}],"author":[{"embeddable":true,"href":"https:\/\/1800hurt911ga.com\/es\/wp-json\/wp\/v2\/users\/25"}],"replies":[{"embeddable":true,"href":"https:\/\/1800hurt911ga.com\/es\/wp-json\/wp\/v2\/comments?post=6552"}],"version-history":[{"count":62,"href":"https:\/\/1800hurt911ga.com\/es\/wp-json\/wp\/v2\/pages\/6552\/revisions"}],"predecessor-version":[{"id":16660,"href":"https:\/\/1800hurt911ga.com\/es\/wp-json\/wp\/v2\/pages\/6552\/revisions\/16660"}],"wp:attachment":[{"href":"https:\/\/1800hurt911ga.com\/es\/wp-json\/wp\/v2\/media?parent=6552"}],"wp:term":[{"taxonomy":"category","embeddable":true,"href":"https:\/\/1800hurt911ga.com\/es\/wp-json\/wp\/v2\/categories?post=6552"},{"taxonomy":"post_tag","embeddable":true,"href":"https:\/\/1800hurt911ga.com\/es\/wp-json\/wp\/v2\/tags?post=6552"}],"curies":[{"name":"wp","href":"https:\/\/api.w.org\/{rel}","templated":true}]}}