{"id":6553,"date":"2021-08-23T17:33:30","date_gmt":"2021-08-23T22:33:30","guid":{"rendered":"https:\/\/1800hurt911ga.com\/atlanta\/tratamiento-de-la-hernia-discal-en-atlanta\/"},"modified":"2025-01-21T21:48:16","modified_gmt":"2025-01-21T21:48:16","slug":"tratamiento-de-la-hernia-discal-en-atlanta","status":"publish","type":"page","link":"https:\/\/1800hurt911ga.com\/es\/atlanta\/tratamiento-de-la-hernia-discal-en-atlanta\/","title":{"rendered":"Tratamiento de la hernia discal en Atlanta"},"content":{"rendered":"<p>Una hernia discal en la columna vertebral suele producirse cuando los discos que se encuentran entre los huesos de las v\u00e9rtebras empiezan a sobresalir. En circunstancias normales, los discos deben quedar bien ajustados entre los huesos de las v\u00e9rtebras para absorber cualquier choque que pueda producirse entre los huesos de la columna al caminar, girar o levantar objetos pesados.<\/p>\n<p>Puede sufrir una hernia discal en cualquier parte de la columna vertebral, desde el cuello hasta la zona lumbar. Este problema suele empezar a manifestarse en forma de dolor o molestias en la zona afectada. Sin embargo, dado que una hernia discal puede afectar a los nervios que se encuentran a lo largo de la columna vertebral, tambi\u00e9n puede provocar otras complicaciones graves para la salud. En raras ocasiones, una hernia discal puede provocar da\u00f1os permanentes en los nervios que pueden dar lugar a par\u00e1lisis y p\u00e9rdida del control de la vejiga y los intestinos.<\/p>\n<p>Usted debe buscar el tratamiento de hernia de disco en Atlanta tan pronto como sea posible. Si usted o un ser querido est\u00e1n viviendo con el dolor de una hernia discal, nuestros <a href=\"\/atlanta\/physiotherapy-services\/\">especialistas en fisioterapia<\/a> en los centros de lesiones Hurt 911\u00ae pueden formular un plan de tratamiento para minimizar su dolor. Nuestro tratamiento de la hernia discal consiste en ense\u00f1ar a los pacientes diferentes posturas y ejercicios que pueden aliviar sus s\u00edntomas y ayudarles a llevar un estilo de vida m\u00e1s sano y sin dolor.<\/p>\n<p>Concierte una cita con nosotros hoy mismo llamando a <a href=\"tel:+14046879000\">404-687-9000<\/a>.<\/p>\n\t\t<div data-elementor-type=\"section\" data-elementor-id=\"208\" class=\"elementor elementor-208\" data-elementor-post-type=\"elementor_library\">\n\t\t\t\t\t<section class=\"elementor-section elementor-top-section elementor-element elementor-element-485e576a elementor-section-boxed elementor-section-height-default elementor-section-height-default\" data-id=\"485e576a\" data-element_type=\"section\" data-e-type=\"section\">\n\t\t\t\t\t\t<div class=\"elementor-container elementor-column-gap-default\">\n\t\t\t\t\t<div class=\"elementor-column elementor-col-100 elementor-top-column elementor-element elementor-element-635c38c0 section-toc\" data-id=\"635c38c0\" data-element_type=\"column\" data-e-type=\"column\">\n\t\t\t<div class=\"elementor-widget-wrap elementor-element-populated\">\n\t\t\t\t\t\t<div class=\"elementor-element elementor-element-3ba95c8a elementor-toc--minimized-on-tablet elementor-widget elementor-widget-table-of-contents\" data-id=\"3ba95c8a\" data-element_type=\"widget\" data-e-type=\"widget\" data-settings=\"{&quot;exclude_headings_by_selector&quot;:&quot;.toc-remove&quot;,&quot;headings_by_tags&quot;:[&quot;h2&quot;,&quot;h3&quot;,&quot;h4&quot;,&quot;h5&quot;,&quot;h6&quot;],&quot;marker_view&quot;:&quot;numbers&quot;,&quot;no_headings_message&quot;:&quot;No se ha encontrado ning\\u00fan encabezado en esta p\\u00e1gina.&quot;,&quot;minimize_box&quot;:&quot;yes&quot;,&quot;minimized_on&quot;:&quot;tablet&quot;,&quot;hierarchical_view&quot;:&quot;yes&quot;,&quot;min_height&quot;:{&quot;unit&quot;:&quot;px&quot;,&quot;size&quot;:&quot;&quot;,&quot;sizes&quot;:[]},&quot;min_height_tablet&quot;:{&quot;unit&quot;:&quot;px&quot;,&quot;size&quot;:&quot;&quot;,&quot;sizes&quot;:[]},&quot;min_height_mobile&quot;:{&quot;unit&quot;:&quot;px&quot;,&quot;size&quot;:&quot;&quot;,&quot;sizes&quot;:[]}}\" data-widget_type=\"table-of-contents.default\">\n\t\t\t\t\t\t\t\t\t<div class=\"elementor-toc__header\">\n\t\t\t\t\t\t<div class=\"elementor-toc__header-title\">\n\t\t\t\tTable of Contents\t\t\t<\/div>\n\t\t\t\t\t\t\t\t\t\t<div class=\"elementor-toc__toggle-button elementor-toc__toggle-button--expand\" role=\"button\" tabindex=\"0\" aria-controls=\"elementor-toc__3ba95c8a\" aria-expanded=\"true\" aria-label=\"Abrir la tabla de contenidos\"><svg aria-hidden=\"true\" class=\"e-font-icon-svg e-fas-chevron-down\" viewBox=\"0 0 448 512\" xmlns=\"http:\/\/www.w3.org\/2000\/svg\"><path d=\"M207.029 381.476L12.686 187.132c-9.373-9.373-9.373-24.569 0-33.941l22.667-22.667c9.357-9.357 24.522-9.375 33.901-.04L224 284.505l154.745-154.021c9.379-9.335 24.544-9.317 33.901.04l22.667 22.667c9.373 9.373 9.373 24.569 0 33.941L240.971 381.476c-9.373 9.372-24.569 9.372-33.942 0z\"><\/path><\/svg><\/div>\n\t\t\t\t<div class=\"elementor-toc__toggle-button elementor-toc__toggle-button--collapse\" role=\"button\" tabindex=\"0\" aria-controls=\"elementor-toc__3ba95c8a\" aria-expanded=\"true\" aria-label=\"Cerrar la tabla de contenidos\"><svg aria-hidden=\"true\" class=\"e-font-icon-svg e-fas-chevron-up\" viewBox=\"0 0 448 512\" xmlns=\"http:\/\/www.w3.org\/2000\/svg\"><path d=\"M240.971 130.524l194.343 194.343c9.373 9.373 9.373 24.569 0 33.941l-22.667 22.667c-9.357 9.357-24.522 9.375-33.901.04L224 227.495 69.255 381.516c-9.379 9.335-24.544 9.317-33.901-.04l-22.667-22.667c-9.373-9.373-9.373-24.569 0-33.941L207.03 130.525c9.372-9.373 24.568-9.373 33.941-.001z\"><\/path><\/svg><\/div>\n\t\t\t\t\t<\/div>\n\t\t\t\t<div id=\"elementor-toc__3ba95c8a\" class=\"elementor-toc__body\">\n\t\t\t<div class=\"elementor-toc__spinner-container\">\n\t\t\t\t<svg class=\"elementor-toc__spinner eicon-animation-spin e-font-icon-svg e-eicon-loading\" aria-hidden=\"true\" viewBox=\"0 0 1000 1000\" xmlns=\"http:\/\/www.w3.org\/2000\/svg\"><path d=\"M500 975V858C696 858 858 696 858 500S696 142 500 142 142 304 142 500H25C25 237 238 25 500 25S975 237 975 500 763 975 500 975Z\"><\/path><\/svg>\t\t\t<\/div>\n\t\t<\/div>\n\t\t\t\t\t\t<\/div>\n\t\t\t\t\t<\/div>\n\t\t<\/div>\n\t\t\t\t\t<\/div>\n\t\t<\/section>\n\t\t\t\t<\/div>\n\t\t\n<h2>\u00bfCu\u00e1les son algunos de los factores que pueden provocar una hernia discal?<\/h2>\n<p>Corres un alto riesgo de sufrir una hernia discal si:<\/p>\n<ul>\n<li>Sobrepeso: el sobrepeso suele sobrecargar la zona lumbar, lo que puede provocar una hernia discal.<\/li>\n<li>Tiene un trabajo f\u00edsicamente exigente que le obliga a levantar objetos pesados, empujar o tirar de objetos voluminosos o torcer constantemente la columna vertebral.<\/li>\n<li>Gen\u00e9tica: Es m\u00e1s probable que padezca una hernia discal si otros miembros de su familia han desarrollado la enfermedad.<\/li>\n<\/ul>\n<h2>\u00bfCu\u00e1les son los s\u00edntomas de una hernia discal?<\/h2>\n<p>Los <a href=\"https:\/\/www.mayoclinic.org\/diseases-conditions\/herniated-disk\/symptoms-causes\/syc-20354095\" target=\"_blank\" rel=\"noopener\">s\u00edntomas de una hernia disc<\/a> al tienden a variar en funci\u00f3n de la parte de la columna vertebral que tenga una hernia discal, as\u00ed como de la gravedad y la duraci\u00f3n que haya tenido la <a href=\"https:\/\/www.mayoclinic.org\/diseases-conditions\/herniated-disk\/symptoms-causes\/syc-20354095\" target=\"_blank\" rel=\"noopener\">hernia<\/a> discal. Algunos de los s\u00edntomas que pueden indicar que usted tiene una hernia discal incluyen:<\/p>\n<ul>\n<li>Sensaci\u00f3n de hormigueo o entumecimiento en manos, brazos, pies, piernas, muslos, espalda u hombros.<\/li>\n<li>Dolor de cuello<\/li>\n<li>Dolor de espalda<\/li>\n<li>Dolor en las nalgas, las piernas y las caderas si la hernia discal presiona los nervios que se encuentran a lo largo de la columna vertebral.<\/li>\n<li>Debilidad general de los m\u00fasculos que puede conducir a una disminuci\u00f3n de la fuerza.<\/li>\n<li>Problemas para doblar o enderezar la espalda.<\/li>\n<\/ul>\n<h2>\u00bfC\u00f3mo se diagnostica una hernia discal?<\/h2>\n<p>El diagn\u00f3stico de una hernia discal suele basarse en el historial m\u00e9dico, los s\u00edntomas y la exploraci\u00f3n f\u00edsica de la persona. El examen se centra en los sistemas musculoesquel\u00e9tico y neurol\u00f3gico. Nuestros m\u00e9dicos realizar\u00e1n pruebas como la de elevaci\u00f3n de la pierna recta para detectar problemas discales en la zona lumbar.<\/p>\n<p>Como parte de sus pruebas diagn\u00f3sticas, realizaremos radiograf\u00edas y otros ex\u00e1menes de imagen para evaluar el da\u00f1o total en el disco vertebral afectado. Si existe la posibilidad de da\u00f1o nervioso, tambi\u00e9n podemos realizar pruebas nerviosas, como un estudio de conducci\u00f3n nerviosa, para determinar la gravedad de su lesi\u00f3n.<\/p>\n<h2>\u00bfQu\u00e9 tratamientos hay para la hernia discal?<\/h2>\n<p>Nuestro equipo de especialistas de la columna vertebral en Hurt 911\u00ae Injury Centers en Atlanta, GA puede recomendar varias opciones de tratamiento diferentes para su hernia de disco (s). Con el fin de comprender la naturaleza exacta del tratamiento que m\u00e1s le conviene, nuestros especialistas estudiar\u00e1n primero su historial m\u00e9dico, le realizar\u00e1n un examen f\u00edsico y, a continuaci\u00f3n, explorar\u00e1n y examinar\u00e1n su columna vertebral con vistas a obtener un diagn\u00f3stico preciso.<\/p>\n<p>En funci\u00f3n del diagn\u00f3stico realizado por nuestros especialistas, pueden recomendarse las siguientes opciones de tratamiento:<\/p>\n<h3>Manipulaci\u00f3n y ajustes quiropr\u00e1cticos<\/h3>\n<p>Una hernia discal suele causar una desalineaci\u00f3n de la columna vertebral que suele provocar dolor y molestias en la zona afectada. En funci\u00f3n de su diagn\u00f3stico, nuestros m\u00e9dicos pueden recomendar la <a href=\"\/atlanta\/chiropractic-services\/\">atenci\u00f3n quiropr\u00e1ctica<\/a> como la mejor opci\u00f3n de tratamiento.<\/p>\n<p>Este tratamiento no es invasivo e implica el ajuste del disco o discos dislocados en su lugar correcto, as\u00ed como la manipulaci\u00f3n de los m\u00fasculos afectados para que la columna vertebral se alinee en la posici\u00f3n correcta.<\/p>\n<p><a href=\"https:\/\/1800hurt911ga.com\/wp-content\/uploads\/2021\/08\/herniated-disc-treatment-in-Atlanta.jpg\"><img fetchpriority=\"high\" decoding=\"async\" class=\"alignnone size-full wp-image-1634\" src=\"https:\/\/1800hurt911ga.com\/wp-content\/uploads\/2021\/08\/herniated-disc-treatment-in-Atlanta.jpg\" alt=\"Concepto de tratamiento de hernia discal en Atlanta\" width=\"500\" height=\"333\" srcset=\"https:\/\/1800hurt911ga.com\/wp-content\/uploads\/2021\/08\/herniated-disc-treatment-in-Atlanta.jpg 500w, https:\/\/1800hurt911ga.com\/wp-content\/uploads\/2021\/08\/herniated-disc-treatment-in-Atlanta-300x200.jpg 300w\" sizes=\"(max-width: 500px) 100vw, 500px\" \/><\/a><\/p>\n<h3>Estimulaci\u00f3n el\u00e9ctrica muscular<\/h3>\n<p>La <a href=\"https:\/\/www.verywellhealth.com\/electrical-stimulation-2696122\" target=\"_blank\" rel=\"noopener\">estimulaci\u00f3n el\u00e9ctrica muscular (E-STIM)<\/a> es un m\u00e9todo de tratamiento de las hernias discales que consiste en la colocaci\u00f3n de electrodos en la piel junto a la zona afectada. Los electrodos suelen enviar impulsos el\u00e9ctricos que estimulan los nervios y los m\u00fasculos de la zona afectada del cuerpo y, en el proceso, mejoran la circulaci\u00f3n sangu\u00ednea, alivian el dolor y permiten la circulaci\u00f3n de nutrientes, lo que favorece una curaci\u00f3n m\u00e1s r\u00e1pida.<\/p>\n<p>La estimulaci\u00f3n el\u00e9ctrica de los m\u00fasculos suele reducir los s\u00edntomas de la hernia discal, como el entumecimiento y el dolor. Adem\u00e1s, tambi\u00e9n ayuda a su cuerpo a sanar m\u00e1s r\u00e1pidamente.<\/p>\n<h3>Ejercicios de rehabilitaci\u00f3n<\/h3>\n<p>Tambi\u00e9n pueden recomendarse <a href=\"https:\/\/www.medicalnewstoday.com\/articles\/324311\" target=\"_blank\" rel=\"noopener\">ejercicios de rehabilitaci\u00f3n<\/a> para tratar las hernias discales. Despu\u00e9s de visitar a nuestros expertos m\u00e9dicos, le adaptar\u00e1n reg\u00edmenes de ejercicios dise\u00f1ados para aliviar los s\u00edntomas causados por su hernia discal. Los ejercicios de rehabilitaci\u00f3n pueden implicar ejercicios f\u00edsicos, masajes de tejidos profundos, entre otros.<\/p>\n<p>Estos ejercicios pueden ser recomendados para ayudar a construir su fuerza central, que es un aspecto crucial en el mantenimiento de una gran salud de la columna vertebral, ayudar a prevenir el dolor muscular, mejorar la circulaci\u00f3n sangu\u00ednea, mejorar su postura, as\u00ed como prevenir el desarrollo de cualquier otra complicaci\u00f3n a lo largo de su columna vertebral.<\/p>\n<p>Si usted es diagnosticado con un disco dislocado por nuestros especialistas de la columna vertebral, puede recibir cualquiera de los tratamientos de hernia de disco se discuti\u00f3 anteriormente en nuestra Atlanta Hurt 911\u00ae Medical Clinics.<\/p>\n<h2>\u00bfPor qu\u00e9 elegir Hurt 911\u00ae Injury Centers?<\/h2>\n<p>Hay varias razones clave por las que debe elegir Hurt 911\u00ae Injury Centers para el tratamiento de hernia discal en Atlanta, incluyendo:<\/p>\n<ul>\n<li>Nuestras cl\u00ednicas cuentan con algunos de los mejores especialistas en columna vertebral y hernias discales.<\/li>\n<li>En nuestras cl\u00ednicas, tendr\u00e1 acceso a los \u00faltimos y m\u00e1s modernos tratamientos de hernia discal hasta que se haya recuperado por completo.<\/li>\n<li>Nuestros m\u00e9dicos pueden proporcionarle pruebas y documentos m\u00e9dicos para un caso de lesiones personales e incluso remitirle a un abogado especializado en lesiones personales.<\/li>\n<li>Puede seguir recibiendo todo el tratamiento que necesite en nuestras cl\u00ednicas en r\u00e9gimen de contingencia mientras espera a que se tramite su reclamaci\u00f3n de indemnizaci\u00f3n.<\/li>\n<li>Ofrecemos transporte gratuito a nuestras oficinas y desde ellas.<\/li>\n<\/ul>\n<p>Si sufre una luxaci\u00f3n discal y busca el mejor y m\u00e1s completo tratamiento, somos los profesionales m\u00e9dicos a los que debe dirigirse. Todo lo que tiene que hacer para ponerse en contacto con los especialistas en tratamiento de hernias discales m\u00e1s cercanos en Atlanta es llamar a <a href=\"tel:+14046879000\">404-687-9000<\/a>.<\/p>\n<h2>P\u00f3ngase en contacto con nosotros hoy para el mejor tratamiento de hernia discal en Atlanta<\/h2>\n<p>Las hernias discales pueden ser precursoras de una serie de complicaciones m\u00e9dicas graves si no se tratan, por no mencionar que tambi\u00e9n pueden afectar en gran medida a su estilo de vida. Nuestros especialistas en columna vertebral se mantienen al d\u00eda de los m\u00e9todos de tratamiento m\u00e1s recientes y eficaces, lo que significa que le ofreceremos soluciones de tratamiento viables y duraderas si padece una hernia discal.<\/p>\n<p>Adem\u00e1s, tambi\u00e9n podemos ponerle en contacto con abogados expertos en lesiones personales que conseguir\u00e1n que reciba una indemnizaci\u00f3n justa por sus lesiones.<\/p>\n<p>Para reservar una cita en <a href=\"\/\">Hurt 911\u00ae Injury Centers en Atlanta<\/a>, llame a <a href=\"tel:+14046879000\">404-687-9000<\/a> hoy.<\/p>\n","protected":false},"excerpt":{"rendered":"<p>Una hernia discal en la columna vertebral suele producirse cuando los discos que se encuentran entre los huesos de las v\u00e9rtebras empiezan a sobresalir. En circunstancias normales, los discos deben quedar bien ajustados entre los huesos de las v\u00e9rtebras para absorber cualquier choque que pueda producirse entre los huesos de la columna al caminar, girar [&hellip;]<\/p>\n","protected":false},"author":25,"featured_media":0,"parent":6539,"menu_order":0,"comment_status":"closed","ping_status":"closed","template":"","meta":{"_acf_changed":false,"anchor_text":"","footnotes":""},"categories":[],"tags":[128],"class_list":["post-6553","page","type-page","status-publish","hentry","tag-hernia-discal"],"acf":[],"_links":{"self":[{"href":"https:\/\/1800hurt911ga.com\/es\/wp-json\/wp\/v2\/pages\/6553","targetHints":{"allow":["GET"]}}],"collection":[{"href":"https:\/\/1800hurt911ga.com\/es\/wp-json\/wp\/v2\/pages"}],"about":[{"href":"https:\/\/1800hurt911ga.com\/es\/wp-json\/wp\/v2\/types\/page"}],"author":[{"embeddable":true,"href":"https:\/\/1800hurt911ga.com\/es\/wp-json\/wp\/v2\/users\/25"}],"replies":[{"embeddable":true,"href":"https:\/\/1800hurt911ga.com\/es\/wp-json\/wp\/v2\/comments?post=6553"}],"version-history":[{"count":3,"href":"https:\/\/1800hurt911ga.com\/es\/wp-json\/wp\/v2\/pages\/6553\/revisions"}],"predecessor-version":[{"id":14255,"href":"https:\/\/1800hurt911ga.com\/es\/wp-json\/wp\/v2\/pages\/6553\/revisions\/14255"}],"up":[{"embeddable":true,"href":"https:\/\/1800hurt911ga.com\/es\/wp-json\/wp\/v2\/pages\/6539"}],"wp:attachment":[{"href":"https:\/\/1800hurt911ga.com\/es\/wp-json\/wp\/v2\/media?parent=6553"}],"wp:term":[{"taxonomy":"category","embeddable":true,"href":"https:\/\/1800hurt911ga.com\/es\/wp-json\/wp\/v2\/categories?post=6553"},{"taxonomy":"post_tag","embeddable":true,"href":"https:\/\/1800hurt911ga.com\/es\/wp-json\/wp\/v2\/tags?post=6553"}],"curies":[{"name":"wp","href":"https:\/\/api.w.org\/{rel}","templated":true}]}}