{"id":6560,"date":"2023-02-11T18:43:10","date_gmt":"2023-02-11T23:43:10","guid":{"rendered":"https:\/\/1800hurt911ga.com\/atlanta\/atlanta-rayos-x-imagenes\/"},"modified":"2025-07-23T12:49:26","modified_gmt":"2025-07-23T17:49:26","slug":"atlanta-rayos-x-imagenes","status":"publish","type":"page","link":"https:\/\/1800hurt911ga.com\/es\/atlanta-rayos-x-imagenes\/","title":{"rendered":"Atlanta Rayos X Im\u00e1genes"},"content":{"rendered":"\t\t<div data-elementor-type=\"wp-page\" data-elementor-id=\"6560\" class=\"elementor elementor-6560 elementor-5900\" data-elementor-post-type=\"page\">\n\t\t\t\t\t\t<section class=\"elementor-section elementor-top-section elementor-element elementor-element-6fed5731 elementor-section-boxed elementor-section-height-default elementor-section-height-default\" data-id=\"6fed5731\" data-element_type=\"section\" data-e-type=\"section\">\n\t\t\t\t\t\t<div class=\"elementor-container elementor-column-gap-default\">\n\t\t\t\t\t<div class=\"elementor-column elementor-col-100 elementor-top-column elementor-element elementor-element-61831ec3\" data-id=\"61831ec3\" data-element_type=\"column\" data-e-type=\"column\">\n\t\t\t<div class=\"elementor-widget-wrap elementor-element-populated\">\n\t\t\t\t\t\t<div class=\"elementor-element elementor-element-4d209180 elementor-widget elementor-widget-text-editor\" data-id=\"4d209180\" data-element_type=\"widget\" data-e-type=\"widget\" data-widget_type=\"text-editor.default\">\n\t\t\t\t\t\t\t\t\t<p>\u00bfPor qu\u00e9 los m\u00e9dicos a frecuente sugieren ex\u00e1menes de rayos X despu\u00e9s de una lesi\u00f3n? Para que puedan averiguar la gravedad de la lesi\u00f3n y, en consecuencia, pensar en el m\u00e9todo de tratamiento adecuado. Los rayos X pueden detectar fracturas finas, huesos dislocados u otras condiciones subyacentes que pueden no ser evidentes.<\/p><p>Las radiograf\u00edas no solo son \u00fatiles para averiguar si tiene una fractura \u00f3sea o un hueso dislocado.\u00a0Tambi\u00e9n muestra obstrucciones digestivas, la condici\u00f3n del coraz\u00f3n y varios otros problemas, lo que le permite al m\u00e9dico diagnosticar el asunto r\u00e1pidamente y no dejar que se salga de control.\u00a0Es una de las mejores maneras de eliminar el riesgo de diagnosticar err\u00f3neamente su problema de salud.<\/p><p>Si est\u00e1 buscando una cl\u00ednica de diagn\u00f3stico confiable que realice im\u00e1genes de rayos X en Atlanta, debe comunicarse con Hurt 911\u00ae Injury Centers. Ll\u00e1menos al 855-475-2588 para programar una cita anticipada y podemos programar la exploraci\u00f3n tan pronto como llegue.<\/p><h2>\u00bfC\u00f3mo funciona una radiograf\u00eda?<\/h2><p>Una\u00a0radiograf\u00eda\u00a0es un procedimiento indoloro para tomar im\u00e1genes del interior de su cuerpo.\u00a0Es una manera eficaz de echar un vistazo a sus huesos y detectar varias condiciones.\u00a0Los radi\u00f3logos son las mejores personas en la industria de la salud para realizar radiograf\u00edas.<\/p><p>Los rayos X implican un tipo de radiaci\u00f3n.\u00a0Debe acostarse en una mesa y el radi\u00f3logo ajustar\u00e1 la m\u00e1quina de rayos X en la parte superior de acuerdo con la ubicaci\u00f3n de su lesi\u00f3n.\u00a0La radiaci\u00f3n atraviesa su cuerpo y toma im\u00e1genes de sus huesos.\u00a0M\u00e1s tarde, el m\u00e9dico verifica si tiene una dislocaci\u00f3n \u00f3sea, una fractura capilar o si no hay ninguna lesi\u00f3n grave.<\/p><p>La energ\u00eda de los rayos X se absorbe en su cuerpo a diferentes velocidades.\u00a0Tambi\u00e9n hay un detector en el otro lado de su cuerpo.\u00a0Captura los escaneos de rayos X y crea im\u00e1genes una vez que los rayos X pasan a trav\u00e9s de los huesos.\u00a0Tanto el detector como la radiaci\u00f3n de rayos X funcionan en conjunto para capturar im\u00e1genes claras del \u00e1rea lesionada.<\/p><p>Los huesos, al ser densos, no permiten el paso de los rayos X.\u00a0Es por eso que aparecen como \u00e1reas blancas en la imagen de rayos X final.\u00a0Por otro lado, las \u00e1reas m\u00e1s blandas como tejidos, m\u00fasculos y tendones permiten que los rayos X pasen f\u00e1cilmente.\u00a0Como resultado, aparecen como \u00e1reas m\u00e1s oscuras.<\/p><h2>\u00bfPara qu\u00e9 se usan los rayos X al diagnosticar?<\/h2><p>Los m\u00e9dicos recomiendan radiograf\u00edas para diagnosticar las articulaciones y los huesos. A veces, las radiograf\u00edas tambi\u00e9n ayudan a detectar problemas con los tejidos blandos y los \u00f3rganos internos. Hurt 911\u00ae Injury Centers cuenta con un equipo de radi\u00f3logos experimentados que pueden realizar radiograf\u00edas en cualquier parte de su cuerpo.<\/p><p>Aqu\u00ed hay algunos problemas que los m\u00e9dicos pueden detectar despu\u00e9s de revisar sus exploraciones de rayos X:<\/p><ul><li>Dislocaciones y fracturas \u00f3seas<\/li><li>Tumores \u00f3seos cancerosos y no cancerosos<\/li><li>Problemas dentales como abscesos dentales y dientes flojos<\/li><li>Problemas pulmonares como c\u00e1ncer de pulm\u00f3n y neumon\u00eda.<\/li><li>Escoliosis<\/li><li>Disfagia<\/li><li>C\u00e1ncer de mama<\/li><li>Problemas card\u00edacos como insuficiencia card\u00edaca.<\/li><\/ul><p>Usamos las \u00faltimas m\u00e1quinas de rayos X para proporcionar la mejor imagen de rayos X posible en Atlanta.\u00a0Adem\u00e1s de diagnosticar los problemas anteriores, los m\u00e9dicos tambi\u00e9n usan rayos X durante ciertos procedimientos, como la angioplastia coronaria.\u00a0Es un procedimiento que ensancha algunas de las arterias estrechadas cerca del coraz\u00f3n.\u00a0Los rayos X tambi\u00e9n son \u00fatiles para guiar un cat\u00e9ter por la arteria.<\/p><h2>\u00bfC\u00f3mo te preparas para una radiograf\u00eda?<\/h2><p>No hay nada para lo que prepararse antes de una radiograf\u00eda.\u00a0Como ya se mencion\u00f3, es un procedimiento indoloro y r\u00e1pido que apenas toma unos minutos.\u00a0A diferencia de algunos an\u00e1lisis de sangre en los que debe estar con el est\u00f3mago vac\u00edo durante un per\u00edodo determinado, no tiene que hacer nada de eso antes de una exploraci\u00f3n de rayos X.\u00a0Coma y beba como lo hace normalmente, e incluso puede continuar tomando su medicaci\u00f3n.\u00a0Estos no afectan la calidad de sus im\u00e1genes.<\/p><p>La \u00fanica vez que puede necesitar evitar comer y beber o dejar de tomar medicamentos es si la m\u00e1quina de rayos X usa un agente de contraste.\u00a0Un agente de contraste es una sustancia que muestra claramente sus tejidos blandos.<\/p><p><a href=\"https:\/\/1800hurt911ga.com\/wp-content\/uploads\/2021\/08\/X-ray-imaging-in-Atlanta.jpg\"><img fetchpriority=\"high\" decoding=\"async\" class=\"alignnone wp-image-1621 size-full\" src=\"https:\/\/1800hurt911ga.com\/wp-content\/uploads\/2021\/08\/X-ray-imaging-in-Atlanta.jpg\" alt=\"Concept of X-ray imaging in Atlanta\" width=\"500\" height=\"334\" srcset=\"https:\/\/1800hurt911ga.com\/wp-content\/uploads\/2021\/08\/X-ray-imaging-in-Atlanta.jpg 500w, https:\/\/1800hurt911ga.com\/wp-content\/uploads\/2021\/08\/X-ray-imaging-in-Atlanta-300x200.jpg 300w\" sizes=\"(max-width: 500px) 100vw, 500px\" \/><\/a><\/p><p>Hay cuatro tipos de agentes de contraste que usan los radi\u00f3logos seg\u00fan el lugar donde se deba realizar la radiograf\u00eda:<\/p><ul><li>Trago de bario: debe tragar bario para que la radiograf\u00eda pueda resaltar claramente su sistema digestivo superior.<\/li><li>Enema de bario: el radi\u00f3logo pasa bario a trav\u00e9s del ano hasta el intestino.<\/li><li>Angiograf\u00eda: el m\u00e9dico inyecta yodo en el vaso sangu\u00edneo para obtener im\u00e1genes claras del coraz\u00f3n y los vasos sangu\u00edneos.<\/li><li>Urograf\u00eda intravenosa: es similar a la angiograf\u00eda, pero la radiograf\u00eda se enfoca en la vejiga y los ri\u00f1ones.<\/li><\/ul><p>Estas radiograf\u00edas toman m\u00e1s tiempo y requieren una preparaci\u00f3n especial.\u00a0Su m\u00e9dico le especificar\u00e1 s\u00ed necesita una radiograf\u00eda con un agente de contraste.<\/p><h2>\u00bfQu\u00e9 esperar durante y despu\u00e9s de una radiograf\u00eda?<\/h2><p>El radi\u00f3logo le pedir\u00e1 que se acueste en una mesa.\u00a0A veces, es posible que deba pararse derecho contra una superficie plana, seg\u00fan la parte de su cuerpo que est\u00e9 debajo del esc\u00e1ner.\u00a0La m\u00e1quina de rayos X parece un tubo que contiene una gran bombilla.\u00a0Un radi\u00f3logo operar\u00e1 la m\u00e1quina de rayos X desde otra habitaci\u00f3n o detr\u00e1s de una pantalla.\u00a0Posiciona la luz usando la m\u00e1quina y pasa la radiaci\u00f3n tan pronto como est\u00e9s listo.\u00a0No sentir\u00e1s nada cuando esto suceda.\u00a0Apenas se necesita una fracci\u00f3n de segundo para realizar una exploraci\u00f3n de rayos X.<\/p><p>Las radiograf\u00edas no tienen efectos secundarios.\u00a0Puede irse a casa de inmediato o volver al trabajo despu\u00e9s de completar el escaneo.\u00a0Como la cl\u00ednica l\u00edder en rayos X en Atlanta, podemos asegurarle que no hay nada de qu\u00e9 preocuparse con este procedimiento.\u00a0Es adecuado para personas de todas las edades.<\/p><h2>\u00bfHay riesgos asociados con hacerse una radiograf\u00eda?<\/h2><p>Por lo general, no hay ning\u00fan riesgo al hacerse una exploraci\u00f3n de rayos X, excepto por las siguientes condiciones:<\/p><ul><li>El m\u00e9dico puede elegir otra herramienta de diagn\u00f3stico si est\u00e1 embarazada, ya que la radiaci\u00f3n puede afectar a su beb\u00e9.<\/li><li>Es posible que experimente algunos efectos secundarios temporales debido al uso de un agente de contraste antes de la radiograf\u00eda.<\/li><\/ul><p>Comun\u00edquese con los centros de lesiones Hurt 911\u00ae hoy para programar im\u00e1genes de rayos X en Atlanta<\/p><p>Hurt 911\u00ae Injury Centers es una cl\u00ednica de rayos X confiable, asequible y segura en Atlanta. Ll\u00e1menos al 855-475-2588 para programar una cita si su m\u00e9dico le ha sugerido una radiograf\u00eda para diagnosticar su condici\u00f3n. Nuestro personal experimentado lo guiar\u00e1 a trav\u00e9s de todo el proceso tan pronto como ingrese a nuestra cl\u00ednica.<\/p>\t\t\t\t\t\t\t\t<\/div>\n\t\t\t\t\t<\/div>\n\t\t<\/div>\n\t\t\t\t\t<\/div>\n\t\t<\/section>\n\t\t\t\t<\/div>\n\t\t","protected":false},"excerpt":{"rendered":"<p>\u00bfPor qu\u00e9 los m\u00e9dicos a frecuente sugieren ex\u00e1menes de rayos X despu\u00e9s de una lesi\u00f3n? Para que puedan averiguar la gravedad de la lesi\u00f3n y, en consecuencia, pensar en el m\u00e9todo de tratamiento adecuado. Los rayos X pueden detectar fracturas finas, huesos dislocados u otras condiciones subyacentes que pueden no ser evidentes. Las radiograf\u00edas no [&hellip;]<\/p>\n","protected":false},"author":27,"featured_media":0,"parent":0,"menu_order":0,"comment_status":"closed","ping_status":"closed","template":"","meta":{"_acf_changed":false,"anchor_text":"","footnotes":""},"categories":[],"tags":[131],"class_list":["post-6560","page","type-page","status-publish","hentry","tag-rayos-x"],"acf":[],"_links":{"self":[{"href":"https:\/\/1800hurt911ga.com\/es\/wp-json\/wp\/v2\/pages\/6560","targetHints":{"allow":["GET"]}}],"collection":[{"href":"https:\/\/1800hurt911ga.com\/es\/wp-json\/wp\/v2\/pages"}],"about":[{"href":"https:\/\/1800hurt911ga.com\/es\/wp-json\/wp\/v2\/types\/page"}],"author":[{"embeddable":true,"href":"https:\/\/1800hurt911ga.com\/es\/wp-json\/wp\/v2\/users\/27"}],"replies":[{"embeddable":true,"href":"https:\/\/1800hurt911ga.com\/es\/wp-json\/wp\/v2\/comments?post=6560"}],"version-history":[{"count":10,"href":"https:\/\/1800hurt911ga.com\/es\/wp-json\/wp\/v2\/pages\/6560\/revisions"}],"predecessor-version":[{"id":16520,"href":"https:\/\/1800hurt911ga.com\/es\/wp-json\/wp\/v2\/pages\/6560\/revisions\/16520"}],"wp:attachment":[{"href":"https:\/\/1800hurt911ga.com\/es\/wp-json\/wp\/v2\/media?parent=6560"}],"wp:term":[{"taxonomy":"category","embeddable":true,"href":"https:\/\/1800hurt911ga.com\/es\/wp-json\/wp\/v2\/categories?post=6560"},{"taxonomy":"post_tag","embeddable":true,"href":"https:\/\/1800hurt911ga.com\/es\/wp-json\/wp\/v2\/tags?post=6560"}],"curies":[{"name":"wp","href":"https:\/\/api.w.org\/{rel}","templated":true}]}}