{"id":6563,"date":"2023-02-11T18:33:58","date_gmt":"2023-02-11T18:33:58","guid":{"rendered":"https:\/\/1800hurt911ga.com\/atlanta\/atlanta-physiotherapy-services\/"},"modified":"2025-07-10T12:16:34","modified_gmt":"2025-07-10T17:16:34","slug":"servicios-de-fisioterapia-de-atlanta","status":"publish","type":"page","link":"https:\/\/1800hurt911ga.com\/es\/atlanta\/servicios-de-fisioterapia-de-atlanta\/","title":{"rendered":"Servicios de fisioterapia de Atlanta"},"content":{"rendered":"<p>La rehabilitaci\u00f3n es una parte crucial del proceso de recuperaci\u00f3n. Si result\u00f3 lesionado en un accidente, su m\u00e9dico podr\u00eda recomendarle fisioterapia despu\u00e9s de su tratamiento m\u00e9dico inicial. Por lo general, esto tiene como objetivo aumentar la eficacia de su tratamiento, restaurar su movilidad y garantizar una recuperaci\u00f3n sin dolor. La fisioterapia ayudar\u00e1 a acelerar su recuperaci\u00f3n y restaurar su cuerpo, y tambi\u00e9n ayudar\u00e1 a prevenir complicaciones a largo plazo derivadas de sus lesiones, como dolor cr\u00f3nico y dolores de cabeza.<\/p>\n<p>Adem\u00e1s, si bien puede sentirse bien despu\u00e9s de un accidente aparentemente menor, puede comenzar a experimentar dolor, rigidez, rango de movimiento reducido, dolores de cabeza cr\u00f3nicos y otros s\u00edntomas d\u00edas o semanas despu\u00e9s del accidente. Esto se debe a que algunas lesiones como el latigazo cervical y las lesiones musculoesquel\u00e9ticas suelen tardar en manifestar sus s\u00edntomas. Afortunadamente, muchas lesiones relacionadas con accidentes automovil\u00edsticos pueden tratarse eficazmente mediante fisioterapia sin necesidad de medicamentos recetados ni cirug\u00edas.<\/p>\n<p>Con todo esto en mente, puede ver por qu\u00e9 es muy recomendable comenzar la fisioterapia lo antes posible despu\u00e9s de un accidente. Si necesita servicios de fisioterapia en Atlanta, podemos ayudarle. En Hurt 911\u00ae Injury Centers, ofrecemos una amplia gama de servicios de fisioterapia de calidad destinados a satisfacer sus necesidades espec\u00edficas. Llame a nuestra ubicaci\u00f3n de Atlanta hoy al 855-475-2588 para comenzar su viaje hacia una recuperaci\u00f3n efectiva y sin dolor.<\/p>\n<h2>\u00bfQu\u00e9 es la fisioterapia?<\/h2>\n<p>La fisioterapia es un m\u00e9todo de tratamiento que utiliza t\u00e9cnicas f\u00edsicas (que incluyen, entre otros, masajes, ejercicio y manipulaci\u00f3n) para mejorar la funci\u00f3n corporal y la movilidad, acelerar la recuperaci\u00f3n, reducir el dolor y la rigidez y mejorar la calidad de vida. Los fisioterapeutas tienen habilidades cl\u00ednicas pr\u00e1cticas especializadas para diagnosticar y tratar los s\u00edntomas de lesiones, enfermedades y discapacidades. Se centra principalmente en la rehabilitaci\u00f3n, la prevenci\u00f3n de lesiones y la promoci\u00f3n de la salud y la forma f\u00edsica. Es un enfoque hol\u00edstico del tratamiento que tambi\u00e9n implica involucrar al paciente en su propio tratamiento a trav\u00e9s de la educaci\u00f3n y el asesoramiento sobre el estilo de vida.<\/p>\n<h2>\u00bfQu\u00e9 condiciones tratan nuestros fisioterapeutas?<\/h2>\n<p>En Hurt 911\u00ae Injury, tratamos los siguientes tipos de lesiones:<\/p>\n<h3>Heridas en la cabeza<\/h3>\n<p>Una lesi\u00f3n en la cabeza\/lesi\u00f3n cerebral traum\u00e1tica puede tener efectos devastadores para usted y su familia. Las lesiones cerebrales traum\u00e1ticas a menudo se producen cuando se sufre un golpe significativo en la cabeza, por ejemplo, en un accidente automovil\u00edstico o un accidente de resbal\u00f3n y ca\u00edda. Tambi\u00e9n pueden ser causados cuando su cerebro golpea contra el cr\u00e1neo despu\u00e9s de una parada repentina.<\/p>\n<p>Las lesiones en la cabeza pueden provocar problemas de comunicaci\u00f3n, problemas cognitivos y problemas f\u00edsicos como el equilibrio y la coordinaci\u00f3n. Sin embargo, a trav\u00e9s de la entrada de terapia correcta, nuestros fisioterapeutas pueden reprogramar las v\u00edas nerviosas y la actividad cerebral y ayudar al paciente a volver a aprender sus habilidades, movimientos y funciones b\u00e1sicas.<\/p>\n<h3>Huesos rotos<\/h3>\n<p>Los huesos rotos o fracturados son bastante comunes en accidentes automovil\u00edsticos y actividades de alto impacto. Despu\u00e9s de recibir tratamiento m\u00e9dico de emergencia, se recomienda la fisioterapia para ayudar a controlar el dolor, fortalecer los m\u00fasculos y tejidos circundantes, minimizar la debilidad y la atrofia muscular y restaurar la movilidad y el rango de movimiento.<\/p>\n<h3>Lesiones de espalda y columna<\/h3>\n<p>Si ha estado involucrado en un accidente automovil\u00edstico o un accidente de resbal\u00f3n y ca\u00edda mientras trabajaba o hac\u00eda mandados en Atlanta, existe una alta probabilidad de que se haya lesionado la columna vertebral o los m\u00fasculos de la espalda. Adem\u00e1s, si su trabajo requiere levantar mucho peso, puede estresar y lesionar los m\u00fasculos de la espalda y los ligamentos de la columna. Las lesiones en la espalda y la columna pueden provocar dolor cr\u00f3nico y limitar severamente su capacidad para completar tareas regulares.<\/p>\n<p>Nuestros fisioterapeutas utilizan una amplia gama de t\u00e9cnicas quiropr\u00e1cticas para tratar lesiones de columna y espalda . Le ense\u00f1ar\u00e1n los ejercicios apropiados para practicar en casa para ayudarlo a fortalecer su espalda para prevenir m\u00e1s lesiones y acelerar su recuperaci\u00f3n.<\/p>\n<p>Desarrollaremos un plan de tratamiento perfectamente adaptado para satisfacer sus necesidades \u00fanicas.<\/p>\n<h3>Escoliosis<\/h3>\n<p>La escoliosis es una condici\u00f3n que hace que la columna se curve hacia los lados. Si bien a\u00fan no se conoce la causa de muchos casos de escoliosis infantil, puede desarrollar la afecci\u00f3n en la edad adulta debido a distrofia muscular, infecciones de la columna y lesiones de la m\u00e9dula espinal.<\/p>\n<p>Aunque la atenci\u00f3n quiropr\u00e1ctica y la fisioterapia en Atlanta no sirven como cura para la escoliosis, nuestros fisioterapeutas podr\u00e1n evaluar su condici\u00f3n y formular un plan de tratamiento adecuado para ayudar a controlar los s\u00edntomas dolorosos y molestos. El plan de tratamiento se enfocar\u00e1 en minimizar el dolor y mejorar la movilidad y funcionalidad de su columna. Trabajaremos de cerca con usted para tratar su escoliosis y mejorar su salud espinal.<\/p>\n<p>Si no se aborda adecuadamente, su condici\u00f3n empeorar\u00e1 y provocar\u00e1 una mayor desalineaci\u00f3n y complicaciones de salud, como problemas respiratorios, dolor de espalda intenso y complicaciones, y cambios musculoesquel\u00e9ticos desequilibrados.<\/p>\n<p>La desalineaci\u00f3n de la columna tambi\u00e9n puede irritar los nervios y provocar una inflamaci\u00f3n asociada con el dolor cr\u00f3nico.<\/p>\n<h2><img fetchpriority=\"high\" decoding=\"async\" class=\"alignnone wp-image-1610 size-full\" src=\"https:\/\/1800hurt911ga.com\/wp-content\/uploads\/2021\/08\/Atlanta-physiotherapy-services-2.jpg\" alt=\"Concepto de los servicios de fisioterapia de Atlanta\" width=\"500\" height=\"333\" srcset=\"https:\/\/1800hurt911ga.com\/wp-content\/uploads\/2021\/08\/Atlanta-physiotherapy-services-2.jpg 500w, https:\/\/1800hurt911ga.com\/wp-content\/uploads\/2021\/08\/Atlanta-physiotherapy-services-2-300x200.jpg 300w\" sizes=\"(max-width: 500px) 100vw, 500px\" \/><\/h2>\n<h3>Lesiones en el cuello, incluido el latigazo cervical<\/h3>\n<p>Las lesiones en el cuello pueden ser causadas por una amplia gama de factores que incluyen accidentes automovil\u00edsticos, accidentes laborales, accidentes por resbalones y ca\u00eddas, mala postura, impacto en la cabeza o el cuello, dormir en una posici\u00f3n menos que ideal, etc. Cuando visite Hurt 911\u00ae , nuestros fisioterapeutas tomar\u00e1n radiograf\u00edas y usar\u00e1n otros ex\u00e1menes por im\u00e1genes para evaluar su lesi\u00f3n en el cuello.<\/p>\n<p>Luego, utilizaremos los hallazgos para desarrollar un plan de tratamiento que se centre en solucionar la causa subyacente de su dolor de cuello. Tambi\u00e9n determinaremos que ajustes quiropr\u00e1cticos hacer para restaurar la alineaci\u00f3n adecuada en su columna cervical.<\/p>\n<p>Si experimenta dolor de cuello despu\u00e9s de estar involucrado en un accidente, es crucial que busque atenci\u00f3n m\u00e9dica lo antes posible. Las lesiones por latigazo cervical son comunes en los accidentes automovil\u00edsticos. Dejar las lesiones del cuello sin controlar puede provocar da\u00f1os en la columna vertebral o los nervios que pueden provocar da\u00f1os permanentes y par\u00e1lisis.<\/p>\n<h3>Hernias discales<\/h3>\n<p>Sentado entre los huesos individuales de la columna vertebral (v\u00e9rtebras) hay cojines o discos de goma que mantienen unida la columna y brindan protecci\u00f3n contra los golpes. Una hernia de disco se produce cuando el n\u00facleo o el centro blando de un disco se desliza o se sale de la cubierta exterior m\u00e1s resistente. Una hernia de disco puede ocurrir en cualquier parte de la columna, sin embargo, la mayor\u00eda de las personas la experimentan en la zona lumbar. A diferencia de otras lesiones en esta lista, las hernias de disco rara vez son causadas por un traumatismo.<\/p>\n<p>More well, estos tipos de lesiones son causados con mayor frecuencia por el estr\u00e9s y la tensi\u00f3n repetidos en la columna vertebral. Los factores de riesgo para esta afecci\u00f3n incluyen trabajos f\u00edsicamente exigentes, obesidad y factores gen\u00e9ticos. Una hernia de disco puede provocar dolor cr\u00f3nico, dolor en los brazos o las piernas dependiendo de d\u00f3nde se encuentre la hernia de disco, entumecimiento alrededor de la regi\u00f3n afectada.<\/p>\n<p>Tras una primera consulta, examen f\u00edsico y pruebas diagn\u00f3sticas, podremos determinar el tratamiento de fisioterapia m\u00e1s adecuado para tu hernia discal .<\/p>\n<h3>S\u00edndrome del t\u00fanel carpiano<\/h3>\n<p>El s\u00edndrome del t\u00fanel carpiano surge cuando se comprende un nervio de la mu\u00f1eca, m\u00e1s concretamente el nervio mediano. Si bien este tipo de lesi\u00f3n se asocia com\u00fanmente con personas que trabajan con frecuencia en la computadora o juegan videojuegos, no existe evidencia cient\u00edfica real que respalde esta conexi\u00f3n.<\/p>\n<p>Las causas confirmadas de esta afecci\u00f3n incluyen la anatom\u00eda de la mano, afecciones inflamatorias como la diabetes reumatoide, la obesidad, enfermedades que causan da\u00f1o a los nervios como la diabetes, ciertos tipos de medicamentos y afecciones cr\u00f3nicas como la insuficiencia renal.<\/p>\n<p>El s\u00edndrome del t\u00fanel carpiano puede provocar dolor y entumecimiento en la mano y los dedos y puede afectar a su capacidad de agarre.<\/p>\n<h3>Esguinces y distensiones musculares<\/h3>\n<p>Las distensiones musculares y los esguinces son algunas de las lesiones m\u00e1s comunes que tratamos. Este tipo de lesiones ocurren cuando un m\u00fasculo o tend\u00f3n se estira demasiado, por ejemplo, en una actividad deportiva, al levantar o transportar un objeto pesado, o al realizar acciones repetitivas que ejercen tensi\u00f3n sobre el m\u00fasculo, como girar y lanzar.<\/p>\n<h3>Bursitis<\/h3>\n<p>La bursitis ocurre cuando la bursa se inflama como resultado de una presi\u00f3n excesiva o irritaci\u00f3n por el movimiento articular repetitivo. Las bursas son peque\u00f1os sacos llenos de l\u00edquido que se encuentran alrededor de las articulaciones. Son responsables de proteger los huesos, m\u00fasculos y tendones alrededor del \u00e1rea de la articulaci\u00f3n. Si bien puede ocurrir en cualquier articulaci\u00f3n, la bursitis afecta principalmente a los codos, las caderas y los hombros.<\/p>\n<p>&nbsp;<\/p>\n<h3>Tipos de tratamientos de fisioterapia que ofrecemos<\/h3>\n<p>En Hurt 911\u00ae Injury Centers, ofrecemos los siguientes tipos de servicios de fisioterapia en Atlanta:<\/p>\n<h3>Ajustes quiropr\u00e1cticos y atenci\u00f3n correctiva<\/h3>\n<p>En Hurt 911\u00ae, ofrecemos ajustes quiropr\u00e1cticos y tratamientos de fisioterapia. Los ajustes quiropr\u00e1cticos tambi\u00e9n se conocen como manipulaciones espinales. Son procedimientos no invasivos que involucran el uso de manos o herramientas especiales para aplicar una fuerza repentina pero controlada a una articulaci\u00f3n de la columna con el objetivo de restaurar la alineaci\u00f3n correcta de la columna y mejorar la movilidad y la funcionalidad. Despu\u00e9s de los ajustes quiropr\u00e1cticos, llevamos a cabo cuidados correctivos para corregir cualquier s\u00edntoma doloroso o molesto dentro del cuerpo.<\/p>\n<h3>Ultrasound therapy<\/h3>\n<p>Este tipo de tratamiento de fisioterapia se realiza disparando ondas de sonido para penetrar e interactuar con los tejidos musculares. Se utiliza para ayudar en el manejo del dolor y promover la cicatrizaci\u00f3n de los tejidos. La terapia de ultrasonido se usa com\u00fanmente en el cuello, la espalda baja, los hombros, las rodillas y los muslos. Tambi\u00e9n se puede usar para romper el tejido cicatricial y promover la curaci\u00f3n.<\/p>\n<h3>Terapia de Masajes<\/h3>\n<p>En esta forma de tratamiento de fisioterapia, el terapeuta de masaje utiliza una variedad de t\u00e9cnicas de masaje respaldadas por la ciencia para trabajar las articulaciones y los m\u00fasculos para aliviar el estr\u00e9s y el dolor y restaurar la funci\u00f3n adecuada de los m\u00fasculos y las articulaciones. La terapia de masaje tambi\u00e9n es beneficiosa porque promueve la circulaci\u00f3n sangu\u00ednea, alivia los dolores de cabeza y fomenta la flexibilidad.<\/p>\n<p><img decoding=\"async\" class=\"alignnone wp-image-1609 size-full\" src=\"https:\/\/1800hurt911ga.com\/wp-content\/uploads\/2021\/08\/Atlanta-physiotherapy-services.jpg\" alt=\"Concepto de los servicios de fisioterapia de Atlanta\" width=\"500\" height=\"342\" srcset=\"https:\/\/1800hurt911ga.com\/wp-content\/uploads\/2021\/08\/Atlanta-physiotherapy-services.jpg 500w, https:\/\/1800hurt911ga.com\/wp-content\/uploads\/2021\/08\/Atlanta-physiotherapy-services-300x205.jpg 300w\" sizes=\"(max-width: 500px) 100vw, 500px\" \/><\/p>\n<h3>Terapia de rehabilitaci\u00f3n<\/h3>\n<p>La terapia de rehabilitaci\u00f3n es una forma de tratamiento que se utiliza para ayudar a los pacientes a recuperar una habilidad o funci\u00f3n perdida debido a una lesi\u00f3n o enfermedad. Se trata de una serie de ejercicios, m\u00e9todos y herramientas que ayudan al cuerpo a restaurar la funcionalidad completa.<\/p>\n<h3>Estiramiento y Fortalecimiento<\/h3>\n<p>En esta forma de tratamiento, el m\u00e9dico examinar\u00e1 su cuerpo y recomendar\u00e1 varios tipos de ejercicios de estiramiento para ayudar a fortalecer los m\u00fasculos en el \u00e1rea afectada, particularmente en la parte baja de la espalda, para ayudar a lidiar con el dolor y otras lesiones de la columna.<\/p>\n<h3>Estimulaci\u00f3n Muscular El\u00e9ctrica (E-ESTIM)<\/h3>\n<p>El tratamiento de E-estim consiste en enviar pulsos el\u00e9ctricos de bajo voltaje a trav\u00e9s del cuerpo para promover la reparaci\u00f3n del tejido muscular. Proporciona alivio del dolor cr\u00f3nico, la inflamaci\u00f3n y los espasmos musculares.<\/p>\n<h3>Qu\u00e9 esperar en su cita<\/h3>\n<p>Si est\u00e1 considerando los servicios de fisioterapia de Atlanta, es posible que est\u00e9 un poco nervioso. Definitivamente ayuda saber qu\u00e9 esperar de su primera cita de fisioterapia.<\/p>\n<h3>Cuestionario Inicial<\/h3>\n<p>Primero, deber\u00e1 completar algunos formularios y un breve cuestionario. Esta informaci\u00f3n nos ayudar\u00e1 a comprender mejor su historial m\u00e9dico. Dependiendo de la informaci\u00f3n que proporcione, su m\u00e9dico puede optar por realizar una evaluaci\u00f3n adicional.<\/p>\n<h3>Examen f\u00edsico<\/h3>\n<p>Despu\u00e9s de que el m\u00e9dico haya determinado el tipo de lesi\u00f3n que est\u00e1 tratando, proceder\u00e1 a realizar un examen f\u00edsico para determinar la causa subyacente de su dolor y su gravedad. Es posible que deba someterse a radiograf\u00edas y otros ex\u00e1menes para llegar a la ra\u00edz del problema.<\/p>\n<p>Discutir los pr\u00f3ximos pasos<\/p>\n<p>Finalmente, hablaremos con usted sobre la programaci\u00f3n de su pr\u00f3xima cita, donde revisaremos los resultados de la radiograf\u00eda y el examen f\u00edsico y desarrollaremos un plan de tratamiento adecuado. Dependiendo de la gravedad de su condici\u00f3n, es posible que necesite varias sesiones.<\/p>\n<h3>Podemos trabajar con su abogado<\/h3>\n<p>Si est\u00e1 planeando presentar una reclamaci\u00f3n de compensaci\u00f3n laboral o lesiones personales en Atlanta contra la parte responsable de sus lesiones, ser\u00e1 importante que haga los arreglos para los tratamientos de fisioterapia con Hurt 911\u00ae Injury Centers lo antes posible. Su abogado deber\u00e1 saber c\u00f3mo luchar por sus gastos actuales y futuros, incluidos los costes de rehabilitaci\u00f3n.<\/p>\n<p>Recuerde, es posible que necesite terapia durante meses e incluso a\u00f1os por venir. Nuestros fisioterapeutas en Hurt 911<strong>\u00ae<\/strong> Injury Centers le proporcionar\u00e1n a usted y a su abogado la documentaci\u00f3n\/evidencia m\u00e9dica para probar sus lesiones y los costos de su tratamiento.<\/p>\n<p>Ayudaremos a respaldar su caso de las siguientes maneras:<\/p>\n<ul>\n<li>Proporcionar copias de sus registros m\u00e9dicos.<\/li>\n<li>Proporcionar resultados y an\u00e1lisis de rayos X para revelar la gravedad de sus lesiones.<\/li>\n<li>Brindar testimonio sobre varios aspectos de su caso, por ejemplo, la duraci\u00f3n esperada de su tratamiento.<\/li>\n<li>Facturas m\u00e9dicas para acreditar los costes de su tratamiento<\/li>\n<\/ul>\n<p>Si a\u00fan no tiene un abogado, Hurt 900 Injury Centers es una ventanilla \u00fanica. Podemos conectarlo con uno de nuestros abogados de lesiones personales altamente experimentados.<\/p>\n<h3>Obtenga los mejores servicios de fisioterapia de Atlanta<\/h3>\n<p>Si est\u00e1 lidiando con dolor cr\u00f3nico u otras complicaciones como resultado de una lesi\u00f3n o enfermedad, es posible que desee considerar la fisioterapia en Atlanta. Se ha descubierto que la fisioterapia es fundamental para ayudar a los pacientes a restaurar la movilidad y la funci\u00f3n, adem\u00e1s de ayudar a aliviar el dolor y mejorar la calidad de vida.<\/p>\n<p>Si usted o un ser querido est\u00e1 lidiando con dolor lumbar cr\u00f3nico, dolor de cuello, dolor en las articulaciones u otras afecciones musculoesquel\u00e9ticas, podemos ayudarlo. En Hurt 911\u00ae Injury Centers\u00ae , hacemos uso de las \u00faltimas t\u00e9cnicas quiropr\u00e1cticas y una variedad de tratamientos de fisioterapia para ayudar a poner a nuestros pacientes en un camino r\u00e1pido y sin dolor hacia la recuperaci\u00f3n.<\/p>\n<p>Ll\u00e1menos al <a href=\"tel:+14046879000\">404-687-9000<\/a> para programar una evaluaci\u00f3n f\u00edsica en nuestra ubicaci\u00f3n de Atlanta.<\/p>\n<p>&nbsp;<\/p>\n","protected":false},"excerpt":{"rendered":"<p>La rehabilitaci\u00f3n es una parte crucial del proceso de recuperaci\u00f3n. Si result\u00f3 lesionado en un accidente, su m\u00e9dico podr\u00eda recomendarle fisioterapia despu\u00e9s de su tratamiento m\u00e9dico inicial. Por lo general, esto tiene como objetivo aumentar la eficacia de su tratamiento, restaurar su movilidad y garantizar una recuperaci\u00f3n sin dolor. La fisioterapia ayudar\u00e1 a acelerar su [&hellip;]<\/p>\n","protected":false},"author":27,"featured_media":0,"parent":6539,"menu_order":0,"comment_status":"closed","ping_status":"closed","template":"","meta":{"_acf_changed":false,"anchor_text":"","footnotes":""},"categories":[],"tags":[132],"class_list":["post-6563","page","type-page","status-publish","hentry","tag-fisioterapia"],"acf":[],"_links":{"self":[{"href":"https:\/\/1800hurt911ga.com\/es\/wp-json\/wp\/v2\/pages\/6563","targetHints":{"allow":["GET"]}}],"collection":[{"href":"https:\/\/1800hurt911ga.com\/es\/wp-json\/wp\/v2\/pages"}],"about":[{"href":"https:\/\/1800hurt911ga.com\/es\/wp-json\/wp\/v2\/types\/page"}],"author":[{"embeddable":true,"href":"https:\/\/1800hurt911ga.com\/es\/wp-json\/wp\/v2\/users\/27"}],"replies":[{"embeddable":true,"href":"https:\/\/1800hurt911ga.com\/es\/wp-json\/wp\/v2\/comments?post=6563"}],"version-history":[{"count":5,"href":"https:\/\/1800hurt911ga.com\/es\/wp-json\/wp\/v2\/pages\/6563\/revisions"}],"predecessor-version":[{"id":16309,"href":"https:\/\/1800hurt911ga.com\/es\/wp-json\/wp\/v2\/pages\/6563\/revisions\/16309"}],"up":[{"embeddable":true,"href":"https:\/\/1800hurt911ga.com\/es\/wp-json\/wp\/v2\/pages\/6539"}],"wp:attachment":[{"href":"https:\/\/1800hurt911ga.com\/es\/wp-json\/wp\/v2\/media?parent=6563"}],"wp:term":[{"taxonomy":"category","embeddable":true,"href":"https:\/\/1800hurt911ga.com\/es\/wp-json\/wp\/v2\/categories?post=6563"},{"taxonomy":"post_tag","embeddable":true,"href":"https:\/\/1800hurt911ga.com\/es\/wp-json\/wp\/v2\/tags?post=6563"}],"curies":[{"name":"wp","href":"https:\/\/api.w.org\/{rel}","templated":true}]}}