{"id":6564,"date":"2023-02-11T18:25:55","date_gmt":"2023-02-11T18:25:55","guid":{"rendered":"https:\/\/1800hurt911ga.com\/atlanta\/resonancia-magnetica-en-atlanta\/"},"modified":"2025-07-23T13:03:19","modified_gmt":"2025-07-23T18:03:19","slug":"resonancia-magnetica-en-atlanta","status":"publish","type":"page","link":"https:\/\/1800hurt911ga.com\/es\/atlanta\/resonancia-magnetica-en-atlanta\/","title":{"rendered":"Resonancia magn\u00e9tica en Atlanta"},"content":{"rendered":"<p>Las resonancias magn\u00e9ticas se utilizan para diagnosticar una variedad de afecciones y son especialmente \u00fatiles para observar el cerebro y la m\u00e9dula espinal. Si su m\u00e9dico le recomienda que se haga una resonancia magn\u00e9tica en Atlanta, comun\u00edquese con nuestro equipo en Hurt 911\u00ae Injury Centers. Entendemos que obtener un diagn\u00f3stico preciso es fundamental cuando se trata de su salud a corto y largo plazo. Estamos comprometidos a ayudar a los necesitados.<\/p>\n<p>Para obtener m\u00e1s informaci\u00f3n sobre nuestros servicios de diagn\u00f3stico , ll\u00e1menos al 855-475-2588 . Nos tomaremos el tiempo para guiarlo a trav\u00e9s del proceso y asegurarnos de que obtenga la resonancia magn\u00e9tica<\/p>\n<h2>\u00bfCu\u00e1les son algunas afecciones o lesiones que se diagnostican mediante una resonancia magn\u00e9tica?<\/h2>\n<p>Varias condiciones se pueden diagnosticar mediante una resonancia magn\u00e9tica.<\/p>\n<p>Estos pueden incluir:<\/p>\n<ul>\n<li>Esclerosis m\u00faltiple<\/li>\n<li>Ataque<\/li>\n<li>Lesiones de la m\u00e9dula espinal<\/li>\n<li>Problemas del o\u00eddo interno<\/li>\n<li>Aneurisma<\/li>\n<li>Tumor cerebral<\/li>\n<li>Da\u00f1o cerebral<\/li>\n<\/ul>\n<p>Lo mejor es consultar con nosotros acerca de una resonancia magn\u00e9tica en Atlanta al 855-475-2588 para obtener m\u00e1s informaci\u00f3n sobre c\u00f3mo se aplica esto a su caso.<\/p>\n<h2>\u00bfC\u00f3mo se prepara para la resonancia magn\u00e9tica?<\/h2>\n<p>La preparaci\u00f3n es clave cuando se trata de la mayor\u00eda de los procesos m\u00e9dicos y lo mismo se aplica a una resonancia magn\u00e9tica .<\/p>\n<p>Vas a querer hablar con el t\u00e9cnico antes de una resonancia magn\u00e9tica en Atlanta. Esto ayudar\u00e1 a arrojar luz sobre c\u00f3mo se siente en ese momento, los dispositivos m\u00e9dicos espec\u00edficos que est\u00e1 alojando (es decir, un marcapasos) y si tiene o no metales encima. Tambi\u00e9n debe citar cualquier medicamento que est\u00e9 tomando en este momento.<\/p>\n<p>Es mejor dejar todos los objetos de valor en casa para evitar problemas durante el proceso.<\/p>\n<h2>\u00bfQu\u00e9 debe esperar cuando se realiza una resonancia magn\u00e9tica?<\/h2>\n<p>Una de las partes m\u00e1s importantes del proceso ser\u00e1 entender c\u00f3mo funciona. No desea una situaci\u00f3n en la que todo sea nuevo y no est\u00e9 seguro de lo que suceder\u00e1 a continuaci\u00f3n.<\/p>\n<p>Este es uno de los mayores problemas que vienen con esta parte del proceso.<\/p>\n<p>Lo mejor es elegir un profesional de resonancia magn\u00e9tica que realice el proceso para asegurarse de que no se confunda cuando suceda. Aqu\u00ed es donde entramos nosotros, ya que nuestro equipo siempre arrojar\u00e1 luz sobre los matices de hacerse una resonancia magn\u00e9tica en Atlanta.<\/p>\n<h3>Durante la resonancia magn\u00e9tica<\/h3>\n<p>Lo primero que te vas a preguntar es la resonancia magn\u00e9tica en s\u00ed. Cuando se realice una resonancia magn\u00e9tica en Atlanta, se le evaluar\u00e1 para ver si es apto o no para una en ese momento. Esto puede incluir su enfoque, presi\u00f3n arterial y\/o cualquier otro problema que pueda restar eficacia a la resonancia magn\u00e9tica.<\/p>\n<p>Una vez hecho esto, se le pedir\u00e1 que se ponga una bata m\u00e9dica. Esto se hace para garantizar que la resonancia magn\u00e9tica se realice correctamente. Luego se le pedir\u00e1 que ingrese a la habitaci\u00f3n con la m\u00e1quina en su lugar. Esto tendr\u00e1 una mesa deslizante en el lugar donde se le pedir\u00e1 que se acueste.<\/p>\n<p>Al acostarse, tendr\u00e1 que mirar directamente hacia el techo con las manos hacia los lados de la mesa. Una vez que est\u00e9 listo, la mesa comenzar\u00e1 a deslizarse hacia atr\u00e1s en una m\u00e1quina con forma de tubo donde comenzar\u00e1 el escaneo.<\/p>\n<p>No te vas a mover cuando esto ocurra. El escaneo comenzar\u00e1 en esta etapa y durar\u00e1 unos minutos. El t\u00e9cnico volver\u00e1 a la habitaci\u00f3n a buscarte. Esto variar\u00e1 seg\u00fan la configuraci\u00f3n, pero el t\u00e9cnico lo guiar\u00e1 a trav\u00e9s del proceso una<\/p>\n<p><a href=\"https:\/\/1800hurt911ga.com\/wp-content\/uploads\/2021\/08\/MRI-scan-in-Atlanta.jpg\"><img fetchpriority=\"high\" decoding=\"async\" class=\"alignnone wp-image-1624 size-full\" src=\"https:\/\/1800hurt911ga.com\/wp-content\/uploads\/2021\/08\/MRI-scan-in-Atlanta.jpg\" alt=\"Resonancia magn\u00e9tica en Atlanta\" width=\"500\" height=\"334\" srcset=\"https:\/\/1800hurt911ga.com\/wp-content\/uploads\/2021\/08\/MRI-scan-in-Atlanta.jpg 500w, https:\/\/1800hurt911ga.com\/wp-content\/uploads\/2021\/08\/MRI-scan-in-Atlanta-300x200.jpg 300w\" sizes=\"(max-width: 500px) 100vw, 500px\" \/><\/a><\/p>\n<h3>Despu\u00e9s de la resonancia magn\u00e9tica<\/h3>\n<p>Una vez realizada la resonancia magn\u00e9tica, es hora de echar un vistazo a lo que ocurre despu\u00e9s para asegurarse de que est\u00e1 completamente sano. No tendr\u00e1 que pasar la noche en el hospital a menos que se observe algo en la resonancia magn\u00e9tica durante la exploraci\u00f3n inicial. En casi todos los casos, esto no va a ocurrir y te van a pedir que vuelvas a casa hasta que lleguen los informes.<\/p>\n<p>Esto le garantizar\u00e1 tiempo para descansar. Para la persona promedio, puede volver a lo que estaba haciendo si se trata de trabajo, escuela, o cualquier otra cosa despu\u00e9s de una resonancia magn\u00e9tica en Atlanta.<\/p>\n<p>Estos son los pasos que tendr\u00e1s que tener en cuenta a la hora de hacerte una resonancia magn\u00e9tica. Es importante mantener la calma y seguir prestando atenci\u00f3n a lo que dice el t\u00e9cnico. Esto le proporcionar\u00e1 tranquilidad y acabar\u00e1 viendo los resultados que desea del propio proceso.<\/p>\n<p>Si desea obtener m\u00e1s informaci\u00f3n acerca de las exploraciones de resonancia magn\u00e9tica en Atlanta y qu\u00e9 otros tipos de servicios de diagn\u00f3stico que tenemos para ofrecer, t\u00f3mese el tiempo para llamarnos a <a href=\"tel:+14046879000\">404-687-9000<\/a>.<\/p>\n<h2>\u00bfCu\u00e1les son algunos de los riesgos asociados a las resonancias magn\u00e9ticas?<\/h2>\n<p>La mayor\u00eda de los procesos m\u00e9dicos conllevan riesgos, entre los que se incluye la resonancia magn\u00e9tica.<\/p>\n<p>Es esencial contar con un profesional m\u00e9dico de confianza al frente de su caso para asegurarse de que las cosas se gestionan correctamente. Con nuestra ayuda, sabr\u00e1 que el profesional se ocupar\u00e1 de todo y personalizar\u00e1 la experiencia hasta el \u00faltimo detalle.<\/p>\n<p>Los riesgos de una RMN pueden incluir una alteraci\u00f3n temporal de la audici\u00f3n y\/o un tir\u00f3n magn\u00e9tico si la persona lleva metal durante la RMN.<\/p>\n<p>Nos tomamos el tiempo necesario para repasar estos riesgos con usted y nos aseguraremos de que no influyan en el resultado final. Gracias a nuestra experiencia, lo aclararemos todo para que se sienta totalmente c\u00f3modo con el desarrollo de los acontecimientos.<\/p>\n<p>Si desea m\u00e1s informaci\u00f3n sobre los riesgos de una resonancia magn\u00e9tica, no dude en ponerse en contacto con nosotros en <a href=\"tel:+14046879000\">404-687-9000<\/a>. Estaremos m\u00e1s que encantados de mostrarle lo que incluir\u00e1 el proceso y c\u00f3mo somos la mejor opci\u00f3n para sus necesidades m\u00e9dicas. Nuestra m\u00e1xima prioridad es que est\u00e9s sano y salvo.<\/p>\n<h2>Para programar una resonancia magn\u00e9tica en Atlanta, p\u00f3ngase en contacto con Hurt 911\u00ae Injury Centers<\/h2>\n<p>Es importante contar con una opci\u00f3n en la que se le trate con respeto y pueda acceder a un profesional m\u00e9dico de confianza en la ciudad. Para aquellos que buscan obtener una mirada m\u00e1s profunda en su condici\u00f3n, aqu\u00ed es donde <a href=\"\/\">los Centros de Lesiones Hurt 911\u00ae<\/a> entran en acci\u00f3n como una opci\u00f3n confiable. Si usted est\u00e1 tratando de obtener una resonancia magn\u00e9tica en Atlanta, lo mejor es llegar a nosotros en <a href=\"tel:+14046879000\">404-687-9000<\/a>.<\/p>\n","protected":false},"excerpt":{"rendered":"<p>Las resonancias magn\u00e9ticas se utilizan para diagnosticar una variedad de afecciones y son especialmente \u00fatiles para observar el cerebro y la m\u00e9dula espinal. Si su m\u00e9dico le recomienda que se haga una resonancia magn\u00e9tica en Atlanta, comun\u00edquese con nuestro equipo en Hurt 911\u00ae Injury Centers. Entendemos que obtener un diagn\u00f3stico preciso es fundamental cuando se [&hellip;]<\/p>\n","protected":false},"author":27,"featured_media":0,"parent":6539,"menu_order":0,"comment_status":"closed","ping_status":"closed","template":"","meta":{"_acf_changed":false,"anchor_text":"","footnotes":""},"categories":[],"tags":[133],"class_list":["post-6564","page","type-page","status-publish","hentry","tag-resonancia-magnetica"],"acf":[],"_links":{"self":[{"href":"https:\/\/1800hurt911ga.com\/es\/wp-json\/wp\/v2\/pages\/6564","targetHints":{"allow":["GET"]}}],"collection":[{"href":"https:\/\/1800hurt911ga.com\/es\/wp-json\/wp\/v2\/pages"}],"about":[{"href":"https:\/\/1800hurt911ga.com\/es\/wp-json\/wp\/v2\/types\/page"}],"author":[{"embeddable":true,"href":"https:\/\/1800hurt911ga.com\/es\/wp-json\/wp\/v2\/users\/27"}],"replies":[{"embeddable":true,"href":"https:\/\/1800hurt911ga.com\/es\/wp-json\/wp\/v2\/comments?post=6564"}],"version-history":[{"count":2,"href":"https:\/\/1800hurt911ga.com\/es\/wp-json\/wp\/v2\/pages\/6564\/revisions"}],"predecessor-version":[{"id":16546,"href":"https:\/\/1800hurt911ga.com\/es\/wp-json\/wp\/v2\/pages\/6564\/revisions\/16546"}],"up":[{"embeddable":true,"href":"https:\/\/1800hurt911ga.com\/es\/wp-json\/wp\/v2\/pages\/6539"}],"wp:attachment":[{"href":"https:\/\/1800hurt911ga.com\/es\/wp-json\/wp\/v2\/media?parent=6564"}],"wp:term":[{"taxonomy":"category","embeddable":true,"href":"https:\/\/1800hurt911ga.com\/es\/wp-json\/wp\/v2\/categories?post=6564"},{"taxonomy":"post_tag","embeddable":true,"href":"https:\/\/1800hurt911ga.com\/es\/wp-json\/wp\/v2\/tags?post=6564"}],"curies":[{"name":"wp","href":"https:\/\/api.w.org\/{rel}","templated":true}]}}