{"id":6565,"date":"2023-02-11T18:20:34","date_gmt":"2023-02-11T18:20:34","guid":{"rendered":"https:\/\/1800hurt911ga.com\/atlanta\/atlanta-diagnostics-services\/"},"modified":"2025-07-24T08:01:00","modified_gmt":"2025-07-24T13:01:00","slug":"servicios-de-diagnostico-en-atlanta","status":"publish","type":"page","link":"https:\/\/1800hurt911ga.com\/es\/atlanta\/servicios-de-diagnostico-en-atlanta\/","title":{"rendered":"Servicios de diagn\u00f3stico en Atlanta"},"content":{"rendered":"<p>Involucrarse en un accidente puede cambiar completamente su vida y afectar negativamente a su estilo de vida. En un per\u00edodo tan tumultuoso y confuso de su vida, lo mejor para usted ser\u00eda buscar ayuda m\u00e9dica experimentada. Si usted o alguien cercano a usted sufre una lesi\u00f3n o dolor cr\u00f3nico, debe comunicarse con nosotros en Hurt 911\u00ae Injury Centers porque no hay nada m\u00e1s importante que su salud.<\/p>\n<p>Con nuestros servicios de diagn\u00f3stico en Atlanta, podemos determinar la causa de su dolor y luego desarrollar un plan de tratamiento adecuado. Nuestro equipo experimentado utiliza una variedad de tratamientos seguros y efectivos, que incluyen atenci\u00f3n quiropr\u00e1ctica y fisioterapia. Para programar una cita en nuestro <a href=\"https:\/\/1800hurt911ga-com.translate.goog\/atlanta\/?_x_tr_sl=auto&amp;_x_tr_tl=en&amp;_x_tr_hl=en&amp;_x_tr_pto=wapp\" target=\"_blank\" rel=\"noopener\">centro de lesiones de Atlanta<\/a>, puede comunicarse con nosotros al <a href=\"tel:+18554752588?_x_tr_sl=auto&amp;_x_tr_tl=en&amp;_x_tr_hl=en&amp;_x_tr_pto=wapp\">855-475-2588<\/a>.<\/p>\n<h2>\u00bfCu\u00e1les son algunos de los servicios de diagn\u00f3stico que ofrecemos?<\/h2>\n<p>Con un equipo de personal atento y amable y tecn\u00f3logos autorizados y altamente capacitados, estamos dedicados a brindar una atenci\u00f3n al paciente excelente, respetuosa y r\u00e1pida. Nuestra evaluaci\u00f3n de diagn\u00f3stico detallada tiene como objetivo identificar la causa exacta del dolor cr\u00f3nico del paciente y ayudarnos a idear el mejor plan de tratamiento posible para la afecci\u00f3n diagnosticada.<\/p>\n<p>Las t\u00e9cnicas de diagn\u00f3stico por im\u00e1genes que brindamos en Hurt 911\u00ae Injury Centers est\u00e1n permitidas en los tribunales de Atlanta y pueden ayudar en procedimientos relacionados con casos de compensaci\u00f3n laboral y lesiones personales. Es fundamental que obtenga el asesoramiento legal adecuado sobre el pr\u00f3ximo curso de acci\u00f3n para seleccionar el mejor procedimiento de diagn\u00f3stico por im\u00e1genes para su caso.<\/p>\n<p>Los servicios de diagn\u00f3stico que ofrecemos incluyen:<\/p>\n<h3>tomograf\u00edas computerizadas<\/h3>\n<p>Una <a href=\"https:\/\/translate.google.com\/website?sl=auto&amp;tl=en&amp;hl=en&amp;client=webapp&amp;u=https:\/\/www.mayoclinic.org\/tests-procedures\/ct-scan\/about\/pac-20393675\" target=\"_blank\" rel=\"noopener\">tomograf\u00eda computarizada (TC)<\/a> combina secuencias de im\u00e1genes de rayos X tomadas desde diferentes \u00e1ngulos en todo el cuerpo y utiliza un ordenador para procesar im\u00e1genes de cortes de los huesos, tejidos blandos y vasos sangu\u00edneos de su cuerpo. Las im\u00e1genes de tomograf\u00eda computarizada ofrecen datos elaborados en comparaci\u00f3n con las radiograf\u00edas simples. Los rayos X est\u00e1ndar utilizan peque\u00f1as cantidades de radiaci\u00f3n para generar im\u00e1genes de sus \u00f3rganos internos y huesos. Tambi\u00e9n son \u00fatiles cuando se trata de diagnosticar enfermedades. Sin embargo, muchos detalles sobre los \u00f3rganos internos y otras estructuras no son visibles.<\/p>\n<p>En el caso de una tomograf\u00eda computarizada, los rayos X atraviesan todo el cuerpo. Esto proporciona una gama de vistas transversales de la misma estructura u \u00f3rgano con todo detalle. Los datos de rayos X se transfieren a una computadora. La computadora genera una imagen 2-D que su m\u00e9dico puede ver.<\/p>\n<p>Una tomograf\u00eda computarizada tiene varias aplicaciones, pero es adecuada para escanear r\u00e1pidamente a personas que pueden haber sufrido lesiones internas y hemorragias internas por accidentes automovil\u00edsticos u otros tipos de traumatismos. Una tomograf\u00eda computarizada se puede utilizar para obtener im\u00e1genes de casi todas las secciones del cuerpo y se usa para diagnosticar lesiones o enfermedades, as\u00ed como para planificar la radiaci\u00f3n, el tratamiento quir\u00fargico o m\u00e9dico.<\/p>\n<h2>Qu\u00e9 esperar durante el procedimiento<\/h2>\n<p><a href=\"https:\/\/1800hurt911ga-com.translate.goog\/atlanta\/ct-scan\/?_x_tr_sl=auto&amp;_x_tr_tl=en&amp;_x_tr_hl=en&amp;_x_tr_pto=wapp\" target=\"_blank\" rel=\"noopener\">Hacerse una tomograf\u00eda computarizada<\/a> es indoloro y, con las m\u00e1quinas m\u00e1s modernas, solo toma un par de minutos, generalmente alrededor de 30 minutos.<\/p>\n<p>Los esc\u00e1neres CT tienen forma de dona. Deber\u00e1 acostarse en una mesa angosta motorizada que se desliza a trav\u00e9s de la abertura del t\u00fanel. Para ayudarlo a permanecer en su posici\u00f3n, se pueden usar almohadas y correas. En el caso de una exploraci\u00f3n de la cabeza, se puede colocar una cuna especial en la mesa para mantener la cabeza firme.<\/p>\n<p>A medida que la mesa lo desliza a trav\u00e9s del esc\u00e1ner, el tubo de rayos X y los detectores rotar\u00e1n a su alrededor. Cada rotaci\u00f3n emite m\u00faltiples im\u00e1genes de cortes finos de su cuerpo. Es posible que escuche zumbidos y zumbidos.<\/p>\n<p>Un tecn\u00f3logo estar\u00e1 disponible en una habitaci\u00f3n diferente donde podr\u00e1 escucharlo y verlo. La comunicaci\u00f3n puede ser a trav\u00e9s del intercomunicador. Es posible que su tecn\u00f3logo le pida que contenga la respiraci\u00f3n en alg\u00fan momento para evitar que las im\u00e1genes escaneadas se vean borrosas.<\/p>\n<h3>Radiograf\u00eda<\/h3>\n<p><a href=\"https:\/\/translate.google.com\/website?sl=auto&amp;tl=en&amp;hl=en&amp;client=webapp&amp;u=https:\/\/www.mayoclinic.org\/tests-procedures\/x-ray\/about\/pac-20395303\" target=\"_blank\" rel=\"noopener\">La radiograf\u00eda<\/a> es un procedimiento de im\u00e1genes est\u00e1ndar que se utiliza para ver fragmentos \u00f3seos, articulaciones dislocadas, huesos rotos, pulmones perforados, costillas rotas y otras lesiones internas que pueden necesitar tratamiento quir\u00fargico. Una radiograf\u00eda tambi\u00e9n puede mostrar cualquier objeto extra\u00f1o que est\u00e9 presente dentro del cuerpo, como una pieza de equipo quir\u00fargico que se dej\u00f3 por error en el cuerpo despu\u00e9s de una operaci\u00f3n o trozos de vidrio que hayan penetrado en el cuerpo despu\u00e9s de un accidente automovil\u00edstico.<\/p>\n<p>Es un procedimiento r\u00e1pido, indoloro y f\u00e1cil para que su m\u00e9dico tratante vea y eval\u00fae una variedad de condiciones. Hay varios tipos de radiograf\u00edas, como radiograf\u00edas de t\u00f3rax o de huesos, que se pueden usar. El tipo utilizado por su m\u00e9dico depende de la secci\u00f3n del cuerpo que requiera examen y por qu\u00e9 motivo.<\/p>\n<p>Los rayos X tambi\u00e9n se pueden usar para monitorizar el desarrollo de condiciones degenerativas como artritis, osteoporosis, escoliosis localizada, una desalineaci\u00f3n anormal de la columna y establecer si hay retenci\u00f3n de l\u00edquido en la articulaci\u00f3n o alrededor del hueso.<\/p>\n<h3>C\u00f3mo funciona<\/h3>\n<p>Los rayos X se transmiten a trav\u00e9s del cuerpo y se absorben en cantidades variables seg\u00fan la densidad del material que atraviesan. Los materiales densos como el metal y el hueso aparecen de color blanco en las radiograf\u00edas. El aire dentro de sus pulmones parece negro. El m\u00fasculo y la grasa aparecen en tonos de gris.<\/p>\n<p>Prepararse para un <a href=\"https:\/\/1800hurt911ga-com.translate.goog\/atlanta\/x-ray-imaging\/?_x_tr_sl=auto&amp;_x_tr_tl=en&amp;_x_tr_hl=en&amp;_x_tr_pto=wapp\" target=\"_blank\" rel=\"noopener\">procedimiento de rayos X en nuestra cl\u00ednica de lesiones de Atlanta<\/a> es relativamente sencillo. Deber\u00e1 desvestirse la regi\u00f3n de su cuerpo que requiera ser examinada y quitar cualquier elemento que pueda restringir la imagen de rayos X. Durante el procedimiento, se le pedir\u00e1 que se quede quieto para evitar que la pel\u00edcula se desenfoque.<\/p>\n<p>El t\u00e9cnico puede tomar las radiograf\u00edas desde varios \u00e1ngulos para asegurarse de que obtengan exactamente lo que su m\u00e9dico est\u00e1 buscando, ya que la imagen se registra en una placa especializada. Cuando los utiliza adecuadamente un tecn\u00f3logo y un radi\u00f3logo especialmente capacitado para reducir la exposici\u00f3n, los rayos X son seguros.<\/p>\n<h3>resonancia magn\u00e9tica<\/h3>\n<p>La resonancia magn\u00e9tica es una prueba m\u00e9dica no intrusiva y sin dolor que ayuda a los m\u00e9dicos a diagnosticar y tratar afecciones m\u00e9dicas. La resonancia magn\u00e9tica combina ondas de radio con tecnolog\u00eda magn\u00e9tica para crear im\u00e1genes completas generadas por ordenador de los tejidos blandos del cuerpo, incluidos los tendones, los m\u00fasculos y los \u00f3rganos. La resonancia magn\u00e9tica necesita equipos avanzados y permite la evaluaci\u00f3n de algunas estructuras que no pueden visualizarse tan bien cuando se utilizan otras t\u00e9cnicas de prueba.<\/p>\n<p>Pueden detectar lesiones en los \u00f3rganos, da\u00f1os en los cart\u00edlagos, desgarros musculares, tendones desgarrados, discos herniados y otros da\u00f1os elaborados en los tejidos blandos que pueden no aparecer tan bien en una radiograf\u00eda. <a href=\"https:\/\/translate.google.com\/website?sl=auto&amp;tl=en&amp;hl=en&amp;client=webapp&amp;u=https:\/\/medlineplus.gov\/mriscans.html\" target=\"_blank\" rel=\"noopener\">La resonancia magn\u00e9tica<\/a> no tiene radiaci\u00f3n y, a menudo, toma alrededor de 20 minutos a una hora para finalizar el procedimiento.<\/p>\n<h3>Que esperar<\/h3>\n<p>Se realiza una resonancia magn\u00e9tica coloc\u00e1ndolo en una mesa m\u00f3vil que lo deslizar\u00e1 dentro y fuera de la regi\u00f3n magn\u00e9tica de la unidad. El examen lo llevar\u00e1 a cabo su tecn\u00f3logo desde un \u00e1rea de control, desde donde podr\u00e1 escucharlo, verlo y hablar con usted durante todo el examen. Si est\u00e1 nervioso por ingresar a una m\u00e1quina de resonancia magn\u00e9tica, se puede poner m\u00fasica para calmarlo.<\/p>\n<p>Despu\u00e9s de una <a href=\"https:\/\/1800hurt911ga-com.translate.goog\/atlanta\/mri-scan\/?_x_tr_sl=auto&amp;_x_tr_tl=en&amp;_x_tr_hl=en&amp;_x_tr_pto=wapp\" target=\"_blank\" rel=\"noopener\">resonancia magn\u00e9tica en nuestras instalaciones de Atlanta<\/a>, uno de los radi\u00f3logos licenciados y altamente capacitados estudiar\u00e1 las im\u00e1genes y enviar\u00e1 un informe completo al m\u00e9dico remitente dentro de las 48 horas.<\/p>\n<p><a href=\"https:\/\/1800hurt911ga.com\/wp-content\/uploads\/2021\/08\/diagnostic-services-in-Atlanta.jpg\"><img fetchpriority=\"high\" decoding=\"async\" class=\"alignnone wp-image-1615 size-full\" src=\"https:\/\/1800hurt911ga.com\/wp-content\/uploads\/2021\/08\/diagnostic-services-in-Atlanta.jpg\" alt=\"Concepto de servicios de diagn\u00f3stico en Atlanta\" width=\"500\" height=\"334\" srcset=\"https:\/\/1800hurt911ga.com\/wp-content\/uploads\/2021\/08\/diagnostic-services-in-Atlanta.jpg 500w, https:\/\/1800hurt911ga.com\/wp-content\/uploads\/2021\/08\/diagnostic-services-in-Atlanta-300x200.jpg 300w\" sizes=\"(max-width: 500px) 100vw, 500px\" \/><\/a><\/p>\n<p><strong>\u00bfCu\u00e1les son los tipos de lesiones\/condiciones que tratamos?<\/strong><\/p>\n<p>La siguiente es una lista de las lesiones que tratamos, incluidas, entre otras, las siguientes:<\/p>\n<p><a href=\"https:\/\/1800hurt911ga-com.translate.goog\/atlanta\/head-injury-treatment\/?_x_tr_sl=auto&amp;_x_tr_tl=en&amp;_x_tr_hl=en&amp;_x_tr_pto=wapp\" target=\"_blank\" rel=\"noopener\">Heridas en la cabeza<\/a><\/p>\n<ul>\n<li>Lesiones en el cuello, incluido <a href=\"https:\/\/1800hurt911ga-com.translate.goog\/atlanta\/whiplash-injury-treatment\/?_x_tr_sl=auto&amp;_x_tr_tl=en&amp;_x_tr_hl=en&amp;_x_tr_pto=wapp\" target=\"_blank\" rel=\"noopener\">el latigazo cervical<\/a><\/li>\n<li><a href=\"https:\/\/1800hurt911ga-com.translate.goog\/atlanta\/back-injury-treatment\/?_x_tr_sl=auto&amp;_x_tr_tl=en&amp;_x_tr_hl=en&amp;_x_tr_pto=wapp\" target=\"_blank\" rel=\"noopener\">Lesiones en la espalda<\/a>, incluidas <a href=\"https:\/\/1800hurt911ga-com.translate.goog\/atlanta\/spine-injury-treatment\/?_x_tr_sl=auto&amp;_x_tr_tl=en&amp;_x_tr_hl=en&amp;_x_tr_pto=wapp\" target=\"_blank\" rel=\"noopener\">las lesiones en la columna<\/a><\/li>\n<li><a href=\"https:\/\/1800hurt911ga-com.translate.goog\/atlanta\/scoliosis-treatment\/?_x_tr_sl=auto&amp;_x_tr_tl=en&amp;_x_tr_hl=en&amp;_x_tr_pto=wapp\" target=\"_blank\" rel=\"noopener\">Escoliosis<\/a><\/li>\n<li><a href=\"https:\/\/1800hurt911ga-com.translate.goog\/atlanta\/herniated-disc-treatment\/?_x_tr_sl=auto&amp;_x_tr_tl=en&amp;_x_tr_hl=en&amp;_x_tr_pto=wapp\" target=\"_blank\" rel=\"noopener\">Hernias discales<\/a><\/li>\n<li><a href=\"https:\/\/1800hurt911ga-com.translate.goog\/atlanta\/carpal-tunnel-treatment\/?_x_tr_sl=auto&amp;_x_tr_tl=en&amp;_x_tr_hl=en&amp;_x_tr_pto=wapp\" target=\"_blank\" rel=\"noopener\">S\u00edndrome del t\u00fanel carpiano<\/a><\/li>\n<li><a href=\"https:\/\/1800hurt911ga-com.translate.goog\/atlanta\/bursitis-treatment\/?_x_tr_sl=auto&amp;_x_tr_tl=en&amp;_x_tr_hl=en&amp;_x_tr_pto=wapp\" target=\"_blank\" rel=\"noopener\">Bursitis<\/a><\/li>\n<li><a href=\"https:\/\/1800hurt911ga-com.translate.goog\/atlanta\/soft-tissue-injury\/?_x_tr_sl=auto&amp;_x_tr_tl=en&amp;_x_tr_hl=en&amp;_x_tr_pto=wapp\" target=\"_blank\" rel=\"noopener\">Lesiones de tejidos blandos<\/a><\/li>\n<li><a href=\"https:\/\/1800hurt911ga-com.translate.goog\/atlanta\/broken-bones-treatment\/?_x_tr_sl=auto&amp;_x_tr_tl=en&amp;_x_tr_hl=en&amp;_x_tr_pto=wapp\" target=\"_blank\" rel=\"noopener\">Huesos rotos<\/a><\/li>\n<\/ul>\n<h3>Ofrecemos la mejor atenci\u00f3n quiropr\u00e1ctica<\/h3>\n<p>El dolor de espalda y articulaciones puede ser el resultado de lesiones deportivas, accidentes y trabajo. Si experimenta dolor muscular o dolor en las articulaciones que le impiden realizar sus actividades normales, debe pensar en comunicarse con nosotros en Hurt 911\u00ae Injury Centers. Brindamos <a href=\"https:\/\/1800hurt911ga-com.translate.goog\/atlanta\/chiropractic-services\/?_x_tr_sl=auto&amp;_x_tr_tl=en&amp;_x_tr_hl=en&amp;_x_tr_pto=wapp\" target=\"_blank\" rel=\"noopener\">la mejor atenci\u00f3n quiropr\u00e1ctica en Atlanta<\/a> para ayudarlo con las lesiones o el dolor que pueden afectar negativamente su calidad de vida.<\/p>\n<h2>\u00bfQu\u00e9 necesita saber sobre nuestros servicios de fisioterapia?<\/h2>\n<p>Ofrecemos una variedad de <a href=\"https:\/\/1800hurt911ga-com.translate.goog\/atlanta\/physiotherapy-services\/?_x_tr_sl=auto&amp;_x_tr_tl=en&amp;_x_tr_hl=en&amp;_x_tr_pto=wapp\" target=\"_blank\" rel=\"noopener\">tratamientos de fisioterapia en Atlanta<\/a>, que incluyen:<\/p>\n<h3>Terapia de Masajes<\/h3>\n<p>La terapia de masaje puede ayudar a relajar los m\u00fasculos y evitar lesiones. Contamos con masajistas certificados que brindan t\u00e9cnicas avanzadas como el masaje con piedras calientes o la liberaci\u00f3n miofascial.<\/p>\n<h3>Terapia de rehabilitaci\u00f3n<\/h3>\n<p>Si tiene problemas de cuello, espalda y extremidades, nuestros quiropr\u00e1cticos pueden recomendarle una terapia de rehabilitaci\u00f3n. Esto ayudar\u00e1 a promover la salud de las articulaciones, prevenir el deterioro de los m\u00fasculos, aumentar la estabilidad, la fuerza y el rango de movimiento, y proteger contra lesiones recurrentes o nuevas. Es importante mantenerse al d\u00eda con la terapia de rehabilitaci\u00f3n si desea recuperarse m\u00e1s r\u00e1pido.<\/p>\n<h3>Estiramiento y Fortalecimiento<\/h3>\n<p>El estiramiento terap\u00e9utico ayuda a prevenir la formaci\u00f3n de tejido cicatricial. Mantener una rutina regular de estiramiento y fortalecimiento ayudar\u00e1 a mantener los tejidos flexibles, aumentar\u00e1 la movilidad y lo proteger\u00e1 de nuevas lesiones.<\/p>\n<h3>Estimulaci\u00f3n Muscular El\u00e9ctrica (E-STIM)<\/h3>\n<p>Esto implicar\u00e1 colocar electrodos sobre la regi\u00f3n dolorosa de la espalda o el cuello. Cuando se encienda, se transmitir\u00e1n ondas de electricidad a trav\u00e9s de la parte posterior. Esto ayuda a aliviar el dolor, disminuir los espasmos musculares y nutrir el crecimiento \u00f3seo.<\/p>\n<h3>Ultrasound therapy<\/h3>\n<p>Las vibraciones de ondas sonoras se utilizan para generar calor en los m\u00fasculos. El calor creado en este caso relaja los m\u00fasculos y aumenta el flujo sangu\u00edneo. La terapia de ultrasonido es como fusionar masaje y terapia de calor.<\/p>\n<h2><strong>Podemos trabajar con su abogado de lesiones personales<\/strong><\/h2>\n<p>Si sufri\u00f3 una lesi\u00f3n debido a la acci\u00f3n descuidada o imprudente de otra persona, es posible que pueda presentar un reclamo por lesiones personales y recuperar una indemnizaci\u00f3n. En Hurt 911\u00ae Injury Centers contamos con m\u00e9dicos autorizados y licenciados que pueden trabajar con su abogado de lesiones personales.<\/p>\n<p>Para que su caso legal d\u00e9 frutos, necesita evidencia s\u00f3lida para respaldar su reclamo que demuestre que la lesi\u00f3n sufrida est\u00e1 directamente relacionada con el accidente de lesiones personales y el aspecto m\u00e9dico de esto juega un papel muy importante. Esto se debe a que la parte culpable y la aseguradora pueden intentar negar el reclamo y echarle la culpa a usted.<\/p>\n<p>Nuestros expertos en servicios de diagn\u00f3stico en Atlanta pueden ofrecer evidencia m\u00e9dica meticulosa y documentaci\u00f3n que detalla las lesiones que sufri\u00f3, lo que contribuir\u00e1 en gran medida a reforzar su caso de lesiones personales.<\/p>\n<p>Adem\u00e1s, si se trata de eso, su m\u00e9dico tratante en Hurt 911\u00ae Injury Centers puede tomar el estrado para brindarle al juez su opini\u00f3n m\u00e9dica y experiencia con respecto a sus lesiones, lo que ayudar\u00e1 a su abogado de lesiones personales a exigir que obtenga la cantidad m\u00e1xima indemnizable. posible para cubrir las lesiones sufridas.<\/p>\n<h3>Obtenga servicios de diagn\u00f3stico l\u00edderes en Atlanta llamando hoy a Hurt 911\u00ae Injury Centers<\/h3>\n<p>Realmente nos identificamos con nuestros pacientes y creemos que no debe soportarse el peso emocional y f\u00edsico de una lesi\u00f3n solo. Gracias a nuestro equipo de \u00faltima generaci\u00f3n y m\u00e9dicos capacitados, su salud est\u00e1 en buenas manos. Entonces, si desea recibir los mejores servicios de diagn\u00f3stico en Atlanta, no dude en comunicarse con nosotros.<\/p>\n<p>Visitar nuestras oficinas en <a href=\"https:\/\/1800hurt911ga-com.translate.goog\/?_x_tr_sl=auto&amp;_x_tr_tl=en&amp;_x_tr_hl=en&amp;_x_tr_pto=wapp\" target=\"_blank\" rel=\"noopener\">Hurt 911\u00ae Injury Centers<\/a> puede ser la diferencia entre recuperarse por completo y mejorar su calidad de vida, y su vida cambiar por completo. Puede comunicarse con nosotros al <a href=\"tel:+18554752588?_x_tr_sl=auto&amp;_x_tr_tl=en&amp;_x_tr_hl=en&amp;_x_tr_pto=wapp\">855-475-2588<\/a> para programar una cita y obtener su diagn\u00f3stico.<\/p>\n<p>&nbsp;<\/p>\n","protected":false},"excerpt":{"rendered":"<p>Involucrarse en un accidente puede cambiar completamente su vida y afectar negativamente a su estilo de vida. En un per\u00edodo tan tumultuoso y confuso de su vida, lo mejor para usted ser\u00eda buscar ayuda m\u00e9dica experimentada. Si usted o alguien cercano a usted sufre una lesi\u00f3n o dolor cr\u00f3nico, debe comunicarse con nosotros en Hurt [&hellip;]<\/p>\n","protected":false},"author":27,"featured_media":0,"parent":6539,"menu_order":0,"comment_status":"closed","ping_status":"closed","template":"","meta":{"_acf_changed":false,"anchor_text":"","footnotes":""},"categories":[],"tags":[134],"class_list":["post-6565","page","type-page","status-publish","hentry","tag-servicios-de-diagnostico"],"acf":[],"_links":{"self":[{"href":"https:\/\/1800hurt911ga.com\/es\/wp-json\/wp\/v2\/pages\/6565","targetHints":{"allow":["GET"]}}],"collection":[{"href":"https:\/\/1800hurt911ga.com\/es\/wp-json\/wp\/v2\/pages"}],"about":[{"href":"https:\/\/1800hurt911ga.com\/es\/wp-json\/wp\/v2\/types\/page"}],"author":[{"embeddable":true,"href":"https:\/\/1800hurt911ga.com\/es\/wp-json\/wp\/v2\/users\/27"}],"replies":[{"embeddable":true,"href":"https:\/\/1800hurt911ga.com\/es\/wp-json\/wp\/v2\/comments?post=6565"}],"version-history":[{"count":5,"href":"https:\/\/1800hurt911ga.com\/es\/wp-json\/wp\/v2\/pages\/6565\/revisions"}],"predecessor-version":[{"id":16532,"href":"https:\/\/1800hurt911ga.com\/es\/wp-json\/wp\/v2\/pages\/6565\/revisions\/16532"}],"up":[{"embeddable":true,"href":"https:\/\/1800hurt911ga.com\/es\/wp-json\/wp\/v2\/pages\/6539"}],"wp:attachment":[{"href":"https:\/\/1800hurt911ga.com\/es\/wp-json\/wp\/v2\/media?parent=6565"}],"wp:term":[{"taxonomy":"category","embeddable":true,"href":"https:\/\/1800hurt911ga.com\/es\/wp-json\/wp\/v2\/categories?post=6565"},{"taxonomy":"post_tag","embeddable":true,"href":"https:\/\/1800hurt911ga.com\/es\/wp-json\/wp\/v2\/tags?post=6565"}],"curies":[{"name":"wp","href":"https:\/\/api.w.org\/{rel}","templated":true}]}}