{"id":6566,"date":"2023-02-11T12:21:15","date_gmt":"2023-02-11T12:21:15","guid":{"rendered":"https:\/\/1800hurt911ga.com\/atlanta\/tratamiento-de-lesiones-por-latigazo-cervical-en-atlanta\/"},"modified":"2025-07-24T07:52:22","modified_gmt":"2025-07-24T12:52:22","slug":"tratamiento-de-lesiones-por-latigazo-cervical-en-atlanta","status":"publish","type":"page","link":"https:\/\/1800hurt911ga.com\/es\/atlanta\/tratamiento-de-lesiones-por-latigazo-cervical-en-atlanta\/","title":{"rendered":"Tratamiento de lesiones por latigazo cervical en Atlanta"},"content":{"rendered":"\t\t<div data-elementor-type=\"wp-page\" data-elementor-id=\"6566\" class=\"elementor elementor-6566\" data-elementor-post-type=\"page\">\n\t\t\t\t\t\t<section class=\"elementor-section elementor-top-section elementor-element elementor-element-1d748ab3 elementor-section-boxed elementor-section-height-default elementor-section-height-default\" data-id=\"1d748ab3\" data-element_type=\"section\" data-e-type=\"section\">\n\t\t\t\t\t\t<div class=\"elementor-container elementor-column-gap-default\">\n\t\t\t\t\t<div class=\"elementor-column elementor-col-100 elementor-top-column elementor-element elementor-element-7e84a120\" data-id=\"7e84a120\" data-element_type=\"column\" data-e-type=\"column\">\n\t\t\t<div class=\"elementor-widget-wrap elementor-element-populated\">\n\t\t\t\t\t\t<div class=\"elementor-element elementor-element-25617c8e elementor-widget elementor-widget-text-editor\" data-id=\"25617c8e\" data-element_type=\"widget\" data-e-type=\"widget\" data-widget_type=\"text-editor.default\">\n\t\t\t\t\t\t\t\t\t<p>El latigazo cervical es una lesi\u00f3n que puede producirse por un accidente automovil\u00edstico, una ca\u00edda, un traumatismo o cualquier otro incidente que resulte en un movimiento repentino y contundente de la cabeza o el cuello.\u00a0Incluso un accidente automovil\u00edstico menor puede provocar un latigazo cervical.\u00a0Si bien este tipo de lesi\u00f3n no es fatal, puede ser dolorosa y tener consecuencias para la salud a largo plazo.\u00a0Buscar tratamiento para el latigazo cervical lo antes posible es fundamental para una recuperaci\u00f3n r\u00e1pida y completa de la lesi\u00f3n.\u00a0Si sufre de latigazo cervical, comun\u00edquese con The Hurt 911 Injury Center al\u00a0<a href=\"tel:+18554752588\">855-475-2588<\/a>\u00a0para obtener m\u00e1s informaci\u00f3n sobre el tratamiento de lesiones por latigazo cervical en Atlanta.\u00a0Utilizamos un enfoque integrado con atenci\u00f3n quiropr\u00e1ctica y\u00a0<a href=\"https:\/\/1800hurt911ga.com\/atlanta\/physiotherapy-services\/\">fisioterapia<\/a>\u00a0.<\/p><h2>\u00bfQu\u00e9 es el latigazo cervical?<\/h2><p>El latigazo cervical es una lesi\u00f3n en el cuello que resulta del movimiento r\u00e1pido y contundente de la cabeza hacia adelante y hacia atr\u00e1s.\u00a0El movimiento causa tensi\u00f3n en los m\u00fasculos del cuello y tambi\u00e9n puede denominarse lesi\u00f3n o esguince por tensi\u00f3n en el cuello.<\/p><h2>\u00bfCu\u00e1les son las causas comunes del latigazo cervical?<\/h2><p>La causa m\u00e1s com\u00fan de latigazo cervical es una colisi\u00f3n trasera o un accidente automovil\u00edstico.\u00a0La fuerza del impacto de un veh\u00edculo que choca por detr\u00e1s con otro veh\u00edculo da como resultado un movimiento contundente r\u00e1pido hacia adelante y luego hacia atr\u00e1s de la cabeza, lo que provoca tensi\u00f3n en los m\u00fasculos del cuello.\u00a0Sin embargo, la lesi\u00f3n tambi\u00e9n puede resultar de otros tipos de accidentes automovil\u00edsticos.\u00a0Los veh\u00edculos no necesitan viajar a gran velocidad y las colisiones menores que causan poco o ning\u00fan da\u00f1o a los autom\u00f3viles pueden provocar un latigazo cervical.\u00a0Otra causa com\u00fan de latigazo cervical es el trauma f\u00edsico en el cuello.\u00a0Esto puede resultar de agresi\u00f3n f\u00edsica o abuso.\u00a0Los deportes de contacto y los accidentes deportivos tambi\u00e9n contribuyen a las lesiones por latigazo cervical, al igual que las ca\u00eddas.\u00a0Cualquier accidente o evento que resulte en un movimiento r\u00e1pido hacia adelante y hacia atr\u00e1s de la cabeza puede tensar el cuello y por lo tanto provocar un latigazo cervical.<\/p><h2>\u00bfCu\u00e1les son los s\u00edntomas del latigazo cervical?<\/h2><p>Es importante reconocer los\u00a0<a href=\"https:\/\/www.mayoclinic.org\/diseases-conditions\/whiplash\/symptoms-causes\/syc-20378921\" target=\"_blank\" rel=\"noopener\">s\u00edntomas del latigazo cervical<\/a>\u00a0para buscar tratamiento para lesiones por latigazo cervical en Atlanta lo antes posible.\u00a0Es posible que los s\u00edntomas no aparezcan inmediatamente despu\u00e9s de sufrir un traumatismo en el cuello.\u00a0Los s\u00edntomas pueden tardar d\u00edas o incluso semanas en aparecer.\u00a0Por lo tanto, se recomienda consultar a un m\u00e9dico o visitar un Centro de lesiones Hurt 911 lo antes posible despu\u00e9s de sufrir un accidente automovil\u00edstico o sufrir un traumatismo en el cuello que podr\u00eda provocar un latigazo cervical.\u00a0Si nota alguno de los siguientes s\u00edntomas despu\u00e9s de sufrir un traumatismo en la cabeza o el cuello, comun\u00edquese con el Centro de lesiones Hurt 911 de Atlanta de inmediato.\u00a0Los s\u00edntomas comunes del latigazo cervical incluyen:<\/p><ul><li>Rigidez y dolor de cuello<\/li><li>Aumento del dolor al mover la cabeza o el cuello<\/li><li>Reducci\u00f3n del rango de movimiento del cuello.<\/li><li>Dolor de cabeza (com\u00fanmente en la parte superior de la columna vertebral o en la base del cr\u00e1neo)<\/li><li>Dolor o sensibilidad en los brazos, los hombros y\/o la parte superior del cuello<\/li><li>Una sensaci\u00f3n de hormigueo o entumecimiento en los brazos.<\/li><li>Cansancio o fatiga<\/li><li>Mareos o desmayos<\/li><\/ul><p>Los s\u00edntomas menos comunes del latigazo cervical pueden incluir:<\/p><ul><li>Visi\u00f3n borrosa<\/li><li>Tinnitus (zumbido o zumbido en los o\u00eddos)<\/li><li>Problemas para dormir<\/li><li>Dificultad para enfocar o concentrarse<\/li><li>Irritabilidad<\/li><li>Depresi\u00f3n<\/li><li>Dificultad para recordar<\/li><\/ul><h2>\u00bfC\u00f3mo se diagnostica el latigazo cervical?<\/h2><p>El latigazo cervical se diagnostica sintom\u00e1ticamente, lo que significa que los s\u00edntomas que est\u00e1n presentes junto con un evento que caus\u00f3 un traumatismo en el cuello o la cabeza se utilizan para diagnosticar el latigazo cervical.\u00a0En algunos casos, una\u00a0resonancia magn\u00e9tica\u00a0o una\u00a0tomograf\u00eda computarizadase ordenar\u00e1 que puede identificar el da\u00f1o a los tejidos blandos en el cuello.\u00a0Estas pruebas tambi\u00e9n se pueden usar para diagnosticar complicaciones del latigazo cervical, como da\u00f1os en los discos o las v\u00e9rtebras.\u00a0Los pacientes que presentan dolor de cuello intenso, movimiento reducido del cuello y dolor o entumecimiento en los brazos pueden ser enviados para una tomograf\u00eda computarizada o una resonancia magn\u00e9tica.\u00a0Los pacientes que corren un mayor riesgo de desarrollar complicaciones por el latigazo cervical tambi\u00e9n pueden requerir tomograf\u00edas computarizadas o resonancias magn\u00e9ticas.\u00a0Los pacientes en riesgo incluyen ancianos, v\u00edctimas de accidentes automovil\u00edsticos y aquellos que ya tienen afecciones en la espalda o el cuello o que han sufrido<\/p><p><a href=\"https:\/\/1800hurt911ga.com\/wp-content\/uploads\/2021\/08\/whiplash-injury-treatment-in-Atlanta.jpg\"><img fetchpriority=\"high\" decoding=\"async\" class=\"alignnone wp-image-1573 size-full\" src=\"https:\/\/1800hurt911ga.com\/wp-content\/uploads\/2021\/08\/whiplash-injury-treatment-in-Atlanta.jpg\" alt=\"Concept of whiplash injury treatment in Atlanta\" width=\"500\" height=\"333\" srcset=\"https:\/\/1800hurt911ga.com\/wp-content\/uploads\/2021\/08\/whiplash-injury-treatment-in-Atlanta.jpg 500w, https:\/\/1800hurt911ga.com\/wp-content\/uploads\/2021\/08\/whiplash-injury-treatment-in-Atlanta-300x200.jpg 300w\" sizes=\"(max-width: 500px) 100vw, 500px\" \/><\/a><\/p><h2>\u00bfCu\u00e1les son algunos de los diferentes tratamientos para lesiones por latigazo cervical en Atlanta?<\/h2><p>El latigazo cervical com\u00fanmente se trata de acuerdo con un plan que integra varias terapias o tratamientos diferentes.\u00a0Estos tratamientos pueden incluir lo siguiente:<\/p><h3>Tratamiento en el hogar<\/h3><ul><li>La aplicaci\u00f3n de bolsas de hielo o fr\u00edo en el \u00e1rea afectada para reducir la hinchaz\u00f3n o la inflamaci\u00f3n.<\/li><li>Descanso y relajaci\u00f3n para permitir que la lesi\u00f3n sane y reducir la tensi\u00f3n adicional en el cuello.<\/li><\/ul><h3>Tratamientos Farmac\u00e9uticos<\/h3><ul><li>Medicamentos de venta libre como ibuprofeno o Tylenol para reducir el dolor leve y la hinchaz\u00f3n.<\/li><li>Medicamentos recetados como antidepresivos que alivian el dolor nervioso.<\/li><li>Relajantes musculares para relajar los m\u00fasculos y reducir la tensi\u00f3n.<\/li><li>Inyecciones que adormecen el \u00e1rea como la lidoca\u00edna.<\/li><\/ul><h3>Collares de espuma<\/h3><p>Su m\u00e9dico puede recetarle un collar de espuma para usar alrededor del cuello para protegerlo de m\u00e1s tensi\u00f3n y lesiones durante un per\u00edodo de tiempo.\u00a0Los collares de espuma son un tratamiento tradicional para el latigazo cervical.\u00a0Sin embargo, investigaciones recientes han demostrado que, si bien un collar\u00edn blando puede ayudar a reducir el dolor, tambi\u00e9n puede retrasar la curaci\u00f3n y la recuperaci\u00f3n.\u00a0Por lo tanto, el uso de un collar suave se ha reducido a unas pocas horas al d\u00eda o para ayudar a mantener el cuello quieto mientras se duerme en lugar de usar el collar constantemente durante d\u00edas o incluso semanas.\u00a0Su m\u00e9dico tratante debe proporcionarle informaci\u00f3n sobre c\u00f3mo usar el collar, cu\u00e1ndo debe usarlo y por cu\u00e1nto tiempo.<\/p><h3>Ejercicio Para Rehabilitar<\/h3><p>Un m\u00e9dico puede prescribir una variedad de ejercicios para realizar en casa para estirar suavemente los m\u00fasculos del cuello.\u00a0Esto ayudar\u00e1 a reducir la rigidez y restaurar el rango de movimiento.\u00a0Algunos\u00a0<a href=\"https:\/\/www.unionpt.com\/physical-therapy-exercises-stretches-neck-pain-whiplash\/\" target=\"_blank\" rel=\"noopener\">ejercicios<\/a>\u00a0que su m\u00e9dico puede recomendar incluyen:<\/p><ul><li>Girando lentamente la cabeza en una direcci\u00f3n y luego en la otra.<\/li><li>Inclinando la cabeza hacia un lado y luego hacia el otro.<\/li><li>Bajar la cabeza hacia el pecho y luego volver a levantarla.<\/li><li>Rodando un hombro, luego el otro hombro y por \u00faltimo ambos hombros juntos.<\/li><li>Es posible que lo remitan a un fisioterapeuta que lo ayudar\u00e1 a estirar y trabajar el cuello para restaurar el rango de movimiento y reducir la rigidez.<\/li><\/ul><p>Es importante tener en cuenta que el ejercicio nunca debe realizarse sin consultar a un m\u00e9dico, especialmente con una lesi\u00f3n como un latigazo cervical.\u00a0Por lo tanto, se recomienda evitar cualquier ejercicio que no haya sido prescrito por su m\u00e9dico o fisioterapeuta hasta que se haya recuperado completamente de su lesi\u00f3n.\u00a0Por otro lado, el ejercicio es extremadamente importante para ayudar a la recuperaci\u00f3n de una lesi\u00f3n por latigazo cervical.\u00a0Si no ejercitas el cuello, los m\u00fasculos permanecer\u00e1n r\u00edgidos, lo que retrasar\u00e1 la curaci\u00f3n.\u00a0Tambi\u00e9n puede dar lugar a otras complicaciones, como la restricci\u00f3n a largo plazo del movimiento en el cuello y el dolor de cuello cr\u00f3nico.<\/p><h2>\u00bfCu\u00e1les son algunos tratamientos alternativos para las lesiones por latigazo cervical?<\/h2><p>Otros tratamientos para el latigazo cervical incluyen:<\/p><ul><li>Terapia de masaje para reducir la rigidez en el \u00e1rea del cuello y promover la curaci\u00f3n.\u00a0El masaje suave ha demostrado ser extremadamente beneficioso para ayudar a la recuperaci\u00f3n de una lesi\u00f3n por latigazo cervical.<\/li><li>Se ha demostrado que la acupuntura alivia el dolor de cuello al insertar agujas finas en puntos de presi\u00f3n espec\u00edficos alrededor del cuerpo.<\/li><li>La estimulaci\u00f3n nerviosa el\u00e9ctrica transcut\u00e1nea, env\u00eda pulsos el\u00e9ctricos leves al \u00e1rea afectada para mejorar la fuerza muscular y reducir el dolor de cuello.<\/li><li>La atenci\u00f3n quiropr\u00e1ctica\u00a0utiliza la manipulaci\u00f3n de la columna vertebral y las articulaciones para aliviar el dolor de cuello asociado con el latigazo cervical.<\/li><\/ul><p>Los tratamientos anteriores deber\u00e1n repetirse varias veces para proporcionar el mayor beneficio y ayudar en la recuperaci\u00f3n.\u00a0La cantidad de tratamientos depende de la persona, la extensi\u00f3n de la lesi\u00f3n en el cuello y la rapidez con la que pueden recuperarse.\u00a0Por ejemplo, un paciente que ha sufrido una lesi\u00f3n por latigazo cervical en el pasado y tiene un mayor riesgo de desarrollar complicaciones puede requerir un tratamiento adicional que un individuo joven y sano que nunca antes ha sufrido un traumatismo en el cuello.<\/p><h2>Si necesita tratamiento para lesiones por latigazo cervical en Atlanta, llame a nuestras oficinas hoy<\/h2><p>Los centros de lesiones Hurt 911 adoptan un enfoque integrado para tratar las lesiones por latigazo cervical. El primer paso es diagnosticar la lesi\u00f3n y luego crear un plan de tratamiento que se adapte a sus necesidades \u00fanicas. Uno de nuestros m\u00e9dicos puede solicitar una resonancia magn\u00e9tica o una tomograf\u00eda computarizada para confirmar el diagn\u00f3stico y asegurarse de que su dolor de cuello, rigidez y otros s\u00edntomas no est\u00e9n causados por una afecci\u00f3n m\u00e9dica diferente. Lo m\u00e1s probable es que nuestro equipo de profesionales le brinde instrucciones para el cuidado en el hogar, as\u00ed como medicamentos para ayudarlo a controlar su dolor y reducir la inflamaci\u00f3n. Es posible que reciba un collar de espuma blanda para usar en momentos espec\u00edficos del d\u00eda o de la noche durante per\u00edodos breves. El collar ayudar\u00e1 a sostener el cuello permitiendo que los m\u00fasculos del cuello descansen y se recuperen mientras se reduce el dolor. Nuestros fisioterapeutas pueden proporcionarle una lista de ejercicios que debe realizar diariamente. El ejercicio es importante para estirar los m\u00fasculos r\u00edgidos del cuello y aumentar el rango de movimiento del cuello que puede estar limitado debido a su lesi\u00f3n. Nuestro equipo tambi\u00e9n incluye quiropr\u00e1cticos, y tambi\u00e9n podemos recomendar terapias alternativas como parte de su tratamiento de lesiones por latigazo cervical en Atlanta. El Hurt 911 Injury Center brinda todos los tratamientos anteriores bajo un mismo techo y se especializa en ayudar a los pacientes a recuperarse por completo de las lesiones por distensi\u00f3n del cuello y latigazo cervical. Ll\u00e1menos hoy para programar una cita si ha sufrido un traumatismo en el cuello, ha estado involucrado en un accidente automovil\u00edstico o sufre dolor de cuello, rigidez u otros s\u00edntomas de latigazo cervical y tambi\u00e9n podemos recomendar terapias alternativas como parte de su tratamiento de lesiones por latigazo cervical en Atlanta. El Hurt 911 Injury Center brinda todos los tratamientos anteriores bajo un mismo techo y se especializa en ayudar a los pacientes a recuperarse por completo de las lesiones por distensi\u00f3n del cuello y latigazo cervical. Ll\u00e1menos hoy para programar una cita si ha sufrido un traumatismo en el cuello, ha estado involucrado en un accidente automovil\u00edstico o sufre dolor de cuello, rigidez u otros s\u00edntomas de latigazo cervical y tambi\u00e9n podemos recomendar terapias alternativas como parte de su tratamiento de lesiones por latigazo cervical en Atlanta. El Hurt 911 Injury Center brinda todos los tratamientos anteriores bajo un mismo techo y se especializa en ayudar a los pacientes a recuperarse por completo de las lesiones por distensi\u00f3n del cuello y latigazo cervical. Ll\u00e1menos hoy para programar una cita si ha sufrido un traumatismo en el cuello, ha estado involucrado en un accidente automovil\u00edstico o sufre dolor de cuello, rigidez u otros s\u00edntomas de latigazo cervical.<\/p>\t\t\t\t\t\t\t\t<\/div>\n\t\t\t\t\t<\/div>\n\t\t<\/div>\n\t\t\t\t\t<\/div>\n\t\t<\/section>\n\t\t\t\t<\/div>\n\t\t","protected":false},"excerpt":{"rendered":"<p>El latigazo cervical es una lesi\u00f3n que puede producirse por un accidente automovil\u00edstico, una ca\u00edda, un traumatismo o cualquier otro incidente que resulte en un movimiento repentino y contundente de la cabeza o el cuello.\u00a0Incluso un accidente automovil\u00edstico menor puede provocar un latigazo cervical.\u00a0Si bien este tipo de lesi\u00f3n no es fatal, puede ser dolorosa [&hellip;]<\/p>\n","protected":false},"author":27,"featured_media":0,"parent":6539,"menu_order":0,"comment_status":"closed","ping_status":"closed","template":"","meta":{"_acf_changed":false,"anchor_text":"","footnotes":""},"categories":[120],"tags":[135],"class_list":["post-6566","page","type-page","status-publish","hentry","category-sin-categorizar","tag-latigazo-cervical"],"acf":[],"_links":{"self":[{"href":"https:\/\/1800hurt911ga.com\/es\/wp-json\/wp\/v2\/pages\/6566","targetHints":{"allow":["GET"]}}],"collection":[{"href":"https:\/\/1800hurt911ga.com\/es\/wp-json\/wp\/v2\/pages"}],"about":[{"href":"https:\/\/1800hurt911ga.com\/es\/wp-json\/wp\/v2\/types\/page"}],"author":[{"embeddable":true,"href":"https:\/\/1800hurt911ga.com\/es\/wp-json\/wp\/v2\/users\/27"}],"replies":[{"embeddable":true,"href":"https:\/\/1800hurt911ga.com\/es\/wp-json\/wp\/v2\/comments?post=6566"}],"version-history":[{"count":14,"href":"https:\/\/1800hurt911ga.com\/es\/wp-json\/wp\/v2\/pages\/6566\/revisions"}],"predecessor-version":[{"id":16634,"href":"https:\/\/1800hurt911ga.com\/es\/wp-json\/wp\/v2\/pages\/6566\/revisions\/16634"}],"up":[{"embeddable":true,"href":"https:\/\/1800hurt911ga.com\/es\/wp-json\/wp\/v2\/pages\/6539"}],"wp:attachment":[{"href":"https:\/\/1800hurt911ga.com\/es\/wp-json\/wp\/v2\/media?parent=6566"}],"wp:term":[{"taxonomy":"category","embeddable":true,"href":"https:\/\/1800hurt911ga.com\/es\/wp-json\/wp\/v2\/categories?post=6566"},{"taxonomy":"post_tag","embeddable":true,"href":"https:\/\/1800hurt911ga.com\/es\/wp-json\/wp\/v2\/tags?post=6566"}],"curies":[{"name":"wp","href":"https:\/\/api.w.org\/{rel}","templated":true}]}}