{"id":6567,"date":"2023-02-11T18:10:56","date_gmt":"2023-02-11T18:10:56","guid":{"rendered":"https:\/\/1800hurt911ga.com\/atlanta\/servicios-quiropracticos-de-atlanta\/"},"modified":"2025-07-24T07:46:25","modified_gmt":"2025-07-24T12:46:25","slug":"servicios-quiropracticos-de-atlanta","status":"publish","type":"page","link":"https:\/\/1800hurt911ga.com\/es\/atlanta\/servicios-quiropracticos-de-atlanta\/","title":{"rendered":"Servicios quiropr\u00e1cticos de Atlanta"},"content":{"rendered":"<p>Si ha sido v\u00edctima de un accidente, ya sea un accidente automovil\u00edstico, un accidente por resbal\u00f3n y ca\u00edda o un accidente en el lugar de trabajo, se recomienda que visite a un quiropr\u00e1ctico lo antes posible despu\u00e9s del accidente. Aunque definitivamente deber\u00e1 visitar la sala de emergencias si ha sufrido lesiones graves o potencialmente mortales, algunos tipos de lesiones requieren las manos expertas de un quiropr\u00e1ctico.<\/p>\n<p>Lo que quiz\u00e1s no se d\u00e9 cuenta es que incluso un accidente menor puede provocar lesiones ocultas, como lesiones en los tejidos blandos, lesiones musculoesquel\u00e9ticas y latigazo cervical. Si no se abordan adecuadamente y de manera oportuna, tales lesiones pueden provocar dolor cr\u00f3nico y otras complicaciones a largo plazo. Ciertas lesiones pueden tardar d\u00edas, semanas e incluso meses en manifestar s\u00edntomas dolorosos.<\/p>\n<p>Un quiropr\u00e1ctico podr\u00e1 examinarlo y determinar si ha sufrido lesiones subyacentes, como latigazo cervical y lesiones musculoesquel\u00e9ticas, y recomendar un plan de tratamiento bien dise\u00f1ado para sus lesiones. Nuestros servicios quiropr\u00e1cticos en Atlanta son una alternativa m\u00e1s asequible y menos invasiva que los tratamientos m\u00e9dicos tradicionales. Esencialmente, ayuda a eliminar la necesidad de medicamentos para aliviar el dolor con efectos secundarios o procedimientos complicados.<\/p>\n<p>Si necesita atenci\u00f3n quiropr\u00e1ctica en Atlanta, nuestro equipo de m\u00e9dicos experimentados en los Centros de Lesiones HURT 911\u00ae tiene la soluci\u00f3n perfecta para usted. Usando las \u00faltimas y m\u00e1s avanzadas t\u00e9cnicas quiropr\u00e1cticas, lo ayudaremos a tratar sus lesiones, aliviar su dolor, restaurar la movilidad y evitar que cualquier lesi\u00f3n oculta se convierta en una condici\u00f3n m\u00e1s grave. Llame hoy a nuestro <a href=\"https:\/\/1800hurt911ga-com.translate.goog\/atlanta\/?_x_tr_sl=auto&amp;_x_tr_tl=en&amp;_x_tr_hl=en&amp;_x_tr_pto=wapp\" target=\"_blank\" rel=\"noopener\">centro de lesiones de Atlanta<\/a> al <a href=\"tel:+18554752588?_x_tr_sl=auto&amp;_x_tr_tl=en&amp;_x_tr_hl=en&amp;_x_tr_pto=wapp\">855-475-2588<\/a> para un examen de cuerpo completo y un diagn\u00f3stico adecuado de sus lesiones.<\/p>\n<h2><strong>Se ha comprobado que el ajuste quiropr\u00e1ctico ayuda a los pacientes a controlar el dolor<\/strong><\/h2>\n<p>A diferencia de los medicamentos para aliviar el dolor, que s\u00f3lo ocultan temporalmente los s\u00edntomas dolorosos, la atenci\u00f3n quiropr\u00e1ctica tiene como objetivo abordar la causa subyacente del problema y garantizar as\u00ed el alivio del dolor a largo plazo. Aunque la cirug\u00eda siempre es una opci\u00f3n, pocas personas quieren lidiar con los costes y las complicaciones asociadas a los procedimientos invasivos.<\/p>\n<p>La atenci\u00f3n quiropr\u00e1ctica se considera un modo de tratamiento m\u00e1s seguro y efectivo para el dolor cr\u00f3nico y las molestias que resultan de una lesi\u00f3n. <a href=\"https:\/\/translate.google.com\/website?sl=auto&amp;tl=en&amp;hl=en&amp;client=webapp&amp;u=https:\/\/my.clevelandclinic.org\/health\/treatments\/21033-chiropractic-adjustment\" target=\"_blank\" rel=\"noopener\">Se ha encontrado que el ajuste quiropr\u00e1ctico<\/a> es particularmente efectivo en el tratamiento de dolores de cabeza, dolor de cuello y dolor de espalda baja. La creencia es que la manipulaci\u00f3n y alineaci\u00f3n de la columna ayuda a reducir la presi\u00f3n sobre el sistema nervioso central. Adem\u00e1s, los ajustes quiropr\u00e1cticos ayudan a reducir la inflamaci\u00f3n cr\u00f3nica, que es la responsable de causar dolores y molestias en el cuerpo.<\/p>\n<p>Seg\u00fan un estudio, el 50 % de las personas que se sometieron a ajustes quiropr\u00e1cticos vieron una reducci\u00f3n significativa en la intensidad del dolor de cabeza, mientras que el 25 % de los encuestados notaron una reducci\u00f3n del 90 % en la frecuencia de los ataques de dolor de cabeza.<\/p>\n<p>Un estudio brit\u00e1nico encontr\u00f3 que los pacientes que sufr\u00edan de dolor de cuello que se sometieron a ajustes quiropr\u00e1cticos tuvieron un tiempo de recuperaci\u00f3n m\u00e1s r\u00e1pido que aquellos que recibieron tratamiento de m\u00e9dicos generales. Otro estudio encontr\u00f3 que m\u00e1s del 60% de los pacientes que sufr\u00edan de dolor de espalda vieron mejoras m\u00e1s significativas con los ajustes quiropr\u00e1cticos que aquellos bajo el cuidado de m\u00e9dicos generales.<\/p>\n<h3><strong>T\u00e9cnicas que utilizamos en nuestros servicios quiropr\u00e1cticos de Atlanta<\/strong><\/h3>\n<p>Usamos las siguientes t\u00e9cnicas de ajuste como parte de nuestros servicios quiropr\u00e1cticos en Atlanta.<\/p>\n<h3><strong>Ajustes diversificados<\/strong><\/h3>\n<p>La t\u00e9cnica diversificada es quiz\u00e1s la t\u00e9cnica m\u00e1s utilizada cuando se brinda atenci\u00f3n quiropr\u00e1ctica en Atlanta. Su objetivo es restaurar la alineaci\u00f3n espinal adecuada y el movimiento adecuado aplicando presi\u00f3n manualmente al segmento vertebral afectado. Esto se hace a trav\u00e9s de una variedad de ajustes quiropr\u00e1cticos, de ah\u00ed el nombre. Estos ajustes generalmente implican la entrega de empujones manuales r\u00e1pidos y cortos a las articulaciones afectadas a una velocidad, \u00e1ngulo, direcci\u00f3n y profundidad precisos.<\/p>\n<p>Se considera una t\u00e9cnica altamente segura y eficaz para el alivio del dolor y la rigidez.<\/p>\n<h3><strong>Postura lateral<\/strong><\/h3>\n<p>La t\u00e9cnica de postura lateral, tambi\u00e9n conocida como Lumbar Roll, es otra t\u00e9cnica de ajuste quiropr\u00e1ctico com\u00fanmente practicada. Se trata de que el paciente se acueste de lado sobre una mesa quiropr\u00e1ctica con una rodilla doblada mientras el quiropr\u00e1ctico aplica un empuje de manipulaci\u00f3n r\u00e1pido y preciso en las v\u00e9rtebras afectadas para restaurar la alineaci\u00f3n adecuada.<\/p>\n<h3><strong>T\u00e9cnica Diversificada Sentado<\/strong><\/h3>\n<p>En esta t\u00e9cnica, en lugar de que el paciente se acueste en una mesa de quiropr\u00e1ctica, por lo general se sienta en una silla con el quiropr\u00e1ctico de pie a su lado. Los ajustes o manipulaciones que se realizan en esta t\u00e9cnica se centran en la columna cervical (la zona del cuello). El quiropr\u00e1ctico utiliza sus dedos y palpaciones de movimiento para identificar desalineaciones y articulaciones bloqueadas\/restringidas.<\/p>\n<p>Luego, el quiropr\u00e1ctico aplica un empuj\u00f3n r\u00e1pido pero suave a cada lado del cuello para desbloquear las articulaciones y restaurar la alineaci\u00f3n adecuada.El beneficio de esta t\u00e9cnica es que ayuda a mantener al paciente tranquilo y relajado y tambi\u00e9n le da al quiropr\u00e1ctico m\u00e1s control sobre el paciente.<\/p>\n<h3><strong>T\u00e9cnica de mesa abatible de Thompson<\/strong><\/h3>\n<p>Este tipo de t\u00e9cnica de ajuste quiropr\u00e1ctico es una t\u00e9cnica de ajuste de columna completa que se enfoca en brindar ajustes de alta velocidad, baja amplitud y baja fuerza. Implica el uso de una mesa especialmente dise\u00f1ada que tiene segmentos acolchados conocidos como piezas de ca\u00edda.<\/p>\n<p>Estas piezas de ca\u00edda generalmente se levantan y caen una fracci\u00f3n de pulgada cuando el quiropr\u00e1ctico aplica un empuje r\u00e1pido para la manipulaci\u00f3n de la columna. El movimiento de ca\u00edda de estos segmentos permite la entrega de una cantidad baja de fuerza haci\u00e9ndolo m\u00e1s c\u00f3modo para el paciente.<\/p>\n<p><a href=\"https:\/\/1800hurt911ga.com\/wp-content\/uploads\/2021\/08\/Atlanta-chiropractic-services-adjustments.jpg\"><img fetchpriority=\"high\" decoding=\"async\" class=\"alignnone wp-image-1604 size-full\" src=\"https:\/\/1800hurt911ga.com\/wp-content\/uploads\/2021\/08\/Atlanta-chiropractic-services-adjustments.jpg\" alt=\"Concepto de los servicios quiropr\u00e1cticos de Atlanta\" width=\"500\" height=\"334\" srcset=\"https:\/\/1800hurt911ga.com\/wp-content\/uploads\/2021\/08\/Atlanta-chiropractic-services-adjustments.jpg 500w, https:\/\/1800hurt911ga.com\/wp-content\/uploads\/2021\/08\/Atlanta-chiropractic-services-adjustments-300x200.jpg 300w\" sizes=\"(max-width: 500px) 100vw, 500px\" \/><\/a><\/p>\n<h3>Rodilla-Pecho<\/h3>\n<p>La t\u00e9cnica de ajuste quiropr\u00e1ctico rodilla-t\u00f3rax tiene como objetivo restaurar la alineaci\u00f3n adecuada de la columna cervical superior (v\u00e9rtebras del cuello) para garantizar el correcto funcionamiento de toda la m\u00e9dula espinal. Cuando la columna cervical superior est\u00e1 desalineada, puede provocar dolor y reducir los niveles de energ\u00eda. La t\u00e9cnica de ajuste rodilla-pecho busca rectificar esto.<\/p>\n<p>Esta t\u00e9cnica implica que el paciente se arrodille sobre un coj\u00edn acolchado con el pecho apoyado en una mesa de ajuste especial. Luego, el quiropr\u00e1ctico coloca la cabeza del paciente en un \u00e1ngulo exacto hacia un lado y realiza un empuje r\u00e1pido y suave en el \u00e1rea precisa de la base del cr\u00e1neo, restaurando as\u00ed la columna cervical superior a su posici\u00f3n correcta.<\/p>\n<p>El paciente puede escuchar un chasquido y sentir alivio de inmediato. El paciente permanecer\u00e1 en esta posici\u00f3n durante un breve periodo de tiempo para permitir que se establezca el ajuste.<\/p>\n<h3>Manipulaci\u00f3n de extremidades<\/h3>\n<p>Esta t\u00e9cnica de ajuste quiropr\u00e1ctico implica la manipulaci\u00f3n de las articulaciones de las extremidades. Estas son articulaciones distintas de las de la columna vertebral e incluyen codos, mu\u00f1ecas, manos, hombros, cadera, pies, tobillos y dedos de los pies. La t\u00e9cnica quiropr\u00e1ctica de manipulaci\u00f3n de extremidades tiene como objetivo restaurar la movilidad de las articulaciones, relajar los m\u00fasculos tensos, mejorar la coordinaci\u00f3n y aliviar el dolor.<\/p>\n<p>Esta t\u00e9cnica se usa com\u00fanmente para tratar problemas relacionados con la postura, la marcha y el s\u00edndrome del t\u00fanel carpiano.<\/p>\n<h3>Alternar retroceso<\/h3>\n<p>La t\u00e9cnica de ajuste quiropr\u00e1ctico de retroceso de palanca tiene como objetivo corregir un segmento parcialmente desalineado de la columna cervical superior y es buscada por pacientes que desean un enfoque mucho m\u00e1s suave para el ajuste de la columna. Esta t\u00e9cnica implica que el quiropr\u00e1ctico realice un empuje r\u00e1pido pero muy ligero en el \u00e1rea afectada y retire r\u00e1pidamente las manos del punto de contacto. Se ha descubierto que los ajustes quiropr\u00e1cticos en la columna cervical superior son efectivos para tratar una variedad de s\u00edntomas.<\/p>\n<h3>Activador<\/h3>\n<p>Esta t\u00e9cnica de ajuste quiropr\u00e1ctico utiliza una herramienta manual conocida como Activador. Este dispositivo est\u00e1 accionado por un resorte y es capaz de dar un empuje m\u00e1s ligero y r\u00e1pido que el que se puede dar con la mano. Si no se siente c\u00f3modo con los ajustes hechos manualmente, esta t\u00e9cnica es ideal para usted. Esta t\u00e9cnica ha resultado ser tan eficaz como las t\u00e9cnicas de ajuste tradicionales o diversificadas siempre que sea realizada por un quiropr\u00e1ctico especializado en esta t\u00e9cnica.<\/p>\n<h3>T\u00e9cnica Sacro-Occipital (TSO)<\/h3>\n<p>La t\u00e9cnica sacro-occipital utiliza indicadores corporales para determinar cualquier mal funcionamiento esquel\u00e9tico, visceral, neurol\u00f3gico y craneal. Adem\u00e1s de los ajustes de la columna, tiene como objetivo corregir la pelvis, las extremidades, el cr\u00e1neo y los \u00f3rganos del cuerpo. Nuestros quiropr\u00e1cticos buscan varios signos y se\u00f1ales para determinar cu\u00e1ndo y d\u00f3nde ajustarse.<\/p>\n<p>Debe tener en cuenta que los m\u00fasculos de la espalda y de la parte superior del muslo, as\u00ed como todos los m\u00fasculos responsables de mantener el equilibrio en el cuello y los hombros, est\u00e1n todos conectados a la pelvis. Adem\u00e1s, sus \u00f3rganos internos est\u00e1n sostenidos por ligamentos conectados a la columna vertebral y la pelvis. As\u00ed, para asegurar el buen funcionamiento del sistema nervioso, la pelvis necesita estar bien equilibrada.<\/p>\n<p>Esta t\u00e9cnica consiste en colocar bloques de forma triangular debajo de la pelvis y utilizar el peso y la respiraci\u00f3n del paciente para restaurar el equilibrio y la posici\u00f3n de los huesos p\u00e9lvicos, mientras que el quiropr\u00e1ctico realiza ajustes ligeros y precisos para promover una funci\u00f3n nerviosa \u00f3ptima.<\/p>\n<h3>Lesiones y condiciones que tratamos<\/h3>\n<p>Si sufre alguna de las siguientes lesiones o afecciones, nuestros m\u00e9dicos pueden brindarle el alivio que necesita:<\/p>\n<p><a href=\"https:\/\/1800hurt911ga-com.translate.goog\/atlanta\/spine-injury-treatment\/?_x_tr_sl=auto&amp;_x_tr_tl=en&amp;_x_tr_hl=en&amp;_x_tr_pto=wapp\" target=\"_blank\" rel=\"noopener\">Lesiones en la <\/a><a href=\"https:\/\/1800hurt911ga-com.translate.goog\/atlanta\/back-injury-treatment\/?_x_tr_sl=auto&amp;_x_tr_tl=en&amp;_x_tr_hl=en&amp;_x_tr_pto=wapp\" target=\"_blank\" rel=\"noopener\">espalda<\/a> y la columna vertebral , incluido el dolor lumbar<\/p>\n<ul>\n<li>Lesiones en el cuello, incluidos dolor de cuello y <a href=\"https:\/\/1800hurt911ga-com.translate.goog\/atlanta\/whiplash-injury-treatment\/?_x_tr_sl=auto&amp;_x_tr_tl=en&amp;_x_tr_hl=en&amp;_x_tr_pto=wapp\" target=\"_blank\" rel=\"noopener\">latigazo cervical<\/a><\/li>\n<li><a href=\"https:\/\/1800hurt911ga-com.translate.goog\/atlanta\/herniated-disc-treatment\/?_x_tr_sl=auto&amp;_x_tr_tl=en&amp;_x_tr_hl=en&amp;_x_tr_pto=wapp\" target=\"_blank\" rel=\"noopener\">Hernias discales<\/a><\/li>\n<li><a href=\"https:\/\/1800hurt911ga-com.translate.goog\/atlanta\/scoliosis-treatment\/?_x_tr_sl=auto&amp;_x_tr_tl=en&amp;_x_tr_hl=en&amp;_x_tr_pto=wapp\" target=\"_blank\" rel=\"noopener\">Escoliosis<\/a><\/li>\n<li><a href=\"https:\/\/1800hurt911ga-com.translate.goog\/atlanta\/soft-tissue-injury\/?_x_tr_sl=auto&amp;_x_tr_tl=en&amp;_x_tr_hl=en&amp;_x_tr_pto=wapp\" target=\"_blank\" rel=\"noopener\">Lesiones de tejidos blandoscomo<\/a>distensiones musculares y esguinces.<\/li>\n<li><a href=\"https:\/\/1800hurt911ga-com.translate.goog\/atlanta\/bursitis-treatment\/?_x_tr_sl=auto&amp;_x_tr_tl=en&amp;_x_tr_hl=en&amp;_x_tr_pto=wapp\" target=\"_blank\" rel=\"noopener\">Bursitis<\/a><\/li>\n<li>Dolores de cabeza y migra\u00f1as<\/li>\n<li><a href=\"https:\/\/1800hurt911ga-com.translate.goog\/atlanta\/carpal-tunnel-treatment\/?_x_tr_sl=auto&amp;_x_tr_tl=en&amp;_x_tr_hl=en&amp;_x_tr_pto=wapp\" target=\"_blank\" rel=\"noopener\">S\u00edndrome del t\u00fanel carpiano<\/a><\/li>\n<\/ul>\n<h2>\u00bfQu\u00e9 debo esperar de un ajuste quiropr\u00e1ctico?<\/h2>\n<p>Si es la primera vez que busca atenci\u00f3n quiropr\u00e1ctica en Atlanta, es normal que est\u00e9 nervioso y confundido sobre qu\u00e9 esperar. Con suerte, esta secci\u00f3n le ayudar\u00e1 a tranquilizarse. Aqu\u00ed, discutiremos qu\u00e9 implica t\u00edpicamente una primera visita a la oficina del quiropr\u00e1ctico y qu\u00e9 esperar despu\u00e9s del ajuste quiropr\u00e1ctico.<\/p>\n<h3>Consulta<\/h3>\n<p>Lo primero que debe esperar durante su visita al quiropr\u00e1ctico es una consulta de admisi\u00f3n. Su quiropr\u00e1ctico le har\u00e1 preguntas relacionadas con su historial de salud, el \u00e1rea donde siente el dolor, la gravedad del dolor, si tiene otros s\u00edntomas, etc. La informaci\u00f3n que proporcione ayudar\u00e1 al quiropr\u00e1ctico a determinar la causa y la gravedad del dolor. your condition<\/p>\n<h3>Examen f\u00edsico<\/h3>\n<p>Luego, su quiropr\u00e1ctico llevar\u00e1 a cabo un examen f\u00edsico est\u00e1ndar seguido de un examen minucioso de su columna vertebral, prestando especial atenci\u00f3n a las \u00e1reas problem\u00e1ticas. El quiropr\u00e1ctico examinar\u00e1 la totalidad de su columna dado que las desalineaciones y subluxaciones en un \u00e1rea de la columna pueden provocar irritaciones secundarias en otra \u00e1rea de la columna.<\/p>\n<p>El examen f\u00edsico generalmente incluir\u00e1 pruebas de rango de movimiento, reflejos, palpaciones, comparaciones de fuerza muscular y pruebas neurol\u00f3gicas y ortop\u00e9dicas.<\/p>\n<p><a href=\"https:\/\/1800hurt911ga.com\/wp-content\/uploads\/2021\/08\/Atlanta-chiropractic-services-physical-exam.jpg\"><img decoding=\"async\" class=\"alignnone wp-image-1603 size-full\" src=\"https:\/\/1800hurt911ga.com\/wp-content\/uploads\/2021\/08\/Atlanta-chiropractic-services-physical-exam.jpg\" alt=\"Concepto de los servicios quiropr\u00e1cticos de Atlanta\" width=\"500\" height=\"282\" srcset=\"https:\/\/1800hurt911ga.com\/wp-content\/uploads\/2021\/08\/Atlanta-chiropractic-services-physical-exam.jpg 500w, https:\/\/1800hurt911ga.com\/wp-content\/uploads\/2021\/08\/Atlanta-chiropractic-services-physical-exam-300x169.jpg 300w\" sizes=\"(max-width: 500px) 100vw, 500px\" \/><\/a><\/p>\n<h3>Plan de tratamiento<\/h3>\n<p>Dependiendo de su condici\u00f3n \u00fanica, el quiropr\u00e1ctico desarrollar\u00e1 un plan de tratamiento bien dise\u00f1ado basado en la extensi\u00f3n de la lesi\u00f3n, la condici\u00f3n de su columna vertebral y su salud general.<\/p>\n<h3>Ajuste<\/h3>\n<p>Si obtiene un ajuste en su primera visita, por ejemplo, cuando busca alivio del dolor, debe esperar un procedimiento r\u00e1pido e indoloro que dure entre 10 y 30 minutos. Los ajustes involucran la manipulaci\u00f3n de la columna vertebral y otras articulaciones del cuerpo (si es necesario) utilizando fuerza, velocidad, amplitud y \u00e1ngulo precisos.<\/p>\n<p>Aunque el procedimiento es sin dolor, es posible que experimente algo de dolor al d\u00eda siguiente a medida que el cuerpo se adapta a la alineaci\u00f3n correcta de la columna.<\/p>\n<h3>Tambi\u00e9n Ofrecemos Servicios De Fisioterapia<\/h3>\n<p>Nuestros servicios quiropr\u00e1cticos en Atlanta son s\u00f3lo una parte de nuestras opciones de tratamiento. Tambi\u00e9n ofrecemos <a href=\"https:\/\/1800hurt911ga-com.translate.goog\/atlanta\/physiotherapy-services\/?_x_tr_sl=auto&amp;_x_tr_tl=en&amp;_x_tr_hl=en&amp;_x_tr_pto=wapp\" target=\"_blank\" rel=\"noopener\">tratamientos de fisioterapia<\/a>, que incluyen:<\/p>\n<h3>Terapia de rehabilitaci\u00f3n<\/h3>\n<p>Si est\u00e1 lidiando con una lesi\u00f3n en el cuello, puede someterse a una terapia de rehabilitaci\u00f3n. Este tipo de lesi\u00f3n f\u00edsica tiene como objetivo fortalecer los m\u00fasculos del cuello para recuperar la movilidad. Esto se logra a trav\u00e9s de una serie de ejercicios especiales que ayudan a entrenar su cuerpo para mantener el equilibrio y la estabilidad. La terapia de rehabilitaci\u00f3n lo ayuda a restaurar la funcionalidad muscular a su propio ritmo.<\/p>\n<h3>Terapia de Masajes<\/h3>\n<p>La terapia de masaje est\u00e1 orientada a tratar el dolor muscular, la tensi\u00f3n y los espasmos. Ofrece una alternativa de tratamiento natural al dolor musculoesquel\u00e9tico. Nuestros masajistas licenciados evaluar\u00e1n cuidadosamente su condici\u00f3n y lesi\u00f3n y emplear\u00e1n las t\u00e9cnicas de masaje m\u00e1s efectivas para aliviar el dolor y el estr\u00e9s. La terapia de masaje ofrece una amplia gama de beneficios que incluyen una mejor circulaci\u00f3n sangu\u00ednea, relajaci\u00f3n muscular, reducci\u00f3n de la hinchaz\u00f3n y alivio del dolor y los espasmos musculares.<\/p>\n<h3>Terapia de estiramiento y fortalecimiento<\/h3>\n<p>Los ejercicios de estiramiento y fortalecimiento est\u00e1n orientados a fortalecer los m\u00fasculos de la espalda, aliviando as\u00ed el dolor lumbar cr\u00f3nico y tratando diferentes tipos de lesiones de la columna.<\/p>\n<p>Durante la consulta inicial, nuestros m\u00e9dicos examinar\u00e1n su cuerpo y realizar\u00e1n varias pruebas para determinar los ejercicios m\u00e1s apropiados que se incluir\u00e1n en su plan de tratamiento.<\/p>\n<h3>Atenci\u00f3n correctiva<\/h3>\n<p>Despu\u00e9s de recibir los ajustes quiropr\u00e1cticos iniciales, es posible que necesite atenci\u00f3n correctiva para tratar el dolor y otros s\u00edntomas negativos. Nuestros m\u00e9dicos monitorar\u00e1n su condici\u00f3n a lo largo de su plan de tratamiento y recomendar\u00e1n ejercicios de cuidado correctivo para ayudar a restaurar su cuerpo a su condici\u00f3n \u00f3ptima.<\/p>\n<h3>Terapia de Ultrasonido<\/h3>\n<p>Esta forma de terapia utiliza ondas sonoras m\u00e1s all\u00e1 del alcance del o\u00eddo humano para interactuar con los tejidos da\u00f1ados y facilitar la curaci\u00f3n y la regeneraci\u00f3n r\u00e1pida. Tambi\u00e9n ayuda a aliviar el dolor muscular cr\u00f3nico. La <a href=\"https:\/\/translate.google.com\/website?sl=auto&amp;tl=en&amp;hl=en&amp;client=webapp&amp;u=https:\/\/www.verywellhealth.com\/what-is-ultrasound-therapy-2564506\" target=\"_blank\" rel=\"noopener\">terapia de ultrasonido<\/a> se usa com\u00fanmente en \u00e1reas como el cuello, la espalda baja, los hombros, las rodillas y los muslos.<\/p>\n<h3>Terapia de Estimulaci\u00f3n Muscular El\u00e9ctrica (E-STIM)<\/h3>\n<p>E-STIM se usa com\u00fanmente para tratar el dolor cr\u00f3nico, la inflamaci\u00f3n y los espasmos musculares. Esta forma de terapia utiliza un dispositivo especial que env\u00eda peque\u00f1os impulsos el\u00e9ctricos por todo el cuerpo con el objetivo de reparar los m\u00fasculos. La terapia E-STIM es ideal para pacientes que contraen sus m\u00fasculos de forma involuntaria, especialmente aquellos lesionados por realizar tareas repetitivas en el trabajo. Se ha encontrado que esta forma de fisioterapia es efectiva en el tratamiento de una amplia gama de lesiones.<\/p>\n<h3>Obtenga la mejor atenci\u00f3n quiropr\u00e1ctica en Atlanta<\/h3>\n<p>Si ha estado lidiando con el dolor y la incomodidad despu\u00e9s de una lesi\u00f3n, definitivamente deber\u00eda considerar buscar atenci\u00f3n quiropr\u00e1ctica. Los quiropr\u00e1cticos son profesionales especialmente capacitados que se especializan en la manipulaci\u00f3n y alineaci\u00f3n de la estructura musculoesquel\u00e9tica del cuerpo, m\u00e1s espec\u00edficamente la columna vertebral, para aliviar el dolor y desbloquear las habilidades curativas naturales del cuerpo.<\/p>\n<p>Nuestros quiropr\u00e1cticos en <a href=\"https:\/\/1800hurt911ga-com.translate.goog\/?_x_tr_sl=auto&amp;_x_tr_tl=en&amp;_x_tr_hl=en&amp;_x_tr_pto=wapp\" target=\"_blank\" rel=\"noopener\">Hurt 911\u00ae Injury Centers<\/a> tienen a\u00f1os de experiencia ayudando a v\u00edctimas de accidentes automovil\u00edsticos para acelerar su recuperaci\u00f3n y restaurar sus vidas. Brindamos los mejores servicios quiropr\u00e1cticos de Atlanta junto con fisioterapia.<\/p>\n<p>Si tambi\u00e9n est\u00e1 buscando presentar acciones legales contra la parte negligente responsable de sus lesiones, podemos ayudarle a conectarse con un abogado de lesiones personales confiable y altamente experimentado y proporcionarle la evidencia y la documentaci\u00f3n m\u00e9dica que necesita para ayudar a probar su reclamo. Ll\u00e1menos hoy al <a href=\"tel:+18554752588?_x_tr_sl=auto&amp;_x_tr_tl=en&amp;_x_tr_hl=en&amp;_x_tr_pto=wapp\">855-475-2588<\/a> para programar una cita.<\/p>\n","protected":false},"excerpt":{"rendered":"<p>Si ha sido v\u00edctima de un accidente, ya sea un accidente automovil\u00edstico, un accidente por resbal\u00f3n y ca\u00edda o un accidente en el lugar de trabajo, se recomienda que visite a un quiropr\u00e1ctico lo antes posible despu\u00e9s del accidente. Aunque definitivamente deber\u00e1 visitar la sala de emergencias si ha sufrido lesiones graves o potencialmente mortales, [&hellip;]<\/p>\n","protected":false},"author":27,"featured_media":0,"parent":6539,"menu_order":0,"comment_status":"closed","ping_status":"closed","template":"","meta":{"_acf_changed":false,"anchor_text":"","footnotes":""},"categories":[120],"tags":[136],"class_list":["post-6567","page","type-page","status-publish","hentry","category-sin-categorizar","tag-quiropractica"],"acf":[],"_links":{"self":[{"href":"https:\/\/1800hurt911ga.com\/es\/wp-json\/wp\/v2\/pages\/6567","targetHints":{"allow":["GET"]}}],"collection":[{"href":"https:\/\/1800hurt911ga.com\/es\/wp-json\/wp\/v2\/pages"}],"about":[{"href":"https:\/\/1800hurt911ga.com\/es\/wp-json\/wp\/v2\/types\/page"}],"author":[{"embeddable":true,"href":"https:\/\/1800hurt911ga.com\/es\/wp-json\/wp\/v2\/users\/27"}],"replies":[{"embeddable":true,"href":"https:\/\/1800hurt911ga.com\/es\/wp-json\/wp\/v2\/comments?post=6567"}],"version-history":[{"count":5,"href":"https:\/\/1800hurt911ga.com\/es\/wp-json\/wp\/v2\/pages\/6567\/revisions"}],"predecessor-version":[{"id":16547,"href":"https:\/\/1800hurt911ga.com\/es\/wp-json\/wp\/v2\/pages\/6567\/revisions\/16547"}],"up":[{"embeddable":true,"href":"https:\/\/1800hurt911ga.com\/es\/wp-json\/wp\/v2\/pages\/6539"}],"wp:attachment":[{"href":"https:\/\/1800hurt911ga.com\/es\/wp-json\/wp\/v2\/media?parent=6567"}],"wp:term":[{"taxonomy":"category","embeddable":true,"href":"https:\/\/1800hurt911ga.com\/es\/wp-json\/wp\/v2\/categories?post=6567"},{"taxonomy":"post_tag","embeddable":true,"href":"https:\/\/1800hurt911ga.com\/es\/wp-json\/wp\/v2\/tags?post=6567"}],"curies":[{"name":"wp","href":"https:\/\/api.w.org\/{rel}","templated":true}]}}