{"id":6568,"date":"2023-02-11T11:51:43","date_gmt":"2023-02-11T11:51:43","guid":{"rendered":"https:\/\/1800hurt911ga.com\/atlanta\/atlanta-tratamiento-de-la-coliosis\/"},"modified":"2025-07-24T08:01:42","modified_gmt":"2025-07-24T13:01:42","slug":"atlanta-tratamiento-de-la-coliosis","status":"publish","type":"page","link":"https:\/\/1800hurt911ga.com\/es\/atlanta\/atlanta-tratamiento-de-la-coliosis\/","title":{"rendered":"Atlanta &#8211; Tratamiento de la escoliosis"},"content":{"rendered":"\t\t<div data-elementor-type=\"wp-page\" data-elementor-id=\"6568\" class=\"elementor elementor-6568\" data-elementor-post-type=\"page\">\n\t\t\t\t\t\t<section class=\"elementor-section elementor-top-section elementor-element elementor-element-0cf6cac elementor-section-boxed elementor-section-height-default elementor-section-height-default\" data-id=\"0cf6cac\" data-element_type=\"section\" data-e-type=\"section\">\n\t\t\t\t\t\t<div class=\"elementor-container elementor-column-gap-default\">\n\t\t\t\t\t<div class=\"elementor-column elementor-col-100 elementor-top-column elementor-element elementor-element-6fd0dca\" data-id=\"6fd0dca\" data-element_type=\"column\" data-e-type=\"column\">\n\t\t\t<div class=\"elementor-widget-wrap elementor-element-populated\">\n\t\t\t\t\t\t<div class=\"elementor-element elementor-element-1baceb3 elementor-widget elementor-widget-text-editor\" data-id=\"1baceb3\" data-element_type=\"widget\" data-e-type=\"widget\" data-widget_type=\"text-editor.default\">\n\t\t\t\t\t\t\t\t\t<p>La escoliosis es una anomal\u00eda de la columna que hace que la columna se curve hacia un lado.\u00a0Muchas personas con escoliosis fueron diagnosticadas durante su adolescencia, pero los adultos pueden desarrollar la condici\u00f3n como resultado de otras condiciones de salud, como distrofia muscular, lesiones de la m\u00e9dula espinal o infecciones de la columna.\u00a0La condici\u00f3n empeora con el tiempo cuando no se diagnostica y trata adecuadamente.<\/p><p>Nuestro equipo en Hurt 911\u00ae Injury Centers puede proporcionar un diagn\u00f3stico y tratamiento de escoliosis en Atlanta. Revisaremos cualquier tipo de da\u00f1o en su columna. Una simple radiograf\u00eda puede identificar cualquier cambio estructural en su columna. Por ejemplo, la notable curvatura de la columna presente en la escoliosis suele diagnosticarse con una simple radiograf\u00eda. La columna vertebral es un \u00e1rea del cuerpo muy compleja y delicada, y cualquier tipo de lesi\u00f3n en la espalda puede tener efectos a largo plazo.<\/p><p>Hurt 911\u00ae Injury Center se compromete a administrar su caso para obtener los mejores resultados para usted. Cuando llama a Hurt 911\u00ae, tiene la tranquilidad de saber que su salud est\u00e1 en las mejores manos. Nuestro equipo siempre se asegurar\u00e1 de que recibas la atenci\u00f3n m\u00e9dica que necesitas y te mereces. \u00a1Llame hoy a nuestros quiropr\u00e1cticos de Atlanta\u00a0 al 855-475-2588 para un tratamiento de escoliosis altamente efectivo!<\/p>\t\t\t\t\t\t\t\t<\/div>\n\t\t\t\t<div class=\"elementor-element elementor-element-7755a2e elementor-widget elementor-widget-heading\" data-id=\"7755a2e\" data-element_type=\"widget\" data-e-type=\"widget\" data-widget_type=\"heading.default\">\n\t\t\t\t\t<h2 class=\"elementor-heading-title elementor-size-default\">\u00bfCu\u00e1les son algunos signos y s\u00edntomas de la escoliosis?<\/h2>\t\t\t\t<\/div>\n\t\t\t\t<div class=\"elementor-element elementor-element-4f84f45 elementor-widget elementor-widget-text-editor\" data-id=\"4f84f45\" data-element_type=\"widget\" data-e-type=\"widget\" data-widget_type=\"text-editor.default\">\n\t\t\t\t\t\t\t\t\t<p>La escoliosis es una condici\u00f3n m\u00e9dica que se caracteriza por una curvatura lateral de la columna vertebral.\u00a0La escoliosis no tiene una causa conocida y com\u00fanmente se diagnostica en la adolescencia de la vida de un ni\u00f1o.\u00a0Aunque la mayor\u00eda de los casos de escoliosis son leves, la escoliosis grave puede ser bastante incapacitante y dificultar el funcionamiento adecuado de los pulmones.\u00a0Los rayos X pueden ayudar a diagnosticar la afecci\u00f3n y controlar si la curva empeora.<\/p><p>Algunos de los\u00a0<a href=\"https:\/\/www.mayoclinic.org\/diseases-conditions\/scoliosis\/symptoms-causes\/syc-20350716\" target=\"_blank\" rel=\"noopener\">signos y s\u00edntomas m\u00e1s comunes de la escoliosis<\/a>\u00a0incluyen cintura y hombros desiguales, un om\u00f3plato que parece m\u00e1s prominente que el otro, una cadera m\u00e1s alta que la otra, un lado de la caja tor\u00e1cica sobresale hacia adelante y prominencia en un lado de la atr\u00e1s cuando se inclina hacia adelante.\u00a0En la mayor\u00eda de los casos de escoliosis, la columna girar\u00e1 o rotar\u00e1 adem\u00e1s de curvarse de lado a lado.\u00a0Har\u00e1 que las costillas y los m\u00fasculos de un lado del cuerpo sobresalgan en comparaci\u00f3n con los del otro lado del cuerpo.<\/p>\t\t\t\t\t\t\t\t<\/div>\n\t\t\t\t<div class=\"elementor-element elementor-element-7a72250 elementor-widget elementor-widget-heading\" data-id=\"7a72250\" data-element_type=\"widget\" data-e-type=\"widget\" data-widget_type=\"heading.default\">\n\t\t\t\t\t<h2 class=\"elementor-heading-title elementor-size-default\">\u00bfQu\u00e9 causa la escoliosis y c\u00f3mo se diagnostica?<\/h2>\t\t\t\t<\/div>\n\t\t\t\t<div class=\"elementor-element elementor-element-78780df elementor-widget elementor-widget-text-editor\" data-id=\"78780df\" data-element_type=\"widget\" data-e-type=\"widget\" data-widget_type=\"text-editor.default\">\n\t\t\t\t\t\t\t\t\t<p>Se desconoce la causa real de la escoliosis adolescente.\u00a0Pero los m\u00e9dicos creen que la afecci\u00f3n involucra factores hereditarios, ya que se presenta en familias.\u00a0Por otro lado, los tipos menos comunes de escoliosis pueden ser causados por:<\/p><ul><li>Lesiones o infecciones de la columna vertebral<\/li><li>Anomal\u00edas de la m\u00e9dula espinal<\/li><li>Cirug\u00eda en la pared tor\u00e1cica de beb\u00e9<\/li><li>Defectos de nacimiento que afectan el desarrollo de los huesos de la columna vertebral<\/li><li>Afecciones neuromusculares como par\u00e1lisis cerebral o distrofia muscular<\/li><\/ul><p>Su m\u00e9dico tomar\u00e1 un historial m\u00e9dico detallado antes de diagnosticar la condici\u00f3n.\u00a0\u00c9l o ella puede pedirle que se ponga de pie y se incline hacia adelante desde la cintura para ver si un lado de su caja tor\u00e1cica es mucho m\u00e1s prominente que el otro.\u00a0Una\u00a0<a href=\"https:\/\/1800hurt911ga.com\/atlanta\/x-ray-imaging\/\">radiograf\u00eda<\/a>\u00a0puede confirmar el diagn\u00f3stico de escoliosis.\u00a0Revelar\u00e1 la gravedad de su curvatura espinal.<\/p><p>Se pueden recomendar im\u00e1genes por resonancia magn\u00e9tica o resonancia magn\u00e9tica si el proveedor de atenci\u00f3n m\u00e9dica sospecha que una anomal\u00eda de la m\u00e9dula espinal est\u00e1 causando la afecci\u00f3n\u00a0.<\/p>\t\t\t\t\t\t\t\t<\/div>\n\t\t\t\t<div class=\"elementor-element elementor-element-b76faa6 elementor-widget elementor-widget-heading\" data-id=\"b76faa6\" data-element_type=\"widget\" data-e-type=\"widget\" data-widget_type=\"heading.default\">\n\t\t\t\t\t<h2 class=\"elementor-heading-title elementor-size-default\">\u00bfQu\u00e9 sucede si no se trata la escoliosis de un paciente?<\/h2>\t\t\t\t<\/div>\n\t\t\t\t<div class=\"elementor-element elementor-element-a28665f elementor-widget elementor-widget-text-editor\" data-id=\"a28665f\" data-element_type=\"widget\" data-e-type=\"widget\" data-widget_type=\"text-editor.default\">\n\t\t\t\t\t\t\t\t\t<p>Si un paciente tiene una curva de tama\u00f1o mediano a grande, aumentar\u00e1 de tama\u00f1o a medida que contin\u00fae creciendo.\u00a0Sin tratamiento, lo m\u00e1s probable es que la curva aumente causando dolor ocasional y deformidad f\u00edsica con el tiempo.\u00a0No podr\u00e1 realizar numerosas actividades f\u00edsicas si la curva se vuelve severa.<\/p><p>De hecho, los problemas respiratorios son comunes cuando la escoliosis no se trata a tiempo.\u00a0Si el tratamiento se retrasa hasta la edad adulta, la cantidad de correcci\u00f3n requerida puede ser demasiada y la recuperaci\u00f3n puede llevar mucho m\u00e1s tiempo.\u00a0Por eso es importante tratar la escoliosis tan pronto como note los signos y s\u00edntomas de la afecci\u00f3n.<\/p>\t\t\t\t\t\t\t\t<\/div>\n\t\t\t\t<div class=\"elementor-element elementor-element-9afe0d0 elementor-widget elementor-widget-heading\" data-id=\"9afe0d0\" data-element_type=\"widget\" data-e-type=\"widget\" data-widget_type=\"heading.default\">\n\t\t\t\t\t<h2 class=\"elementor-heading-title elementor-size-default\">\u00bfCu\u00e1les son los factores que observamos al evaluar la escoliosis?<\/h2>\t\t\t\t<\/div>\n\t\t\t\t<div class=\"elementor-element elementor-element-f7ae383 elementor-widget elementor-widget-text-editor\" data-id=\"f7ae383\" data-element_type=\"widget\" data-e-type=\"widget\" data-widget_type=\"text-editor.default\">\n\t\t\t\t\t\t\t\t\t<p>Hay muchos factores a tener en cuenta al evaluar la condici\u00f3n de la escoliosis en los adolescentes.\u00a0Estos son algunos de los factores m\u00e1s importantes a considerar en este sentido:<\/p><ul><li>\u00bfQu\u00e9 tan r\u00edgida es la columna del paciente?\u00a0En general, una curva se considera significativa s\u00ed tiene m\u00e1s de 25 a 30 grados.\u00a0Las curvas de la columna que superan los 45 a 50 grados se consideran graves y pueden requerir tratamientos extensos.<\/li><li>Tambi\u00e9n consideraremos qu\u00e9 tan bien se comunica su cerebro con el cuerpo al evaluar su condici\u00f3n.<\/li><li>Nuestro equipo de m\u00e9dicos analizar\u00e1 cu\u00e1nto cuidado continuo puede necesitar al evaluar su condici\u00f3n.<\/li><\/ul>\t\t\t\t\t\t\t\t<\/div>\n\t\t\t\t<div class=\"elementor-element elementor-element-17a9642d elementor-widget elementor-widget-text-editor\" data-id=\"17a9642d\" data-element_type=\"widget\" data-e-type=\"widget\" data-widget_type=\"text-editor.default\">\n\t\t\t\t\t\t\t\t\t<p><a href=\"https:\/\/1800hurt911ga.com\/wp-content\/uploads\/2021\/08\/Scoliosis-treatment-in-Atlanta.jpg\"><img fetchpriority=\"high\" decoding=\"async\" class=\"alignnone wp-image-1637 size-full\" src=\"https:\/\/1800hurt911ga.com\/wp-content\/uploads\/2021\/08\/Scoliosis-treatment-in-Atlanta.jpg\" alt=\"Scoliosis treatment in Atlanta\" width=\"500\" height=\"333\" srcset=\"https:\/\/1800hurt911ga.com\/wp-content\/uploads\/2021\/08\/Scoliosis-treatment-in-Atlanta.jpg 500w, https:\/\/1800hurt911ga.com\/wp-content\/uploads\/2021\/08\/Scoliosis-treatment-in-Atlanta-300x200.jpg 300w\" sizes=\"(max-width: 500px) 100vw, 500px\" \/><\/a><\/p><p>Nuestro equipo de m\u00e9dicos est\u00e1 siempre listo para ayudarlo a obtener los mejores tratamientos para su condici\u00f3n. \u00a1Siempre nos aseguraremos de que reciba la atenci\u00f3n m\u00e9dica que necesita y la compensaci\u00f3n que merece! \u00a1Llame hoy al Hurt 911\u00ae Injury Center al 855-475-2588 para un tratamiento de escoliosis altamente efectivo en Atlanta!<\/p><h2>\u00bfCu\u00e1les son algunos tratamientos para la escoliosis?<\/h2><p>Algunos ni\u00f1os tendr\u00e1n que usar un aparato ortop\u00e9dico para evitar que la curvatura de la columna empeore.\u00a0Los casos severos pueden requerir cirug\u00eda para enderezar la columna.<\/p><p>Si usted o alguien de su familia sufre de escoliosis, debe saber que tiene muchas opciones efectivas cuando se trata de controlar su dolor. El equipo de Hurt 911\u00ae Injury Center brinda tratamientos de fisioterapia y quiropr\u00e1ctica altamente efectivos para su afecci\u00f3n. Recomendamos el tratamiento no quir\u00fargico ya que son menos riesgosos y tienen efectos secundarios m\u00ednimos. La cirug\u00eda es su \u00faltima opci\u00f3n y debe considerarse solo cuando todos los dem\u00e1s m\u00e9todos no han brindado los resultados deseados.<\/p><h3>Ajustes quiropr\u00e1cticos<\/h3><p>Los pacientes con escoliosis suelen tener s\u00edntomas de por vida y deformidades f\u00edsicas que a menudo son progresivas.\u00a0Para muchos pacientes, vivir con escoliosis es una lucha f\u00edsica y emocional.\u00a0Aprender a lidiar con las cargas f\u00edsicas y emocionales de la condici\u00f3n es una de las cosas m\u00e1s importantes para una persona que sufre de escoliosis.\u00a0Se han utilizado diferentes tipos de aparatos ortop\u00e9dicos para tratar la afecci\u00f3n.\u00a0Pero se encuentran para ser ineficaces.<\/p><p>Afortunadamente, el tratamiento quiropr\u00e1ctico adecuado y espec\u00edfico para el objetivo ofrece muchas esperanzas para los pacientes que padecen esta afecci\u00f3n.\u00a0Cuando tiene escoliosis, el tipo de tratamiento que recibe es fundamental para su recuperaci\u00f3n.\u00a0La reputaci\u00f3n de la cl\u00ednica m\u00e9dica tambi\u00e9n es una consideraci\u00f3n importante en este sentido.<\/p><p>Cuando sufre de escoliosis, el tipo de atenci\u00f3n que recibe es importante. Siempre debe confiar en Hurt 911\u00ae Injury Centers para brindar la mejor atenci\u00f3n quiropr\u00e1ctica para la escoliosis.<\/p><h3>Fisioterapia<\/h3><p>La fisioterapia, tambi\u00e9n conocida como fisioterapia, utiliza diferentes estrategias para ayudar a mejorar la flexibilidad y la movilidad del paciente.\u00a0Algunas de las terapias que practicamos incluyen:<\/p><ul><li>Cuidado correctivo<\/li><li>Terapia de Masajes<\/li><li><a href=\"https:\/\/www.verywellhealth.com\/what-is-ultrasound-therapy-2564506\" target=\"_blank\" rel=\"noopener\">Terapia de ultrasonido<\/a><\/li><li>Terapia de rehabilitaci\u00f3n<\/li><li>Terapia de electroestimulaci\u00f3n muscular<\/li><li>Terapia de ejercicios de estiramiento y fortalecimiento<\/li><\/ul><p>A lo largo de su recuperaci\u00f3n, ajustaremos nuestras t\u00e9cnicas para adaptarnos a cualquier contratiempo o progreso que realice.\u00a0Tambi\u00e9n explicaremos los m\u00e9todos detr\u00e1s de nuestro tratamiento y si hay alg\u00fan paso que pueda tomar en casa para mantenerse al d\u00eda con su rehabilitaci\u00f3n.<\/p><h2>Si necesita tratamiento para la escoliosis en Atlanta, llame hoy a Hurt 911\u00ae<\/h2><p>Aunque se diagnostica con mayor frecuencia en adolescentes, la escoliosis puede afectar a personas de cualquier edad. Cuando no se diagnostica y trata a tiempo, la escoliosis puede empeorar con el tiempo. Si sufre de escoliosis, Hurt 911\u00ae Injury Centers es su mejor fuente de ayuda. Nuestro equipo siempre se asegurar\u00e1 de que recibas la atenci\u00f3n m\u00e9dica que necesitas. \u00a1Llame hoy al Hurt 911\u00ae Injury Center al 855-475-2588 para un tratamiento de escoliosis altamente efectivo en Atlanta!<\/p>\t\t\t\t\t\t\t\t<\/div>\n\t\t\t\t\t<\/div>\n\t\t<\/div>\n\t\t\t\t\t<\/div>\n\t\t<\/section>\n\t\t\t\t<\/div>\n\t\t","protected":false},"excerpt":{"rendered":"<p>La escoliosis es una anomal\u00eda de la columna que hace que la columna se curve hacia un lado.\u00a0Muchas personas con escoliosis fueron diagnosticadas durante su adolescencia, pero los adultos pueden desarrollar la condici\u00f3n como resultado de otras condiciones de salud, como distrofia muscular, lesiones de la m\u00e9dula espinal o infecciones de la columna.\u00a0La condici\u00f3n empeora [&hellip;]<\/p>\n","protected":false},"author":27,"featured_media":0,"parent":6539,"menu_order":0,"comment_status":"closed","ping_status":"closed","template":"","meta":{"_acf_changed":false,"anchor_text":"","footnotes":""},"categories":[],"tags":[137],"class_list":["post-6568","page","type-page","status-publish","hentry","tag-escoliosis"],"acf":[],"_links":{"self":[{"href":"https:\/\/1800hurt911ga.com\/es\/wp-json\/wp\/v2\/pages\/6568","targetHints":{"allow":["GET"]}}],"collection":[{"href":"https:\/\/1800hurt911ga.com\/es\/wp-json\/wp\/v2\/pages"}],"about":[{"href":"https:\/\/1800hurt911ga.com\/es\/wp-json\/wp\/v2\/types\/page"}],"author":[{"embeddable":true,"href":"https:\/\/1800hurt911ga.com\/es\/wp-json\/wp\/v2\/users\/27"}],"replies":[{"embeddable":true,"href":"https:\/\/1800hurt911ga.com\/es\/wp-json\/wp\/v2\/comments?post=6568"}],"version-history":[{"count":20,"href":"https:\/\/1800hurt911ga.com\/es\/wp-json\/wp\/v2\/pages\/6568\/revisions"}],"predecessor-version":[{"id":16639,"href":"https:\/\/1800hurt911ga.com\/es\/wp-json\/wp\/v2\/pages\/6568\/revisions\/16639"}],"up":[{"embeddable":true,"href":"https:\/\/1800hurt911ga.com\/es\/wp-json\/wp\/v2\/pages\/6539"}],"wp:attachment":[{"href":"https:\/\/1800hurt911ga.com\/es\/wp-json\/wp\/v2\/media?parent=6568"}],"wp:term":[{"taxonomy":"category","embeddable":true,"href":"https:\/\/1800hurt911ga.com\/es\/wp-json\/wp\/v2\/categories?post=6568"},{"taxonomy":"post_tag","embeddable":true,"href":"https:\/\/1800hurt911ga.com\/es\/wp-json\/wp\/v2\/tags?post=6568"}],"curies":[{"name":"wp","href":"https:\/\/api.w.org\/{rel}","templated":true}]}}