{"id":6582,"date":"2021-08-17T10:30:36","date_gmt":"2021-08-17T15:30:36","guid":{"rendered":"https:\/\/1800hurt911ga.com\/abogados\/"},"modified":"2025-07-10T14:22:12","modified_gmt":"2025-07-10T19:22:12","slug":"abogados","status":"publish","type":"page","link":"https:\/\/1800hurt911ga.com\/es\/abogados\/","title":{"rendered":"Abogados"},"content":{"rendered":"<h2 role=\"heading\" data-uw-styling-context=\"true\" aria-level=\"2\" data-uw-rm-heading=\"level\">Atlanta Abogado de Lesiones Personales | Abogados de Lesiones Personales y bufetes de abogados en Decatur, GA<\/h2>\n<p class=\"nitro-offscreen\" data-uw-styling-context=\"true\">Si ha sufrido lesiones en un accidente, puede tener derecho a una indemnizaci\u00f3n por sus gastos y da\u00f1os y perjuicios, como por ejemplo<\/p>\n<ul class=\"nitro-offscreen\">\n<li data-uw-styling-context=\"true\">Costes de tratamiento m\u00e9dico (incluyendo ambulancia, urgencias, diagn\u00f3stico, hospitalizaci\u00f3n, cirug\u00eda, rehabilitaci\u00f3n y medicaci\u00f3n)<\/li>\n<li data-uw-styling-context=\"true\">Salarios o ingresos perdidos<\/li>\n<li data-uw-styling-context=\"true\">Dolor o coacci\u00f3n f\u00edsica o emocional<\/li>\n<li data-uw-styling-context=\"true\">Da\u00f1os al veh\u00edculo y otros da\u00f1os materiales<\/li>\n<\/ul>\n<p class=\"nitro-offscreen\" data-uw-styling-context=\"true\">Llame a un <a href=\"tel:1-800-487-8911\" data-uw-styling-context=\"true\" data-uw-rm-brl=\"exc\" aria-label=\"call 1-800-487-8911\" data-uw-rm-vglnk=\"\">1-800-HURT911\u00ae<\/a> y vamos a acceder adecuadamente a la situaci\u00f3n y el lugar que con el mejor abogado de lesiones personales que mejor se adapte a su caso de lesiones por accidente para obtener la compensaci\u00f3n que se merece.<\/p>\n<p class=\"nitro-offscreen\" data-uw-styling-context=\"true\">Los abogados de lesiones personales de <a href=\"tel:1-800-487-8911\" data-uw-styling-context=\"true\" data-uw-rm-brl=\"exc\" aria-label=\"call 1-800-487-8911\" data-uw-rm-vglnk=\"\">1-800-HURT911\u00ae<\/a> comprender la cat\u00e1strofe que se produce cuando se sufre un accidente de tr\u00e1fico, as\u00ed como lo perturbadora que es para su vida: puede sufrir lesiones f\u00edsicas, faltar al trabajo, haber perdido su medio de transporte y no poder pagar sus facturas.<\/p>\n<p class=\"nitro-offscreen\" data-uw-styling-context=\"true\">Los litigios por lesiones personales son arduos y pueden llevar tiempo, con muchos escollos.<\/p>\n<p class=\"nitro-offscreen\" data-uw-styling-context=\"true\">Para facilitarle el proceso, s\u00f3lo le asignamos un abogado de lesiones personales que ejerza en los tribunales cercanos a su domicilio y tenga experiencia en su tipo de accidente.<\/p>\n<p class=\"nitro-offscreen\" data-uw-styling-context=\"true\">Cada abogado de lesiones personales <strong data-uw-styling-context=\"true\">de HURT911\u00ae <\/strong>est\u00e1 cualificado para garantizar 7 cosas clave:<\/p>\n<ol class=\"nitro-offscreen\">\n<li data-uw-styling-context=\"true\">El abogado ejerce principalmente en el campo del Derecho de lesiones personales.<\/li>\n<li data-uw-styling-context=\"true\">El abogado trabajar\u00e1 con usted sobre una base de contingencia. Eso significa que no hay gastos de abogado por adelantado &#8211; usted puede contratar al abogado para luchar por su caso sin dinero y nunca es responsable de pagar nada a menos que su abogado consiga dinero para usted.<\/li>\n<li data-uw-styling-context=\"true\">El abogado adelantar\u00e1 todos los gastos del caso para que usted no tenga que pagar nada antes de recibir dinero por su lesi\u00f3n.<\/li>\n<li data-uw-styling-context=\"true\">El abogado har\u00e1 todo el trabajo del caso por usted para que pueda concentrarse en mejorar.<\/li>\n<li data-uw-styling-context=\"true\">El abogado est\u00e1 plenamente inscrito en el Colegio de Abogados del Estado y en situaci\u00f3n regular.<\/li>\n<li data-uw-styling-context=\"true\">El abogado est\u00e1 personalmente disponible para sus clientes, no s\u00f3lo a trav\u00e9s de un asistente jur\u00eddico o auxiliar.<\/li>\n<li data-uw-styling-context=\"true\">El abogado tiene un historial probado de \u00e9xito para sus clientes.<\/li>\n<\/ol>\n<h3 class=\"nitro-offscreen\" data-uw-styling-context=\"true\">\u00bfPor qu\u00e9 buscar un abogado cuando nosotros hemos hecho el trabajo por usted? P\u00f3ngase en contacto hoy mismo con <a href=\"tel:1-800-487-8911\" data-uw-styling-context=\"true\" data-uw-rm-brl=\"exc\" aria-label=\"call 1-800-487-8911\" data-uw-rm-vglnk=\"\">1-800-HURT911\u00ae<\/a><\/h3>\n<p class=\"nitro-offscreen\" data-uw-styling-context=\"true\">Es dif\u00edcil para alguien LESIONADO en un accidente decidir qu\u00e9 abogado de lesiones personales contratar, pero hay algunos factores que usted puede mirar.<\/p>\n<h3 class=\"nitro-offscreen\" data-uw-styling-context=\"true\">Contrata a un abogado que s\u00f3lo se dedique a da\u00f1os personales<\/h3>\n<p class=\"nitro-offscreen\" data-uw-styling-context=\"true\">Lo m\u00e1s importante es contratar a un abogado que s\u00f3lo se dedique a da\u00f1os personales. Algunos bufetes de abogados practican en diferentes \u00e1reas, pero el bufete de abogados debe tener un abogado que le represente que s\u00f3lo se dedique a lesiones personales. Los casos de accidente son demasiado complicados para los abogados que ejercen en muchas \u00e1reas distintas.<\/p>\n<h3 class=\"nitro-offscreen\" data-uw-styling-context=\"true\">\u00bfSignifica la certificaci\u00f3n que debe contratar al abogado?<\/h3>\n<p class=\"nitro-offscreen\" data-uw-styling-context=\"true\">Por lo general, los abogados no pueden decir que est\u00e1n especializados en un campo como el de los da\u00f1os personales. Sin embargo, algunos Estados permiten ahora que los abogados se certifiquen en un campo de pr\u00e1ctica y puedan decir entonces que est\u00e1n especializados. \u00bfSignifica la certificaci\u00f3n que debe contratar a ese abogado?<\/p>\n<p class=\"nitro-offscreen\" data-uw-styling-context=\"true\">Lamentablemente, la certificaci\u00f3n no aporta mucha informaci\u00f3n \u00fatil. La mayor\u00eda de los abogados de lesiones personales con mucha experiencia no se alejar\u00e1n de su pr\u00e1ctica durante seis meses de la escuela s\u00f3lo para obtener la certificaci\u00f3n. Simplemente no lo necesitan. Los abogados m\u00e1s recientes que obtienen el t\u00edtulo despu\u00e9s de estudiar Derecho pueden haber cursado m\u00e1s estudios para obtener el t\u00edtulo, pero pueden carecer de la experiencia que usted desea. Le recomendamos que se fije en la experiencia de un abogado. \u00bfCu\u00e1ntos a\u00f1os lleva ejerciendo? \u00bfEl abogado s\u00f3lo representa a clientes con lesiones personales o se ocupa de otros campos del Derecho adem\u00e1s de las lesiones personales?<\/p>\n<h3 class=\"nitro-offscreen\" data-uw-styling-context=\"true\">\u00bfC\u00f3mo saber si su abogado s\u00f3lo lleva casos de accidentes?<\/h3>\n<p class=\"nitro-offscreen\" data-uw-styling-context=\"true\">Por supuesto, puede preguntar al abogado en qu\u00e9 tipo de casos trabaja. Otro m\u00e9todo es buscar bufetes de abogados que se anuncien por lesiones personales y accidentes. Algunos abogados afirman que los bufetes que se anuncian no celebran juicios y s\u00f3lo buscan un acuerdo r\u00e1pido y f\u00e1cil. Esto es absolutamente falso y lo dicen abogados molestos porque no hacen publicidad. De hecho, algunos de los mejores bufetes de lesiones personales de Estados Unidos se anuncian en televisi\u00f3n.<\/p>\n<p class=\"nitro-offscreen\" data-uw-styling-context=\"true\">Por lo general, los bufetes de abogados con grandes presupuestos para publicidad s\u00f3lo llevan los casos para los que se anuncian. Esto se debe a que la publicidad trae muchos clientes y es m\u00e1s eficiente llevar s\u00f3lo ese tipo de casos. Los bufetes de abogados especializados en lesiones personales que hacen publicidad no suelen tener tiempo para otro tipo de casos. Mi bufete de abogados de lesiones personales, New York Personal Injury Attorneys s\u00f3lo representa a personas lesionadas en accidentes. No tenemos tiempo para otro tipo de casos ni para aprender otros campos del Derecho. Los da\u00f1os personales ya son bastante complicados.<\/p>\n<p class=\"nitro-offscreen\" data-uw-styling-context=\"true\">Consulte el sitio web del abogado. El sitio web le mostrar\u00e1 qu\u00e9 \u00e1reas del Derecho practica el bufete. La p\u00e1gina web del bufete dar\u00e1 buenas pistas sobre su competencia en materia de lesiones personales y accidentes.<\/p>\n<h3 class=\"nitro-offscreen\" data-uw-styling-context=\"true\">Contratar a un abogado negociando sus honorarios<\/h3>\n<p class=\"nitro-offscreen\" data-uw-styling-context=\"true\">Aunque la mayor\u00eda de los abogados no negocian sus honorarios, no recomiendo contratar a un abogado s\u00f3lo porque haya encontrado uno dispuesto a reducir sus honorarios. Como en todo, normalmente se obtiene lo que se paga.<\/p>\n<h3 class=\"nitro-offscreen\" data-uw-styling-context=\"true\">Servicio personal<\/h3>\n<p class=\"nitro-offscreen\" data-uw-styling-context=\"true\">Si el servicio personal es importante para usted, quiz\u00e1 prefiera un bufete m\u00e1s peque\u00f1o. Sin embargo, el tama\u00f1o del bufete no suele ser importante para el resultado de su caso.<\/p>\n<h3 class=\"nitro-offscreen\" data-uw-styling-context=\"true\">\u00bfQu\u00e9 abogado trabajar\u00e1 en su caso?<\/h3>\n<p class=\"nitro-offscreen\" data-uw-styling-context=\"true\">Si llama a un bufete con varios abogados, pregunte si s\u00f3lo trabajar\u00e1 en su caso uno o varios abogados. Si m\u00e1s de un abogado va a trabajar en su caso, averig\u00fce qui\u00e9n es y vea si puede reunirse con ese abogado para ver si le gusta y puede llevarse bien con \u00e9l.<\/p>\n<h3 class=\"nitro-offscreen\" data-uw-styling-context=\"true\">Veredictos y acuerdos<\/h3>\n<p class=\"nitro-offscreen\" data-uw-styling-context=\"true\">No se fije s\u00f3lo en ejemplos de veredictos y acuerdos. Los grandes veredictos y acuerdos no significan que los abogados de ese bufete sean mejores que cualquier otro abogado. Puede significar simplemente que han tenido la suerte de haber contratado a un cliente con lesiones muy graves lesionado por alguien que fue negligente al 100% y que ten\u00eda muchos seguros. Los abogados que se anuncian o aceptan casos remitidos por otros abogados suelen tener grandes veredictos o indemnizaciones por accidentes.<\/p>\n<p class=\"nitro-offscreen\" data-uw-styling-context=\"true\">Adem\u00e1s, lo que el p\u00fablico no sabe es que esos clientes nunca reciben el dinero concedido en un gran veredicto. La mayor\u00eda de los grandes veredictos del jurado en demandas por lesiones personales son reducidos por los jueces despu\u00e9s de que se dicte el veredicto del jurado. Lo importante es la cuant\u00eda del acuerdo.<\/p>\n<p class=\"nitro-offscreen\" data-uw-styling-context=\"true\" data-uw-rm-sr=\"\">El bufete de abogados que represent\u00f3 a Abner Louima, v\u00edctima de brutalidad policial, gan\u00f3 un veredicto del jurado de 76 millones de d\u00f3lares contra la ciudad. Sin embargo, el veredicto se redujo a 6 millones de d\u00f3lares. El mismo bufete obtuvo un veredicto en juicio en otro caso superior a 100 millones de d\u00f3lares, pero se resolvi\u00f3 por 3 millones debido a la amenaza de apelaci\u00f3n. En apelaci\u00f3n, el caso es juzgado por jueces, no por un jurado, y las indemnizaciones casi siempre se reducen dr\u00e1sticamente a la \u00abrealidad\u00bb jur\u00eddica.<\/p>\n<p class=\"nitro-offscreen\" data-uw-styling-context=\"true\">No deje que los ejemplos de grandes veredictos y acuerdos le asusten porque piense que no tiene una lesi\u00f3n grave en la que el abogado estar\u00eda interesado. Los bufetes de abogados que anuncian grandes veredictos y acuerdos suelen estar interesados en casos mucho m\u00e1s peque\u00f1os y su lesi\u00f3n puede valer mucho m\u00e1s de lo que usted cree.<\/p>\n<h3 class=\"nitro-offscreen\" data-uw-styling-context=\"true\">Por \u00faltimo<\/h3>\n<p class=\"nitro-offscreen\" data-uw-styling-context=\"true\">Busque un abogado o bufete de abogados que s\u00f3lo se dedique a casos de lesiones personales\/accidentes;<\/p>\n<p class=\"nitro-offscreen\" data-uw-styling-context=\"true\">Busque en el sitio web del abogado las \u00e1reas de la ley que el bufete est\u00e1 practicando y su competencia en lesiones personales, y<\/p>\n<p class=\"nitro-offscreen\" data-uw-styling-context=\"true\">Contrate a un abogado que le guste y con el que crea que puede llevarse bien.<\/p>\n","protected":false},"excerpt":{"rendered":"<p>Atlanta Abogado de Lesiones Personales | Abogados de Lesiones Personales y bufetes de abogados en Decatur, GA Si ha sufrido lesiones en un accidente, puede tener derecho a una indemnizaci\u00f3n por sus gastos y da\u00f1os y perjuicios, como por ejemplo Costes de tratamiento m\u00e9dico (incluyendo ambulancia, urgencias, diagn\u00f3stico, hospitalizaci\u00f3n, cirug\u00eda, rehabilitaci\u00f3n y medicaci\u00f3n) Salarios o [&hellip;]<\/p>\n","protected":false},"author":25,"featured_media":0,"parent":0,"menu_order":0,"comment_status":"closed","ping_status":"closed","template":"elementor_header_footer","meta":{"_acf_changed":false,"anchor_text":"","footnotes":""},"categories":[],"tags":[],"class_list":["post-6582","page","type-page","status-publish","hentry"],"acf":[],"_links":{"self":[{"href":"https:\/\/1800hurt911ga.com\/es\/wp-json\/wp\/v2\/pages\/6582","targetHints":{"allow":["GET"]}}],"collection":[{"href":"https:\/\/1800hurt911ga.com\/es\/wp-json\/wp\/v2\/pages"}],"about":[{"href":"https:\/\/1800hurt911ga.com\/es\/wp-json\/wp\/v2\/types\/page"}],"author":[{"embeddable":true,"href":"https:\/\/1800hurt911ga.com\/es\/wp-json\/wp\/v2\/users\/25"}],"replies":[{"embeddable":true,"href":"https:\/\/1800hurt911ga.com\/es\/wp-json\/wp\/v2\/comments?post=6582"}],"version-history":[{"count":3,"href":"https:\/\/1800hurt911ga.com\/es\/wp-json\/wp\/v2\/pages\/6582\/revisions"}],"predecessor-version":[{"id":16442,"href":"https:\/\/1800hurt911ga.com\/es\/wp-json\/wp\/v2\/pages\/6582\/revisions\/16442"}],"wp:attachment":[{"href":"https:\/\/1800hurt911ga.com\/es\/wp-json\/wp\/v2\/media?parent=6582"}],"wp:term":[{"taxonomy":"category","embeddable":true,"href":"https:\/\/1800hurt911ga.com\/es\/wp-json\/wp\/v2\/categories?post=6582"},{"taxonomy":"post_tag","embeddable":true,"href":"https:\/\/1800hurt911ga.com\/es\/wp-json\/wp\/v2\/tags?post=6582"}],"curies":[{"name":"wp","href":"https:\/\/api.w.org\/{rel}","templated":true}]}}