{"id":6586,"date":"2023-02-14T18:58:17","date_gmt":"2023-02-14T18:58:17","guid":{"rendered":"https:\/\/1800hurt911ga.com\/?page_id=6586"},"modified":"2025-01-22T17:16:24","modified_gmt":"2025-01-22T17:16:24","slug":"es-forest-park","status":"publish","type":"page","link":"https:\/\/1800hurt911ga.com\/es\/es-forest-park\/","title":{"rendered":"Forest Park"},"content":{"rendered":"<h1><strong>Los mejores abogados y bufetes de abogados de lesiones personales en Forest Park |\u00a0M<\/strong><strong>\u00e9<\/strong><strong>dico y cl\u00ednica de lesiones en Forest Park, GA<\/strong><\/h1>\n<p>Si result\u00f3 lesionado en un accidente que no fue su culpa, puede tener derecho a una compensaci\u00f3n.\u00a0No espere demasiado para ponerse en contacto con un\u00a0<strong>abogado de lesiones personales en Forest Park<\/strong>.<\/p>\n<p>Un\u00a0<strong>abogado experto en lesiones personales en Forest Park\u00a0<\/strong>aprovecha su pericia y experiencia para construir casos legales herm\u00e9ticos.<\/p>\n<p>Su abogado de PI recopilar\u00e1 y preservar\u00e1 la evidencia.\u00a0Le ayudar\u00e1n a comprender sus derechos como v\u00edctima de PI.\u00a0Al calcular el valor de su caso, el profesional considerar\u00e1 todos los factores en juego, como la naturaleza y el alcance de su lesi\u00f3n, y c\u00f3mo pueden afectar cada aspecto de su vida.<\/p>\n<p>HURT 911\u00ae se compromete a ayudar a las v\u00edctimas de PI a encontrar el mejor abogado de PI para sus necesidades legales. Ya sea que haya sido atropellado por un conductor ebrio o haya estado involucrado en un accidente de resbal\u00f3n y ca\u00edda, encontrar\u00e1 un abogado de HURT 911\u00ae con experiencia en el manejo de casos similares al suyo.<\/p>\n<p>Si su autom\u00f3vil no se puede conducir despu\u00e9s del accidente, organizaremos el transporte gratuito desde una de nuestras oficinas.\u00a0Si usted o un ser querido ha resultado gravemente herido y necesita atenci\u00f3n m\u00e9dica inmediata, organizaremos un transporte a\u00e9reo de emergencia al hospital m\u00e1s cercano.<\/p>\n<p>Nuestro panel tambi\u00e9n incluye a los mejores\u00a0<strong>m<\/strong><strong>\u00e9<\/strong><strong>dicos especialistas en lesiones personales y quiropr\u00e1<\/strong><strong>cticos de Forest Park<\/strong>. Los m\u00e9dicos de HURT 911\u00ae se especializan en el tratamiento de lesiones traum\u00e1ticas.<\/p>\n<p>Consulte a un m\u00e9dico de PI, incluso si se siente bien despu\u00e9s de su accidente o cree que su lesi\u00f3n es menor.\u00a0Cuanto antes vea a un m\u00e9dico de PI despu\u00e9s de su accidente, mejor.\u00a0Recuerde, algunas lesiones no aparecen de inmediato.\u00a0Adem\u00e1s, si espera demasiado para ver a un m\u00e9dico, su compa\u00f1\u00eda de seguros puede minimizar sus lesiones o afirmar que se debe a una condici\u00f3n preexistente.<\/p>\n<h2><strong>El papel de su m<\/strong><strong>\u00e9<\/strong><strong>dico en su caso de PI<\/strong><\/h2>\n<p>Su m\u00e9dico puede actuar como testigo experto.\u00a0El profesional puede testificar sobre s\u00edntomas y causalidad.\u00a0Pueden explicar c\u00f3mo sus lesiones afectar\u00e1n diferentes aspectos de su vida.\u00a0Su m\u00e9dico le asignar\u00e1 calificaciones de discapacidad que reflejen la naturaleza y el alcance de las lesiones sufridas.<\/p>\n<p>Su m\u00e9dico IP proporcionar\u00e1 evidencia m\u00e9dica que incluye facturas m\u00e9dicas, sus notas o registros cl\u00ednicos, resultados de pruebas de diagn\u00f3stico, informes de rayos X\/CT\/MRI y registros de la sala de emergencias y del hospital.<\/p>\n<h2><strong>\u00bfCu\u00e1nto vale su caso de lesiones personales?<\/strong><\/h2>\n<p>La mayor\u00eda de los abogados de PI aplican un multiplicador (en alg\u00fan lugar entre 1 y 3) al total de da\u00f1os especiales para determinar c\u00f3mo el cliente se vio afectado por la lesi\u00f3n.<\/p>\n<p>Por ejemplo, si gast\u00f3 $7,000 en su tratamiento y sus lesiones provocaron $3,000 en salarios perdidos, su abogado multiplicar\u00e1 el total de sus p\u00e9rdidas ($10,000) con el multiplicador.\u00a0Entonces, si el multiplicador es 3, el valor estimado de su caso es $30,000.<\/p>\n<p>El multiplicador aumentar\u00e1 o disminuir\u00e1 seg\u00fan la gravedad de sus lesiones, el tiempo que necesite para recuperarse y las circunstancias agravantes.\u00a0El multiplicador puede ser mayor a cinco si su abogado encuentra la presencia de una circunstancia agravante (como que el conductor culpable estuviera ebrio en el momento del accidente).\u00a0Por el contrario, su abogado puede usar un multiplicador m\u00e1s bajo si tiene parte de la culpa.<\/p>\n<h2><strong>Tarifas de contingencia explicadas<\/strong><\/h2>\n<p>A un abogado de PI que utiliza un acuerdo de honorarios de contingencia solo se le paga si la decisi\u00f3n es a favor del cliente.\u00a0Las tarifas de contingencia generalmente oscilan entre el 25 y el 40 por ciento del monto del acuerdo.<\/p>\n<p>Encontrar un experto legal o de salud que merezca su confianza despu\u00e9s de un accidente puede ser una tarea abrumadora.\u00a0En\u00a0\u00a0<a href=\"tel:1-855-475-2588\">el 1-800-HURT911\u00ae<\/a>\u00a0, estamos comprometidos a ayudar a las v\u00edctimas de accidentes a tomar decisiones informadas.\u00a0Somos una empresa centrada en las personas.\u00a0Existimos para garantizar que las personas involucradas en un accidente tengan una cosa menos de qu\u00e9 preocuparse al conectarlos con los profesionales adecuados.\u00a0Para una consulta gratuita, ll\u00e1menos al\u00a0\u00a0<a href=\"tel:1-855-475-2588\">1-855-475-2588<\/a>\u00a0.<\/p>\n","protected":false},"excerpt":{"rendered":"<p>Los mejores abogados y bufetes de abogados de lesiones personales en Forest Park |\u00a0M\u00e9dico y cl\u00ednica de lesiones en Forest Park, GA Si result\u00f3 lesionado en un accidente que no fue su culpa, puede tener derecho a una compensaci\u00f3n.\u00a0No espere demasiado para ponerse en contacto con un\u00a0abogado de lesiones personales en Forest Park. Un\u00a0abogado experto [&hellip;]<\/p>\n","protected":false},"author":27,"featured_media":0,"parent":0,"menu_order":0,"comment_status":"closed","ping_status":"closed","template":"","meta":{"_acf_changed":false,"anchor_text":"","footnotes":""},"categories":[],"tags":[],"class_list":["post-6586","page","type-page","status-publish","hentry"],"acf":[],"_links":{"self":[{"href":"https:\/\/1800hurt911ga.com\/es\/wp-json\/wp\/v2\/pages\/6586","targetHints":{"allow":["GET"]}}],"collection":[{"href":"https:\/\/1800hurt911ga.com\/es\/wp-json\/wp\/v2\/pages"}],"about":[{"href":"https:\/\/1800hurt911ga.com\/es\/wp-json\/wp\/v2\/types\/page"}],"author":[{"embeddable":true,"href":"https:\/\/1800hurt911ga.com\/es\/wp-json\/wp\/v2\/users\/27"}],"replies":[{"embeddable":true,"href":"https:\/\/1800hurt911ga.com\/es\/wp-json\/wp\/v2\/comments?post=6586"}],"version-history":[{"count":4,"href":"https:\/\/1800hurt911ga.com\/es\/wp-json\/wp\/v2\/pages\/6586\/revisions"}],"predecessor-version":[{"id":14495,"href":"https:\/\/1800hurt911ga.com\/es\/wp-json\/wp\/v2\/pages\/6586\/revisions\/14495"}],"wp:attachment":[{"href":"https:\/\/1800hurt911ga.com\/es\/wp-json\/wp\/v2\/media?parent=6586"}],"wp:term":[{"taxonomy":"category","embeddable":true,"href":"https:\/\/1800hurt911ga.com\/es\/wp-json\/wp\/v2\/categories?post=6586"},{"taxonomy":"post_tag","embeddable":true,"href":"https:\/\/1800hurt911ga.com\/es\/wp-json\/wp\/v2\/tags?post=6586"}],"curies":[{"name":"wp","href":"https:\/\/api.w.org\/{rel}","templated":true}]}}