{"id":6591,"date":"2023-02-14T19:01:35","date_gmt":"2023-02-14T19:01:35","guid":{"rendered":"https:\/\/1800hurt911ga.com\/es-atenas\/"},"modified":"2025-04-04T12:48:53","modified_gmt":"2025-04-04T17:48:53","slug":"es-athens","status":"publish","type":"page","link":"https:\/\/1800hurt911ga.com\/es\/es-athens\/","title":{"rendered":"Athens"},"content":{"rendered":"<h2 role=\"heading\" data-uw-styling-context=\"true\" aria-level=\"2\" data-uw-rm-heading=\"level\">P\u00f3ngase en contacto con abogados de lesiones personales en Atenas de 1-800-HURT911 para sus acuerdos de reclamaci\u00f3n<\/h2>\n<p data-uw-styling-context=\"true\">\u00bfHa sido usted o un ser querido v\u00edctima de un caso de lesiones personales en Athens, Georgia? \u00bfHa sufrido p\u00e9rdidas considerables como consecuencia del accidente y ha tenido que pagar elevadas facturas m\u00e9dicas, ha faltado al trabajo y ha sufrido tambi\u00e9n otro tipo de p\u00e9rdidas? Si ha respondido a las preguntas anteriores, ha llegado al lugar adecuado. Somos 1-800-HURT911, un bufete especializado en casos de lesiones personales. Nuestro equipo cuenta con los mejores <strong data-uw-styling-context=\"true\">abogados especializados en lesiones personales de Atenas<\/strong>, que se ocupar\u00e1n de su caso y le ayudar\u00e1n a obtener la m\u00e1xima indemnizaci\u00f3n por sus p\u00e9rdidas. Nuestros abogados tienen una amplia experiencia en el manejo de algunos de los casos m\u00e1s dif\u00edciles de lesiones personales y han hecho justicia a los clientes y ayud\u00f3 en la obtenci\u00f3n de una cantidad m\u00e1s de lo esperado de compensaci\u00f3n.<\/p>\n<h2><strong data-uw-styling-context=\"true\">\u00c1reas en las que destacamos<\/strong><\/h2>\n<p data-uw-styling-context=\"true\">Usted debe saber que los accidentes con lesiones personales pueden ser de muchos tipos. Y cada tipo de lesi\u00f3n necesita abogados especializados. Nosotros le ofrecemos exactamente eso. A continuaci\u00f3n se mencionan las \u00e1reas de pr\u00e1ctica en las que ofrecemos servicios y destacamos:<\/p>\n<ul>\n<li><a href=\"https:\/\/1800hurt911ga.com\/es\/accidentes-de-moto\/\" target=\"_blank\" rel=\"noopener\" data-uw-styling-context=\"true\" data-uw-rm-brl=\"false\">Accidentes de moto y bicicleta<\/a><\/li>\n<li data-uw-styling-context=\"true\">Accidentes de scooter<\/li>\n<li><a href=\"https:\/\/1800hurt911ga.com\/es\/accidentes-de-camiones-grandes\/\" target=\"_blank\" rel=\"noopener\" data-uw-styling-context=\"true\" data-uw-rm-brl=\"false\">Accidentes de grandes camiones<\/a><\/li>\n<li data-uw-styling-context=\"true\">Accidentes en MARTA<\/li>\n<li><a href=\"https:\/\/1800hurt911ga.com\/es\/accidentes-por-resbalones-tropiezos-y-caidas\/\" target=\"_blank\" rel=\"noopener\" data-uw-styling-context=\"true\" data-uw-rm-brl=\"false\">Accidentes por resbalones, tropiezos y ca\u00eddas<\/a><\/li>\n<li><a href=\"https:\/\/1800hurt911ga.com\/es\/accidentes-automovilisticos\/\" target=\"_blank\" rel=\"noopener\" data-uw-styling-context=\"true\" data-uw-rm-brl=\"false\">Accidentes automovil\u00edsticos<\/a><\/li>\n<li><a href=\"https:\/\/1800hurt911ga.com\/es\/uber-lyft-accidentes\/\" target=\"_blank\" rel=\"noopener\" data-uw-styling-context=\"true\" data-uw-rm-brl=\"false\">Accidentes de Uber y Lyft<\/a><\/li>\n<li data-uw-styling-context=\"true\">Accidentes con fuga<\/li>\n<li data-uw-styling-context=\"true\">Accidentes por conducir ebrio<\/li>\n<\/ul>\n<p data-uw-styling-context=\"true\">Nuestros abogados expertos en lesiones personales ofrecen asistencia en todos estos tipos de casos de accidentes con lesiones personales de la mejor manera posible. Contamos con abogados especializados para segmentos especializados, de modo que puedan concentrarse en su caso individualmente. Nuestros abogados est\u00e1n al d\u00eda y bien informados sobre las diferentes leyes relacionadas con las lesiones personales. Pueden orientarle correctamente para que obtenga la mejor indemnizaci\u00f3n por las p\u00e9rdidas sufridas.<\/p>\n<h2><strong data-uw-styling-context=\"true\">Su salud tambi\u00e9n nos importa<\/strong><\/h2>\n<p data-uw-styling-context=\"true\">Entendemos que un accidente conlleva estr\u00e9s y traumas f\u00edsicos, emocionales y econ\u00f3micos. Si el accidente es grave, la cantidad de estr\u00e9s tambi\u00e9n es alta, y gestionarlo todo en esta situaci\u00f3n es una tarea bastante ardua. Lo primero que hay que hacer tras un accidente es someterse a un chequeo m\u00e9dico. Contamos con un equipo certificado y cualificado de <strong data-uw-styling-context=\"true\">m\u00e9dicos especialistas en lesiones personales en Atenas<\/strong> que pueden atenderle tras el accidente y prestarle los cuidados necesarios. Los m\u00e9dicos tambi\u00e9n prescribir\u00e1n algunas pruebas y los medicamentos necesarios si es preciso, y sugerir\u00e1n un tratamiento posterior. S\u00f3lo cuando se sienta un poco mejor y relajado, le hablaremos m\u00e1s del caso.<\/p>\n<h2><strong data-uw-styling-context=\"true\">\u00bfC\u00f3mo podemos ayudarle en un caso de accidente con lesiones personales?<\/strong><\/h2>\n<p data-uw-styling-context=\"true\">Cuando nuestros clientes vienen a <a href=\"tel:1-800-487-8911\" data-uw-styling-context=\"true\" data-uw-rm-brl=\"exc\" aria-label=\"call 1-800-487-8911\" data-uw-rm-vglnk=\"\">1-800-HURT911<\/a> despu\u00e9s de un accidente de lesiones personales, trabajamos diligentemente en su caso mientras que usted consigue el descanso muy necesario, y la relajaci\u00f3n para ayudar en su recuperaci\u00f3n. As\u00ed pues, desde proporcionarle un tratamiento de calidad con nuestros<strong data-uw-styling-context=\"true\"> m\u00e9dicos profesionales <\/strong>especializados en lesiones personales en Atenas hasta la mejor preparaci\u00f3n y el tratamiento cuidadoso de su caso por parte de nuestros mejores <strong data-uw-styling-context=\"true\">abogados especializados en lesiones personales en Atenas<\/strong>, pasando por la recopilaci\u00f3n de pruebas y la presentaci\u00f3n de su caso ante el tribunal, nosotros nos encargamos y responsabilizamos de todo. Y no le cobramos ni un c\u00e9ntimo hasta que le consigamos la m\u00e1xima indemnizaci\u00f3n reclamada. Si se encuentra en Atenas y est\u00e1 atrapado en un problema de este tipo, ll\u00e1menos hoy mismo al <a href=\"tel:1-800-487-8911\" data-uw-styling-context=\"true\" data-uw-rm-brl=\"exc\" aria-label=\"call 1-800-487-8911\" data-uw-rm-vglnk=\"\">1-800-487-8911<\/a> o p\u00f3ngase en contacto con nosotros ahora en <strong data-uw-styling-context=\"true\">www.1800hurt911ga.com<\/strong>: \u00a1estamos a su disposici\u00f3n las 24 horas del d\u00eda, los 7 d\u00edas de la semana!<\/p>\n","protected":false},"excerpt":{"rendered":"<p>P\u00f3ngase en contacto con abogados de lesiones personales en Atenas de 1-800-HURT911 para sus acuerdos de reclamaci\u00f3n \u00bfHa sido usted o un ser querido v\u00edctima de un caso de lesiones personales en Athens, Georgia? \u00bfHa sufrido p\u00e9rdidas considerables como consecuencia del accidente y ha tenido que pagar elevadas facturas m\u00e9dicas, ha faltado al trabajo y [&hellip;]<\/p>\n","protected":false},"author":27,"featured_media":0,"parent":0,"menu_order":0,"comment_status":"closed","ping_status":"closed","template":"","meta":{"_acf_changed":false,"anchor_text":"","footnotes":""},"categories":[],"tags":[],"class_list":["post-6591","page","type-page","status-publish","hentry"],"acf":[],"_links":{"self":[{"href":"https:\/\/1800hurt911ga.com\/es\/wp-json\/wp\/v2\/pages\/6591","targetHints":{"allow":["GET"]}}],"collection":[{"href":"https:\/\/1800hurt911ga.com\/es\/wp-json\/wp\/v2\/pages"}],"about":[{"href":"https:\/\/1800hurt911ga.com\/es\/wp-json\/wp\/v2\/types\/page"}],"author":[{"embeddable":true,"href":"https:\/\/1800hurt911ga.com\/es\/wp-json\/wp\/v2\/users\/27"}],"replies":[{"embeddable":true,"href":"https:\/\/1800hurt911ga.com\/es\/wp-json\/wp\/v2\/comments?post=6591"}],"version-history":[{"count":5,"href":"https:\/\/1800hurt911ga.com\/es\/wp-json\/wp\/v2\/pages\/6591\/revisions"}],"predecessor-version":[{"id":15496,"href":"https:\/\/1800hurt911ga.com\/es\/wp-json\/wp\/v2\/pages\/6591\/revisions\/15496"}],"wp:attachment":[{"href":"https:\/\/1800hurt911ga.com\/es\/wp-json\/wp\/v2\/media?parent=6591"}],"wp:term":[{"taxonomy":"category","embeddable":true,"href":"https:\/\/1800hurt911ga.com\/es\/wp-json\/wp\/v2\/categories?post=6591"},{"taxonomy":"post_tag","embeddable":true,"href":"https:\/\/1800hurt911ga.com\/es\/wp-json\/wp\/v2\/tags?post=6591"}],"curies":[{"name":"wp","href":"https:\/\/api.w.org\/{rel}","templated":true}]}}