{"id":6593,"date":"2023-02-14T19:03:38","date_gmt":"2023-02-14T19:03:38","guid":{"rendered":"https:\/\/1800hurt911ga.com\/?page_id=6593"},"modified":"2025-01-22T17:15:25","modified_gmt":"2025-01-22T17:15:25","slug":"es-gwinnett","status":"publish","type":"page","link":"https:\/\/1800hurt911ga.com\/es\/es-gwinnett\/","title":{"rendered":"Gwinnett"},"content":{"rendered":"<h1><strong>Abogados y m<\/strong><strong>\u00e9<\/strong><strong>dicos de lesiones personales en el condado de Gwinnett<\/strong><\/h1>\n<p>El Hurt 911\u00ae Injury Group est\u00e1 comprometido a ayudar a las v\u00edctimas de lesiones personales a conectarse con <strong>m<\/strong><strong>\u00e9<\/strong><strong>dicos y abogados con experiencia en lesiones personales en el condado de Gwinnett<\/strong>.\u00a0Hasta la fecha, hemos obtenido millones de d\u00f3lares en juicios.\u00a0A lo largo de los a\u00f1os, hemos ayudado a varias v\u00edctimas de lesiones personales a maximizar la compensaci\u00f3n al conectarlos con los\u00a0<strong>abogados de lesiones personales<\/strong>\u00a0adecuados \u00a0para su tipo de casos.<\/p>\n<p>Los accidentes pueden ocurrir en cualquier momento y en cualquier lugar.\u00a0Si ha resultado lesionado por las acciones negligentes de otra persona, puede reclamar una compensaci\u00f3n por trauma mental y f\u00edsico y p\u00e9rdida de salarios.<\/p>\n<p>Si est\u00e1 pensando en preparar su caso y representarse a s\u00ed mismo en la corte, \u00a1pi\u00e9nselo de nuevo!\u00a0Las leyes de lesiones personales son complejas.\u00a0Deje que un abogado experto en lesiones personales lo ayude a navegar por el complejo panorama legal.\u00a0Su\u00a0<strong>abogado de lesiones personales en el condado de Gwinnett<\/strong>\u00a0preparar\u00e1 el papeleo, formular\u00e1 y ejecutar\u00e1 estrategias para maximizar la compensaci\u00f3n, lo representar\u00e1 en la corte y negociar\u00e1 con la parte contraria.\u00a0Mientras su abogado de lesiones personales trabaja en su caso, usted puede concentrarse en recuperar su salud.<\/p>\n<h2><strong>Tipos de compensaci\u00f3n en casos de lesiones personales en el condado de Gwinnett<\/strong><\/h2>\n<p>Los accidentes pueden causar lesiones f\u00edsicas, mentales y emocionales. Nadie entiende esto mejor que los abogados de HURT 911\u00ae. Si tiene derecho a da\u00f1os por lesiones f\u00edsicas y psicol\u00f3gicas, su abogado lo ayudar\u00e1 con cada aspecto de su reclamo, ayud\u00e1ndolo a recuperar los costos de sus da\u00f1os.<\/p>\n<p>Su abogado lo ayudar\u00e1 a recuperar los salarios perdidos y las ganancias perdidas.\u00a0El profesional trabajar\u00e1 con usted para recuperar los gastos m\u00e9dicos y da\u00f1os por la p\u00e9rdida de consorcio.<\/p>\n<h2><strong>Tipos de casos de lesiones personales<\/strong><\/h2>\n<p>Algunos tipos comunes de casos de lesiones personales son:<\/p>\n<ul>\n<li><a href=\"https:\/\/1800hurt911ga.com\/drunk-driving-accidents\/\">Conducir ebrio\/accidente de DUI<\/a><\/li>\n<li><a href=\"https:\/\/1800hurt911ga.com\/slip-trip-and-fall-accidents\/\">Accidente de resbal\u00f3n, tropiezo y ca\u00edda<\/a><\/li>\n<li><a href=\"https:\/\/1800hurt911ga.com\/car-accidents\/\">Accidente automovilistico<\/a><\/li>\n<li><a href=\"https:\/\/1800hurt911ga.com\/big-truck-accidents\/\">Accidente de cami\u00f3n grande<\/a><\/li>\n<li>Mordidas de perro<\/li>\n<li>Negligencia m\u00e9dica<\/li>\n<li><a href=\"https:\/\/1800hurt911ga.com\/bicycle-accidents\/\">accidente de bicicleta<\/a><\/li>\n<\/ul>\n<p>Su abogado de HURT 911\u00ae recopilar\u00e1 evidencia y entrevistar\u00e1 a testigos para construir un caso legal s\u00f3lido.<\/p>\n<h2><strong>Definici<\/strong><strong>\u00f3<\/strong><strong>n de negligencia<\/strong><\/h2>\n<p>Si ha resultado lesionado en un accidente, debe probar que la parte contraria actu\u00f3 con negligencia.\u00a0La negligencia se puede definir como la falta de cuidado razonable y apropiado que una persona de prudencia ordinaria habr\u00eda ejercido en las mismas circunstancias.<\/p>\n<p>Por ejemplo, en un caso de accidente automovil\u00edstico, el demandado puede ser considerado responsable (o negligente) si el demandante prueba que estaba borracho o actu\u00f3 de manera imprudente.\u00a0De manera similar, una lesi\u00f3n en el lugar de trabajo puede considerarse una lesi\u00f3n personal si se prueba que el empleador sab\u00eda sobre un posible peligro, pero no tom\u00f3 medidas para proteger a sus empleados.<\/p>\n<h2><strong>\u00bfCu\u00e1nta compensaci\u00f3n puede recibir?<\/strong><\/h2>\n<p>No hay l\u00edmite en la cantidad de compensaci\u00f3n que se le puede otorgar a una v\u00edctima de lesiones personales.\u00a0Al determinar el monto de la compensaci\u00f3n en un caso de lesiones personales, un juez considera dos cosas:<\/p>\n<ul>\n<li>grado de negligencia;y<\/li>\n<li>La magnitud del da\u00f1o causado<\/li>\n<\/ul>\n<p>Los jueces pueden otorgar dos tipos de da\u00f1os:<\/p>\n<ul>\n<li>Da\u00f1os compensatorios;\u00a0y<\/li>\n<li>da\u00f1os punitivos<\/li>\n<\/ul>\n<p>Mientras que los da\u00f1os compensatorios se otorgan para cubrir los da\u00f1os resultantes de un accidente, los da\u00f1os punitivos o los da\u00f1os ejemplares se otorgan para castigar a un malhechor que actu\u00f3 con imprudencia o negligencia grave.<\/p>\n<h2><strong>C\u00e1lculo del monto de la compensaci\u00f3n en un caso de lesiones personales<\/strong><\/h2>\n<p>Para calcular la cantidad de compensaci\u00f3n que puede recibir, su abogado de HURT 911\u00ae determinar\u00e1 si usted fue parcialmente responsable del accidente.<\/p>\n<p>Si tuvo una culpa parcial, a\u00fan es elegible para recibir una compensaci\u00f3n siempre que tenga menos del 50 por ciento de la culpa;\u00a0sin embargo, su compensaci\u00f3n se reducir\u00e1 seg\u00fan su porcentaje de culpa.\u00a0Si, por ejemplo, tuviste un 25 por ciento de culpa y eres elegible para recibir\u00a0\u00a0<strong>$100,000<\/strong>\u00a0, se te otorgar\u00e1n\u00a0\u00a0<strong>$75,000<\/strong>\u00a0.<\/p>\n<h2><strong>Servicios prestados por abogados de lesiones personales en el condado de Gwinnett<\/strong><\/h2>\n<p>Su abogado de HURT 911\u00ae:<\/p>\n<ul>\n<li>Recopilar pruebas, entrevistar a testigos y realizar una investigaci\u00f3n.<\/li>\n<li>Explica tus derechos y c\u00f3mo un accidente puede afectarlos<\/li>\n<li>Brindar asesoramiento legal, ayudarlo a navegar por el panorama legal y educarlo sobre los procedimientos legales.<\/li>\n<li>Representarlo en la corte<\/li>\n<li>Papeleo completo<\/li>\n<li>Conectarlo con proveedores m\u00e9dicos<\/li>\n<li>Negociar con la parte contraria<\/li>\n<\/ul>\n<p>&nbsp;<\/p>\n<h2><strong>\u00bf<\/strong><strong>Qu<\/strong><strong>\u00e9 <\/strong><strong>esperar durante una sesi\u00f3n de consulta legal?<\/strong><\/h2>\n<p>Durante una sesi\u00f3n de consulta legal, el abogado le pedir\u00e1 que describa las circunstancias que rodearon su accidente.\u00a0El profesional te har\u00e1 varias preguntas.\u00a0Querr\u00edan saber todos los detalles relevantes de su accidente.<\/p>\n<h2><strong>\u00bf<\/strong><strong>Qu<\/strong><strong>\u00e9 <\/strong><strong>esperar durante su primera sesi\u00f3n con su m<\/strong><strong>\u00e9<\/strong><strong>dico de lesiones personales en el condado de Gwinnett?<\/strong><\/h2>\n<p>Su m\u00e9dico de HURT 911\u00ae realizar\u00e1 varias pruebas. El profesional recomendar\u00e1 una radiograf\u00eda, una tomograf\u00eda computarizada o una resonancia magn\u00e9tica. Una vez que su m\u00e9dico haga un diagn\u00f3stico, elaborar\u00e1 un plan de tratamiento.<\/p>\n<h2><strong>La importancia de consultar a un m<\/strong><strong>\u00e9<\/strong><strong>dico especialista en lesiones personales Condado de Gwinnett<\/strong><\/h2>\n<p>Ver a un m\u00e9dico debe ser su prioridad, incluso si no siente dolor despu\u00e9s de un accidente.\u00a0Los signos y s\u00edntomas de una lesi\u00f3n traum\u00e1tica pueden ser sutiles.\u00a0Recomendamos ver a un m\u00e9dico dentro de\u00a0\u00a0<strong>las 72 horas<\/strong>\u00a0\u00a0posteriores a un accidente.\u00a0Recuerde, cuanto antes comience su tratamiento, mejores ser\u00e1n los resultados de salud.<\/p>\n<p>Puede utilizar los informes proporcionados por su m\u00e9dico como evidencia m\u00e9dica.\u00a0Si no busca atenci\u00f3n m\u00e9dica inmediatamente despu\u00e9s de su accidente, la otra parte puede plantear dudas sobre la gravedad de su lesi\u00f3n.<\/p>\n<h2><strong>\u00bfPor qu<\/strong><strong>\u00e9 <\/strong><strong>elegirnos?<\/strong><\/h2>\n<ul>\n<li>M\u00e1s de 25 a\u00f1os de experiencia ayudando a las v\u00edctimas de lesiones personales a maximizar su compensaci\u00f3n<\/li>\n<li>Cero costos iniciales (no nos paga a menos que obtengamos un acuerdo)<\/li>\n<li>No se requiere seguro de salud ya que nuestros m\u00e9dicos trabajan con derecho de retenci\u00f3n<\/li>\n<li>Personal experimentado, m\u00e9dicos y abogados.<\/li>\n<\/ul>\n","protected":false},"excerpt":{"rendered":"<p>Abogados y m\u00e9dicos de lesiones personales en el condado de Gwinnett El Hurt 911\u00ae Injury Group est\u00e1 comprometido a ayudar a las v\u00edctimas de lesiones personales a conectarse con m\u00e9dicos y abogados con experiencia en lesiones personales en el condado de Gwinnett.\u00a0Hasta la fecha, hemos obtenido millones de d\u00f3lares en juicios.\u00a0A lo largo de los [&hellip;]<\/p>\n","protected":false},"author":27,"featured_media":0,"parent":0,"menu_order":0,"comment_status":"closed","ping_status":"closed","template":"","meta":{"_acf_changed":false,"anchor_text":"","footnotes":""},"categories":[],"tags":[],"class_list":["post-6593","page","type-page","status-publish","hentry"],"acf":[],"_links":{"self":[{"href":"https:\/\/1800hurt911ga.com\/es\/wp-json\/wp\/v2\/pages\/6593","targetHints":{"allow":["GET"]}}],"collection":[{"href":"https:\/\/1800hurt911ga.com\/es\/wp-json\/wp\/v2\/pages"}],"about":[{"href":"https:\/\/1800hurt911ga.com\/es\/wp-json\/wp\/v2\/types\/page"}],"author":[{"embeddable":true,"href":"https:\/\/1800hurt911ga.com\/es\/wp-json\/wp\/v2\/users\/27"}],"replies":[{"embeddable":true,"href":"https:\/\/1800hurt911ga.com\/es\/wp-json\/wp\/v2\/comments?post=6593"}],"version-history":[{"count":4,"href":"https:\/\/1800hurt911ga.com\/es\/wp-json\/wp\/v2\/pages\/6593\/revisions"}],"predecessor-version":[{"id":14494,"href":"https:\/\/1800hurt911ga.com\/es\/wp-json\/wp\/v2\/pages\/6593\/revisions\/14494"}],"wp:attachment":[{"href":"https:\/\/1800hurt911ga.com\/es\/wp-json\/wp\/v2\/media?parent=6593"}],"wp:term":[{"taxonomy":"category","embeddable":true,"href":"https:\/\/1800hurt911ga.com\/es\/wp-json\/wp\/v2\/categories?post=6593"},{"taxonomy":"post_tag","embeddable":true,"href":"https:\/\/1800hurt911ga.com\/es\/wp-json\/wp\/v2\/tags?post=6593"}],"curies":[{"name":"wp","href":"https:\/\/api.w.org\/{rel}","templated":true}]}}