{"id":6596,"date":"2023-02-14T19:07:00","date_gmt":"2023-02-14T19:07:00","guid":{"rendered":"https:\/\/1800hurt911ga.com\/?page_id=6596"},"modified":"2025-01-22T17:18:31","modified_gmt":"2025-01-22T17:18:31","slug":"es-college-park","status":"publish","type":"page","link":"https:\/\/1800hurt911ga.com\/es\/es-college-park\/","title":{"rendered":"College Park"},"content":{"rendered":"<h1><strong>Abogados de lesiones personales experimentados y confiables en College Park<\/strong><\/h1>\n<p>Una lesi\u00f3n causada por negligencia o culpa de otros siempre es algo dif\u00edcil de manejar f\u00edsica, emocional y financieramente.\u00a0Las consecuencias de las lesiones pueden variar entre s\u00ed, mientras que algunas de ellas pueden ser menores, otras pueden ser bastante graves y severas.\u00a0Puede haber dificultades en el manejo de estas consecuencias y podr\u00eda esforzarte f\u00edsica y financieramente.\u00a0Lamentablemente, muchas personas no tienen la idea de que puede recibir una compensaci\u00f3n por sus lesiones y las p\u00e9rdidas en las que ha incurrido.\u00a0Pero hay un giro en la historia en este punto.\u00a0Obtener una compensaci\u00f3n sin asistencia profesional es pr\u00e1cticamente imposible.\u00a0Si reside en College Park o en las \u00e1reas cercanas, comun\u00edquese con los mejores\u00a0\u00a0<strong>abogados de lesiones personales en College Park<\/strong><strong>\u00a0<\/strong>\u00a0para obtener ayuda.<\/p>\n<h2><strong><a href=\"tel:1-855-475-2588\">1-800-HURT911\u00ae<\/a><\/strong><strong>\u00a0\u00a0\u2013 <\/strong><strong>Los mejores abogados de lesiones personales en College Park<\/strong><\/h2>\n<p>Si se encuentra en College Park y busca los\u00a0\u00a0<strong>mejores abogados de lesiones personales<\/strong> \u00a0en el \u00e1rea, ha venido al lugar correcto.\u00a0Somos The Hurt 911\u00ae Injury Group, y le ofrecemos las mejores soluciones de lesiones personales, incluida la gesti\u00f3n de los tratamientos de sus lesiones y obtener la m\u00e1xima compensaci\u00f3n por las p\u00e9rdidas que ha sufrido debido al accidente que caus\u00f3 la lesi\u00f3n.<\/p>\n<p>Despu\u00e9s de un accidente, lo primero importante es conseguir la asistencia m\u00e9dica adecuada.\u00a0Contamos\u00a0 en nuestro equipo con\u00a0<strong>m<\/strong><strong>\u00e9<\/strong><strong>dicos especialistas en<\/strong><strong>\u00a0<\/strong><strong>Lesiones<\/strong><strong>\u00a0<\/strong><strong>personales<\/strong><strong>\u00a0<\/strong>\u00a0<strong>en College Park<\/strong>\u00a0\u00a0que realizar\u00e1n tu chequeo completo y te recomendar\u00e1n el tratamiento que necesitas realizar.\u00a0Le solicitamos que acuda a nosotros\u00a0\u00a0<strong>dentro de las 72 horas posteriores<\/strong>\u00a0\u00a0al accidente para que reciba tratamiento de los mejores profesionales m\u00e9dicos lo antes posible.\u00a0Nuestros m\u00e9dicos experimentados y capaces llevar\u00e1n a cabo un examen detallado y tambi\u00e9n enviar\u00e1n algunos informes.\u00a0Una vez que los informes m\u00e9dicos est\u00e9n disponibles, le diremos si necesita un abogado para su caso e incluso le sugeriremos qu\u00e9 tipo de\u00a0\u00a0<strong>abogado<\/strong>\u00a0de lesiones personales \u00a0ser\u00e1 el m\u00e1s adecuado para su caso.<\/p>\n<h2><strong>Diferentes <\/strong><strong>\u00e1<\/strong><strong>reas de pr<\/strong><strong>\u00e1<\/strong><strong>ctica de los abogados de lesiones personales al<\/strong><strong>\u00a0\u00a0<\/strong><strong><a href=\"tel:1-855-475-2588\">1-800-HURT911\u00ae<\/a><\/strong><\/h2>\n<p>Tenemos una vasta experiencia en el manejo de varios tipos de casos de lesiones personales desde nuestros inicios.\u00a0Esto ha sido posible porque contamos con los mejores\u00a0\u00a0<a href=\"https:\/\/1800hurt911ga.com\/attorney-referrals\/\">abogados de lesiones personales de Atlanta<\/a>\u00a0\u00a0en nuestro equipo que han estado trabajando con nosotros durante mucho tiempo.\u00a0Algunas de nuestras \u00e1reas de pr\u00e1ctica incluyen las siguientes:<\/p>\n<ul>\n<li>accidentes de bicicleta<\/li>\n<li>accidentes de moto<\/li>\n<li>Accidentes por resbalones, tropiezos y ca\u00eddas<\/li>\n<li>Grandes accidentes de camiones<\/li>\n<li>Accidentes de golpe y fuga<\/li>\n<li>Accidentes automovil\u00edsticos<\/li>\n<li>accidentes MARTA<\/li>\n<li>Accidentes de scooter<\/li>\n<li>Accidentes de Uber y Lyft<\/li>\n<li>DUI\/Accidentes por conducir ebrio<\/li>\n<\/ul>\n<p>Contamos con abogados especializados para cada uno de estos segmentos, y su caso ser\u00e1 manejado por el tipo de abogado que sea m\u00e1s adecuado para su caso.<\/p>\n<h2><strong>Hable con nosotros hoy para todo tipo de ayuda con respecto a lesiones personales<\/strong><\/h2>\n<p>Si es v\u00edctima de lesiones personales, no dude en ponerse en contacto con nuestros\u00a0\u00a0\u00a0abogados de lesiones personales\u00a0<a href=\"tel:1-855-475-2588\">al 1-800-HURT911\u00ae <\/a>en College Park\u00a0\u00a0sin demora.\u00a0Ofrecemos una consulta gratuita para nuestros servicios.\u00a0Inicialmente, nuestros m\u00e9dicos de lesiones personales\u00a0en College Park\u00a0lo revisar\u00e1n\u00a0\u00a0\u00a0porque eso es lo que se necesita principalmente.\u00a0Adem\u00e1s, si tomamos su caso, no cobramos dinero por adelantado por el mismo.\u00a0Solo despu\u00e9s de que obtengamos una compensaci\u00f3n para usted, seremos elegibles para una tarifa.<\/p>\n<p>\u00a1Ll\u00e1menos hoy al\u00a0\u00a0<a href=\"tel:tel:1-855-475-2588\">1-800-HURT911\u00ae<\/a>\u00a0\u00a0si necesita ayuda con respecto a problemas de lesiones personales!<\/p>\n","protected":false},"excerpt":{"rendered":"<p>Abogados de lesiones personales experimentados y confiables en College Park Una lesi\u00f3n causada por negligencia o culpa de otros siempre es algo dif\u00edcil de manejar f\u00edsica, emocional y financieramente.\u00a0Las consecuencias de las lesiones pueden variar entre s\u00ed, mientras que algunas de ellas pueden ser menores, otras pueden ser bastante graves y severas.\u00a0Puede haber dificultades en [&hellip;]<\/p>\n","protected":false},"author":27,"featured_media":0,"parent":0,"menu_order":0,"comment_status":"closed","ping_status":"closed","template":"","meta":{"_acf_changed":false,"anchor_text":"","footnotes":""},"categories":[],"tags":[],"class_list":["post-6596","page","type-page","status-publish","hentry"],"acf":[],"_links":{"self":[{"href":"https:\/\/1800hurt911ga.com\/es\/wp-json\/wp\/v2\/pages\/6596","targetHints":{"allow":["GET"]}}],"collection":[{"href":"https:\/\/1800hurt911ga.com\/es\/wp-json\/wp\/v2\/pages"}],"about":[{"href":"https:\/\/1800hurt911ga.com\/es\/wp-json\/wp\/v2\/types\/page"}],"author":[{"embeddable":true,"href":"https:\/\/1800hurt911ga.com\/es\/wp-json\/wp\/v2\/users\/27"}],"replies":[{"embeddable":true,"href":"https:\/\/1800hurt911ga.com\/es\/wp-json\/wp\/v2\/comments?post=6596"}],"version-history":[{"count":4,"href":"https:\/\/1800hurt911ga.com\/es\/wp-json\/wp\/v2\/pages\/6596\/revisions"}],"predecessor-version":[{"id":14498,"href":"https:\/\/1800hurt911ga.com\/es\/wp-json\/wp\/v2\/pages\/6596\/revisions\/14498"}],"wp:attachment":[{"href":"https:\/\/1800hurt911ga.com\/es\/wp-json\/wp\/v2\/media?parent=6596"}],"wp:term":[{"taxonomy":"category","embeddable":true,"href":"https:\/\/1800hurt911ga.com\/es\/wp-json\/wp\/v2\/categories?post=6596"},{"taxonomy":"post_tag","embeddable":true,"href":"https:\/\/1800hurt911ga.com\/es\/wp-json\/wp\/v2\/tags?post=6596"}],"curies":[{"name":"wp","href":"https:\/\/api.w.org\/{rel}","templated":true}]}}