{"id":6599,"date":"2023-02-14T19:08:59","date_gmt":"2023-02-14T19:08:59","guid":{"rendered":"https:\/\/1800hurt911ga.com\/?page_id=6599"},"modified":"2025-01-22T17:17:26","modified_gmt":"2025-01-22T17:17:26","slug":"es-east-point","status":"publish","type":"page","link":"https:\/\/1800hurt911ga.com\/es\/es-east-point\/","title":{"rendered":"East Point"},"content":{"rendered":"<h1><strong>Los mejores abogados y bufetes de abogados de lesiones personales en East Point |\u00a0M<\/strong><strong>\u00e9<\/strong><strong>dico y cl\u00ednica de lesiones en East Point, GA<\/strong><\/h1>\n<p>\u00bfHa resultado lesionado en un accidente que fue culpa de otra persona?\u00a0Cuanto antes se comunique con un\u00a0<strong>abogado de lesiones personales en East Point<\/strong>, mejor. Ya sea que haya resultado lesionado en un caso de atropello y fuga o en un accidente de resbal\u00f3n y ca\u00edda, los abogados de HURT 911\u00ae pueden ayudarlo a obtener la compensaci\u00f3n que merece.<\/p>\n<p>Nuestro equipo est\u00e1 formado por algunos de los mejores\u00a0<strong>abogados de lesiones personales en East Point<\/strong>. Cada abogado de Hurt 911\u00ae tiene un historial comprobado de \u00e9xito. No tienes que pasar por este momento dif\u00edcil solo. Su abogado de HURT 911\u00ae le brindar\u00e1 todo el apoyo posible.<\/p>\n<p>Nuestro abogado profesional y su personal altamente capacitado se encargar\u00e1n de todos los aspectos de su demanda para que pueda concentrarse en la recuperaci\u00f3n.\u00a0Su abogado de lesiones personales investigar\u00e1 su caso, recopilar\u00e1 pruebas y negociar\u00e1 con todas las partes involucradas en su nombre.<\/p>\n<p>Los quiropr\u00e1cticos de lesiones personales de HURT 911\u00ae <strong>en East Point<\/strong><strong>\u00a0<\/strong>tienen d\u00e9cadas de experiencia en el manejo de casos de trauma. Su m\u00e9dico de lesiones personales de HURT 911\u00ae realizar\u00e1 varias pruebas para diagnosticar la naturaleza y el alcance de su lesi\u00f3n. Una vez que se realiza el diagn\u00f3stico, su m\u00e9dico crear\u00e1 un plan de tratamiento y un programa de rehabilitaci\u00f3n.<\/p>\n<h2><strong>El estatuto de limitaciones de lesiones personales de Georgia<\/strong><\/h2>\n<p>Georgia tiene un estatuto de limitaciones de dos a\u00f1os.\u00a0Cualquier persona en Georgia que haya resultado lesionada en un accidente automovil\u00edstico que no fue su culpa tiene dos a\u00f1os para presentar una demanda de PI contra la parte negligente.\u00a0Si un demandante no presenta una demanda dentro de los dos a\u00f1os posteriores a la fecha del accidente, pierde su derecho a demandar.<\/p>\n<p>Hay ciertas excepciones a esta regla.\u00a0El plazo de prescripci\u00f3n puede suspenderse si:<\/p>\n<ul>\n<li>La v\u00edctima era mentalmente incompetente cuando ocurri\u00f3 el accidente.<\/li>\n<li>La v\u00edctima no sab\u00eda, ni ten\u00eda ninguna base para saber que hab\u00eda sufrido una lesi\u00f3n, y la acci\u00f3n de la parte negligente fue la causa de la lesi\u00f3n.<\/li>\n<li>La v\u00edctima era menor de edad cuando ocurri\u00f3 el accidente<\/li>\n<li>La parte negligente se ha declarado en bancarrota.<\/li>\n<\/ul>\n<p><strong>\u00a0<\/strong><\/p>\n<h2><strong>\u00bfCu\u00e1nto cobra un abogado de PI?<\/strong><\/h2>\n<p>La mayor\u00eda de los abogados de lesiones personales trabajan en base a contingencias.\u00a0Con un acuerdo de honorarios de contingencia, a un abogado se le paga solo si el fallo es a favor de su cliente.\u00a0Las tarifas de contingencia generalmente oscilan entre el 25 y el 40 por ciento del pago total.<\/p>\n<p>Algunos abogados facturan a sus clientes los gastos relacionados con el caso. Los abogados de HURT 911\u00ae trabajan en una contingencia. No hay tarifas por adelantado. A los clientes se les factura solo si el fallo es a su favor. El acuerdo de honorarios de contingencia garantiza el acceso a la justicia.<\/p>\n<h2><strong>Tipos de compensaci\u00f3n en una demanda por lesiones personales<\/strong><\/h2>\n<p>Estos son algunos tipos comunes de compensaci\u00f3n que un tribunal civil puede otorgar en una demanda por lesiones personales.<\/p>\n<h2><strong>Gastos m<\/strong><strong>\u00e9<\/strong><strong>dicos<\/strong><\/h2>\n<p>Si su abogado logra establecer la negligencia, el tribunal ordenar\u00e1 a la parte negligente que lo compense por los gastos m\u00e9dicos presentes y futuros.\u00a0Esto puede incluir el costo de la atenci\u00f3n quiropr\u00e1ctica, cirug\u00edas, visitas al hospital, pruebas de diagn\u00f3stico, fisioterapia y medicamentos (medicamentos de venta libre y medicamentos recetados).<\/p>\n<h2><strong>Salarios perdidos<\/strong><\/h2>\n<p>Si pierde tiempo del trabajo debido a su lesi\u00f3n, es posible que pueda presentar un reclamo por salarios perdidos.\u00a0Si la lesi\u00f3n de un demandante le impide trabajar, puede obtener una compensaci\u00f3n por la p\u00e9rdida de ingresos en el futuro.<\/p>\n<h2><strong>Da\u00f1o a la propiedad<\/strong><\/h2>\n<p>Si una propiedad que le pertenece (su autom\u00f3vil, motocicleta, bicicleta, cami\u00f3n o cualquier otra propiedad) result\u00f3 da\u00f1ada en el accidente, el tribunal puede pedirle al demandado que lo compense por las p\u00e9rdidas.<\/p>\n<h2><strong>Dolor y sufrimiento<\/strong><\/h2>\n<p>Se le puede pedir al demandado en una demanda de PI que compense al demandante por el estr\u00e9s f\u00edsico y emocional resultante de su lesi\u00f3n.<\/p>\n<p>Encontrar un experto legal o de salud que merezca su confianza despu\u00e9s de un accidente puede ser una tarea abrumadora.\u00a0En\u00a0\u00a0<a href=\"tel:1-855-475-2588\">el 1-800-HURT911\u00ae<\/a>\u00a0, estamos comprometidos a ayudar a las v\u00edctimas de accidentes a tomar decisiones informadas.\u00a0Somos una empresa centrada en las personas.\u00a0Existimos para garantizar que las personas involucradas en un accidente tengan una cosa menos de qu\u00e9 preocuparse al conectarlos con los profesionales adecuados.\u00a0Para una consulta gratuita, ll\u00e1menos al\u00a0\u00a0<a href=\"tel:1-855-475-2588\">1-855-475-2588<\/a>\u00a0.<\/p>\n","protected":false},"excerpt":{"rendered":"<p>Los mejores abogados y bufetes de abogados de lesiones personales en East Point |\u00a0M\u00e9dico y cl\u00ednica de lesiones en East Point, GA \u00bfHa resultado lesionado en un accidente que fue culpa de otra persona?\u00a0Cuanto antes se comunique con un\u00a0abogado de lesiones personales en East Point, mejor. Ya sea que haya resultado lesionado en un caso [&hellip;]<\/p>\n","protected":false},"author":27,"featured_media":0,"parent":0,"menu_order":0,"comment_status":"closed","ping_status":"closed","template":"","meta":{"_acf_changed":false,"anchor_text":"","footnotes":""},"categories":[],"tags":[],"class_list":["post-6599","page","type-page","status-publish","hentry"],"acf":[],"_links":{"self":[{"href":"https:\/\/1800hurt911ga.com\/es\/wp-json\/wp\/v2\/pages\/6599","targetHints":{"allow":["GET"]}}],"collection":[{"href":"https:\/\/1800hurt911ga.com\/es\/wp-json\/wp\/v2\/pages"}],"about":[{"href":"https:\/\/1800hurt911ga.com\/es\/wp-json\/wp\/v2\/types\/page"}],"author":[{"embeddable":true,"href":"https:\/\/1800hurt911ga.com\/es\/wp-json\/wp\/v2\/users\/27"}],"replies":[{"embeddable":true,"href":"https:\/\/1800hurt911ga.com\/es\/wp-json\/wp\/v2\/comments?post=6599"}],"version-history":[{"count":4,"href":"https:\/\/1800hurt911ga.com\/es\/wp-json\/wp\/v2\/pages\/6599\/revisions"}],"predecessor-version":[{"id":14496,"href":"https:\/\/1800hurt911ga.com\/es\/wp-json\/wp\/v2\/pages\/6599\/revisions\/14496"}],"wp:attachment":[{"href":"https:\/\/1800hurt911ga.com\/es\/wp-json\/wp\/v2\/media?parent=6599"}],"wp:term":[{"taxonomy":"category","embeddable":true,"href":"https:\/\/1800hurt911ga.com\/es\/wp-json\/wp\/v2\/categories?post=6599"},{"taxonomy":"post_tag","embeddable":true,"href":"https:\/\/1800hurt911ga.com\/es\/wp-json\/wp\/v2\/tags?post=6599"}],"curies":[{"name":"wp","href":"https:\/\/api.w.org\/{rel}","templated":true}]}}