{"id":6605,"date":"2023-02-14T19:14:28","date_gmt":"2023-02-14T19:14:28","guid":{"rendered":"https:\/\/1800hurt911ga.com\/?page_id=6605"},"modified":"2025-01-22T17:14:21","modified_gmt":"2025-01-22T17:14:21","slug":"es-hapeville","status":"publish","type":"page","link":"https:\/\/1800hurt911ga.com\/es\/es-hapeville\/","title":{"rendered":"Hapeville"},"content":{"rendered":"<h1><strong>Los mejores abogados y bufetes de abogados de lesiones personales en Hapeville |\u00a0M<\/strong><strong>\u00e9<\/strong><strong>dico de accidentes automovil\u00edsticos |\u00a0M<\/strong><strong>\u00e9<\/strong><strong>dico de lesiones automovil\u00edsticas |\u00a0<\/strong><strong>Quiropr<\/strong><strong>\u00e1<\/strong><strong>ctico de accidentes Hapeville GA<\/strong><\/h1>\n<p>Si result\u00f3 lesionado en un accidente que no fue su culpa, puede presentar una demanda por lesiones personales contra la persona o entidad responsable de sus lesiones.\u00a0Si gana su demanda, puede tener derecho a una compensaci\u00f3n financiera.<\/p>\n<p>Una de las primeras cosas que las v\u00edctimas de accidentes deben hacer despu\u00e9s de su accidente es contratar a un abogado de lesiones personales en Hapeville.\u00a0Tener el abogado de lesiones personales adecuado a su lado puede marcar la diferencia.\u00a0La ley de lesiones personales es complicada.\u00a0Su abogado de lesiones personales lo ayudar\u00e1 a navegar por el complejo panorama legal.\u00a0Lo ayudar\u00e1n a comprender sus derechos y lo guiar\u00e1n a trav\u00e9s del proceso de reclamos por lesiones personales.<\/p>\n<h2>Establecimiento de responsabilidad en un caso de lesiones personales<\/h2>\n<p>Establecer la responsabilidad en un caso de lesiones personales puede no ser tan sencillo como parece.\u00a0Incluso si tiene evidencia importante, necesitar\u00e1 un abogado de lesiones personales h\u00e1bil y con experiencia en Hapeville para demostrar que sus lesiones fueron el resultado de la negligencia de la otra persona.<\/p>\n<p>Si su abogado establece con \u00e9xito una conexi\u00f3n directa entre la acci\u00f3n del acusado y sus lesiones, puede ser elegible para recibir una compensaci\u00f3n.<\/p>\n<h2>Elementos de negligencia<\/h2>\n<p><strong>Para establecer negligencia, su abogado de lesiones personales tendr\u00e1 que probar que:<\/strong><\/p>\n<ul>\n<li>la otra entidad\/individuo ten\u00eda un deber<\/li>\n<li>no cumplieron con el deber<\/li>\n<li>su negligencia (o incumplimiento del deber) result\u00f3 en la lesi\u00f3n<\/li>\n<\/ul>\n<p>Su abogado de lesiones personales investigar\u00e1 su caso y recopilar\u00e1 pruebas que inclinar\u00e1n la balanza a su favor.\u00a0Entrevistar\u00e1n a los encuestados y testigos presenciales, y utilizar\u00e1n las pruebas recopiladas en el lugar del accidente para recrear el accidente y llegar a una conclusi\u00f3n.<\/p>\n<p>El profesional trabajar\u00e1 con su m\u00e9dico de lesiones personales en Hapeville para comprender la naturaleza y el alcance de sus lesiones y c\u00f3mo afectar\u00e1n su vida.\u00a0Usar\u00e1n evidencia m\u00e9dica para maximizar la compensaci\u00f3n.<\/p>\n<p>Encontrar un experto legal o de salud que merezca su confianza despu\u00e9s de un accidente puede ser una tarea abrumadora. En el 1-800-Hurt911\u00ae, estamos comprometidos a ayudar a las v\u00edctimas de accidentes a tomar decisiones informadas. Somos una empresa centrada en las personas. Existimos para asegurarnos de que las personas que estuvieron involucradas en un accidente tengan una cosa menos de qu\u00e9 preocuparse al conectarlos con los profesionales adecuados. Para una consulta gratuita, ll\u00e1menos al 1-855-475-2588.<\/p>\n<h2>Actos intencionales<\/h2>\n<p>Si sus lesiones fueron causadas por un acto intencionado cometido por una persona o entidad, es posible que se enfrenten a cargos penales adem\u00e1s de los cargos civiles.\u00a0La fiscal\u00eda debe probar la culpabilidad m\u00e1s all\u00e1 de toda duda razonable para asegurar un veredicto de culpabilidad en un caso penal.\u00a0Establecer la responsabilidad en un caso civil es mucho m\u00e1s f\u00e1cil.\u00a0Un acusado declarado no culpable por un tribunal penal puede ser considerado responsable de da\u00f1os y perjuicios por un tribunal civil.<\/p>\n<p>Si el acusado en una demanda por lesiones personales es declarado culpable por un tribunal penal, no puede argumentar en un tribunal civil que no cometi\u00f3 el acto en cuesti\u00f3n.\u00a0Esto se conoce como reclamaci\u00f3n de persecuci\u00f3n o cosa juzgada\/judicata.<\/p>\n<h2>Tipos de compensaci\u00f3n en una demanda por lesiones personales<\/h2>\n<p>Un accidente puede tener un gran impacto en la vida profesional y personal de una persona.\u00a0Los accidentes pueden causar estr\u00e9s a largo plazo.\u00a0El trauma de un accidente puede tener un profundo efecto psicol\u00f3gico en la mente humana.\u00a0Si su vida se pone patas arriba por su lesi\u00f3n, puede reclamar una compensaci\u00f3n por:<\/p>\n<ul>\n<li>Gastos m\u00e9dicos pasados y futuros<\/li>\n<li>Salarios perdidos<\/li>\n<li>Dolor y sufrimiento<\/li>\n<li>Trauma emocional<\/li>\n<li>Da\u00f1o a la propiedad<\/li>\n<li>P\u00e9rdida de consorcio<\/li>\n<\/ul>\n<p>En algunos casos, los tribunales otorgan da\u00f1os punitivos.\u00a0Estos da\u00f1os van m\u00e1s all\u00e1 de compensar al demandante y se otorgan para castigar al demandado.\u00a0Los da\u00f1os punitivos generalmente se otorgan cuando:<\/p>\n<ol>\n<li>a) La conducta del demandado se considera gravemente negligente, o se determina que el da\u00f1o civil result\u00f3 de un acto intencional<\/li>\n<li>b) El tribunal considera insuficientes los da\u00f1os compensatorios pagados al demandante<\/li>\n<\/ol>\n<p>Encontrar un experto legal o de salud que merezca su confianza despu\u00e9s de un accidente puede ser una tarea abrumadora.\u00a0En\u00a0\u00a0<a href=\"tel:1-855-475-2588\">el 1-800-Hurt911\u00ae<\/a>\u00a0, estamos comprometidos a ayudar a las v\u00edctimas de accidentes a tomar decisiones informadas.\u00a0Somos una empresa centrada en las personas.\u00a0Existimos para asegurarnos de que las personas que estuvieron involucradas en un accidente tengan una cosa menos de qu\u00e9 preocuparse al conectarlos con los profesionales adecuados.\u00a0Para una consulta gratuita, ll\u00e1menos al 1-855-475-2588.<\/p>\n","protected":false},"excerpt":{"rendered":"<p>Los mejores abogados y bufetes de abogados de lesiones personales en Hapeville |\u00a0M\u00e9dico de accidentes automovil\u00edsticos |\u00a0M\u00e9dico de lesiones automovil\u00edsticas |\u00a0Quiropr\u00e1ctico de accidentes Hapeville GA Si result\u00f3 lesionado en un accidente que no fue su culpa, puede presentar una demanda por lesiones personales contra la persona o entidad responsable de sus lesiones.\u00a0Si gana su demanda, [&hellip;]<\/p>\n","protected":false},"author":27,"featured_media":0,"parent":0,"menu_order":0,"comment_status":"closed","ping_status":"closed","template":"","meta":{"_acf_changed":false,"anchor_text":"","footnotes":""},"categories":[],"tags":[],"class_list":["post-6605","page","type-page","status-publish","hentry"],"acf":[],"_links":{"self":[{"href":"https:\/\/1800hurt911ga.com\/es\/wp-json\/wp\/v2\/pages\/6605","targetHints":{"allow":["GET"]}}],"collection":[{"href":"https:\/\/1800hurt911ga.com\/es\/wp-json\/wp\/v2\/pages"}],"about":[{"href":"https:\/\/1800hurt911ga.com\/es\/wp-json\/wp\/v2\/types\/page"}],"author":[{"embeddable":true,"href":"https:\/\/1800hurt911ga.com\/es\/wp-json\/wp\/v2\/users\/27"}],"replies":[{"embeddable":true,"href":"https:\/\/1800hurt911ga.com\/es\/wp-json\/wp\/v2\/comments?post=6605"}],"version-history":[{"count":5,"href":"https:\/\/1800hurt911ga.com\/es\/wp-json\/wp\/v2\/pages\/6605\/revisions"}],"predecessor-version":[{"id":14493,"href":"https:\/\/1800hurt911ga.com\/es\/wp-json\/wp\/v2\/pages\/6605\/revisions\/14493"}],"wp:attachment":[{"href":"https:\/\/1800hurt911ga.com\/es\/wp-json\/wp\/v2\/media?parent=6605"}],"wp:term":[{"taxonomy":"category","embeddable":true,"href":"https:\/\/1800hurt911ga.com\/es\/wp-json\/wp\/v2\/categories?post=6605"},{"taxonomy":"post_tag","embeddable":true,"href":"https:\/\/1800hurt911ga.com\/es\/wp-json\/wp\/v2\/tags?post=6605"}],"curies":[{"name":"wp","href":"https:\/\/api.w.org\/{rel}","templated":true}]}}