{"id":6609,"date":"2023-02-14T19:17:41","date_gmt":"2023-02-14T19:17:41","guid":{"rendered":"https:\/\/1800hurt911ga.com\/?page_id=6609"},"modified":"2025-01-22T17:13:27","modified_gmt":"2025-01-22T17:13:27","slug":"es-jonesboro","status":"publish","type":"page","link":"https:\/\/1800hurt911ga.com\/es\/es-jonesboro\/","title":{"rendered":"Jonesboro"},"content":{"rendered":"<h1><strong>Comun\u00edquese con los abogados de lesiones personales en Jonesboro\u00a0 llamando al\u00a0<\/strong><a href=\"tel:1-855-475-2588\">1-800-HURT911\u00ae<\/a><strong>\u00a0\u00a0para la liquidaci\u00f3n de su reclamo<\/strong><\/h1>\n<p>\u00bfTe has lesionado en un accidente? \u00a1HURT 911\u00ae est\u00e1 aqu\u00ed para ayudar! Conectamos a las v\u00edctimas de\u00a0\u00a0<strong>lesiones personales con abogados expertos en lesiones personales en Jonesboro<\/strong>\u00a0.\u00a0Su\u00a0\u00a0<strong>abogado de lesiones en Jonesboro\u00a0<\/strong>\u00a0puede hacer o deshacer su caso.\u00a0Nadie entiende esto mejor que nosotros.\u00a0Nuestro panel est\u00e1 compuesto por los mejores\u00a0\u00a0<strong>abogados de lesiones personales en Jonesboro<\/strong>\u00a0\u00a0con un historial comprobado.<\/p>\n<h2>\u00bfQu\u00e9 sucede despu\u00e9s de un accidente automovil\u00edstico?<\/h2>\n<p>Jonesboro es uno de los varios condados de Clayton que tienen sus propios departamentos de polic\u00eda.\u00a0Despu\u00e9s de que se informa un accidente al Departamento de Polic\u00eda de Jonesboro, se env\u00edan oficiales a la escena.\u00a0Hablan con las partes involucradas y los testigos oculares y recopilan pruebas.\u00a0La investigaci\u00f3n de un accidente automovil\u00edstico puede llevar semanas o incluso meses.<\/p>\n<p>Si ha resultado lesionado en un accidente en Jonesboro, es necesario contratar a un abogado de lesiones personales.\u00a0Cuanto antes contrates a un profesional, mejor.\u00a0Su abogado de lesiones personales comenzar\u00e1 la investigaci\u00f3n del accidente obteniendo el informe policial.<\/p>\n<p>El profesional entrevistar\u00e1 a los socorristas y testigos presenciales.\u00a0Obtendr\u00e1n evidencia crucial, incluidas grabaciones del 911, im\u00e1genes de CCTV y videos de patrullas.\u00a0Su\u00a0<strong>abogado de lesiones personales en Jonesboro\u00a0<\/strong>hablar\u00e1 con su\u00a0<strong>m\u00e9dico de lesiones personales en Jonesboro<\/strong>\u00a0para comprender c\u00f3mo sus lesiones afectar\u00e1n su calidad de vida.<\/p>\n<h2>\u00bfPor qu\u00e9 debe buscar ayuda m\u00e9dica inmediatamente despu\u00e9s de un accidente?<\/h2>\n<p>Si sospecha lesiones internas despu\u00e9s de un accidente, no se mueva.\u00a0Llame al 911 y espere a que lleguen los socorristas.\u00a0Incluso si no siente ning\u00fan dolor o molestia, es necesario consultar a un m\u00e9dico de lesiones personales, ya que algunas lesiones pueden pasar desapercibidas.\u00a0Adem\u00e1s, si no busca asistencia m\u00e9dica despu\u00e9s de un tiempo, su aseguradora puede minimizar la gravedad de sus lesiones.<\/p>\n<p>En HURT 911\u00ae, conocemos la importancia de obtener atenci\u00f3n m\u00e9dica inmediata despu\u00e9s de un accidente. Nuestro equipo est\u00e1 compuesto por algunos de los mejores\u00a0<strong>m\u00e9dicos de lesiones personales en Jonesboro<\/strong>. No importa d\u00f3nde ocurri\u00f3 su accidente en Jonesboro, encontrar\u00e1 un m\u00e9dico de lesiones HURT 911\u00ae cerca de usted.<\/p>\n<p>Nuestros m\u00e9dicos de lesiones personales se especializan en el tratamiento de lesiones traum\u00e1ticas.\u00a0Su m\u00e9dico de lesiones personales ordenar\u00e1 una radiograf\u00eda y una resonancia magn\u00e9tica para determinar el alcance y la naturaleza del da\u00f1o.<\/p>\n<h2>La Importancia de Contratar a un Abogado Local Despu\u00e9s de un Accidente en Jonesboro<\/h2>\n<p>Cada estado del pa\u00eds tiene diferentes estatutos de limitaciones.\u00a0Muchos estados tienen excepciones para ciertos tipos de reclamos, mientras que dentro de un estado, los diferentes tipos de lesiones pueden tener diferentes estatutos.<\/p>\n<p>Un abogado local de lesiones personales con conocimiento de las leyes estatales puede ayudar a hacer un caso herm\u00e9tico.\u00a0Su abogado en Jonesboro lo ayudar\u00e1 a cumplir con los plazos y requisitos completos para presentar un reclamo por lesiones personales en Jonesboro.<\/p>\n<h2>C\u00e1lculo del valor de su caso de lesiones personales<\/h2>\n<p>Al calcular el valor de su caso de lesiones personales, su abogado de lesiones personales considerar\u00e1:<\/p>\n<ul>\n<li>Lo que hizo la parte culpable para lesionarlo por negligencia<\/li>\n<li>\u00bfCu\u00e1l es la naturaleza y el alcance de sus lesiones?<\/li>\n<li>Si tuviste parte de la culpa<\/li>\n<\/ul>\n<h2>Recolectando y Preservando Evidencia Despu\u00e9s de un Accidente<\/h2>\n<p>La evidencia recopilada en la escena de un accidente juega un papel vital en el establecimiento de negligencia.\u00a0Si result\u00f3 lesionado en un accidente automovil\u00edstico, recopile la mayor cantidad de informaci\u00f3n posible.\u00a0Recuerde, si espera a que lleguen los investigadores, la escena del accidente puede contaminarse y podr\u00eda perderse evidencia vital.<\/p>\n<p>Tome fotograf\u00edas de los veh\u00edculos involucrados e intercambie informaci\u00f3n con el otro conductor.\u00a0Hable con testigos oculares y anote todo lo que sucedi\u00f3.\u00a0Su abogado de lesiones personales utilizar\u00e1 la informaci\u00f3n y las pruebas que proporcione para reconstruir el accidente (un elemento clave para determinar la causa y la culpa de un accidente).<\/p>\n<p>Conserva la ropa que llevabas puesta el d\u00eda del accidente y las partes da\u00f1adas de tu veh\u00edculo.<\/p>\n<h2>\u00bfPor qu\u00e9 elegir HURT 911\u00ae?<\/h2>\n<p>La obtenci\u00f3n de beneficios nunca ha sido nuestro objetivo principal.\u00a0Somos un equipo de profesionales emp\u00e1ticos.\u00a0Nos damos cuenta de lo dif\u00edcil que puede ser para una v\u00edctima de lesiones personales (que ya est\u00e1 traumatizada) encontrar un abogado de lesiones personales que cumpla todos los requisitos.<\/p>\n<p>HURT 911 se inici\u00f3 para ayudar a las v\u00edctimas de lesiones personales a conectarse con los mejores abogados de lesiones personales en Jonesboro. Los abogados de HURT 911\u00ae trabajan con honorarios contingentes, lo que significa que usted paga solo si el fallo es a su favor.<\/p>\n<p>&nbsp;<\/p>\n","protected":false},"excerpt":{"rendered":"<p>Comun\u00edquese con los abogados de lesiones personales en Jonesboro\u00a0 llamando al\u00a01-800-HURT911\u00ae\u00a0\u00a0para la liquidaci\u00f3n de su reclamo \u00bfTe has lesionado en un accidente? \u00a1HURT 911\u00ae est\u00e1 aqu\u00ed para ayudar! Conectamos a las v\u00edctimas de\u00a0\u00a0lesiones personales con abogados expertos en lesiones personales en Jonesboro\u00a0.\u00a0Su\u00a0\u00a0abogado de lesiones en Jonesboro\u00a0\u00a0puede hacer o deshacer su caso.\u00a0Nadie entiende esto mejor que [&hellip;]<\/p>\n","protected":false},"author":27,"featured_media":0,"parent":0,"menu_order":0,"comment_status":"closed","ping_status":"closed","template":"","meta":{"_acf_changed":false,"anchor_text":"","footnotes":""},"categories":[],"tags":[],"class_list":["post-6609","page","type-page","status-publish","hentry"],"acf":[],"_links":{"self":[{"href":"https:\/\/1800hurt911ga.com\/es\/wp-json\/wp\/v2\/pages\/6609","targetHints":{"allow":["GET"]}}],"collection":[{"href":"https:\/\/1800hurt911ga.com\/es\/wp-json\/wp\/v2\/pages"}],"about":[{"href":"https:\/\/1800hurt911ga.com\/es\/wp-json\/wp\/v2\/types\/page"}],"author":[{"embeddable":true,"href":"https:\/\/1800hurt911ga.com\/es\/wp-json\/wp\/v2\/users\/27"}],"replies":[{"embeddable":true,"href":"https:\/\/1800hurt911ga.com\/es\/wp-json\/wp\/v2\/comments?post=6609"}],"version-history":[{"count":4,"href":"https:\/\/1800hurt911ga.com\/es\/wp-json\/wp\/v2\/pages\/6609\/revisions"}],"predecessor-version":[{"id":14492,"href":"https:\/\/1800hurt911ga.com\/es\/wp-json\/wp\/v2\/pages\/6609\/revisions\/14492"}],"wp:attachment":[{"href":"https:\/\/1800hurt911ga.com\/es\/wp-json\/wp\/v2\/media?parent=6609"}],"wp:term":[{"taxonomy":"category","embeddable":true,"href":"https:\/\/1800hurt911ga.com\/es\/wp-json\/wp\/v2\/categories?post=6609"},{"taxonomy":"post_tag","embeddable":true,"href":"https:\/\/1800hurt911ga.com\/es\/wp-json\/wp\/v2\/tags?post=6609"}],"curies":[{"name":"wp","href":"https:\/\/api.w.org\/{rel}","templated":true}]}}