{"id":6615,"date":"2023-02-14T19:19:58","date_gmt":"2023-02-14T19:19:58","guid":{"rendered":"https:\/\/1800hurt911ga.com\/es-lawrenceville\/"},"modified":"2025-01-22T17:12:13","modified_gmt":"2025-01-22T17:12:13","slug":"es-lawrenceville","status":"publish","type":"page","link":"https:\/\/1800hurt911ga.com\/es\/es-lawrenceville\/","title":{"rendered":"Lawrenceville"},"content":{"rendered":"<h1 role=\"heading\" data-uw-styling-context=\"true\" aria-level=\"2\" data-uw-rm-heading=\"level\">Para cualquier caso de lesiones personales, p\u00f3ngase en contacto con abogados de lesiones personales en Lawrenceville al <a href=\"tel:1-800-487-8911\" data-uw-styling-context=\"true\" data-uw-rm-brl=\"exc\" aria-label=\"call 1-800-487-8911\" data-uw-rm-vglnk=\"\">1-800-HURT911\u00ae<\/a><\/h1>\n<p data-uw-styling-context=\"true\">Conseguir una indemnizaci\u00f3n por un accidente con lesiones personales es pr\u00e1cticamente imposible a menos que contrate a un abogado especializado en lesiones personales. No decimos esto como empresa de casos de lesiones personales, pero es lo que la gente suele decir. En <strong data-uw-styling-context=\"true\">The Hurt 911\u00ae Injury Group<\/strong>, queremos ayudarle a que este proceso sea f\u00e1cil y sin complicaciones. Hemos estado en esta industria durante los \u00faltimos 25 a\u00f1os, y siempre hemos ofrecido las mejores reclamaciones de indemnizaci\u00f3n por accidentes de lesiones personales para nuestros clientes. Con los m\u00e1s competentes y experimentados <strong data-uw-styling-context=\"true\">abogados de lesiones personales<\/strong> y<strong data-uw-styling-context=\"true\"> m\u00e9dicos de lesiones personales<\/strong> <strong data-uw-styling-context=\"true\">en Lawrenceville<\/strong> en nuestro equipo, nuestro \u00fanico lema es proporcionar justicia a la v\u00edctima junto con la indemnizaci\u00f3n por todo tipo de p\u00e9rdidas que se han incurrido por \u00e9l \/ ella. Cuando se encuentre atrapado en cualquier caso de accidente con lesiones personales, ll\u00e1menos y estaremos a su servicio.<\/p>\n<h2><strong data-uw-styling-context=\"true\">Atenci\u00f3n personalizada en el <a href=\"tel:1-800-487-8911\" data-uw-styling-context=\"true\" data-uw-rm-brl=\"exc\" aria-label=\"call 1-800-487-8911\" data-uw-rm-vglnk=\"\">1-800-HURT911\u00ae<\/a><\/strong><\/h2>\n<p data-uw-styling-context=\"true\" data-uw-rm-mod=\"\">Entendemos muy bien que cuando se produce un accidente, ya sea leve o grave, deja una gran sensaci\u00f3n de trauma y estr\u00e9s en la v\u00edctima y sus familiares. En los accidentes leves, los recuerdos del suceso se borran al cabo de un tiempo, pero cuando se trata de un accidente grave, el impacto dura toda la vida. Muchas personas han sufrido lesiones tan graves que han quedado confinadas en cama o han quedado lisiadas de por vida o han perdido alguna parte del cuerpo. Tambi\u00e9n hay consecuencias mortales de los accidentes, que son realmente devastadoras. Manejar una situaci\u00f3n as\u00ed es duro, y comprendemos perfectamente el dolor que usted y sus seres queridos sufren en una fase as\u00ed. Esta es la raz\u00f3n por la que ofrecemos un cuidado y una atenci\u00f3n personalizados a cada uno de nuestros clientes. Proporcionamos tratamiento m\u00e9dico de la mano de los mejores m\u00e9dicos especializados en lesiones personales, que cuidan con esmero a los pacientes y recomiendan lo mejor para ellos. Nuestros abogados de lesiones personales tambi\u00e9n dan atenci\u00f3n personal mientras atienden cada caso para obtener los mejores resultados.<\/p>\n<h2><strong data-uw-styling-context=\"true\">Reclamaciones legales s\u00f3lidas con los mejores abogados de lesiones personales<\/strong><\/h2>\n<p data-uw-styling-context=\"true\">Como ya se ha mencionado, nuestros <strong data-uw-styling-context=\"true\">abogados de lesiones personales en<\/strong> <strong data-uw-styling-context=\"true\">Lawrenceville <\/strong>son expertos en su trabajo. Han ayudado a innumerables clientes a obtener la mejor indemnizaci\u00f3n por sus reclamaciones por accidentes con lesiones personales. Sabemos que presentar un caso ante los tribunales requiere un mont\u00f3n de documentaci\u00f3n y recopilaci\u00f3n de pruebas, etc. Nos ocuparemos de todas esas cosas por usted para que pueda concentrarse por completo en su tratamiento y proceso de recuperaci\u00f3n, y ponerse bien pronto. Sabemos que con la documentaci\u00f3n adecuada, nuestras posibilidades de ganar el caso y obtener una indemnizaci\u00f3n son altas, y nos aseguramos de reforzar las reclamaciones legales tanto como sea posible.<\/p>\n<h2><strong data-uw-styling-context=\"true\">Los mejores servicios al menor coste<\/strong><\/h2>\n<p data-uw-styling-context=\"true\">Mucha gente tiene la idea de que acudir a un abogado significa hacer un agujero en el bolsillo. Pero en <b data-uw-styling-context=\"true\">The Hurt 911\u00ae Injury<\/b> Group, usted no tiene tal preocupaci\u00f3n. Nuestro principal objetivo es ayudarle a obtener la m\u00e1xima indemnizaci\u00f3n por su accidente con lesiones personales. No cobramos dinero por adelantado por su caso. Tomamos nuestros casos sobre una base de contingencia, lo que significa que hasta y a menos que obtenga su compensaci\u00f3n, no nos pagan. Hasta que no consigamos un acuerdo o ganemos su caso, no nos debe dinero. Nuestros <strong data-uw-styling-context=\"true\">m\u00e9dicos de lesiones <\/strong> <strong data-uw-styling-context=\"true\">personales<\/strong> <strong data-uw-styling-context=\"true\">en Lawrenceville <\/strong>tambi\u00e9n trabajan en una base de derecho de retenci\u00f3n y se les paga una vez que el caso se resuelve con \u00e9xito.<\/p>\n<p data-uw-styling-context=\"true\">Hable hoy mismo con <a href=\"https:\/\/1800hurt911ga.com\/es\/sobre-nosotros\/\">nosotros sobre<\/a> su caso de accidente con lesiones personales.<\/p>\n","protected":false},"excerpt":{"rendered":"<p>Para cualquier caso de lesiones personales, p\u00f3ngase en contacto con abogados de lesiones personales en Lawrenceville al 1-800-HURT911\u00ae Conseguir una indemnizaci\u00f3n por un accidente con lesiones personales es pr\u00e1cticamente imposible a menos que contrate a un abogado especializado en lesiones personales. No decimos esto como empresa de casos de lesiones personales, pero es lo que [&hellip;]<\/p>\n","protected":false},"author":27,"featured_media":0,"parent":0,"menu_order":0,"comment_status":"closed","ping_status":"closed","template":"","meta":{"_acf_changed":false,"anchor_text":"","footnotes":""},"categories":[],"tags":[],"class_list":["post-6615","page","type-page","status-publish","hentry"],"acf":[],"_links":{"self":[{"href":"https:\/\/1800hurt911ga.com\/es\/wp-json\/wp\/v2\/pages\/6615","targetHints":{"allow":["GET"]}}],"collection":[{"href":"https:\/\/1800hurt911ga.com\/es\/wp-json\/wp\/v2\/pages"}],"about":[{"href":"https:\/\/1800hurt911ga.com\/es\/wp-json\/wp\/v2\/types\/page"}],"author":[{"embeddable":true,"href":"https:\/\/1800hurt911ga.com\/es\/wp-json\/wp\/v2\/users\/27"}],"replies":[{"embeddable":true,"href":"https:\/\/1800hurt911ga.com\/es\/wp-json\/wp\/v2\/comments?post=6615"}],"version-history":[{"count":2,"href":"https:\/\/1800hurt911ga.com\/es\/wp-json\/wp\/v2\/pages\/6615\/revisions"}],"predecessor-version":[{"id":14491,"href":"https:\/\/1800hurt911ga.com\/es\/wp-json\/wp\/v2\/pages\/6615\/revisions\/14491"}],"wp:attachment":[{"href":"https:\/\/1800hurt911ga.com\/es\/wp-json\/wp\/v2\/media?parent=6615"}],"wp:term":[{"taxonomy":"category","embeddable":true,"href":"https:\/\/1800hurt911ga.com\/es\/wp-json\/wp\/v2\/categories?post=6615"},{"taxonomy":"post_tag","embeddable":true,"href":"https:\/\/1800hurt911ga.com\/es\/wp-json\/wp\/v2\/tags?post=6615"}],"curies":[{"name":"wp","href":"https:\/\/api.w.org\/{rel}","templated":true}]}}