{"id":6617,"date":"2023-02-14T19:22:43","date_gmt":"2023-02-14T19:22:43","guid":{"rendered":"https:\/\/1800hurt911ga.com\/?page_id=6617"},"modified":"2025-01-22T17:11:25","modified_gmt":"2025-01-22T17:11:25","slug":"es-lithia","status":"publish","type":"page","link":"https:\/\/1800hurt911ga.com\/es\/es-lithia\/","title":{"rendered":"Lithia"},"content":{"rendered":"<h1><strong>Obtenga una compensaci\u00f3n sustancial por lesiones personales con la ayuda de abogados de lesiones personales en Lithia Springs<\/strong><\/h1>\n<p>Los accidentes son sucesos sin incidentes que pueden ocurrir en cualquier momento y con cualquier persona.\u00a0Se ha notado que a pesar de tener mucho cuidado, uno puede encontrarse con un accidente por culpa o negligencia de otros.\u00a0Adem\u00e1s de sufrir lesiones en tales accidentes, uno tambi\u00e9n est\u00e1 enojado con la parte acusada por su descuido.\u00a0Algunos de estos accidentes pueden ser bastante graves y pueden tener consecuencias fatales tambi\u00e9n.\u00a0Es posible que la v\u00edctima necesite un tratamiento m\u00e9dico extenso, lo que significa enormes facturas m\u00e9dicas, estad\u00edas en el hospital, p\u00e9rdida de horas de trabajo y sin olvidar el estr\u00e9s y el trauma f\u00edsico, mental y financiero.\u00a0Si su accidente es por culpa de otros, puede reclamar una indemnizaci\u00f3n a la parte acusada.\u00a0Y para eso, necesitar\u00e1 la ayuda de\u00a0<strong>abogados de lesiones personales en Lithia Springs<\/strong>.<\/p>\n<h2><strong>\u00bfC\u00f3mo podemos ayudarlo en el\u00a0\u00a0<\/strong><a href=\"tel:1-855-475-2588\">1-800-HURT911\u00ae?<\/a><\/h2>\n<p>Somos The Hurt 911\u00ae Injury Group, un equipo de los mejores m\u00e9dicos y abogados que se especializan en casos de lesiones personales. Estamos ubicados en Atlanta y tenemos ubicaciones en todo Georgia, ofreciendo servicios a las personas que nos necesitan. Contamos con algunos de los mejores abogados de lesiones personales en nuestro equipo, y podemos ayudarlo a obtener la mejor compensaci\u00f3n por las p\u00e9rdidas en las que ha incurrido en el accidente de lesiones personales.<\/p>\n<p>Despu\u00e9s del accidente automovil\u00edstico o cualquier accidente con lesiones personales, debe llamarnos al\u00a0\u00a0<a href=\"tel:1-855-475-2588\">1-800-HURT911\u00ae<\/a>\u00a0y estaremos all\u00ed para servirle.\u00a0Antes que nada, nos aseguramos de que reciba el tratamiento m\u00e9dico adecuado y, para eso, contamos con nuestros propios\u00a0<strong>m\u00e9dicos de lesiones personales\u00a0en Lithia Springs<\/strong>\u00a0en nuestro equipo.\u00a0Nuestros m\u00e9dicos revisar\u00e1n minuciosamente al paciente y le brindar\u00e1n el tratamiento necesario.\u00a0Si es necesario, se le pedir\u00e1 al paciente que se someta a las pruebas y tratamientos necesarios.\u00a0Una vez que lleguen los informes, podemos comenzar a prepararnos para su caso.<\/p>\n<p>Nuestros abogados de lesiones personales tienen experiencia y han ganado innumerables casos de lesiones personales.\u00a0Hemos obtenido millones de d\u00f3lares en reclamaciones de compensaci\u00f3n para nuestros clientes.\u00a0Conocemos los trucos del oficio y hacemos todo lo posible para que obtenga justicia y apoyo monetario al mismo tiempo. Ll\u00e1menos al\u00a0\u00a0<a href=\"tel:1-855-475-2588\">1-800-HURT911\u00ae<\/a>\u00a0\u00a0lo antes posible despu\u00e9s del accidente para que podamos comenzar a trabajar en su nombre reuniendo pruebas sustanciales en su contra. la persona acusada.<\/p>\n<h2><strong>\u00bfCu\u00e1les son nuestras \u00e1reas de pr\u00e1ctica especial?<\/strong><\/h2>\n<p>Hay diferentes categor\u00edas de accidentes con lesiones personales.\u00a0A continuaci\u00f3n se mencionan nuestras \u00e1reas de pr\u00e1ctica especializada:<\/p>\n<p><a href=\"https:\/\/1800hurt911ga.com\/marta-accidents\/\">accidentes MARTA<\/a><\/p>\n<ul>\n<li><a href=\"https:\/\/1800hurt911ga.com\/slip-trip-and-fall-accidents\/\">Accidentes por resbalones, tropiezos y ca\u00eddas<\/a><\/li>\n<li><a href=\"https:\/\/1800hurt911ga.com\/drunk-driving-accidents\/\">DUI\/accidentes por conducir ebrio<\/a><\/li>\n<li><a href=\"https:\/\/1800hurt911ga.com\/bicycle-accidents\/\">accidentes de bicicleta<\/a><\/li>\n<li><a href=\"https:\/\/1800hurt911ga.com\/scooter-accidents\/\">Accidentes de scooter<\/a><\/li>\n<li><a href=\"https:\/\/1800hurt911ga.com\/big-truck-accidents\/\">Grandes accidentes de camiones<\/a><\/li>\n<li><a href=\"https:\/\/1800hurt911ga.com\/car-accidents\/\">Accidentes automovil\u00edsticos<\/a><\/li>\n<li><a href=\"https:\/\/1800hurt911ga.com\/bicycle-accidents\/\">accidentes de bicicleta<\/a><\/li>\n<li><a href=\"https:\/\/1800hurt911ga.com\/uber-lyft-accidents\/\">Accidentes de Uber y Lyft<\/a><\/li>\n<li><a href=\"https:\/\/1800hurt911ga.com\/hit-and-run\/\">Accidentes de golpe y fuga<\/a><\/li>\n<\/ul>\n<p>Los abogados de lesiones personales de nuestro equipo est\u00e1n especializados en \u00e1reas espec\u00edficas de casos de lesiones personales, y remitimos el caso al abogado respectivo para que el mejor abogado y el m\u00e1s adecuado puedan ocuparse de su caso y ayudarlo a obtener la m\u00e1xima compensaci\u00f3n.<\/p>\n<h2><strong>\u00a1Comun\u00edquese con nosotros ahora!<\/strong><\/h2>\n<p>En\u00a0\u00a0<a href=\"https:\/\/1800hurt911ga.com\/\">The Hurt 911\u00ae Injury Group<\/a>\u00a0, nuestros\u00a0<strong>abogados de lesiones personales<\/strong>\u00a0y nuestros\u00a0 m\u00e9dicos de lesiones\u00a0<strong>personales\u00a0en Lithia Springs<\/strong>\u00a0siempre est\u00e1n listos para ayudarlo.\u00a0Comun\u00edquese con nosotros por tel\u00e9fono o correo electr\u00f3nico siempre que nos necesite.\u00a0Y no te preocupes por los costos.\u00a0No tomamos dinero por adelantado de usted.\u00a0Solo si tenemos \u00e9xito en obtener su compensaci\u00f3n es cuando tomamos nuestra tarifa, no de otra manera.\u00a0\u00a1Pon tu confianza en nosotros, y no te preocupes y sabe que si te Importa a Ti nos Importa a Nosotros!<\/p>\n<p>&nbsp;<\/p>\n","protected":false},"excerpt":{"rendered":"<p>Obtenga una compensaci\u00f3n sustancial por lesiones personales con la ayuda de abogados de lesiones personales en Lithia Springs Los accidentes son sucesos sin incidentes que pueden ocurrir en cualquier momento y con cualquier persona.\u00a0Se ha notado que a pesar de tener mucho cuidado, uno puede encontrarse con un accidente por culpa o negligencia de otros.\u00a0Adem\u00e1s [&hellip;]<\/p>\n","protected":false},"author":27,"featured_media":0,"parent":0,"menu_order":0,"comment_status":"closed","ping_status":"closed","template":"","meta":{"_acf_changed":false,"anchor_text":"","footnotes":""},"categories":[],"tags":[],"class_list":["post-6617","page","type-page","status-publish","hentry"],"acf":[],"_links":{"self":[{"href":"https:\/\/1800hurt911ga.com\/es\/wp-json\/wp\/v2\/pages\/6617","targetHints":{"allow":["GET"]}}],"collection":[{"href":"https:\/\/1800hurt911ga.com\/es\/wp-json\/wp\/v2\/pages"}],"about":[{"href":"https:\/\/1800hurt911ga.com\/es\/wp-json\/wp\/v2\/types\/page"}],"author":[{"embeddable":true,"href":"https:\/\/1800hurt911ga.com\/es\/wp-json\/wp\/v2\/users\/27"}],"replies":[{"embeddable":true,"href":"https:\/\/1800hurt911ga.com\/es\/wp-json\/wp\/v2\/comments?post=6617"}],"version-history":[{"count":4,"href":"https:\/\/1800hurt911ga.com\/es\/wp-json\/wp\/v2\/pages\/6617\/revisions"}],"predecessor-version":[{"id":14490,"href":"https:\/\/1800hurt911ga.com\/es\/wp-json\/wp\/v2\/pages\/6617\/revisions\/14490"}],"wp:attachment":[{"href":"https:\/\/1800hurt911ga.com\/es\/wp-json\/wp\/v2\/media?parent=6617"}],"wp:term":[{"taxonomy":"category","embeddable":true,"href":"https:\/\/1800hurt911ga.com\/es\/wp-json\/wp\/v2\/categories?post=6617"},{"taxonomy":"post_tag","embeddable":true,"href":"https:\/\/1800hurt911ga.com\/es\/wp-json\/wp\/v2\/tags?post=6617"}],"curies":[{"name":"wp","href":"https:\/\/api.w.org\/{rel}","templated":true}]}}