{"id":6620,"date":"2023-02-14T19:23:05","date_gmt":"2023-02-14T19:23:05","guid":{"rendered":"https:\/\/1800hurt911ga.com\/?page_id=6620"},"modified":"2025-04-04T13:29:24","modified_gmt":"2025-04-04T18:29:24","slug":"es-macon","status":"publish","type":"page","link":"https:\/\/1800hurt911ga.com\/es\/es-macon\/","title":{"rendered":"Macon"},"content":{"rendered":"<h2><strong>Abogados experimentados en lesiones personales en Macon, GA de la Casa de\u00a0\u00a0<\/strong><a href=\"tel:1-855-475-2588\">1-800-HURT911\u00ae<\/a><\/h2>\n<p>Los accidentes debido a la negligencia o el comportamiento imprudente de otros no son nada raros.\u00a0Miles de casos de este tipo siguen ocurriendo en todo Georgia.\u00a0Si bien algunos de los accidentes son menores y se tratan con primeros auxilios simples, algunos de los accidentes se vuelven muy serios y severos.\u00a0Las consecuencias fatales de tales accidentes tambi\u00e9n han sido presenciadas.\u00a0Atlanta, Georgia, es uno de los estados m\u00e1s propensos a los accidentes del pa\u00eds, y la mayor\u00eda de estos casos se incluyen en el segmento de accidentes con lesiones personales y Macon, GA, tiene su cuota de accidentes automovil\u00edsticos.\u00a0Si ha sido v\u00edctima de un accidente con lesiones personales, puede reclamar una indemnizaci\u00f3n a la parte acusada.\u00a0La compensaci\u00f3n es por las facturas m\u00e9dicas, las horas perdidas en el trabajo y otros da\u00f1os que puedan haber ocurrido, etc.\u00a0\u00a0<strong>The Hurt 911\u00ae Injury Group <\/strong>es un grupo experimentado de los mejores m\u00e9dicos y abogados que se especializan en casos de lesiones personales y accidentes automovil\u00edsticos.\u00a0Tenemos sucursales en todo Georgia, principalmente en Greater\u00a0\u00a0<a href=\"https:\/\/1800hurt911ga.com\/attorney-referrals\/\">Atlanta<\/a>\u00a0, incluido Macon, GA.<\/p>\n<h2>\u00bf Qu\u00e9 \u00e1reas est\u00e1n cubiertas por\u00a0 los abogados de lesiones personales\u00a0<a href=\"tel:1-800-522-2277\">1-800-HURT911\u00ae<\/a>\u00a0\u00a0en Macon, GA?<\/h2>\n<p>Es posible que no est\u00e9 al tanto del hecho de que existen diferentes segmentos en los accidentes con lesiones personales, y estos est\u00e1n marcados como \u00e1reas de pr\u00e1ctica en t\u00e9rminos legales.\u00a0Algunas \u00e1reas de pr\u00e1ctica que est\u00e1n cubiertas por\u00a0<strong>\u00a0los abogados de lesiones personales en Macon\u00a0<\/strong>\u00a0incluyen las siguientes:<\/p>\n<ul>\n<li><a href=\"https:\/\/1800hurt911ga.com\/drunk-driving-accidents\/\" target=\"_blank\" rel=\"noopener\">Conducir ebrio\/accidente de DUI<\/a><\/li>\n<li><a href=\"https:\/\/1800hurt911ga.com\/es\/accidentes-por-resbalones-tropiezos-y-caidas\/\" target=\"_blank\" rel=\"noopener\">Accidente de resbal\u00f3n, tropiezo y ca\u00edda<\/a><\/li>\n<li><a href=\"https:\/\/1800hurt911ga.com\/hit-and-run\/\">Accidente de atropello y fuga<\/a><\/li>\n<li><a href=\"https:\/\/1800hurt911ga.com\/es\/accidentes-automovilisticos\/\" target=\"_blank\" rel=\"noopener\">Accidente automovilistico<\/a><\/li>\n<li><a href=\"https:\/\/1800hurt911ga.com\/es\/accidentes-de-moto\/\">accidente de moto<\/a><\/li>\n<li><a href=\"https:\/\/1800hurt911ga.com\/es\/accidentes-de-scooters\/\" target=\"_blank\" rel=\"noopener\">Accidente de scooter<\/a><\/li>\n<li><a href=\"https:\/\/1800hurt911ga.com\/es\/accidentes-de-camiones-grandes\/\" target=\"_blank\" rel=\"noopener\">Accidente de cami\u00f3n grande<\/a><\/li>\n<li><a href=\"https:\/\/1800hurt911ga.com\/es\/accidentes-marta\/\" target=\"_blank\" rel=\"noopener\">Accidente MARTA<\/a><\/li>\n<li><a href=\"https:\/\/1800hurt911ga.com\/es\/uber-lyft-accidentes\/\" target=\"_blank\" rel=\"noopener\">Accidente de Uber y Lyft<\/a><\/li>\n<li>accidente de bicicleta<\/li>\n<\/ul>\n<p>Contamos con abogados especializados para cada uno de estos segmentos.\u00a0Una vez que lo escuchemos, le recomendaremos qu\u00e9 abogado se adaptar\u00e1 mejor a sus necesidades.\u00a0Si resulta herido y lesionado en cualquiera de los accidentes mencionados anteriormente, nuestros abogados se asegurar\u00e1n de que obtenga el mejor reclamo de compensaci\u00f3n por las p\u00e9rdidas que ha sufrido.\u00a0La compensaci\u00f3n ayudar\u00e1 a lidiar con las diversas obligaciones financieras que debe atravesar despu\u00e9s de la fase del accidente.<\/p>\n<p>Un\u00a0\u00a0<strong>abogado de lesiones personales de Macon GA<\/strong>\u00a0\u00a0puede ayudarlo a reclamar todos los da\u00f1os causados por una lesi\u00f3n temporal o permanente.\u00a0Estos reclamos pueden variar desde su salud y finanzas hasta su relaci\u00f3n alterada con la familia.\u00a0La \u00fanica condici\u00f3n es que los da\u00f1os se eval\u00faen y reclamen a tiempo para fortalecer su caso.<\/p>\n<h2><strong>La lista de da\u00f1os que puede reclamar durante una lesi\u00f3n personal en Macon, GA es:<\/strong><\/h2>\n<h3>Compensaci\u00f3n m\u00e9dica<\/h3>\n<p>Incluye el costo del tratamiento m\u00e9dico, medicamentos, equipo m\u00e9dico como muletas, costo de transporte al hospital y procedimientos de diagn\u00f3stico como radiograf\u00edas y an\u00e1lisis de sangre.<\/p>\n<h3>P\u00e9rdida de salarios<\/h3>\n<p>Si su lesi\u00f3n lo ha dejado incapacitado para trabajar, es elegible para reclamar una compensaci\u00f3n por todos los salarios perdidos.\u00a0Su abogado de lesiones personales de Macon lo ayudar\u00e1 a determinar el proceso de documentaci\u00f3n de salarios perdidos y obtener una carta de su empleador.<\/p>\n<h3>Da\u00f1o a la capacidad de ganancia<\/h3>\n<p>En accidentes casi fatales, las v\u00edctimas a menudo sufren lesiones permanentes que les impiden trabajar a su m\u00e1xima capacidad.\u00a0Puede resultar en una reducci\u00f3n de las horas de trabajo y un cambio en las responsabilidades.<\/p>\n<p>Por lo tanto, teniendo en cuenta factores como su experiencia, habilidades e historial salarial, su\u00a0\u00a0<strong>abogado de lesiones personales en Macon, GA<\/strong>\u00a0, lo ayudar\u00e1 a reclamar el acuerdo correcto.<\/p>\n<h3>Sufrimiento mental<\/h3>\n<p>Los accidentes pueden afectar su salud mental.\u00a0A menudo, los pacientes experimentan problemas psicol\u00f3gicos y problemas mentales como depresi\u00f3n, ansiedad e insomnio.\u00a0La documentaci\u00f3n adecuada de su experiencia, que se puede escribir en los diarios, ayudar\u00e1 a fortalecer su caso para el reclamo.<\/p>\n<h3>P\u00e9rdida de compa\u00f1\u00eda con el c\u00f3nyuge<\/h3>\n<p>Las circunstancias pueden tardar en volver a la normalidad despu\u00e9s de un accidente.\u00a0Ya sea por estar emocionalmente disponible para su pareja o por una reducci\u00f3n en la intimidad sexual.\u00a0Puede aflojar los hilos de una relaci\u00f3n rom\u00e1ntica.<\/p>\n<p>En tales casos, puede solicitar una compensaci\u00f3n por p\u00e9rdida de consorcio o p\u00e9rdida de compa\u00f1\u00eda.\u00a0Los testimonios de amigos, familiares o incluso de su c\u00f3nyuge pueden ayudar a construir un caso para reclamar una compensaci\u00f3n.<\/p>\n<p>Para saber m\u00e1s sobre los posibles reclamos, llame ahora a un abogado de lesiones personales en Macon, GA.<\/p>\n<h2>Por qu\u00e9 es importante la asistencia oportuna de un abogado en un caso de lesiones personales en Macon, GA<\/h2>\n<p>Despu\u00e9s de todo el dolor y el sufrimiento que ha soportado, no quiere perder su derecho a presentar una reclamaci\u00f3n.\u00a0La ley de Georgia estipula que debe presentar reclamos por lesiones personales dentro de los dos a\u00f1os posteriores a la fecha de su lesi\u00f3n.\u00a0La misma regla se aplica si ha perdido a su ser querido en un accidente.<\/p>\n<p>Por lo tanto, la restricci\u00f3n de tiempo hace que sea esencial ponerse en contacto con\u00a0\u00a0<strong>el abogado de lesiones personales de Macon<\/strong>\u00a0\u00a0inmediatamente despu\u00e9s del accidente.\u00a0El Hurt Injury Center est\u00e1 disponible las 24 horas del d\u00eda, los 7 d\u00edas de la semana para su servicio con un equipo de los\u00a0\u00a0<strong>mejores abogados de lesiones personales en Macon, GA<\/strong>\u00a0.\u00a0Cont\u00e1ctenos para asistencia inmediata.<\/p>\n<h2>\u00bfSe pregunta por qu\u00e9 contratar al abogado del centro de lesiones Hurt?\u00a0\u00a1Las pol\u00edticas centradas en el cliente son nuestra USP!<\/h2>\n<p>Los accidentes pueden ser extremadamente estresantes y traum\u00e1ticos para usted y su familia.\u00a0En esos momentos de desesperaci\u00f3n y agon\u00eda personal, buscas personas que alivien tu dolor y sufrimiento.\u00a0Por lo tanto, debe elegir al abogado de lesiones personales adecuado en Macon, GA.\u00a0El emp\u00e1tico;\u00a0quien te ayudar\u00eda a atravesar tu miseria sin esfuerzo.<\/p>\n<p>En The Hurt Injury Center, nuestro equipo compuesto por los mejores\u00a0\u00a0<strong>abogados de lesiones personales en Macon, GA<\/strong>\u00a0, es lo suficientemente sensible a sus necesidades y lo suficientemente agresivo para obtener la compensaci\u00f3n que merece.<\/p>\n<h2>Estas son algunas de nuestras pol\u00edticas que hacen eco de nuestro enfoque profesional:<\/h2>\n<h2>Ayuda m\u00e9dica inmediata con enfoque en la recuperaci\u00f3n<\/h2>\n<p>\u00bfSab\u00eda que los expertos recomiendan que un m\u00e9dico lo examine dentro de las 72 horas posteriores a un accidente automovil\u00edstico?\u00a0Los m\u00e9dicos de lesiones personales en The Hurt Injury Center primero se enfocan en su recuperaci\u00f3n mediante el tratamiento m\u00e9dico adecuado.\u00a0En segundo lugar, entregan conclusiones inmediatas para determinar si se requiere un abogado.\u00a0En tercer lugar, su espacio personal ser\u00e1 valorado por nuestros m\u00e9dicos, que proh\u00edben hablar con el paciente hasta que su estado mejore.<\/p>\n<h2>\u00a1Recibimos el pago despu\u00e9s de que obtenga un acuerdo!<\/h2>\n<p>Entendemos lo problem\u00e1tico que puede ser para el sobreviviente o la familia hacer frente al trauma emocional y f\u00edsico.\u00a0Por lo tanto, nos ocupamos de los casos de lesiones personales de forma contingente: a un cliente no se le cobra una tarifa legal hasta que obtiene su acuerdo.<\/p>\n<h2>Investigaci\u00f3n detallada de lesiones por m\u00e9dicos<\/h2>\n<p>Obtener el tratamiento adecuado y registrar la evidencia de lesiones para reclamar negligencia de la otra parte es un proceso imperativo para fortalecer su caso de lesiones personales en Macon, Georgia.\u00a0Actuar como evidencia lo ayudar\u00e1 a reclamar una compensaci\u00f3n por da\u00f1os leg\u00edtima.<\/p>\n<p>Ofrecemos los mejores centros de lesiones en Atlanta, donde nuestros m\u00e9dicos diagnostican r\u00e1pidamente sus lesiones para brindar la atenci\u00f3n adecuada.\u00a0Proporcionamos los informes m\u00e9dicos y las recetas lo antes posible para presentar el caso de reclamo de compensaci\u00f3n en la corte.<\/p>\n<h2>No se requiere seguro m\u00e9dico<\/h2>\n<p>Preguntar si tiene seguro de salud cuando llama para pedir ayuda en una condici\u00f3n lesionada no es nuestra norma.\u00a0Nuestros m\u00e9dicos de lesiones personales en Macon, GA, trabajan con derecho de retenci\u00f3n y no lo molestan para que le paguen durante su juicio.<\/p>\n<h2>25 a\u00f1os de Experiencia<\/h2>\n<p>Con 25 a\u00f1os en el sector legal, hemos tratado numerosos casos de lesiones personales en Macon, Georgia.\u00a0Nuestra experiencia nos dice que los demandantes quieren que su proceso de acuerdo legal se resuelva lo antes posible con la m\u00e1xima compensaci\u00f3n por da\u00f1os.\u00a0Nuestro equipo experto de\u00a0\u00a0<strong>abogados de lesiones personales en Macon, Georgia,<\/strong>\u00a0\u00a0le ahorrar\u00e1 la molestia de los casos judiciales prolongados y lo impulsar\u00e1 a presentar reclamos legales s\u00f3lidos.<\/p>\n<h2>Asistencia con negligencia contributiva<\/h2>\n<p>La ley de negligencia contributiva a menudo da como resultado la reducci\u00f3n del monto de la compensaci\u00f3n al resolver un reclamo por lesiones personales.\u00a0Ocurre cuando hay culpa parcial de la v\u00edctima.\u00a0Puede perder la compensaci\u00f3n total si su porcentaje de culpa es m\u00e1s alto que el de la otra parte.<\/p>\n<p><strong>Los abogados de lesiones personales de Macon<\/strong>\u00a0\u00a0de The Hurt Injury Center se aseguran de que no se le asigne un porcentaje m\u00e1s alto de culpa que la parte responsable de su lesi\u00f3n.\u00a0Sucede a trav\u00e9s de una investigaci\u00f3n exhaustiva y una negociaci\u00f3n agresiva.\u00a0El cliente debe buscar asistencia inmediata para aumentar la posibilidad de un arreglo favorable.<\/p>\n<h2>Atenci\u00f3n y Compasi\u00f3n al\u00a0\u00a0<a href=\"tel:1-800-522-2277\">1-800-HURT911\u00ae<\/a><\/h2>\n<p>En\u00a0\u00a0<a href=\"tel:1-800-522-2277\">el 1-800-HURT911\u00ae<\/a>\u00a0, sabemos que cada accidente trae consigo una experiencia muy estresante y traum\u00e1tica.\u00a0Algunos accidentes dejan un impacto imborrable en la mente de la v\u00edctima y se vuelven muy dif\u00edciles de eliminar.\u00a0Cuando acude a nosotros, lo primero que nos aseguramos es que reciba el tratamiento m\u00e9dico adecuado.\u00a0Y para eso, contamos con nuestro equipo de\u00a0<strong>\u00a0m\u00e9dicos de lesiones personales extremadamente atentos y compasivos en Macon<\/strong>\u00a0.\u00a0Nuestros m\u00e9dicos realizan un minucioso chequeo y diagn\u00f3stico de la v\u00edctima para prescribir los tratamientos m\u00e9dicos adecuados y la medicaci\u00f3n en caso necesario.\u00a0Los informes y recetas del m\u00e9dico son necesarios para presentar el caso de reclamo de compensaci\u00f3n en la corte.\u00a0Nuestros m\u00e9dicos no permiten hablar con el paciente hasta que se sienta mejor y recuperado.<\/p>\n<h2>P\u00f3ngase en contacto con nuestros abogados de lesiones personales en Macon, GA, ahora<\/h2>\n<p>Obtener un reclamo de compensaci\u00f3n por lesiones personales es imposible sin la ayuda de abogados.\u00a0Y aqu\u00ed es donde nuestros\u00a0 abogados\u00a0<strong>de lesiones personales\u00a0<\/strong>\u00a0<strong>en Macon<\/strong>\u00a0\u00a0vienen a ayudarlo.\u00a0Conocemos los trucos del oficio y las formas en que se debe presentar el caso para obtener el reclamo de compensaci\u00f3n.\u00a0Nuestros\u00a0\u00a0<strong>m\u00e9dicos de lesiones\u00a0personales<\/strong>\u00a0\u00a0en Macon \u00a0tambi\u00e9n nos ayudan mucho al proporcionar documentos m\u00e9dicos de respaldo para el caso.\u00a0Simplemente ll\u00e1menos despu\u00e9s del accidente y d\u00e9jenos el resto a nosotros y puede estar seguro de que lo tenemos cubierto.\u00a0Solo cobraremos nuestros honorarios si le conseguimos una compensaci\u00f3n por su caso, no de otra manera.<\/p>\n<p>Las consecuencias de una lesi\u00f3n personal pueden ser devastadoras.\u00a0Si est\u00e1 buscando un\u00a0\u00a0<strong>abogado de lesiones personales en Macon, GA<\/strong>\u00a0, la experiencia de The Hurt Injury Center en acuerdos de casos oportunos y sin complicaciones puede ser de su servicio.\u00a0\u00a1T\u00fa te enfocas en la recuperaci\u00f3n y d\u00e9janos administrar el resto por ti!\u00a0Llame ahora al\u00a0\u00a0<a href=\"tel:1-855-475-2588\">1-855-475-2588<\/a> \u00a0para solicitar una consulta GRATUITA. Nuestros servicios son su soluci\u00f3n integral para toda la ayuda necesaria para su lesi\u00f3n personal: brindamos asistencia legal con Hurt 911\u00ae Legal; asistencia m\u00e9dica con Hurt 911\u00ae Medical; asistencia inmediata de transporte hacia y desde nuestra oficina con Hurt 911\u00ae Transportation.<\/p>\n<p>&nbsp;<\/p>\n","protected":false},"excerpt":{"rendered":"<p>Abogados experimentados en lesiones personales en Macon, GA de la Casa de\u00a0\u00a01-800-HURT911\u00ae Los accidentes debido a la negligencia o el comportamiento imprudente de otros no son nada raros.\u00a0Miles de casos de este tipo siguen ocurriendo en todo Georgia.\u00a0Si bien algunos de los accidentes son menores y se tratan con primeros auxilios simples, algunos de los [&hellip;]<\/p>\n","protected":false},"author":27,"featured_media":0,"parent":0,"menu_order":0,"comment_status":"closed","ping_status":"closed","template":"","meta":{"_acf_changed":false,"anchor_text":"","footnotes":""},"categories":[],"tags":[],"class_list":["post-6620","page","type-page","status-publish","hentry"],"acf":[],"_links":{"self":[{"href":"https:\/\/1800hurt911ga.com\/es\/wp-json\/wp\/v2\/pages\/6620","targetHints":{"allow":["GET"]}}],"collection":[{"href":"https:\/\/1800hurt911ga.com\/es\/wp-json\/wp\/v2\/pages"}],"about":[{"href":"https:\/\/1800hurt911ga.com\/es\/wp-json\/wp\/v2\/types\/page"}],"author":[{"embeddable":true,"href":"https:\/\/1800hurt911ga.com\/es\/wp-json\/wp\/v2\/users\/27"}],"replies":[{"embeddable":true,"href":"https:\/\/1800hurt911ga.com\/es\/wp-json\/wp\/v2\/comments?post=6620"}],"version-history":[{"count":8,"href":"https:\/\/1800hurt911ga.com\/es\/wp-json\/wp\/v2\/pages\/6620\/revisions"}],"predecessor-version":[{"id":15510,"href":"https:\/\/1800hurt911ga.com\/es\/wp-json\/wp\/v2\/pages\/6620\/revisions\/15510"}],"wp:attachment":[{"href":"https:\/\/1800hurt911ga.com\/es\/wp-json\/wp\/v2\/media?parent=6620"}],"wp:term":[{"taxonomy":"category","embeddable":true,"href":"https:\/\/1800hurt911ga.com\/es\/wp-json\/wp\/v2\/categories?post=6620"},{"taxonomy":"post_tag","embeddable":true,"href":"https:\/\/1800hurt911ga.com\/es\/wp-json\/wp\/v2\/tags?post=6620"}],"curies":[{"name":"wp","href":"https:\/\/api.w.org\/{rel}","templated":true}]}}