{"id":6627,"date":"2023-02-14T19:28:47","date_gmt":"2023-02-14T19:28:47","guid":{"rendered":"https:\/\/1800hurt911ga.com\/es-marietta\/"},"modified":"2025-01-22T17:08:22","modified_gmt":"2025-01-22T17:08:22","slug":"es-marietta","status":"publish","type":"page","link":"https:\/\/1800hurt911ga.com\/es\/es-marietta\/","title":{"rendered":"Marietta"},"content":{"rendered":"<h1><strong>The Hurt 911\u00ae Injury Group: encuentre los mejores abogados y m\u00e9dicos de lesiones personales en Marietta<\/strong><\/h1>\n<p>Las lesiones pueden ocurrirle a cualquiera en cualquier momento. La lesi\u00f3n puede producirse por culpa y negligencia propia o por negligencia ajena. El alcance de las lesiones por un accidente puede variar dependiendo de varios factores. Si bien algunas de las lesiones son menores y mejoran con solo primeros auxilios, otras lesiones pueden ser bastante graves y requieren intervenci\u00f3n m\u00e9dica.<\/p>\n<p>Se ha visto que en muchos accidentes, la persona tiene que permanecer confinada en la cama durante un lapso de tiempo determinado y debe permanecer bajo observaci\u00f3n. Algunos accidentes pueden dejar a uno lisiado de por vida o discapacitado, y lo peor de todo, pueden tener consecuencias fatales. Si se encuentra en tal situaci\u00f3n, comun\u00edquese con The Hurt 911\u00ae Injury Group, un equipo de los mejores <strong>abogados y m\u00e9dicos de lesiones personales en Marietta<\/strong> sin demora.<\/p>\n<p>Cuando el accidente se produce por culpa y negligencia de otros, la v\u00edctima puede reclamar una indemnizaci\u00f3n por los perjuicios ocasionados. En The Hurt 911\u00ae Injury Group, estamos aqu\u00ed para ayudar a las v\u00edctimas a resolver su caso con \u00e9xito y obtener el monto del reclamo. A estas alturas, debe haber entendido que somos un bufete de abogados, que se especializa en casos de lesiones personales. Contamos con un panel de abogados altamente experimentados y exitosos en nuestro equipo, que lo guiar\u00e1n en todos los aspectos de su caso para que gane el mismo y obtenga una indemnizaci\u00f3n. Junto a esto, tambi\u00e9n contamos con nuestro equipo de m\u00e9dicos que lo atender\u00e1n despu\u00e9s del accidente y realizar\u00e1n los documentos necesarios para la presentaci\u00f3n del caso. Por lo tanto, cuando venga al 1-800-HURT The Hurt 911\u00ae Injury Group 911, recibir\u00e1 ayuda m\u00e9dica y legal para su caso.<\/p>\n<h2>\u00bfPor qu\u00e9 elegir The Hurt 911\u00ae Injury Group?<\/h2>\n<p>Es un hecho bien conocido que algunas de las mejores firmas de abogados de lesiones personales se encuentran en Marietta. Ahora surge la pregunta: \u00bfPor qu\u00e9 vendr\u00e1s a nosotros? Responderemos a la pregunta por usted discutiendo estos puntos:<\/p>\n<ul>\n<li><strong>Larga experiencia de 25 a\u00f1os<\/strong>: en el \u00e1mbito legal, la experiencia importa mucho y tenemos 25 a\u00f1os de experiencia en la industria. Hemos tratado con \u00e9xito algunos de los casos de lesiones personales m\u00e1s cr\u00edticos para nuestros clientes. Nuestros abogados tienen mucha experiencia y competencia al mismo tiempo.<\/li>\n<li><strong>Algunos de los mejores abogados de lesiones personales en el equipo<\/strong>: nos enorgullece decir que tenemos algunos de los mejores abogados de lesiones personales en nuestro equipo. Nuestros abogados se especializan en diversas \u00e1reas de lesiones personales, y usted puede elegir el que mejor se adapte a sus necesidades.<\/li>\n<li><strong>Reclamaciones legales s\u00f3lidas<\/strong>: nuestro lema es ayudarle a obtener la mejor compensaci\u00f3n posible por sus p\u00e9rdidas y lesiones. Nuestro personal maneja AZ de su caso para que pueda cuidar su salud y lesiones, y recuperarse r\u00e1pidamente. Hacemos reclamos legales fuertes para una compensaci\u00f3n \u00f3ptima.<\/li>\n<li><strong>Sin costes iniciales<\/strong>: los casos de lesiones personales que asumimos son completamente contingentes. Esto significa que solo deber\u00e1 pagarnos cuando reciba su compensaci\u00f3n o llegue a alg\u00fan tipo de acuerdo, y no antes. No aceptamos ning\u00fan tipo de dinero por adelantado de nuestros clientes.<\/li>\n<\/ul>\n<p>\u00a1Ll\u00e1menos hoy para obtener el mejor <strong>abogado de lesiones personales en Marietta<\/strong> o env\u00edenos un correo electr\u00f3nico y haga su consulta!<\/p>\n<p>&nbsp;<\/p>\n","protected":false},"excerpt":{"rendered":"<p>The Hurt 911\u00ae Injury Group: encuentre los mejores abogados y m\u00e9dicos de lesiones personales en Marietta Las lesiones pueden ocurrirle a cualquiera en cualquier momento. La lesi\u00f3n puede producirse por culpa y negligencia propia o por negligencia ajena. El alcance de las lesiones por un accidente puede variar dependiendo de varios factores. Si bien algunas [&hellip;]<\/p>\n","protected":false},"author":27,"featured_media":0,"parent":0,"menu_order":0,"comment_status":"closed","ping_status":"closed","template":"","meta":{"_acf_changed":false,"anchor_text":"","footnotes":""},"categories":[],"tags":[],"class_list":["post-6627","page","type-page","status-publish","hentry"],"acf":[],"_links":{"self":[{"href":"https:\/\/1800hurt911ga.com\/es\/wp-json\/wp\/v2\/pages\/6627","targetHints":{"allow":["GET"]}}],"collection":[{"href":"https:\/\/1800hurt911ga.com\/es\/wp-json\/wp\/v2\/pages"}],"about":[{"href":"https:\/\/1800hurt911ga.com\/es\/wp-json\/wp\/v2\/types\/page"}],"author":[{"embeddable":true,"href":"https:\/\/1800hurt911ga.com\/es\/wp-json\/wp\/v2\/users\/27"}],"replies":[{"embeddable":true,"href":"https:\/\/1800hurt911ga.com\/es\/wp-json\/wp\/v2\/comments?post=6627"}],"version-history":[{"count":2,"href":"https:\/\/1800hurt911ga.com\/es\/wp-json\/wp\/v2\/pages\/6627\/revisions"}],"predecessor-version":[{"id":14487,"href":"https:\/\/1800hurt911ga.com\/es\/wp-json\/wp\/v2\/pages\/6627\/revisions\/14487"}],"wp:attachment":[{"href":"https:\/\/1800hurt911ga.com\/es\/wp-json\/wp\/v2\/media?parent=6627"}],"wp:term":[{"taxonomy":"category","embeddable":true,"href":"https:\/\/1800hurt911ga.com\/es\/wp-json\/wp\/v2\/categories?post=6627"},{"taxonomy":"post_tag","embeddable":true,"href":"https:\/\/1800hurt911ga.com\/es\/wp-json\/wp\/v2\/tags?post=6627"}],"curies":[{"name":"wp","href":"https:\/\/api.w.org\/{rel}","templated":true}]}}