{"id":6632,"date":"2023-02-14T19:32:36","date_gmt":"2023-02-14T19:32:36","guid":{"rendered":"https:\/\/1800hurt911ga.com\/es-mcdonough\/"},"modified":"2025-07-24T08:33:31","modified_gmt":"2025-07-24T13:33:31","slug":"es-mcdonough","status":"publish","type":"page","link":"https:\/\/1800hurt911ga.com\/es\/es-mcdonough\/","title":{"rendered":"McDonough"},"content":{"rendered":"<h2>Encontrar los mejores abogados de lesiones personales en McDonough al <a href=\"tel:1-855-475-2588\">1-800-HURT911\u00ae<\/a><\/h2>\n<p>Los accidentes afectan dr\u00e1sticamente la vida de las personas. Algunos accidentes tienen consecuencias fatales, y algunos accidentes son incre\u00edblemente graves y causan da\u00f1os en partes del cuerpo. Los tratamientos m\u00e9dicos pueden incluir una cirug\u00eda costosa, una estancia prolongada en el hospital y varios otros tipos de procesos y procedimientos costosos. No s\u00f3lo esto, sino que el estr\u00e9s y el trauma relacionados con tales accidentes tambi\u00e9n permanecen con nosotros durante toda la vida. Las personas pierden sus trabajos, pueden quedar lisiadas o discapacitadas, o incluso quedar postradas en cama debido a accidentes. El resultado es una inmensa carga f\u00edsica, mental y financiera para la v\u00edctima y sus familiares. El dolor es mayor cuando la causa del accidente es culpa, irresponsabilidad o negligencia ajena. En tal situaci\u00f3n, puede buscar una compensaci\u00f3n por las p\u00e9rdidas de la parte culpable. Y por eso, <strong>El Grupo de Lesiones Hiere 911<\/strong>.<\/p>\n<h2>Abogados de lesiones personales al <a href=\"tel:1-855-475-2588\">1-800-HURT911\u00ae<\/a><\/h2>\n<p>Somos <a href=\"tel:1-855-475-2588\">1-800-HURT911\u00ae<\/a>, un bufete de abogados de lesiones personales, que se especializa en casi todo tipo de casos de accidentes de lesiones personales. Estamos ubicados en Atlanta y tenemos nuestras oficinas en diferentes partes del estado, incluido McDonough. Si es residente de McDonough y est\u00e1 buscando los mejores <strong>abogados de lesiones personales en McDonough<\/strong>, estamos para ayudarte en todo lo posible. Todos nuestros abogados de lesiones personales tienen mucha experiencia y son competentes en sus trabajos. Nuestro historial en la resoluci\u00f3n de casos de lesiones personales es ejemplar. Hemos ganado miles de casos y obtenido millones de d\u00f3lares para nuestros clientes en sus reclamaciones de indemnizaci\u00f3n por da\u00f1os personales. Para nosotros, cada caso es importante y prestamos total atenci\u00f3n a cada caso. Acuda a nosotros despu\u00e9s de un accidente sin perder tiempo para que podamos ayudarle a obtener la m\u00e1xima compensaci\u00f3n por las p\u00e9rdidas en las que ha incurrido debido a la negligencia de otros.<\/p>\n<h2>Atenci\u00f3n M\u00e9dica al <a href=\"tel:1-855-475-2588\">1-800-HURT911\u00ae<\/a><\/h2>\n<p>De hecho, somos un bufete de abogados con los mejores abogados de lesiones personales. Pero sabemos que despu\u00e9s de un accidente, lo primero que busca la gente es un m\u00e9dico. Esta es la raz\u00f3n por la que contamos con un equipo de <strong>m\u00e9dicos especializados en lesiones extremadamente eficientes y compasivos en McDonough<\/strong>. Nuestros m\u00e9dicos examinar\u00e1n al paciente y prescribir\u00e1n los procedimientos de tratamiento que deben seguirse. Nuestros m\u00e9dicos tambi\u00e9n pueden recomendar algunas investigaciones y pruebas adicionales para comprender mejor la condici\u00f3n del paciente. Una vez que llegan los informes, es m\u00e1s f\u00e1cil decidir el proceso de presentaci\u00f3n de un caso para el reclamo de compensaci\u00f3n por da\u00f1os personales.<\/p>\n<h2>Abogados amigables, cooperativos y serviciales al <a href=\"tel:1-855-475-2588\">1-800-HURT911\u00ae<\/a><\/h2>\n<p>Ir a un abogado es a menudo un asunto solemne y sombr\u00edo. Pero nuestros <strong>abogados de lesiones personales en McDonough<\/strong> son cooperativos, amables y extremadamente serviciales. Sabemos que la mayor\u00eda de los clientes est\u00e1n muy estresados y tensos, y tratamos de relajarlos lo m\u00e1s posible. Una vez que venga a nosotros y nos cuente los detalles sobre el caso, su trabajo habr\u00e1 terminado. A continuaci\u00f3n, puede concentrarse en su salud para que pueda recuperarse r\u00e1pidamente. Nos encargaremos de todo lo dem\u00e1s relacionado con el caso y nos aseguraremos de que obtenga la m\u00e1xima compensaci\u00f3n. \u00a1Conc\u00e9denos el trabajo y no te defraudaremos!<\/p>\n<p>\u00a1Ll\u00e1menos hoy para una consulta gratuita!<\/p>\n<p>&nbsp;<\/p>\n<p>&nbsp;<\/p>\n<p>&nbsp;<\/p>\n","protected":false},"excerpt":{"rendered":"<p>Encontrar los mejores abogados de lesiones personales en McDonough al 1-800-HURT911\u00ae Los accidentes afectan dr\u00e1sticamente la vida de las personas. Algunos accidentes tienen consecuencias fatales, y algunos accidentes son incre\u00edblemente graves y causan da\u00f1os en partes del cuerpo. Los tratamientos m\u00e9dicos pueden incluir una cirug\u00eda costosa, una estancia prolongada en el hospital y varios otros [&hellip;]<\/p>\n","protected":false},"author":27,"featured_media":0,"parent":0,"menu_order":0,"comment_status":"closed","ping_status":"closed","template":"","meta":{"_acf_changed":false,"anchor_text":"","footnotes":""},"categories":[],"tags":[],"class_list":["post-6632","page","type-page","status-publish","hentry"],"acf":[],"_links":{"self":[{"href":"https:\/\/1800hurt911ga.com\/es\/wp-json\/wp\/v2\/pages\/6632","targetHints":{"allow":["GET"]}}],"collection":[{"href":"https:\/\/1800hurt911ga.com\/es\/wp-json\/wp\/v2\/pages"}],"about":[{"href":"https:\/\/1800hurt911ga.com\/es\/wp-json\/wp\/v2\/types\/page"}],"author":[{"embeddable":true,"href":"https:\/\/1800hurt911ga.com\/es\/wp-json\/wp\/v2\/users\/27"}],"replies":[{"embeddable":true,"href":"https:\/\/1800hurt911ga.com\/es\/wp-json\/wp\/v2\/comments?post=6632"}],"version-history":[{"count":3,"href":"https:\/\/1800hurt911ga.com\/es\/wp-json\/wp\/v2\/pages\/6632\/revisions"}],"predecessor-version":[{"id":16688,"href":"https:\/\/1800hurt911ga.com\/es\/wp-json\/wp\/v2\/pages\/6632\/revisions\/16688"}],"wp:attachment":[{"href":"https:\/\/1800hurt911ga.com\/es\/wp-json\/wp\/v2\/media?parent=6632"}],"wp:term":[{"taxonomy":"category","embeddable":true,"href":"https:\/\/1800hurt911ga.com\/es\/wp-json\/wp\/v2\/categories?post=6632"},{"taxonomy":"post_tag","embeddable":true,"href":"https:\/\/1800hurt911ga.com\/es\/wp-json\/wp\/v2\/tags?post=6632"}],"curies":[{"name":"wp","href":"https:\/\/api.w.org\/{rel}","templated":true}]}}