{"id":6644,"date":"2023-02-14T19:33:14","date_gmt":"2023-02-14T19:33:14","guid":{"rendered":"https:\/\/1800hurt911ga.com\/morrow\/"},"modified":"2025-07-24T08:34:16","modified_gmt":"2025-07-24T13:34:16","slug":"morrow","status":"publish","type":"page","link":"https:\/\/1800hurt911ga.com\/es\/morrow\/","title":{"rendered":"Morrow"},"content":{"rendered":"<h2><strong>Contrate a los mejores abogados de lesiones personales en Morrow al <\/strong><a href=\"tel:1-855-475-2588\">1-800-HURT911\u00ae<\/a><\/h2>\n<p>Somos <a href=\"tel:1-800-522-2277\">1-800-HURT911\u00ae<\/a>, un bufete de abogados especializado en Atlanta que ha estado representando a la gente del estado durante muchos a\u00f1os con gran excelencia y determinaci\u00f3n. Operamos en muchas \u00e1reas de Atlanta, incluido Morrow. Nuestro equipo de <strong>abogados de lesiones personales en Morrow<\/strong> ha manejado varios tipos de casos de lesiones personales y obtenido justicia y compensaci\u00f3n para nuestros clientes. Cada caso de lesiones personales que manejamos y procesamos se aborda con la mayor importancia y prioridad porque entendemos lo importante que es el caso para usted. Hasta la fecha, hemos podido recuperar millones de d\u00f3lares como reclamos de compensaci\u00f3n para nuestros clientes de la parte acusada por cubrir los gastos incurridos en varios tipos de lesiones por accidentes personales.<\/p>\n<h2><strong>\u00bfC\u00f3mo podemos ayudarle inmediatamente despu\u00e9s del accidente?<\/strong><\/h2>\n<p>Las lesiones, ya sean menores o importantes, nos dejan en un estado de trauma. El trauma no es solo mental, sino que tambi\u00e9n implica estr\u00e9s f\u00edsico y financiero. Recibir tratamiento para las lesiones significa que tiene que pagar los gastos de su bolsillo. Y si el da\u00f1o es grave, la magnitud de los costes est\u00e1 fuera de control. Despu\u00e9s del accidente, lo primero que debe hacer es visitar a un m\u00e9dico y hacerse un chequeo completo. Tambi\u00e9n contamos con el equipo m\u00e1s excelente de <strong>m\u00e9dicos especialistas en lesiones en Morrow.<\/strong> que llevar\u00e1 a cabo un chequeo f\u00edsico completo y tambi\u00e9n prescribir\u00e1 algunas pruebas e investigaciones requeridas. Una vez que llegan los informes de las pruebas, se pueden tomar decisiones con respecto a presentar un caso de demanda por lesiones personales contra el acusado. Nuestros abogados pueden decidir mejor el tipo de abogado de lesiones personales que puede manejar mejor su caso y entregarle el caso en consecuencia.<\/p>\n<h2><strong>\u00bfPor qu\u00e9 somos los mejores en negocios en Morrow?<\/strong><\/h2>\n<p>No hay duda sobre el hecho de que hay muchas firmas de abogados en Morrow que se especializan en casos de lesiones personales. Pero nos diferenciamos de ellos, y estamos orgullosos de decir eso. Puedes consultar varios testimonios de clientes para los que hemos trabajado, y dicen lo mismo.<\/p>\n<p>Sabemos que la fase posterior a la lesi\u00f3n es muy cr\u00edtica y sensible. Y esta es la raz\u00f3n por la que cuidamos de forma totalmente personal a nuestros clientes para que se sientan como en casa mientras hablan con nosotros. Nuestros abogados son muy agradables y est\u00e1n aqu\u00ed para ayudarlo en todas las formas posibles. Nuestros <strong>m\u00e9dicos de lesiones personales en Morrow<\/strong> lo atender\u00e1n de la mejor manera posible y lo har\u00e1n sentir relajado y c\u00f3modo. Nuestros abogados tambi\u00e9n son muy amables y serviciales, y brindan todo tipo de asistencia necesaria para que pueda estar tranquilo. Este toque personal y amistoso ha sido apreciado por muchos.<\/p>\n<h2><strong>Consulta gratuita y asesoramiento amistoso<\/strong><\/h2>\n<p>Presentar un caso de reclamo por lesiones personales en la corte y obtener una compensaci\u00f3n por su cuenta es pr\u00e1cticamente imposible para una persona com\u00fan. Nuestros <strong>abogados de lesiones personales en Morrow<\/strong> en <a href=\"tel:1-855-475-2588\">el 1-800-HURT911\u00ae<\/a> est\u00e1n all\u00ed para ayudarlo en el caso desde el principio hasta el final. No cobramos honorarios por consulta ni dinero por adelantado para el caso. Solo si ganamos el caso por usted, tomamos un peque\u00f1o porcentaje del importe de la compensaci\u00f3n como nuestra tarifa.<\/p>\n<p>\u00a1L\u00e1manos hoy para aprender m\u00e1s!<\/p>\n","protected":false},"excerpt":{"rendered":"<p>Contrate a los mejores abogados de lesiones personales en Morrow al 1-800-HURT911\u00ae Somos 1-800-HURT911\u00ae, un bufete de abogados especializado en Atlanta que ha estado representando a la gente del estado durante muchos a\u00f1os con gran excelencia y determinaci\u00f3n. Operamos en muchas \u00e1reas de Atlanta, incluido Morrow. Nuestro equipo de abogados de lesiones personales en Morrow [&hellip;]<\/p>\n","protected":false},"author":27,"featured_media":0,"parent":0,"menu_order":0,"comment_status":"closed","ping_status":"closed","template":"","meta":{"_acf_changed":false,"anchor_text":"","footnotes":""},"categories":[],"tags":[],"class_list":["post-6644","page","type-page","status-publish","hentry"],"acf":[],"_links":{"self":[{"href":"https:\/\/1800hurt911ga.com\/es\/wp-json\/wp\/v2\/pages\/6644","targetHints":{"allow":["GET"]}}],"collection":[{"href":"https:\/\/1800hurt911ga.com\/es\/wp-json\/wp\/v2\/pages"}],"about":[{"href":"https:\/\/1800hurt911ga.com\/es\/wp-json\/wp\/v2\/types\/page"}],"author":[{"embeddable":true,"href":"https:\/\/1800hurt911ga.com\/es\/wp-json\/wp\/v2\/users\/27"}],"replies":[{"embeddable":true,"href":"https:\/\/1800hurt911ga.com\/es\/wp-json\/wp\/v2\/comments?post=6644"}],"version-history":[{"count":2,"href":"https:\/\/1800hurt911ga.com\/es\/wp-json\/wp\/v2\/pages\/6644\/revisions"}],"predecessor-version":[{"id":16689,"href":"https:\/\/1800hurt911ga.com\/es\/wp-json\/wp\/v2\/pages\/6644\/revisions\/16689"}],"wp:attachment":[{"href":"https:\/\/1800hurt911ga.com\/es\/wp-json\/wp\/v2\/media?parent=6644"}],"wp:term":[{"taxonomy":"category","embeddable":true,"href":"https:\/\/1800hurt911ga.com\/es\/wp-json\/wp\/v2\/categories?post=6644"},{"taxonomy":"post_tag","embeddable":true,"href":"https:\/\/1800hurt911ga.com\/es\/wp-json\/wp\/v2\/tags?post=6644"}],"curies":[{"name":"wp","href":"https:\/\/api.w.org\/{rel}","templated":true}]}}