{"id":6648,"date":"2023-02-14T19:36:25","date_gmt":"2023-02-14T19:36:25","guid":{"rendered":"https:\/\/1800hurt911ga.com\/es-roswell\/"},"modified":"2025-01-22T17:05:24","modified_gmt":"2025-01-22T17:05:24","slug":"es-roswell","status":"publish","type":"page","link":"https:\/\/1800hurt911ga.com\/es\/es-roswell\/","title":{"rendered":"Roswell"},"content":{"rendered":"<h1><strong>P\u00f3ngase en contacto con los abogados de lesiones personales para casos de accidentes con lesiones personales en Roswell al <\/strong><a href=\"tel:1-855-475-2588\">1-800-HURT911\u00ae<\/a><\/h1>\n<p>Las lesiones personales son muy dif\u00edciles de manejar, particularmente cuando la lesi\u00f3n ocurri\u00f3 debido a la negligencia de otros. Todos los accidentes y lesiones vienen acompa\u00f1ados de desaf\u00edos emocionales, f\u00edsicos y financieros. Las consecuencias legales y financieras que siguen son bastante abrumadoras y pueden no ser tan f\u00e1ciles de manejar. El \u00fanico alivio en tal situaci\u00f3n es que puede reclamar una compensaci\u00f3n por las p\u00e9rdidas en las que ha incurrido de la parte culpable. Sin embargo, obtener el reclamo de compensaci\u00f3n es un proceso extremadamente complejo y no podr\u00e1 hacer nada por su cuenta. Por eso <a href=\"tel:1-855-475-2588\">, el 1-800-HURT911\u00ae<\/a> es su mejor opci\u00f3n. Nuestro equipo cuenta con los mejores <strong>abogados de lesiones personales en Roswell<\/strong> que pueden ayudarlo a obtener la m\u00e1xima compensaci\u00f3n por sus p\u00e9rdidas.<\/p>\n<h2><strong>Su Bienestar es Nuestra Primera Preocupaci\u00f3n<\/strong><\/h2>\n<p>En <a href=\"tel:1-855-475-2588\">el 1-800-HURT911\u00ae<\/a>, sabemos que un accidente es una experiencia traum\u00e1tica que manejar desde todos los aspectos. Las lesiones f\u00edsicas traen consigo dolor, sufrimiento y angustia. Tenemos los mejores <strong>m\u00e9dicos de lesiones en Roswell<\/strong> en nuestro equipo, quienes velan por tu bienestar de la mejor manera. Tratar a las v\u00edctimas de lesiones no es una tarea f\u00e1cil, y los m\u00e9dicos especialistas en lesiones est\u00e1n especializados en lo mismo. Cualquiera que sea el motivo de la lesi\u00f3n, nuestros m\u00e9dicos capacitados y formados podr\u00e1n brindar el tratamiento adecuado. Se realiza un examen completo, seguido de un diagn\u00f3stico adecuado de las lesiones para que, al presentar el caso, se obtenga la documentaci\u00f3n adecuada de las lesiones. Si se requieren m\u00e1s pruebas y tratamientos, tambi\u00e9n lo recetamos. Dependiendo de la extensi\u00f3n y gravedad de las lesiones, se decide el importe de la indemnizaci\u00f3n.<\/p>\n<h2><strong>Iniciar una demanda por lesiones personales en Roswell con <\/strong><a href=\"tel:1-855-475-2588\">el 1-800-HURT911\u00ae<\/a><\/h2>\n<p>Los casos legales, como las demandas por lesiones personales, son dif\u00edciles de manejar por su cuenta. As\u00ed que aqu\u00ed es donde nuestros abogados de lesiones personales acudir\u00e1n a su rescate. Hay muchas categor\u00edas de da\u00f1os que se consideran durante el caso, y la compensaci\u00f3n var\u00eda en consecuencia. Para un hombre com\u00fan, no es posible calibrar tales detalles. Nuestros abogados de lesiones personales tienen mucha experiencia y conocen a fondo los trucos del oficio. Organizan el caso de tal manera que se cubren todas las categor\u00edas de da\u00f1os y, por lo tanto, se garantizan las posibilidades de obtener la m\u00e1xima compensaci\u00f3n. El importe de la compensaci\u00f3n depender\u00e1 de las circunstancias espec\u00edficas. Como v\u00edctima de un accidente con lesiones personales, solo ac\u00e9rquese a nosotros con su caso y d\u00e9jenos el resto a nosotros.<\/p>\n<h2><strong>Resultados garantizados con costes m\u00ednimos<\/strong><\/h2>\n<p>Cuando contrata a nuestros <strong>abogados de lesiones personales en Roswell<\/strong>, puede estar seguro de que los mejores profesionales de la industria manejar\u00e1n su caso. Despu\u00e9s de ser tratado por <strong>m\u00e9dicos especialistas en lesiones en Roswell<\/strong>, su \u00fanica preocupaci\u00f3n ser\u00e1 recuperar pronto la buena salud. Con respecto al caso y la compensaci\u00f3n, estamos aqu\u00ed para ayudarlo. No cobramos dinero por adelantado por el caso. Trabajamos sobre una base de contingencia, es decir, si obtenemos una compensaci\u00f3n para usted, tomamos nuestra tarifa, no de lo contrario.<\/p>\n<p>Si necesita ayuda con su caso de lesiones personales, \u00a1ll\u00e1menos hoy mismo!<\/p>\n<p>&nbsp;<\/p>\n","protected":false},"excerpt":{"rendered":"<p>P\u00f3ngase en contacto con los abogados de lesiones personales para casos de accidentes con lesiones personales en Roswell al 1-800-HURT911\u00ae Las lesiones personales son muy dif\u00edciles de manejar, particularmente cuando la lesi\u00f3n ocurri\u00f3 debido a la negligencia de otros. Todos los accidentes y lesiones vienen acompa\u00f1ados de desaf\u00edos emocionales, f\u00edsicos y financieros. Las consecuencias legales [&hellip;]<\/p>\n","protected":false},"author":27,"featured_media":0,"parent":0,"menu_order":0,"comment_status":"closed","ping_status":"closed","template":"","meta":{"_acf_changed":false,"anchor_text":"","footnotes":""},"categories":[],"tags":[],"class_list":["post-6648","page","type-page","status-publish","hentry"],"acf":[],"_links":{"self":[{"href":"https:\/\/1800hurt911ga.com\/es\/wp-json\/wp\/v2\/pages\/6648","targetHints":{"allow":["GET"]}}],"collection":[{"href":"https:\/\/1800hurt911ga.com\/es\/wp-json\/wp\/v2\/pages"}],"about":[{"href":"https:\/\/1800hurt911ga.com\/es\/wp-json\/wp\/v2\/types\/page"}],"author":[{"embeddable":true,"href":"https:\/\/1800hurt911ga.com\/es\/wp-json\/wp\/v2\/users\/27"}],"replies":[{"embeddable":true,"href":"https:\/\/1800hurt911ga.com\/es\/wp-json\/wp\/v2\/comments?post=6648"}],"version-history":[{"count":2,"href":"https:\/\/1800hurt911ga.com\/es\/wp-json\/wp\/v2\/pages\/6648\/revisions"}],"predecessor-version":[{"id":14485,"href":"https:\/\/1800hurt911ga.com\/es\/wp-json\/wp\/v2\/pages\/6648\/revisions\/14485"}],"wp:attachment":[{"href":"https:\/\/1800hurt911ga.com\/es\/wp-json\/wp\/v2\/media?parent=6648"}],"wp:term":[{"taxonomy":"category","embeddable":true,"href":"https:\/\/1800hurt911ga.com\/es\/wp-json\/wp\/v2\/categories?post=6648"},{"taxonomy":"post_tag","embeddable":true,"href":"https:\/\/1800hurt911ga.com\/es\/wp-json\/wp\/v2\/tags?post=6648"}],"curies":[{"name":"wp","href":"https:\/\/api.w.org\/{rel}","templated":true}]}}