{"id":6650,"date":"2023-02-14T19:35:43","date_gmt":"2023-02-14T19:35:43","guid":{"rendered":"https:\/\/1800hurt911ga.com\/es-stockbridge\/"},"modified":"2025-01-22T17:03:53","modified_gmt":"2025-01-22T17:03:53","slug":"es-stockbridge","status":"publish","type":"page","link":"https:\/\/1800hurt911ga.com\/es\/es-stockbridge\/","title":{"rendered":"Stockbridge"},"content":{"rendered":"<h1 role=\"heading\" data-uw-styling-context=\"true\" aria-level=\"2\" data-uw-rm-heading=\"level\">Mejor Stockbridge Abogados de Lesiones Personales y bufetes de abogados | Accidente de Coche Doctor | Auto M\u00e9dico Lesiones | Accidente Quiropr\u00e1ctico Stockbridge GA<\/h1>\n<p data-uw-styling-context=\"true\">Si ha sufrido lesiones en un accidente que no fue culpa suya, tiene derecho a reclamar da\u00f1os y perjuicios.<\/p>\n<p data-uw-styling-context=\"true\">Contratar a un abogado de lesiones personales en Stockbridge, GA despu\u00e9s de un accidente debe ser una prioridad, no una ocurrencia tard\u00eda.<\/p>\n<p data-uw-styling-context=\"true\">Su abogado calcular\u00e1 el valor de su caso. Negociar\u00e1n con otras partes, como su aseguradora y el equipo jur\u00eddico del demandado. El profesional le ayudar\u00e1 con la investigaci\u00f3n y descubrimiento del caso. Si su abogado determina que sus lesiones pueden afectar profundamente a su vida, puede contratar a un experto especializado en el diagn\u00f3stico y tratamiento de afecciones postraum\u00e1ticas.<\/p>\n<h2 data-uw-styling-context=\"true\">\u00bfC\u00f3mo puede ayudar HURT 911\u00ae?<\/h2>\n<p data-uw-styling-context=\"true\">Ponemos en contacto a v\u00edctimas de accidentes con abogados de lesiones personales en Stockbridge. Nuestro equipo est\u00e1 formado por algunos de los mejores abogados en Stockbridge, GA. Todos los juristas de nuestro equipo tienen experiencia en la tramitaci\u00f3n de distintos tipos de demandas por da\u00f1os personales. Utilizan sus conocimientos y experiencia para maximizar la compensaci\u00f3n.<\/p>\n<h2 data-uw-styling-context=\"true\">Por qu\u00e9 las v\u00edctimas de accidentes deben buscar atenci\u00f3n m\u00e9dica inmediata<\/h2>\n<p data-uw-styling-context=\"true\">Tanto si sus lesiones son leves como graves, no espere demasiado para buscar asistencia m\u00e9dica. Si espera demasiado para ver a un m\u00e9dico de lesiones personales en Stockbridge, su aseguradora puede restar importancia a sus lesiones. Su aseguradora puede incluso alegar que sus lesiones eran preexistentes. Cuanto m\u00e1s espere, m\u00e1s dif\u00edcil le resultar\u00e1 a su abogado de lesiones personales probar su caso.<\/p>\n<p data-uw-styling-context=\"true\">Muchas v\u00edctimas de accidentes con lesiones leves creen que no hay de qu\u00e9 preocuparse y no acuden al m\u00e9dico. Esto puede ser un gran error. Debe acudir al m\u00e9dico aunque no sienta molestias ni dolor tras un accidente, ya que los s\u00edntomas de muchas lesiones traum\u00e1ticas pueden pasar desapercibidos durante mucho tiempo.<\/p>\n<p><strong data-uw-styling-context=\"true\">Si ha sufrido lesiones en un accidente:<\/strong><\/p>\n<ol>\n<li data-uw-styling-context=\"true\">Consulte inmediatamente a su m\u00e9dico de lesiones personales<\/li>\n<li data-uw-styling-context=\"true\">Siga sus instrucciones<\/li>\n<li data-uw-styling-context=\"true\">No falte nunca a una cita<\/li>\n<li data-uw-styling-context=\"true\">Solicitar a su m\u00e9dico copias de su historial m\u00e9dico<\/li>\n<li data-uw-styling-context=\"true\">Controle sus procedimientos y registros<\/li>\n<\/ol>\n<h2 data-uw-styling-context=\"true\">Leyes sobre lesiones personales en Georgia<\/h2>\n<p data-uw-styling-context=\"true\">En Georgia, hay un estatuto de dos a\u00f1os de limitaciones para las reclamaciones de PI, lo que significa que una persona lesionada en un accidente que ocurri\u00f3 en el estado puede presentar una demanda de PI dentro de los dos a\u00f1os siguientes a la fecha del accidente. Si el plazo de prescripci\u00f3n expira antes de que el demandante presente su demanda, pierde su derecho a presentar una demanda.<\/p>\n<p data-uw-styling-context=\"true\">Hay algunas excepciones a esta regla. Muchas jurisdicciones pueden suspender el plazo de prescripci\u00f3n en determinadas circunstancias. Estas son algunas situaciones comunes que pueden interrumpir el plazo de prescripci\u00f3n:<\/p>\n<ul>\n<li data-uw-styling-context=\"true\">El demandante no sab\u00eda ni ten\u00eda motivos para saber que hab\u00eda sufrido un perjuicio, y el perjuicio fue causado por la acci\u00f3n del demandado.<\/li>\n<li data-uw-styling-context=\"true\">El demandante era menor de edad<\/li>\n<li data-uw-styling-context=\"true\">El acusado dej\u00f3 el estado despu\u00e9s del accidente<\/li>\n<\/ul>\n<h2 data-uw-styling-context=\"true\">\u00bfQu\u00e9 hace un abogado especializado en PI?<\/h2>\n<p data-uw-styling-context=\"true\">Durante la primera reuni\u00f3n, su abogado de lesiones personales analizar\u00e1 los hechos de su caso y preparar\u00e1 un plan de acci\u00f3n. El profesional calcular\u00e1 el valor de su caso y le ayudar\u00e1 a decidir si debe aceptar la indemnizaci\u00f3n ofrecida por su aseguradora.<\/p>\n<p data-uw-styling-context=\"true\">Un abogado de PI reputado se preocupa por los intereses de sus clientes. Los litigios pueden resultar caros. Su abogado de lesiones personales intentar\u00e1 llegar a un acuerdo extrajudicial. El profesional negociar\u00e1 con la compa\u00f1\u00eda de seguros. Aprovechar\u00e1n su experiencia para maximizar la compensaci\u00f3n.<\/p>\n<p data-uw-styling-context=\"true\"><a href=\"https:\/\/1800hurt911ga.com\/about-us\/\" data-uw-styling-context=\"true\" data-uw-rm-brl=\"false\">Los centros de lesiones HURT 911\u00ae<\/a> son la mejor soluci\u00f3n para sus lesiones sufridas en un accidente, y podemos gestionar sus tratamientos de lesiones y reclamaciones legales para garantizar los mejores resultados. EN HURT 911\u00ae podemos ayudarle a evitar a\u00f1os de dolor cr\u00f3nico. HURT 911\u00ae le ayuda a acelerar el proceso de recuperaci\u00f3n con la m\u00e1xima compensaci\u00f3n por sus lesiones dolor y sufrimiento.<\/p>\n","protected":false},"excerpt":{"rendered":"<p>Mejor Stockbridge Abogados de Lesiones Personales y bufetes de abogados | Accidente de Coche Doctor | Auto M\u00e9dico Lesiones | Accidente Quiropr\u00e1ctico Stockbridge GA Si ha sufrido lesiones en un accidente que no fue culpa suya, tiene derecho a reclamar da\u00f1os y perjuicios. Contratar a un abogado de lesiones personales en Stockbridge, GA despu\u00e9s de [&hellip;]<\/p>\n","protected":false},"author":27,"featured_media":0,"parent":0,"menu_order":0,"comment_status":"closed","ping_status":"closed","template":"","meta":{"_acf_changed":false,"anchor_text":"","footnotes":""},"categories":[],"tags":[],"class_list":["post-6650","page","type-page","status-publish","hentry"],"acf":[],"_links":{"self":[{"href":"https:\/\/1800hurt911ga.com\/es\/wp-json\/wp\/v2\/pages\/6650","targetHints":{"allow":["GET"]}}],"collection":[{"href":"https:\/\/1800hurt911ga.com\/es\/wp-json\/wp\/v2\/pages"}],"about":[{"href":"https:\/\/1800hurt911ga.com\/es\/wp-json\/wp\/v2\/types\/page"}],"author":[{"embeddable":true,"href":"https:\/\/1800hurt911ga.com\/es\/wp-json\/wp\/v2\/users\/27"}],"replies":[{"embeddable":true,"href":"https:\/\/1800hurt911ga.com\/es\/wp-json\/wp\/v2\/comments?post=6650"}],"version-history":[{"count":2,"href":"https:\/\/1800hurt911ga.com\/es\/wp-json\/wp\/v2\/pages\/6650\/revisions"}],"predecessor-version":[{"id":14484,"href":"https:\/\/1800hurt911ga.com\/es\/wp-json\/wp\/v2\/pages\/6650\/revisions\/14484"}],"wp:attachment":[{"href":"https:\/\/1800hurt911ga.com\/es\/wp-json\/wp\/v2\/media?parent=6650"}],"wp:term":[{"taxonomy":"category","embeddable":true,"href":"https:\/\/1800hurt911ga.com\/es\/wp-json\/wp\/v2\/categories?post=6650"},{"taxonomy":"post_tag","embeddable":true,"href":"https:\/\/1800hurt911ga.com\/es\/wp-json\/wp\/v2\/tags?post=6650"}],"curies":[{"name":"wp","href":"https:\/\/api.w.org\/{rel}","templated":true}]}}