{"id":6652,"date":"2023-02-14T19:40:01","date_gmt":"2023-02-14T19:40:01","guid":{"rendered":"https:\/\/1800hurt911ga.com\/?page_id=6652"},"modified":"2025-07-24T08:23:12","modified_gmt":"2025-07-24T13:23:12","slug":"es-west-end","status":"publish","type":"page","link":"https:\/\/1800hurt911ga.com\/es\/es-west-end\/","title":{"rendered":"West End"},"content":{"rendered":"\t\t<div data-elementor-type=\"wp-page\" data-elementor-id=\"6652\" class=\"elementor elementor-6652\" data-elementor-post-type=\"page\">\n\t\t\t\t\t\t<section class=\"elementor-section elementor-top-section elementor-element elementor-element-38696376 elementor-section-boxed elementor-section-height-default elementor-section-height-default\" data-id=\"38696376\" data-element_type=\"section\" data-e-type=\"section\">\n\t\t\t\t\t\t<div class=\"elementor-container elementor-column-gap-default\">\n\t\t\t\t\t<div class=\"elementor-column elementor-col-100 elementor-top-column elementor-element elementor-element-4a38ac99\" data-id=\"4a38ac99\" data-element_type=\"column\" data-e-type=\"column\">\n\t\t\t<div class=\"elementor-widget-wrap elementor-element-populated\">\n\t\t\t\t\t\t<div class=\"elementor-element elementor-element-3a4d9e0e elementor-widget elementor-widget-text-editor\" data-id=\"3a4d9e0e\" data-element_type=\"widget\" data-e-type=\"widget\" data-widget_type=\"text-editor.default\">\n\t\t\t\t\t\t\t\t\t<h2>Busque ayuda para problemas de lesiones personales de los mejores abogados de lesiones personales en West End<\/h2><p>Los accidentes y las lesiones personales no son infrecuentes.\u00a0A veces, estos accidentes ocurren por nuestra culpa o insensibilidad, y otras veces ocurren debido a la negligencia de otros.\u00a0Cuando la propia culpa sostiene la lesi\u00f3n, nada se puede hacer.\u00a0Pero cuando el da\u00f1o se produce por culpa o negligencia ajena, puede reclamarse la indemnizaci\u00f3n de los perjuicios.\u00a0Si el da\u00f1o es menor y no grave, puede pasarse por alto.\u00a0Pero hay lesiones graves en las que la v\u00edctima necesita hospitalizaci\u00f3n y un tratamiento m\u00e9dico extenso como cirug\u00eda, etc. Tales casos incurren en gastos elevados.\u00a0Adem\u00e1s, como la persona est\u00e1 confinada a la cama, no puede ir a trabajar y tambi\u00e9n pierde salarios.\u00a0En general, tales accidentes traen una crisis f\u00edsica, mental y financiera a la v\u00edctima y su familia.<\/p><h2>\u00bfQu\u00e9 hacer en caso de un accidente tan grave?<\/h2><p>Si usted es residente de West End y ha estado involucrado en un accidente grave, estamos aqu\u00ed para ayudarlo en todo lo posible.\u00a0Somos\u00a0\u00a0<a href=\"tel:1-855-475-2588\">1-800-HURT911\u00ae<\/a>\u00a0, un bufete de abogados de lesiones personales en West End, y contamos con los mejores\u00a0<strong>abogados de lesiones personales en West End<\/strong>\u00a0en nuestro equipo y panel.\u00a0Escucharemos y comprenderemos su caso, pero antes de eso, nos aseguraremos de que reciba el tratamiento adecuado para sus lesiones.\u00a0Y para eso, contamos con nuestros\u00a0 m\u00e9dicos de lesiones\u00a0<strong>personales\u00a0<\/strong>\u00a0<strong>en West End<\/strong>\u00a0que se ocupar\u00e1n por completo y se asegurar\u00e1n de que todas sus heridas y lesiones se atiendan adecuadamente.\u00a0Las lesiones son debidamente diagnosticadas y se brindan los cuidados necesarios para que su proceso de recuperaci\u00f3n sea acelerado.\u00a0Si es necesario, tambi\u00e9n se sugieren m\u00e1s ex\u00e1menes e investigaciones.<\/p><p>Despu\u00e9s de que se sienta un poco mejor y relajado, nuestros abogados hablar\u00e1n con usted personalmente sobre el caso y tomar\u00e1n nota de toda la informaci\u00f3n que proporcione.\u00a0Solicitamos a todos nuestros clientes que nos brinden los detalles m\u00e1s m\u00ednimos del accidente para que podamos trabajar en ellos y fortalecer nuestro caso.\u00a0Recopilamos toda la informaci\u00f3n requerida de varias fuentes y luego redactamos su caso para presentarlo ante el tribunal.\u00a0Intentaremos molestarte lo menos posible porque sabemos que el reposo total te ayudar\u00e1 a recuperarte de las lesiones r\u00e1pidamente.\u00a0Manejaremos el caso desde cero hasta el final por usted.<\/p><h2>Lo mejor de los abogados de lesiones personales en nuestro equipo<\/h2><p>Una de las razones por las que la mayor\u00eda de las personas en West End llama al\u00a0\u00a0<a href=\"tel:1-855-475-2588\">1-800-HURT911\u00ae<\/a>\u00a0\u00a0para sus casos de liquidaci\u00f3n de reclamos es por nuestro panel de abogados expertos en lesiones personales.\u00a0No hace falta decir que contamos con los mejores y m\u00e1s experimentados\u00a0<strong>abogados de lesiones personales en West End<\/strong>.\u00a0Adem\u00e1s, contamos con abogados espec\u00edficos para diferentes tipos de casos de lesiones personales, y su asunto se remitir\u00e1 \u00fanicamente al abogado respectivo.\u00a0Adem\u00e1s de ser cordiales y amables, nuestros abogados toman cada caso personalmente y lo manejan con sumo cuidado para que usted obtenga la mejor compensaci\u00f3n por sus p\u00e9rdidas.<\/p><p>Comun\u00edquese con nosotros hoy si necesita ayuda con respecto a la liquidaci\u00f3n de reclamos por lesiones personales.<\/p>\t\t\t\t\t\t\t\t<\/div>\n\t\t\t\t\t<\/div>\n\t\t<\/div>\n\t\t\t\t\t<\/div>\n\t\t<\/section>\n\t\t\t\t<\/div>\n\t\t","protected":false},"excerpt":{"rendered":"<p>Busque ayuda para problemas de lesiones personales de los mejores abogados de lesiones personales en West End Los accidentes y las lesiones personales no son infrecuentes.\u00a0A veces, estos accidentes ocurren por nuestra culpa o insensibilidad, y otras veces ocurren debido a la negligencia de otros.\u00a0Cuando la propia culpa sostiene la lesi\u00f3n, nada se puede hacer.\u00a0Pero [&hellip;]<\/p>\n","protected":false},"author":27,"featured_media":0,"parent":0,"menu_order":0,"comment_status":"closed","ping_status":"closed","template":"","meta":{"_acf_changed":false,"anchor_text":"","footnotes":""},"categories":[],"tags":[],"class_list":["post-6652","page","type-page","status-publish","hentry"],"acf":[],"_links":{"self":[{"href":"https:\/\/1800hurt911ga.com\/es\/wp-json\/wp\/v2\/pages\/6652","targetHints":{"allow":["GET"]}}],"collection":[{"href":"https:\/\/1800hurt911ga.com\/es\/wp-json\/wp\/v2\/pages"}],"about":[{"href":"https:\/\/1800hurt911ga.com\/es\/wp-json\/wp\/v2\/types\/page"}],"author":[{"embeddable":true,"href":"https:\/\/1800hurt911ga.com\/es\/wp-json\/wp\/v2\/users\/27"}],"replies":[{"embeddable":true,"href":"https:\/\/1800hurt911ga.com\/es\/wp-json\/wp\/v2\/comments?post=6652"}],"version-history":[{"count":13,"href":"https:\/\/1800hurt911ga.com\/es\/wp-json\/wp\/v2\/pages\/6652\/revisions"}],"predecessor-version":[{"id":16677,"href":"https:\/\/1800hurt911ga.com\/es\/wp-json\/wp\/v2\/pages\/6652\/revisions\/16677"}],"wp:attachment":[{"href":"https:\/\/1800hurt911ga.com\/es\/wp-json\/wp\/v2\/media?parent=6652"}],"wp:term":[{"taxonomy":"category","embeddable":true,"href":"https:\/\/1800hurt911ga.com\/es\/wp-json\/wp\/v2\/categories?post=6652"},{"taxonomy":"post_tag","embeddable":true,"href":"https:\/\/1800hurt911ga.com\/es\/wp-json\/wp\/v2\/tags?post=6652"}],"curies":[{"name":"wp","href":"https:\/\/api.w.org\/{rel}","templated":true}]}}